{"id":1691,"date":"2021-07-11T22:27:59","date_gmt":"2021-07-11T22:27:59","guid":{"rendered":"https:\/\/www.fiskakallinn.is\/?page_id=1691"},"modified":"2025-10-16T19:26:50","modified_gmt":"2025-10-16T19:26:50","slug":"ancistrus-flokkar","status":"publish","type":"page","link":"https:\/\/www.fiskakallinn.is\/?page_id=1691","title":{"rendered":"Ancistrus flokkar"},"content":{"rendered":"\t\t<div data-elementor-type=\"wp-page\" data-elementor-id=\"1691\" class=\"elementor elementor-1691\">\n\t\t\t\t\t\t\t\t\t<section class=\"elementor-section elementor-top-section elementor-element elementor-element-43ea12f elementor-section-boxed elementor-section-height-default elementor-section-height-default\" data-id=\"43ea12f\" data-element_type=\"section\">\n\t\t\t\t\t\t<div class=\"elementor-container elementor-column-gap-default\">\n\t\t\t\t\t<div class=\"elementor-column elementor-col-100 elementor-top-column elementor-element elementor-element-7f8452e\" data-id=\"7f8452e\" data-element_type=\"column\">\n\t\t\t<div class=\"elementor-widget-wrap elementor-element-populated\">\n\t\t\t\t\t\t\t\t<div class=\"elementor-element elementor-element-bed8c9f elementor-widget elementor-widget-text-editor\" data-id=\"bed8c9f\" data-element_type=\"widget\" data-widget_type=\"text-editor.default\">\n\t\t\t\t<div class=\"elementor-widget-container\">\n\t\t\t\t\t\t\t<p style=\"text-align: center;\">\u00dea\u00f0 eru til margar tegundir af Ancistrus<br \/>en flestar sem vi\u00f0 erum me\u00f0 h\u00e9r \u00ed b\u00farum eru blanda\u00f0ar og eru \u00fev\u00ed ekki me\u00f0 lat\u00ednu heiti en \u00fe\u00e6r hafa veri\u00f0 r\u00e6kta\u00f0ar \u00ed \u00fdmsum litum og me\u00f0 sl\u00f6ri, sem er \u00feegar uggar og spor\u00f0ur eru miklu lengri\u00a0<br \/>\u00deessar tegundir hafa veri\u00f0 kalla\u00f0ar Br\u00fasknefir h\u00e9rlendis, en h\u00e6ngarnir f\u00e1 br\u00fask \u00e1 nefi\u00f0 ef svo m\u00e1 segja\u00a0<br \/>En sei\u00f0i ungfiskar og hrygnur f\u00e1 ekki br\u00fask \u00fe\u00f3tt sumar hrygnur geti fengi\u00f0 sm\u00e1 v\u00f6xt \u00e1 v\u00f6rina\u00a0<\/p>\t\t\t\t\t\t<\/div>\n\t\t\t\t<\/div>\n\t\t\t\t\t<\/div>\n\t\t<\/div>\n\t\t\t\t\t\t\t<\/div>\n\t\t<\/section>\n\t\t\t\t<section class=\"elementor-section elementor-top-section elementor-element elementor-element-4c7a22d elementor-section-boxed elementor-section-height-default elementor-section-height-default\" data-id=\"4c7a22d\" data-element_type=\"section\">\n\t\t\t\t\t\t<div class=\"elementor-container elementor-column-gap-default\">\n\t\t\t\t\t<div class=\"elementor-column elementor-col-50 elementor-top-column elementor-element elementor-element-2bdf7fa\" data-id=\"2bdf7fa\" data-element_type=\"column\">\n\t\t\t<div class=\"elementor-widget-wrap elementor-element-populated\">\n\t\t\t\t\t\t\t\t<div class=\"elementor-element elementor-element-95d4bd4 elementor-widget elementor-widget-image\" data-id=\"95d4bd4\" data-element_type=\"widget\" data-widget_type=\"image.default\">\n\t\t\t\t<div class=\"elementor-widget-container\">\n\t\t\t\t\t\t\t\t\t\t\t\t\t\t\t<img width=\"1020\" height=\"680\" src=\"https:\/\/www.fiskakallinn.is\/wp-content\/uploads\/2021\/07\/Ancistrus-.png\" class=\"attachment-large size-large\" alt=\"\" loading=\"lazy\" srcset=\"https:\/\/www.fiskakallinn.is\/wp-content\/uploads\/2021\/07\/Ancistrus-.png 1020w, https:\/\/www.fiskakallinn.is\/wp-content\/uploads\/2021\/07\/Ancistrus--300x200.png 300w, https:\/\/www.fiskakallinn.is\/wp-content\/uploads\/2021\/07\/Ancistrus--768x512.png 768w\" sizes=\"(max-width: 1020px) 100vw, 1020px\" \/>\t\t\t\t\t\t\t\t\t\t\t\t\t\t\t<\/div>\n\t\t\t\t<\/div>\n\t\t\t\t\t<\/div>\n\t\t<\/div>\n\t\t\t\t<div class=\"elementor-column elementor-col-50 elementor-top-column elementor-element elementor-element-d696776\" data-id=\"d696776\" data-element_type=\"column\">\n\t\t\t<div class=\"elementor-widget-wrap elementor-element-populated\">\n\t\t\t\t\t\t\t\t<div class=\"elementor-element elementor-element-bdb9816 elementor-widget elementor-widget-image\" data-id=\"bdb9816\" data-element_type=\"widget\" data-widget_type=\"image.default\">\n\t\t\t\t<div class=\"elementor-widget-container\">\n\t\t\t\t\t\t\t\t\t\t\t\t\t\t\t<img width=\"1020\" height=\"680\" src=\"https:\/\/www.fiskakallinn.is\/wp-content\/uploads\/2021\/07\/Ancistrus-albino.png\" class=\"attachment-large size-large\" alt=\"\" loading=\"lazy\" srcset=\"https:\/\/www.fiskakallinn.is\/wp-content\/uploads\/2021\/07\/Ancistrus-albino.png 1020w, https:\/\/www.fiskakallinn.is\/wp-content\/uploads\/2021\/07\/Ancistrus-albino-300x200.png 300w, https:\/\/www.fiskakallinn.is\/wp-content\/uploads\/2021\/07\/Ancistrus-albino-768x512.png 768w\" sizes=\"(max-width: 1020px) 100vw, 1020px\" \/>\t\t\t\t\t\t\t\t\t\t\t\t\t\t\t<\/div>\n\t\t\t\t<\/div>\n\t\t\t\t\t<\/div>\n\t\t<\/div>\n\t\t\t\t\t\t\t<\/div>\n\t\t<\/section>\n\t\t\t\t<section class=\"elementor-section elementor-top-section elementor-element elementor-element-5464db5 elementor-section-boxed elementor-section-height-default elementor-section-height-default\" data-id=\"5464db5\" data-element_type=\"section\">\n\t\t\t\t\t\t<div class=\"elementor-container elementor-column-gap-default\">\n\t\t\t\t\t<div class=\"elementor-column elementor-col-50 elementor-top-column elementor-element elementor-element-7517d5e\" data-id=\"7517d5e\" data-element_type=\"column\">\n\t\t\t<div class=\"elementor-widget-wrap elementor-element-populated\">\n\t\t\t\t\t\t\t\t<div class=\"elementor-element elementor-element-9c6f245 elementor-widget elementor-widget-image\" data-id=\"9c6f245\" data-element_type=\"widget\" data-widget_type=\"image.default\">\n\t\t\t\t<div class=\"elementor-widget-container\">\n\t\t\t\t\t\t\t\t\t\t\t\t\t\t\t<img width=\"1020\" height=\"680\" src=\"https:\/\/www.fiskakallinn.is\/wp-content\/uploads\/2021\/07\/Ancistrus-red.png\" class=\"attachment-large size-large\" alt=\"\" loading=\"lazy\" srcset=\"https:\/\/www.fiskakallinn.is\/wp-content\/uploads\/2021\/07\/Ancistrus-red.png 1020w, https:\/\/www.fiskakallinn.is\/wp-content\/uploads\/2021\/07\/Ancistrus-red-300x200.png 300w, https:\/\/www.fiskakallinn.is\/wp-content\/uploads\/2021\/07\/Ancistrus-red-768x512.png 768w\" sizes=\"(max-width: 1020px) 100vw, 1020px\" \/>\t\t\t\t\t\t\t\t\t\t\t\t\t\t\t<\/div>\n\t\t\t\t<\/div>\n\t\t\t\t\t<\/div>\n\t\t<\/div>\n\t\t\t\t<div class=\"elementor-column elementor-col-50 elementor-top-column elementor-element elementor-element-8489374\" data-id=\"8489374\" data-element_type=\"column\">\n\t\t\t<div class=\"elementor-widget-wrap elementor-element-populated\">\n\t\t\t\t\t\t\t\t<div class=\"elementor-element elementor-element-31a1f43 elementor-widget elementor-widget-image\" data-id=\"31a1f43\" data-element_type=\"widget\" data-widget_type=\"image.default\">\n\t\t\t\t<div class=\"elementor-widget-container\">\n\t\t\t\t\t\t\t\t\t\t\t\t\t\t\t<img width=\"1020\" height=\"680\" src=\"https:\/\/www.fiskakallinn.is\/wp-content\/uploads\/2021\/07\/Ancistrus-calico.png\" class=\"attachment-large size-large\" alt=\"\" loading=\"lazy\" srcset=\"https:\/\/www.fiskakallinn.is\/wp-content\/uploads\/2021\/07\/Ancistrus-calico.png 1020w, https:\/\/www.fiskakallinn.is\/wp-content\/uploads\/2021\/07\/Ancistrus-calico-300x200.png 300w, https:\/\/www.fiskakallinn.is\/wp-content\/uploads\/2021\/07\/Ancistrus-calico-768x512.png 768w\" sizes=\"(max-width: 1020px) 100vw, 1020px\" \/>\t\t\t\t\t\t\t\t\t\t\t\t\t\t\t<\/div>\n\t\t\t\t<\/div>\n\t\t\t\t\t<\/div>\n\t\t<\/div>\n\t\t\t\t\t\t\t<\/div>\n\t\t<\/section>\n\t\t\t\t<section class=\"elementor-section elementor-top-section elementor-element elementor-element-1abbbfd elementor-section-boxed elementor-section-height-default elementor-section-height-default\" data-id=\"1abbbfd\" data-element_type=\"section\">\n\t\t\t\t\t\t<div class=\"elementor-container elementor-column-gap-default\">\n\t\t\t\t\t<div class=\"elementor-column elementor-col-50 elementor-top-column elementor-element elementor-element-8b535c2\" data-id=\"8b535c2\" data-element_type=\"column\">\n\t\t\t<div class=\"elementor-widget-wrap elementor-element-populated\">\n\t\t\t\t\t\t\t\t<div class=\"elementor-element elementor-element-aeb33f0 elementor-widget elementor-widget-image\" data-id=\"aeb33f0\" data-element_type=\"widget\" data-widget_type=\"image.default\">\n\t\t\t\t<div class=\"elementor-widget-container\">\n\t\t\t\t\t\t\t\t\t\t\t\t\t\t\t<img width=\"1020\" height=\"680\" src=\"https:\/\/www.fiskakallinn.is\/wp-content\/uploads\/2021\/07\/ancistrus-snow-white.png\" class=\"attachment-large size-large\" alt=\"\" loading=\"lazy\" srcset=\"https:\/\/www.fiskakallinn.is\/wp-content\/uploads\/2021\/07\/ancistrus-snow-white.png 1020w, https:\/\/www.fiskakallinn.is\/wp-content\/uploads\/2021\/07\/ancistrus-snow-white-300x200.png 300w, https:\/\/www.fiskakallinn.is\/wp-content\/uploads\/2021\/07\/ancistrus-snow-white-768x512.png 768w\" sizes=\"(max-width: 1020px) 100vw, 1020px\" \/>\t\t\t\t\t\t\t\t\t\t\t\t\t\t\t<\/div>\n\t\t\t\t<\/div>\n\t\t\t\t\t<\/div>\n\t\t<\/div>\n\t\t\t\t<div class=\"elementor-column elementor-col-50 elementor-top-column elementor-element elementor-element-9d12f41\" data-id=\"9d12f41\" data-element_type=\"column\">\n\t\t\t<div class=\"elementor-widget-wrap elementor-element-populated\">\n\t\t\t\t\t\t\t\t<div class=\"elementor-element elementor-element-5f7f1ba elementor-widget elementor-widget-image\" data-id=\"5f7f1ba\" data-element_type=\"widget\" data-widget_type=\"image.default\">\n\t\t\t\t<div class=\"elementor-widget-container\">\n\t\t\t\t\t\t\t\t\t\t\t\t\t\t\t<img width=\"1020\" height=\"680\" src=\"https:\/\/www.fiskakallinn.is\/wp-content\/uploads\/2021\/07\/Ancistrus-lemon.png\" class=\"attachment-large size-large\" alt=\"\" loading=\"lazy\" srcset=\"https:\/\/www.fiskakallinn.is\/wp-content\/uploads\/2021\/07\/Ancistrus-lemon.png 1020w, https:\/\/www.fiskakallinn.is\/wp-content\/uploads\/2021\/07\/Ancistrus-lemon-300x200.png 300w, https:\/\/www.fiskakallinn.is\/wp-content\/uploads\/2021\/07\/Ancistrus-lemon-768x512.png 768w\" sizes=\"(max-width: 1020px) 100vw, 1020px\" \/>\t\t\t\t\t\t\t\t\t\t\t\t\t\t\t<\/div>\n\t\t\t\t<\/div>\n\t\t\t\t\t<\/div>\n\t\t<\/div>\n\t\t\t\t\t\t\t<\/div>\n\t\t<\/section>\n\t\t\t\t<section class=\"elementor-section elementor-top-section elementor-element elementor-element-147c340 elementor-section-boxed elementor-section-height-default elementor-section-height-default\" data-id=\"147c340\" data-element_type=\"section\">\n\t\t\t\t\t\t<div class=\"elementor-container elementor-column-gap-default\">\n\t\t\t\t\t<div class=\"elementor-column elementor-col-50 elementor-top-column elementor-element elementor-element-650ba1d\" data-id=\"650ba1d\" data-element_type=\"column\">\n\t\t\t<div class=\"elementor-widget-wrap elementor-element-populated\">\n\t\t\t\t\t\t\t\t<div class=\"elementor-element elementor-element-1b92cc9 elementor-widget elementor-widget-image\" data-id=\"1b92cc9\" data-element_type=\"widget\" data-widget_type=\"image.default\">\n\t\t\t\t<div class=\"elementor-widget-container\">\n\t\t\t\t\t\t\t\t\t\t\t\t\t\t\t<img width=\"1020\" height=\"680\" src=\"https:\/\/www.fiskakallinn.is\/wp-content\/uploads\/2021\/07\/Ancistrus-f1-uruguay.png\" class=\"attachment-large size-large\" alt=\"\" loading=\"lazy\" srcset=\"https:\/\/www.fiskakallinn.is\/wp-content\/uploads\/2021\/07\/Ancistrus-f1-uruguay.png 1020w, https:\/\/www.fiskakallinn.is\/wp-content\/uploads\/2021\/07\/Ancistrus-f1-uruguay-300x200.png 300w, https:\/\/www.fiskakallinn.is\/wp-content\/uploads\/2021\/07\/Ancistrus-f1-uruguay-768x512.png 768w\" sizes=\"(max-width: 1020px) 100vw, 1020px\" \/>\t\t\t\t\t\t\t\t\t\t\t\t\t\t\t<\/div>\n\t\t\t\t<\/div>\n\t\t\t\t\t<\/div>\n\t\t<\/div>\n\t\t\t\t<div class=\"elementor-column elementor-col-50 elementor-top-column elementor-element elementor-element-34af748\" data-id=\"34af748\" data-element_type=\"column\">\n\t\t\t<div class=\"elementor-widget-wrap elementor-element-populated\">\n\t\t\t\t\t\t\t\t<div class=\"elementor-element elementor-element-6661741 elementor-widget elementor-widget-image\" data-id=\"6661741\" data-element_type=\"widget\" data-widget_type=\"image.default\">\n\t\t\t\t<div class=\"elementor-widget-container\">\n\t\t\t\t\t\t\t\t\t\t\t\t\t\t\t<img width=\"1020\" height=\"680\" src=\"https:\/\/www.fiskakallinn.is\/wp-content\/uploads\/2021\/07\/hemiancistrus-sp-uruguay.png\" class=\"attachment-large size-large\" alt=\"\" loading=\"lazy\" srcset=\"https:\/\/www.fiskakallinn.is\/wp-content\/uploads\/2021\/07\/hemiancistrus-sp-uruguay.png 1020w, https:\/\/www.fiskakallinn.is\/wp-content\/uploads\/2021\/07\/hemiancistrus-sp-uruguay-300x200.png 300w, https:\/\/www.fiskakallinn.is\/wp-content\/uploads\/2021\/07\/hemiancistrus-sp-uruguay-768x512.png 768w\" sizes=\"(max-width: 1020px) 100vw, 1020px\" \/>\t\t\t\t\t\t\t\t\t\t\t\t\t\t\t<\/div>\n\t\t\t\t<\/div>\n\t\t\t\t\t<\/div>\n\t\t<\/div>\n\t\t\t\t\t\t\t<\/div>\n\t\t<\/section>\n\t\t\t\t<section class=\"elementor-section elementor-top-section elementor-element elementor-element-bb54316 elementor-section-boxed elementor-section-height-default elementor-section-height-default\" data-id=\"bb54316\" data-element_type=\"section\">\n\t\t\t\t\t\t<div class=\"elementor-container elementor-column-gap-default\">\n\t\t\t\t\t<div class=\"elementor-column elementor-col-50 elementor-top-column elementor-element elementor-element-96fc8e5\" data-id=\"96fc8e5\" data-element_type=\"column\">\n\t\t\t<div class=\"elementor-widget-wrap elementor-element-populated\">\n\t\t\t\t\t\t\t\t<div class=\"elementor-element elementor-element-927b6f2 elementor-widget elementor-widget-image\" data-id=\"927b6f2\" data-element_type=\"widget\" data-widget_type=\"image.default\">\n\t\t\t\t<div class=\"elementor-widget-container\">\n\t\t\t\t\t\t\t\t\t\t\t\t\t\t\t<img width=\"1020\" height=\"680\" src=\"https:\/\/www.fiskakallinn.is\/wp-content\/uploads\/2023\/02\/slor-ancistrus.png\" class=\"attachment-full size-full\" alt=\"\" loading=\"lazy\" srcset=\"https:\/\/www.fiskakallinn.is\/wp-content\/uploads\/2023\/02\/slor-ancistrus.png 1020w, https:\/\/www.fiskakallinn.is\/wp-content\/uploads\/2023\/02\/slor-ancistrus-300x200.png 300w, https:\/\/www.fiskakallinn.is\/wp-content\/uploads\/2023\/02\/slor-ancistrus-768x512.png 768w\" sizes=\"(max-width: 1020px) 100vw, 1020px\" \/>\t\t\t\t\t\t\t\t\t\t\t\t\t\t\t<\/div>\n\t\t\t\t<\/div>\n\t\t\t\t\t<\/div>\n\t\t<\/div>\n\t\t\t\t<div class=\"elementor-column elementor-col-50 elementor-top-column elementor-element elementor-element-929be37\" data-id=\"929be37\" data-element_type=\"column\">\n\t\t\t<div class=\"elementor-widget-wrap elementor-element-populated\">\n\t\t\t\t\t\t\t\t<div class=\"elementor-element elementor-element-0846533 elementor-widget elementor-widget-image\" data-id=\"0846533\" data-element_type=\"widget\" data-widget_type=\"image.default\">\n\t\t\t\t<div class=\"elementor-widget-container\">\n\t\t\t\t\t\t\t\t\t\t\t\t\t\t\t<img width=\"1020\" height=\"680\" src=\"https:\/\/www.fiskakallinn.is\/wp-content\/uploads\/2025\/10\/ancistrus-red-brown-long-fin-.png\" class=\"attachment-large size-large\" alt=\"\" loading=\"lazy\" srcset=\"https:\/\/www.fiskakallinn.is\/wp-content\/uploads\/2025\/10\/ancistrus-red-brown-long-fin-.png 1020w, https:\/\/www.fiskakallinn.is\/wp-content\/uploads\/2025\/10\/ancistrus-red-brown-long-fin--300x200.png 300w, https:\/\/www.fiskakallinn.is\/wp-content\/uploads\/2025\/10\/ancistrus-red-brown-long-fin--768x512.png 768w\" sizes=\"(max-width: 1020px) 100vw, 1020px\" \/>\t\t\t\t\t\t\t\t\t\t\t\t\t\t\t<\/div>\n\t\t\t\t<\/div>\n\t\t\t\t\t<\/div>\n\t\t<\/div>\n\t\t\t\t\t\t\t<\/div>\n\t\t<\/section>\n\t\t\t\t\t\t\t<\/div>\n\t\t","protected":false},"excerpt":{"rendered":"<p>\u00dea\u00f0 eru til margar tegundir af Ancistrusen flestar sem vi\u00f0 erum me\u00f0 h\u00e9r \u00ed b\u00farum eru blanda\u00f0ar og eru \u00fev\u00ed ekki me\u00f0 lat\u00ednu heiti en \u00fe\u00e6r hafa veri\u00f0 r\u00e6kta\u00f0ar \u00ed \u00fdmsum litum og me\u00f0 sl\u00f6ri, sem er \u00feegar uggar og spor\u00f0ur eru miklu lengri\u00a0\u00deessar tegundir hafa veri\u00f0 kalla\u00f0ar Br\u00fasknefir h\u00e9rlendis, en h\u00e6ngarnir f\u00e1 br\u00fask \u00e1 &hellip;<\/p>\n<p class=\"read-more\"> <a class=\"\" href=\"https:\/\/www.fiskakallinn.is\/?page_id=1691\"> <span class=\"screen-reader-text\">Ancistrus flokkar<\/span> Read More &raquo;<\/a><\/p>\n","protected":false},"author":2,"featured_media":0,"parent":0,"menu_order":0,"comment_status":"closed","ping_status":"closed","template":"","meta":{"sfsi_plus_gutenberg_text_before_share":"","sfsi_plus_gutenberg_show_text_before_share":"","sfsi_plus_gutenberg_icon_type":"","sfsi_plus_gutenberg_icon_alignemt":"","sfsi_plus_gutenburg_max_per_row":"","site-sidebar-layout":"no-sidebar","site-content-layout":"page-builder","ast-main-header-display":"","ast-hfb-above-header-display":"","ast-hfb-below-header-display":"","ast-hfb-mobile-header-display":"","site-post-title":"disabled","ast-breadcrumbs-content":"","ast-featured-img":"disabled","footer-sml-layout":"","theme-transparent-header-meta":"","adv-header-id-meta":"","stick-header-meta":"","header-above-stick-meta":"","header-main-stick-meta":"","header-below-stick-meta":""},"_links":{"self":[{"href":"https:\/\/www.fiskakallinn.is\/index.php?rest_route=\/wp\/v2\/pages\/1691"}],"collection":[{"href":"https:\/\/www.fiskakallinn.is\/index.php?rest_route=\/wp\/v2\/pages"}],"about":[{"href":"https:\/\/www.fiskakallinn.is\/index.php?rest_route=\/wp\/v2\/types\/page"}],"author":[{"embeddable":true,"href":"https:\/\/www.fiskakallinn.is\/index.php?rest_route=\/wp\/v2\/users\/2"}],"replies":[{"embeddable":true,"href":"https:\/\/www.fiskakallinn.is\/index.php?rest_route=%2Fwp%2Fv2%2Fcomments&post=1691"}],"version-history":[{"count":15,"href":"https:\/\/www.fiskakallinn.is\/index.php?rest_route=\/wp\/v2\/pages\/1691\/revisions"}],"predecessor-version":[{"id":6437,"href":"https:\/\/www.fiskakallinn.is\/index.php?rest_route=\/wp\/v2\/pages\/1691\/revisions\/6437"}],"wp:attachment":[{"href":"https:\/\/www.fiskakallinn.is\/index.php?rest_route=%2Fwp%2Fv2%2Fmedia&parent=1691"}],"curies":[{"name":"wp","href":"https:\/\/api.w.org\/{rel}","templated":true}]}}