{"id":2226,"date":"2021-08-02T09:28:35","date_gmt":"2021-08-02T09:28:35","guid":{"rendered":"https:\/\/www.fiskakallinn.is\/?page_id=2226"},"modified":"2021-08-02T10:16:42","modified_gmt":"2021-08-02T10:16:42","slug":"ferdir-cda-la-bomba","status":"publish","type":"page","link":"https:\/\/www.fiskakallinn.is\/?page_id=2226","title":{"rendered":"fer\u00f0ir cda la bomba"},"content":{"rendered":"\t\t<div data-elementor-type=\"wp-page\" data-elementor-id=\"2226\" class=\"elementor elementor-2226\">\n\t\t\t\t\t\t\t\t\t<section class=\"elementor-section elementor-top-section elementor-element elementor-element-32d94ce elementor-section-boxed elementor-section-height-default elementor-section-height-default\" data-id=\"32d94ce\" data-element_type=\"section\">\n\t\t\t\t\t\t<div class=\"elementor-container elementor-column-gap-default\">\n\t\t\t\t\t<div class=\"elementor-column elementor-col-100 elementor-top-column elementor-element elementor-element-0362174\" data-id=\"0362174\" data-element_type=\"column\">\n\t\t\t<div class=\"elementor-widget-wrap elementor-element-populated\">\n\t\t\t\t\t\t\t\t<div class=\"elementor-element elementor-element-0f466e7 elementor-widget elementor-widget-text-editor\" data-id=\"0f466e7\" data-element_type=\"widget\" data-widget_type=\"text-editor.default\">\n\t\t\t\t<div class=\"elementor-widget-container\">\n\t\t\t\t\t\t\t<h2 style=\"text-align: center;\"><strong>Cda. La Bomba\u00a0<\/strong><\/h2>\t\t\t\t\t\t<\/div>\n\t\t\t\t<\/div>\n\t\t\t\t\t<\/div>\n\t\t<\/div>\n\t\t\t\t\t\t\t<\/div>\n\t\t<\/section>\n\t\t\t\t<section class=\"elementor-section elementor-top-section elementor-element elementor-element-a01fec8 elementor-section-boxed elementor-section-height-default elementor-section-height-default\" data-id=\"a01fec8\" data-element_type=\"section\">\n\t\t\t\t\t\t<div class=\"elementor-container elementor-column-gap-default\">\n\t\t\t\t\t<div class=\"elementor-column elementor-col-100 elementor-top-column elementor-element elementor-element-2a61539\" data-id=\"2a61539\" data-element_type=\"column\">\n\t\t\t<div class=\"elementor-widget-wrap elementor-element-populated\">\n\t\t\t\t\t\t\t\t<div class=\"elementor-element elementor-element-d03426b elementor-widget elementor-widget-text-editor\" data-id=\"d03426b\" data-element_type=\"widget\" data-widget_type=\"text-editor.default\">\n\t\t\t\t<div class=\"elementor-widget-container\">\n\t\t\t\t\t\t\t<p style=\"text-align: center;\">L\u00edtill l\u00e6kur sem erfitt var a\u00f0 komast a\u00f0, svo mest var bara dorga\u00f0 af l\u00edtilli br\u00fa, Crenicichla voru mest \u00e1berandi, enda eru \u00fe\u00e6r r\u00e1nfiskar og b\u00edta \u00fev\u00ed \u00e1 beituna, margt anna\u00f0 kom \u00e1 land \u00fe\u00f3 a\u00f0 \u00e9g hafi ekki teki\u00f0 \u00fev\u00ed myndir myndir \u00fev\u00ed a\u00f0 ef ma\u00f0ur vei\u00f0ir 6-8 t\u00edma \u00e1 dag \u00ed nokkra daga \u00fe\u00e1 finnst manni alltaf eins og ma\u00f0ur hafi veri\u00f0 n\u00fd b\u00fainn a\u00f0 taka myndir af sama fiski \u00fe\u00f3tt \u00fea\u00f0 hafi kannski veri\u00f0 anna\u00f0 afbrig\u00f0i \u00far annari \u00e1\u00a0<\/p>\t\t\t\t\t\t<\/div>\n\t\t\t\t<\/div>\n\t\t\t\t\t<\/div>\n\t\t<\/div>\n\t\t\t\t\t\t\t<\/div>\n\t\t<\/section>\n\t\t\t\t<section class=\"elementor-section elementor-top-section elementor-element elementor-element-0e439a5 elementor-section-boxed elementor-section-height-default elementor-section-height-default\" data-id=\"0e439a5\" data-element_type=\"section\">\n\t\t\t\t\t\t<div class=\"elementor-container elementor-column-gap-default\">\n\t\t\t\t\t<div class=\"elementor-column elementor-col-100 elementor-top-column elementor-element elementor-element-6b197f1\" data-id=\"6b197f1\" data-element_type=\"column\">\n\t\t\t<div class=\"elementor-widget-wrap elementor-element-populated\">\n\t\t\t\t\t\t\t\t<div class=\"elementor-element elementor-element-04d53c7 elementor-widget elementor-widget-image\" data-id=\"04d53c7\" data-element_type=\"widget\" data-widget_type=\"image.default\">\n\t\t\t\t<div class=\"elementor-widget-container\">\n\t\t\t\t\t\t\t\t\t\t\t\t\t\t\t<img width=\"1361\" height=\"964\" src=\"https:\/\/www.fiskakallinn.is\/wp-content\/uploads\/2021\/08\/cda.-la-bomba-5.jpg\" class=\"attachment-1536x1536 size-1536x1536\" alt=\"\" loading=\"lazy\" srcset=\"https:\/\/www.fiskakallinn.is\/wp-content\/uploads\/2021\/08\/cda.-la-bomba-5.jpg 1361w, https:\/\/www.fiskakallinn.is\/wp-content\/uploads\/2021\/08\/cda.-la-bomba-5-300x212.jpg 300w, https:\/\/www.fiskakallinn.is\/wp-content\/uploads\/2021\/08\/cda.-la-bomba-5-1024x725.jpg 1024w, https:\/\/www.fiskakallinn.is\/wp-content\/uploads\/2021\/08\/cda.-la-bomba-5-768x544.jpg 768w\" sizes=\"(max-width: 1361px) 100vw, 1361px\" \/>\t\t\t\t\t\t\t\t\t\t\t\t\t\t\t<\/div>\n\t\t\t\t<\/div>\n\t\t\t\t\t<\/div>\n\t\t<\/div>\n\t\t\t\t\t\t\t<\/div>\n\t\t<\/section>\n\t\t\t\t<section class=\"elementor-section elementor-top-section elementor-element elementor-element-4e4c7f6 elementor-section-boxed elementor-section-height-default elementor-section-height-default\" data-id=\"4e4c7f6\" data-element_type=\"section\">\n\t\t\t\t\t\t<div class=\"elementor-container elementor-column-gap-default\">\n\t\t\t\t\t<div class=\"elementor-column elementor-col-100 elementor-top-column elementor-element elementor-element-91c20e1\" data-id=\"91c20e1\" data-element_type=\"column\">\n\t\t\t<div class=\"elementor-widget-wrap elementor-element-populated\">\n\t\t\t\t\t\t\t\t<div class=\"elementor-element elementor-element-a3e12a7 elementor-widget elementor-widget-text-editor\" data-id=\"a3e12a7\" data-element_type=\"widget\" data-widget_type=\"text-editor.default\">\n\t\t\t\t<div class=\"elementor-widget-container\">\n\t\t\t\t\t\t\t<p style=\"text-align: center;\">Ungur h\u00e6ngur af Crenicichla lepidota\u00a0<\/p>\t\t\t\t\t\t<\/div>\n\t\t\t\t<\/div>\n\t\t\t\t\t<\/div>\n\t\t<\/div>\n\t\t\t\t\t\t\t<\/div>\n\t\t<\/section>\n\t\t\t\t<section class=\"elementor-section elementor-top-section elementor-element elementor-element-182bc6f elementor-section-boxed elementor-section-height-default elementor-section-height-default\" data-id=\"182bc6f\" data-element_type=\"section\">\n\t\t\t\t\t\t<div class=\"elementor-container elementor-column-gap-default\">\n\t\t\t\t\t<div class=\"elementor-column elementor-col-100 elementor-top-column elementor-element elementor-element-7537fe0\" data-id=\"7537fe0\" data-element_type=\"column\">\n\t\t\t<div class=\"elementor-widget-wrap elementor-element-populated\">\n\t\t\t\t\t\t\t\t<div class=\"elementor-element elementor-element-a1a14b0 elementor-widget elementor-widget-image\" data-id=\"a1a14b0\" data-element_type=\"widget\" data-widget_type=\"image.default\">\n\t\t\t\t<div class=\"elementor-widget-container\">\n\t\t\t\t\t\t\t\t\t\t\t\t\t\t\t<img width=\"1361\" height=\"964\" src=\"https:\/\/www.fiskakallinn.is\/wp-content\/uploads\/2021\/08\/cda.-la-bomba-4.jpg\" class=\"attachment-1536x1536 size-1536x1536\" alt=\"\" loading=\"lazy\" srcset=\"https:\/\/www.fiskakallinn.is\/wp-content\/uploads\/2021\/08\/cda.-la-bomba-4.jpg 1361w, https:\/\/www.fiskakallinn.is\/wp-content\/uploads\/2021\/08\/cda.-la-bomba-4-300x212.jpg 300w, https:\/\/www.fiskakallinn.is\/wp-content\/uploads\/2021\/08\/cda.-la-bomba-4-1024x725.jpg 1024w, https:\/\/www.fiskakallinn.is\/wp-content\/uploads\/2021\/08\/cda.-la-bomba-4-768x544.jpg 768w\" sizes=\"(max-width: 1361px) 100vw, 1361px\" \/>\t\t\t\t\t\t\t\t\t\t\t\t\t\t\t<\/div>\n\t\t\t\t<\/div>\n\t\t\t\t\t<\/div>\n\t\t<\/div>\n\t\t\t\t\t\t\t<\/div>\n\t\t<\/section>\n\t\t\t\t<section class=\"elementor-section elementor-top-section elementor-element elementor-element-5f8479c elementor-section-boxed elementor-section-height-default elementor-section-height-default\" data-id=\"5f8479c\" data-element_type=\"section\">\n\t\t\t\t\t\t<div class=\"elementor-container elementor-column-gap-default\">\n\t\t\t\t\t<div class=\"elementor-column elementor-col-100 elementor-top-column elementor-element elementor-element-436f277\" data-id=\"436f277\" data-element_type=\"column\">\n\t\t\t<div class=\"elementor-widget-wrap elementor-element-populated\">\n\t\t\t\t\t\t\t\t<div class=\"elementor-element elementor-element-be5dcd4 elementor-widget elementor-widget-text-editor\" data-id=\"be5dcd4\" data-element_type=\"widget\" data-widget_type=\"text-editor.default\">\n\t\t\t\t<div class=\"elementor-widget-container\">\n\t\t\t\t\t\t\t<p style=\"text-align: center;\">Ungfiskur af Crenicichla scottii, svarta brei\u00f0a r\u00f6ndin r\u00f6ndin hverfur me\u00f0 aldrinum eins og s\u00e9st \u00e1 n\u00e6stu myndum af kyn\u00feroska h\u00e6ng og hrygnu. Eitt sem kom m\u00e9r \u00e1 \u00f3vart \u00ed \u00feessum fer\u00f0um var a\u00f0 \u00fe\u00f3tt litlir fiskar v\u00e6ru veiddir \u00e1 st\u00f3ran \u00f6ngul \u00fe\u00e1 haf\u00f0i \u00fea\u00f0 engin \u00e1hrif \u00e1 fiskinn, Flest allir pike ( Crenicichla ) fr\u00e1 \u00dar\u00fagv\u00e6 sem eru \u00ed hobb\u00fainu voru veiddir \u00e1 st\u00f6ng svo mikil reynsla er komin \u00e1 \u00feessa fiska og hefur \u00feetta engin \u00e1hrif \u00e1 fiskin sem m\u00e9r finnst magna\u00f0<\/p>\t\t\t\t\t\t<\/div>\n\t\t\t\t<\/div>\n\t\t\t\t\t<\/div>\n\t\t<\/div>\n\t\t\t\t\t\t\t<\/div>\n\t\t<\/section>\n\t\t\t\t<section class=\"elementor-section elementor-top-section elementor-element elementor-element-b26847b elementor-section-boxed elementor-section-height-default elementor-section-height-default\" data-id=\"b26847b\" data-element_type=\"section\">\n\t\t\t\t\t\t<div class=\"elementor-container elementor-column-gap-default\">\n\t\t\t\t\t<div class=\"elementor-column elementor-col-100 elementor-top-column elementor-element elementor-element-405e690\" data-id=\"405e690\" data-element_type=\"column\">\n\t\t\t<div class=\"elementor-widget-wrap elementor-element-populated\">\n\t\t\t\t\t\t\t\t<div class=\"elementor-element elementor-element-9b7a270 elementor-widget elementor-widget-image\" data-id=\"9b7a270\" data-element_type=\"widget\" data-widget_type=\"image.default\">\n\t\t\t\t<div class=\"elementor-widget-container\">\n\t\t\t\t\t\t\t\t\t\t\t\t\t\t\t<img width=\"1361\" height=\"964\" src=\"https:\/\/www.fiskakallinn.is\/wp-content\/uploads\/2021\/08\/cda.-la-bomba-2.jpg\" class=\"attachment-1536x1536 size-1536x1536\" alt=\"\" loading=\"lazy\" srcset=\"https:\/\/www.fiskakallinn.is\/wp-content\/uploads\/2021\/08\/cda.-la-bomba-2.jpg 1361w, https:\/\/www.fiskakallinn.is\/wp-content\/uploads\/2021\/08\/cda.-la-bomba-2-300x212.jpg 300w, https:\/\/www.fiskakallinn.is\/wp-content\/uploads\/2021\/08\/cda.-la-bomba-2-1024x725.jpg 1024w, https:\/\/www.fiskakallinn.is\/wp-content\/uploads\/2021\/08\/cda.-la-bomba-2-768x544.jpg 768w\" sizes=\"(max-width: 1361px) 100vw, 1361px\" \/>\t\t\t\t\t\t\t\t\t\t\t\t\t\t\t<\/div>\n\t\t\t\t<\/div>\n\t\t\t\t\t<\/div>\n\t\t<\/div>\n\t\t\t\t\t\t\t<\/div>\n\t\t<\/section>\n\t\t\t\t<section class=\"elementor-section elementor-top-section elementor-element elementor-element-66f1593 elementor-section-boxed elementor-section-height-default elementor-section-height-default\" data-id=\"66f1593\" data-element_type=\"section\">\n\t\t\t\t\t\t<div class=\"elementor-container elementor-column-gap-default\">\n\t\t\t\t\t<div class=\"elementor-column elementor-col-100 elementor-top-column elementor-element elementor-element-e7afcc7\" data-id=\"e7afcc7\" data-element_type=\"column\">\n\t\t\t<div class=\"elementor-widget-wrap elementor-element-populated\">\n\t\t\t\t\t\t\t\t<div class=\"elementor-element elementor-element-b5a4a26 elementor-widget elementor-widget-text-editor\" data-id=\"b5a4a26\" data-element_type=\"widget\" data-widget_type=\"text-editor.default\">\n\t\t\t\t<div class=\"elementor-widget-container\">\n\t\t\t\t\t\t\t<p style=\"text-align: center;\">Fullor\u00f0inn h\u00e6ngur af Crenicichla scottii. \u00feessi tegund ver\u00f0ur st\u00f3r og \u00e1r\u00e1sagj\u00f6rn og er \u00fev\u00ed sjaldan h\u00f6f\u00f0 \u00ed b\u00farum, h\u00e6ngurinn f\u00e6r svona gylltar r\u00e1kir og svartar \u00e1 b\u00fakinn\u00a0<\/p>\t\t\t\t\t\t<\/div>\n\t\t\t\t<\/div>\n\t\t\t\t\t<\/div>\n\t\t<\/div>\n\t\t\t\t\t\t\t<\/div>\n\t\t<\/section>\n\t\t\t\t<section class=\"elementor-section elementor-top-section elementor-element elementor-element-b7a58e8 elementor-section-boxed elementor-section-height-default elementor-section-height-default\" data-id=\"b7a58e8\" data-element_type=\"section\">\n\t\t\t\t\t\t<div class=\"elementor-container elementor-column-gap-default\">\n\t\t\t\t\t<div class=\"elementor-column elementor-col-100 elementor-top-column elementor-element elementor-element-920892c\" data-id=\"920892c\" data-element_type=\"column\">\n\t\t\t<div class=\"elementor-widget-wrap elementor-element-populated\">\n\t\t\t\t\t\t\t\t<div class=\"elementor-element elementor-element-b98ff5d elementor-widget elementor-widget-image\" data-id=\"b98ff5d\" data-element_type=\"widget\" data-widget_type=\"image.default\">\n\t\t\t\t<div class=\"elementor-widget-container\">\n\t\t\t\t\t\t\t\t\t\t\t\t\t\t\t<img width=\"1361\" height=\"964\" src=\"https:\/\/www.fiskakallinn.is\/wp-content\/uploads\/2021\/08\/cda.-la-bomba-3.jpg\" class=\"attachment-1536x1536 size-1536x1536\" alt=\"\" loading=\"lazy\" srcset=\"https:\/\/www.fiskakallinn.is\/wp-content\/uploads\/2021\/08\/cda.-la-bomba-3.jpg 1361w, https:\/\/www.fiskakallinn.is\/wp-content\/uploads\/2021\/08\/cda.-la-bomba-3-300x212.jpg 300w, https:\/\/www.fiskakallinn.is\/wp-content\/uploads\/2021\/08\/cda.-la-bomba-3-1024x725.jpg 1024w, https:\/\/www.fiskakallinn.is\/wp-content\/uploads\/2021\/08\/cda.-la-bomba-3-768x544.jpg 768w\" sizes=\"(max-width: 1361px) 100vw, 1361px\" \/>\t\t\t\t\t\t\t\t\t\t\t\t\t\t\t<\/div>\n\t\t\t\t<\/div>\n\t\t\t\t\t<\/div>\n\t\t<\/div>\n\t\t\t\t\t\t\t<\/div>\n\t\t<\/section>\n\t\t\t\t<section class=\"elementor-section elementor-top-section elementor-element elementor-element-f6e25f4 elementor-section-boxed elementor-section-height-default elementor-section-height-default\" data-id=\"f6e25f4\" data-element_type=\"section\">\n\t\t\t\t\t\t<div class=\"elementor-container elementor-column-gap-default\">\n\t\t\t\t\t<div class=\"elementor-column elementor-col-100 elementor-top-column elementor-element elementor-element-d6ae172\" data-id=\"d6ae172\" data-element_type=\"column\">\n\t\t\t<div class=\"elementor-widget-wrap elementor-element-populated\">\n\t\t\t\t\t\t\t\t<div class=\"elementor-element elementor-element-ab55d51 elementor-widget elementor-widget-text-editor\" data-id=\"ab55d51\" data-element_type=\"widget\" data-widget_type=\"text-editor.default\">\n\t\t\t\t<div class=\"elementor-widget-container\">\n\t\t\t\t\t\t\t<p style=\"text-align: center;\">\u00deessi hrygna er a\u00f0 komast \u00ed hrygningarb\u00faning, \u00fe\u00e6r f\u00e1 \u00e1 sig gulan lit og rau\u00f0an lit \u00ed b\u00fak og bakugga en a\u00f0al einkennismerki \u00feeirra er augnbletturinn \u00e1 bakugganum\u00a0<\/p>\t\t\t\t\t\t<\/div>\n\t\t\t\t<\/div>\n\t\t\t\t\t<\/div>\n\t\t<\/div>\n\t\t\t\t\t\t\t<\/div>\n\t\t<\/section>\n\t\t\t\t<section class=\"elementor-section elementor-top-section elementor-element elementor-element-dfe1a7f elementor-section-boxed elementor-section-height-default elementor-section-height-default\" data-id=\"dfe1a7f\" data-element_type=\"section\">\n\t\t\t\t\t\t<div class=\"elementor-container elementor-column-gap-default\">\n\t\t\t\t\t<div class=\"elementor-column elementor-col-100 elementor-top-column elementor-element elementor-element-a120ffd\" data-id=\"a120ffd\" data-element_type=\"column\">\n\t\t\t<div class=\"elementor-widget-wrap elementor-element-populated\">\n\t\t\t\t\t\t\t\t<div class=\"elementor-element elementor-element-a32be34 elementor-widget elementor-widget-image\" data-id=\"a32be34\" data-element_type=\"widget\" data-widget_type=\"image.default\">\n\t\t\t\t<div class=\"elementor-widget-container\">\n\t\t\t\t\t\t\t\t\t\t\t\t\t\t\t<img width=\"1361\" height=\"964\" src=\"https:\/\/www.fiskakallinn.is\/wp-content\/uploads\/2021\/08\/cda.-la-bomba-6.jpg\" class=\"attachment-1536x1536 size-1536x1536\" alt=\"\" loading=\"lazy\" srcset=\"https:\/\/www.fiskakallinn.is\/wp-content\/uploads\/2021\/08\/cda.-la-bomba-6.jpg 1361w, https:\/\/www.fiskakallinn.is\/wp-content\/uploads\/2021\/08\/cda.-la-bomba-6-300x212.jpg 300w, https:\/\/www.fiskakallinn.is\/wp-content\/uploads\/2021\/08\/cda.-la-bomba-6-1024x725.jpg 1024w, https:\/\/www.fiskakallinn.is\/wp-content\/uploads\/2021\/08\/cda.-la-bomba-6-768x544.jpg 768w\" sizes=\"(max-width: 1361px) 100vw, 1361px\" \/>\t\t\t\t\t\t\t\t\t\t\t\t\t\t\t<\/div>\n\t\t\t\t<\/div>\n\t\t\t\t\t<\/div>\n\t\t<\/div>\n\t\t\t\t\t\t\t<\/div>\n\t\t<\/section>\n\t\t\t\t<section class=\"elementor-section elementor-top-section elementor-element elementor-element-7986fa0 elementor-section-boxed elementor-section-height-default elementor-section-height-default\" data-id=\"7986fa0\" data-element_type=\"section\">\n\t\t\t\t\t\t<div class=\"elementor-container elementor-column-gap-default\">\n\t\t\t\t\t<div class=\"elementor-column elementor-col-100 elementor-top-column elementor-element elementor-element-a568c8e\" data-id=\"a568c8e\" data-element_type=\"column\">\n\t\t\t<div class=\"elementor-widget-wrap elementor-element-populated\">\n\t\t\t\t\t\t\t\t<div class=\"elementor-element elementor-element-03ede3b elementor-widget elementor-widget-text-editor\" data-id=\"03ede3b\" data-element_type=\"widget\" data-widget_type=\"text-editor.default\">\n\t\t\t\t<div class=\"elementor-widget-container\">\n\t\t\t\t\t\t\t<p style=\"text-align: center;\">\u00deetta er sjaldg\u00e6f sj\u00f3n og var\u00f0 Ken undrandi \u00e1 a\u00f0 \u00feessi Australoheros hrygna skildi b\u00edta \u00e1 \u00f6ngulinn hj\u00e1 honum\u00a0 \u00fev\u00ed \u00feessi tegund vei\u00f0ist ekki \u00e1 st\u00f6ng og \u00fear sem erfitt var a\u00f0 komast a\u00f0 l\u00e6knum var l\u00edtill m\u00f6guleiki \u00e1 a\u00f0 n\u00e1 \u00ed h\u00e6ng svo h\u00fan f\u00e9kk a\u00f0 fara aftur ofan\u00ed vatni\u00f0 en svo \u00f3tr\u00falega vildi til a\u00f0 sk\u00f6mmu s\u00ed\u00f0ar veiddi hann h\u00e6ng af s\u00f6mu tegund og hef\u00f0i hann \u00fev\u00ed veri\u00f0 me\u00f0 flott par til a\u00f0 taka me\u00f0 s\u00e9r heim en \u00fear sem hrygnan var farin og ekki komu fleiri upp \u00fe\u00e1 gat hann \u00fea\u00f0 ekki\u00a0<\/p>\t\t\t\t\t\t<\/div>\n\t\t\t\t<\/div>\n\t\t\t\t\t<\/div>\n\t\t<\/div>\n\t\t\t\t\t\t\t<\/div>\n\t\t<\/section>\n\t\t\t\t<section class=\"elementor-section elementor-top-section elementor-element elementor-element-3e60648 elementor-section-boxed elementor-section-height-default elementor-section-height-default\" data-id=\"3e60648\" data-element_type=\"section\">\n\t\t\t\t\t\t<div class=\"elementor-container elementor-column-gap-default\">\n\t\t\t\t\t<div class=\"elementor-column elementor-col-100 elementor-top-column elementor-element elementor-element-a8258a6\" data-id=\"a8258a6\" data-element_type=\"column\">\n\t\t\t<div class=\"elementor-widget-wrap elementor-element-populated\">\n\t\t\t\t\t\t\t\t<div class=\"elementor-element elementor-element-f4a52d1 elementor-widget elementor-widget-image\" data-id=\"f4a52d1\" data-element_type=\"widget\" data-widget_type=\"image.default\">\n\t\t\t\t<div class=\"elementor-widget-container\">\n\t\t\t\t\t\t\t\t\t\t\t\t\t\t\t<img width=\"1361\" height=\"964\" src=\"https:\/\/www.fiskakallinn.is\/wp-content\/uploads\/2021\/08\/cda.-la-bomba-7.jpg\" class=\"attachment-1536x1536 size-1536x1536\" alt=\"\" loading=\"lazy\" srcset=\"https:\/\/www.fiskakallinn.is\/wp-content\/uploads\/2021\/08\/cda.-la-bomba-7.jpg 1361w, https:\/\/www.fiskakallinn.is\/wp-content\/uploads\/2021\/08\/cda.-la-bomba-7-300x212.jpg 300w, https:\/\/www.fiskakallinn.is\/wp-content\/uploads\/2021\/08\/cda.-la-bomba-7-1024x725.jpg 1024w, https:\/\/www.fiskakallinn.is\/wp-content\/uploads\/2021\/08\/cda.-la-bomba-7-768x544.jpg 768w\" sizes=\"(max-width: 1361px) 100vw, 1361px\" \/>\t\t\t\t\t\t\t\t\t\t\t\t\t\t\t<\/div>\n\t\t\t\t<\/div>\n\t\t\t\t\t<\/div>\n\t\t<\/div>\n\t\t\t\t\t\t\t<\/div>\n\t\t<\/section>\n\t\t\t\t<section class=\"elementor-section elementor-top-section elementor-element elementor-element-32ddb12 elementor-section-boxed elementor-section-height-default elementor-section-height-default\" data-id=\"32ddb12\" data-element_type=\"section\">\n\t\t\t\t\t\t<div class=\"elementor-container elementor-column-gap-default\">\n\t\t\t\t\t<div class=\"elementor-column elementor-col-100 elementor-top-column elementor-element elementor-element-78054a9\" data-id=\"78054a9\" data-element_type=\"column\">\n\t\t\t<div class=\"elementor-widget-wrap elementor-element-populated\">\n\t\t\t\t\t\t\t\t<div class=\"elementor-element elementor-element-44f40c1 elementor-widget elementor-widget-text-editor\" data-id=\"44f40c1\" data-element_type=\"widget\" data-widget_type=\"text-editor.default\">\n\t\t\t\t<div class=\"elementor-widget-container\">\n\t\t\t\t\t\t\t<p style=\"text-align: center;\">\u00deetta er skilti vi\u00f0 l\u00e6kinn, \u00fea\u00f0 hefur fengi\u00f0 a\u00f0 kynnast einhverju skotvopni en \u00fea\u00f0 sem \u00e9g vildi mynda fyrir utan skilti\u00f0 sem ma\u00f0ur reynir \u00fe\u00f3 alltaf a\u00f0 taka myndir af svo ma\u00f0ur muni hva\u00f0 sta\u00f0urinn heitir, er hrei\u00f0ur fr\u00e1 fuglum sem oft eru upp \u00e1 svona skiltum og stundum ofan \u00e1 gir\u00f0inga staurum, og s\u00e9st \u00fea\u00f0 \u00fearna uppi vinstra meginn<\/p>\t\t\t\t\t\t<\/div>\n\t\t\t\t<\/div>\n\t\t\t\t\t<\/div>\n\t\t<\/div>\n\t\t\t\t\t\t\t<\/div>\n\t\t<\/section>\n\t\t\t\t<section class=\"elementor-section elementor-top-section elementor-element elementor-element-97c8f00 elementor-section-boxed elementor-section-height-default elementor-section-height-default\" data-id=\"97c8f00\" data-element_type=\"section\">\n\t\t\t\t\t\t<div class=\"elementor-container elementor-column-gap-default\">\n\t\t\t\t\t<div class=\"elementor-column elementor-col-100 elementor-top-column elementor-element elementor-element-8c5a5f6\" data-id=\"8c5a5f6\" data-element_type=\"column\">\n\t\t\t<div class=\"elementor-widget-wrap elementor-element-populated\">\n\t\t\t\t\t\t\t\t<div class=\"elementor-element elementor-element-f247a5d elementor-widget elementor-widget-image\" data-id=\"f247a5d\" data-element_type=\"widget\" data-widget_type=\"image.default\">\n\t\t\t\t<div class=\"elementor-widget-container\">\n\t\t\t\t\t\t\t\t\t\t\t\t\t\t\t<img width=\"1361\" height=\"964\" src=\"https:\/\/www.fiskakallinn.is\/wp-content\/uploads\/2021\/08\/cda.-la-bomba-1.jpg\" class=\"attachment-1536x1536 size-1536x1536\" alt=\"\" loading=\"lazy\" srcset=\"https:\/\/www.fiskakallinn.is\/wp-content\/uploads\/2021\/08\/cda.-la-bomba-1.jpg 1361w, https:\/\/www.fiskakallinn.is\/wp-content\/uploads\/2021\/08\/cda.-la-bomba-1-300x212.jpg 300w, https:\/\/www.fiskakallinn.is\/wp-content\/uploads\/2021\/08\/cda.-la-bomba-1-1024x725.jpg 1024w, https:\/\/www.fiskakallinn.is\/wp-content\/uploads\/2021\/08\/cda.-la-bomba-1-768x544.jpg 768w\" sizes=\"(max-width: 1361px) 100vw, 1361px\" \/>\t\t\t\t\t\t\t\t\t\t\t\t\t\t\t<\/div>\n\t\t\t\t<\/div>\n\t\t\t\t\t<\/div>\n\t\t<\/div>\n\t\t\t\t\t\t\t<\/div>\n\t\t<\/section>\n\t\t\t\t<section class=\"elementor-section elementor-top-section elementor-element elementor-element-58ee72c elementor-section-boxed elementor-section-height-default elementor-section-height-default\" data-id=\"58ee72c\" data-element_type=\"section\">\n\t\t\t\t\t\t<div class=\"elementor-container elementor-column-gap-default\">\n\t\t\t\t\t<div class=\"elementor-column elementor-col-100 elementor-top-column elementor-element elementor-element-c612b5b\" data-id=\"c612b5b\" data-element_type=\"column\">\n\t\t\t<div class=\"elementor-widget-wrap elementor-element-populated\">\n\t\t\t\t\t\t\t\t<div class=\"elementor-element elementor-element-0bd3fd2 elementor-widget elementor-widget-text-editor\" data-id=\"0bd3fd2\" data-element_type=\"widget\" data-widget_type=\"text-editor.default\">\n\t\t\t\t<div class=\"elementor-widget-container\">\n\t\t\t\t\t\t\t<p style=\"text-align: center;\">\u00deessi hrei\u00f0ur l\u00edta \u00f6ll eins \u00fat og minna \u00e1 ku\u00f0ung, en fuglana s\u00e9 \u00e9g sjaldan og hef \u00e9g aldei n\u00e1\u00f0 mynd af \u00feeim en m\u00e9r finnst svo merkilegt a\u00f0 fugl geti gert hrei\u00f0ur \u00ed augnh\u00e6\u00f0 \u00e1 \u00e1berandi sta\u00f0 \u00e1n vandr\u00e6\u00f0a, kannski eru f\u00e1ir sn\u00e1kar, skri\u00f0d\u00fdr og n\u00e6tur spend\u00fdr \u00fearna hrifin af eggjum e\u00f0a hrei\u00f0ri\u00f0 \u00fea\u00f0 vel hanna\u00f0 a\u00f0 enginn n\u00e1i eggjum, en allavega er \u00fdmislegt anna\u00f0 en fiskar sem vekur athygli \u00ed fer\u00f0um sem \u00feessum\u00a0<\/p>\t\t\t\t\t\t<\/div>\n\t\t\t\t<\/div>\n\t\t\t\t\t<\/div>\n\t\t<\/div>\n\t\t\t\t\t\t\t<\/div>\n\t\t<\/section>\n\t\t\t\t\t\t\t<\/div>\n\t\t","protected":false},"excerpt":{"rendered":"<p>Cda. La Bomba\u00a0 L\u00edtill l\u00e6kur sem erfitt var a\u00f0 komast a\u00f0, svo mest var bara dorga\u00f0 af l\u00edtilli br\u00fa, Crenicichla voru mest \u00e1berandi, enda eru \u00fe\u00e6r r\u00e1nfiskar og b\u00edta \u00fev\u00ed \u00e1 beituna, margt anna\u00f0 kom \u00e1 land \u00fe\u00f3 a\u00f0 \u00e9g hafi ekki teki\u00f0 \u00fev\u00ed myndir myndir \u00fev\u00ed a\u00f0 ef ma\u00f0ur vei\u00f0ir 6-8 t\u00edma \u00e1 dag &hellip;<\/p>\n<p class=\"read-more\"> <a class=\"\" href=\"https:\/\/www.fiskakallinn.is\/?page_id=2226\"> <span class=\"screen-reader-text\">fer\u00f0ir cda la bomba<\/span> Read More &raquo;<\/a><\/p>\n","protected":false},"author":2,"featured_media":0,"parent":0,"menu_order":0,"comment_status":"closed","ping_status":"closed","template":"","meta":{"sfsi_plus_gutenberg_text_before_share":"","sfsi_plus_gutenberg_show_text_before_share":"","sfsi_plus_gutenberg_icon_type":"","sfsi_plus_gutenberg_icon_alignemt":"","sfsi_plus_gutenburg_max_per_row":"","site-sidebar-layout":"no-sidebar","site-content-layout":"page-builder","ast-main-header-display":"","ast-hfb-above-header-display":"","ast-hfb-below-header-display":"","ast-hfb-mobile-header-display":"","site-post-title":"disabled","ast-breadcrumbs-content":"","ast-featured-img":"disabled","footer-sml-layout":"","theme-transparent-header-meta":"","adv-header-id-meta":"","stick-header-meta":"","header-above-stick-meta":"","header-main-stick-meta":"","header-below-stick-meta":""},"_links":{"self":[{"href":"https:\/\/www.fiskakallinn.is\/index.php?rest_route=\/wp\/v2\/pages\/2226"}],"collection":[{"href":"https:\/\/www.fiskakallinn.is\/index.php?rest_route=\/wp\/v2\/pages"}],"about":[{"href":"https:\/\/www.fiskakallinn.is\/index.php?rest_route=\/wp\/v2\/types\/page"}],"author":[{"embeddable":true,"href":"https:\/\/www.fiskakallinn.is\/index.php?rest_route=\/wp\/v2\/users\/2"}],"replies":[{"embeddable":true,"href":"https:\/\/www.fiskakallinn.is\/index.php?rest_route=%2Fwp%2Fv2%2Fcomments&post=2226"}],"version-history":[{"count":3,"href":"https:\/\/www.fiskakallinn.is\/index.php?rest_route=\/wp\/v2\/pages\/2226\/revisions"}],"predecessor-version":[{"id":2237,"href":"https:\/\/www.fiskakallinn.is\/index.php?rest_route=\/wp\/v2\/pages\/2226\/revisions\/2237"}],"wp:attachment":[{"href":"https:\/\/www.fiskakallinn.is\/index.php?rest_route=%2Fwp%2Fv2%2Fmedia&parent=2226"}],"curies":[{"name":"wp","href":"https:\/\/api.w.org\/{rel}","templated":true}]}}