{"id":2360,"date":"2021-08-04T17:56:50","date_gmt":"2021-08-04T17:56:50","guid":{"rendered":"https:\/\/www.fiskakallinn.is\/?page_id=2360"},"modified":"2021-08-04T18:34:23","modified_gmt":"2021-08-04T18:34:23","slug":"ferdir-cda-maria-lemos","status":"publish","type":"page","link":"https:\/\/www.fiskakallinn.is\/?page_id=2360","title":{"rendered":"fer\u00f0ir cda maria lemos"},"content":{"rendered":"\t\t<div data-elementor-type=\"wp-page\" data-elementor-id=\"2360\" class=\"elementor elementor-2360\">\n\t\t\t\t\t\t\t\t\t<section class=\"elementor-section elementor-top-section elementor-element elementor-element-afeae4e elementor-section-boxed elementor-section-height-default elementor-section-height-default\" data-id=\"afeae4e\" data-element_type=\"section\">\n\t\t\t\t\t\t<div class=\"elementor-container elementor-column-gap-default\">\n\t\t\t\t\t<div class=\"elementor-column elementor-col-100 elementor-top-column elementor-element elementor-element-6dbd651\" data-id=\"6dbd651\" data-element_type=\"column\">\n\t\t\t<div class=\"elementor-widget-wrap elementor-element-populated\">\n\t\t\t\t\t\t\t\t<div class=\"elementor-element elementor-element-7c20eb7 elementor-widget elementor-widget-text-editor\" data-id=\"7c20eb7\" data-element_type=\"widget\" data-widget_type=\"text-editor.default\">\n\t\t\t\t<div class=\"elementor-widget-container\">\n\t\t\t\t\t\t\t<h2 style=\"text-align: center;\"><strong>Cda. Maria Lemos<\/strong><\/h2>\t\t\t\t\t\t<\/div>\n\t\t\t\t<\/div>\n\t\t\t\t\t<\/div>\n\t\t<\/div>\n\t\t\t\t\t\t\t<\/div>\n\t\t<\/section>\n\t\t\t\t<section class=\"elementor-section elementor-top-section elementor-element elementor-element-a520b16 elementor-section-boxed elementor-section-height-default elementor-section-height-default\" data-id=\"a520b16\" data-element_type=\"section\">\n\t\t\t\t\t\t<div class=\"elementor-container elementor-column-gap-default\">\n\t\t\t\t\t<div class=\"elementor-column elementor-col-100 elementor-top-column elementor-element elementor-element-396233c\" data-id=\"396233c\" data-element_type=\"column\">\n\t\t\t<div class=\"elementor-widget-wrap elementor-element-populated\">\n\t\t\t\t\t\t\t\t<div class=\"elementor-element elementor-element-67a919f elementor-widget elementor-widget-text-editor\" data-id=\"67a919f\" data-element_type=\"widget\" data-widget_type=\"text-editor.default\">\n\t\t\t\t<div class=\"elementor-widget-container\">\n\t\t\t\t\t\t\t<p style=\"text-align: center;\">L\u00edtill l\u00e6kur \u00ed nor\u00f0ur hluta \u00dar\u00fagv\u00e6, \u00feegar \u00e9g er h\u00e9rna \u00ed fyrsta skifti \u00fe\u00e1 var engin br\u00fa yfir l\u00e6kinn, en \u00feetta er l\u00edtill l\u00e6kur svo l\u00edti\u00f0 m\u00e1l a\u00f0 keyra yfir en skr\u00edti\u00f0 til \u00feess a\u00f0 hugsa a\u00f0 Ancistrus sem tro\u00f0a s\u00e9r undir steina g\u00e6tu lent \u00ed &#8222;b\u00edlslysi&#8220; \u00feegar vi\u00f0 keyrum yfir \u00fe\u00e1\u00a0<\/p>\t\t\t\t\t\t<\/div>\n\t\t\t\t<\/div>\n\t\t\t\t\t<\/div>\n\t\t<\/div>\n\t\t\t\t\t\t\t<\/div>\n\t\t<\/section>\n\t\t\t\t<section class=\"elementor-section elementor-top-section elementor-element elementor-element-5ebe443 elementor-section-boxed elementor-section-height-default elementor-section-height-default\" data-id=\"5ebe443\" data-element_type=\"section\">\n\t\t\t\t\t\t<div class=\"elementor-container elementor-column-gap-default\">\n\t\t\t\t\t<div class=\"elementor-column elementor-col-100 elementor-top-column elementor-element elementor-element-9113c66\" data-id=\"9113c66\" data-element_type=\"column\">\n\t\t\t<div class=\"elementor-widget-wrap elementor-element-populated\">\n\t\t\t\t\t\t\t\t<div class=\"elementor-element elementor-element-d673a59 elementor-widget elementor-widget-image\" data-id=\"d673a59\" data-element_type=\"widget\" data-widget_type=\"image.default\">\n\t\t\t\t<div class=\"elementor-widget-container\">\n\t\t\t\t\t\t\t\t\t\t\t\t\t\t\t<img width=\"1361\" height=\"964\" src=\"https:\/\/www.fiskakallinn.is\/wp-content\/uploads\/2021\/08\/cda-maria-lemos-3.png\" class=\"attachment-1536x1536 size-1536x1536\" alt=\"\" loading=\"lazy\" srcset=\"https:\/\/www.fiskakallinn.is\/wp-content\/uploads\/2021\/08\/cda-maria-lemos-3.png 1361w, https:\/\/www.fiskakallinn.is\/wp-content\/uploads\/2021\/08\/cda-maria-lemos-3-300x212.png 300w, https:\/\/www.fiskakallinn.is\/wp-content\/uploads\/2021\/08\/cda-maria-lemos-3-1024x725.png 1024w, https:\/\/www.fiskakallinn.is\/wp-content\/uploads\/2021\/08\/cda-maria-lemos-3-768x544.png 768w\" sizes=\"(max-width: 1361px) 100vw, 1361px\" \/>\t\t\t\t\t\t\t\t\t\t\t\t\t\t\t<\/div>\n\t\t\t\t<\/div>\n\t\t\t\t\t<\/div>\n\t\t<\/div>\n\t\t\t\t\t\t\t<\/div>\n\t\t<\/section>\n\t\t\t\t<section class=\"elementor-section elementor-top-section elementor-element elementor-element-0dc9a4a elementor-section-boxed elementor-section-height-default elementor-section-height-default\" data-id=\"0dc9a4a\" data-element_type=\"section\">\n\t\t\t\t\t\t<div class=\"elementor-container elementor-column-gap-default\">\n\t\t\t\t\t<div class=\"elementor-column elementor-col-100 elementor-top-column elementor-element elementor-element-03f010d\" data-id=\"03f010d\" data-element_type=\"column\">\n\t\t\t<div class=\"elementor-widget-wrap elementor-element-populated\">\n\t\t\t\t\t\t\t\t<div class=\"elementor-element elementor-element-39eed26 elementor-widget elementor-widget-text-editor\" data-id=\"39eed26\" data-element_type=\"widget\" data-widget_type=\"text-editor.default\">\n\t\t\t\t<div class=\"elementor-widget-container\">\n\t\t\t\t\t\t\t<p style=\"text-align: center;\">\u00cd svona gr\u00fdttum a\u00f0st\u00e6\u00f0um finnur ma\u00f0ur\u00a0 a\u00f0allega Ancistrus en l\u00edka a\u00f0ra kattfiska og krabba, fyrir ofan er lygna \u00ed l\u00e6knum og \u00fear vei\u00f0ast allskyns fiskar eins og td. Charax eins og \u00e1 innfelldu myndinni\u00a0<\/p>\t\t\t\t\t\t<\/div>\n\t\t\t\t<\/div>\n\t\t\t\t\t<\/div>\n\t\t<\/div>\n\t\t\t\t\t\t\t<\/div>\n\t\t<\/section>\n\t\t\t\t<section class=\"elementor-section elementor-top-section elementor-element elementor-element-713e277 elementor-section-boxed elementor-section-height-default elementor-section-height-default\" data-id=\"713e277\" data-element_type=\"section\">\n\t\t\t\t\t\t<div class=\"elementor-container elementor-column-gap-default\">\n\t\t\t\t\t<div class=\"elementor-column elementor-col-100 elementor-top-column elementor-element elementor-element-baec26b\" data-id=\"baec26b\" data-element_type=\"column\">\n\t\t\t<div class=\"elementor-widget-wrap elementor-element-populated\">\n\t\t\t\t\t\t\t\t<div class=\"elementor-element elementor-element-9d898a3 elementor-widget elementor-widget-image\" data-id=\"9d898a3\" data-element_type=\"widget\" data-widget_type=\"image.default\">\n\t\t\t\t<div class=\"elementor-widget-container\">\n\t\t\t\t\t\t\t\t\t\t\t\t\t\t\t<img width=\"1361\" height=\"964\" src=\"https:\/\/www.fiskakallinn.is\/wp-content\/uploads\/2021\/08\/cda-maria-lemos-1.png\" class=\"attachment-1536x1536 size-1536x1536\" alt=\"\" loading=\"lazy\" srcset=\"https:\/\/www.fiskakallinn.is\/wp-content\/uploads\/2021\/08\/cda-maria-lemos-1.png 1361w, https:\/\/www.fiskakallinn.is\/wp-content\/uploads\/2021\/08\/cda-maria-lemos-1-300x212.png 300w, https:\/\/www.fiskakallinn.is\/wp-content\/uploads\/2021\/08\/cda-maria-lemos-1-1024x725.png 1024w, https:\/\/www.fiskakallinn.is\/wp-content\/uploads\/2021\/08\/cda-maria-lemos-1-768x544.png 768w\" sizes=\"(max-width: 1361px) 100vw, 1361px\" \/>\t\t\t\t\t\t\t\t\t\t\t\t\t\t\t<\/div>\n\t\t\t\t<\/div>\n\t\t\t\t\t<\/div>\n\t\t<\/div>\n\t\t\t\t\t\t\t<\/div>\n\t\t<\/section>\n\t\t\t\t<section class=\"elementor-section elementor-top-section elementor-element elementor-element-aaef932 elementor-section-boxed elementor-section-height-default elementor-section-height-default\" data-id=\"aaef932\" data-element_type=\"section\">\n\t\t\t\t\t\t<div class=\"elementor-container elementor-column-gap-default\">\n\t\t\t\t\t<div class=\"elementor-column elementor-col-100 elementor-top-column elementor-element elementor-element-90346e0\" data-id=\"90346e0\" data-element_type=\"column\">\n\t\t\t<div class=\"elementor-widget-wrap elementor-element-populated\">\n\t\t\t\t\t\t\t\t<div class=\"elementor-element elementor-element-1c18dc4 elementor-widget elementor-widget-text-editor\" data-id=\"1c18dc4\" data-element_type=\"widget\" data-widget_type=\"text-editor.default\">\n\t\t\t\t<div class=\"elementor-widget-container\">\n\t\t\t\t\t\t\t<p style=\"text-align: center;\">\u00cd svona grunnum l\u00e6k er frekar einfalt a\u00f0 vei\u00f0a ancistrus sem halda sig undir e\u00f0a vi\u00f0 hli\u00f0ina \u00e1 steinunum og eina sem \u00fearf a\u00f0 gera er a\u00f0 lyfta steini h\u00e6gt upp og setja h\u00e1f undir og ancistran dettur \u00ed h\u00e1finn\u00a0<\/p>\t\t\t\t\t\t<\/div>\n\t\t\t\t<\/div>\n\t\t\t\t\t<\/div>\n\t\t<\/div>\n\t\t\t\t\t\t\t<\/div>\n\t\t<\/section>\n\t\t\t\t<section class=\"elementor-section elementor-top-section elementor-element elementor-element-fd20566 elementor-section-boxed elementor-section-height-default elementor-section-height-default\" data-id=\"fd20566\" data-element_type=\"section\">\n\t\t\t\t\t\t<div class=\"elementor-container elementor-column-gap-default\">\n\t\t\t\t\t<div class=\"elementor-column elementor-col-100 elementor-top-column elementor-element elementor-element-643b5c4\" data-id=\"643b5c4\" data-element_type=\"column\">\n\t\t\t<div class=\"elementor-widget-wrap elementor-element-populated\">\n\t\t\t\t\t\t\t\t<div class=\"elementor-element elementor-element-8154fe6 elementor-widget elementor-widget-image\" data-id=\"8154fe6\" data-element_type=\"widget\" data-widget_type=\"image.default\">\n\t\t\t\t<div class=\"elementor-widget-container\">\n\t\t\t\t\t\t\t\t\t\t\t\t\t\t\t<img width=\"1361\" height=\"964\" src=\"https:\/\/www.fiskakallinn.is\/wp-content\/uploads\/2021\/08\/cda-maria-lemos-2.png\" class=\"attachment-1536x1536 size-1536x1536\" alt=\"\" loading=\"lazy\" srcset=\"https:\/\/www.fiskakallinn.is\/wp-content\/uploads\/2021\/08\/cda-maria-lemos-2.png 1361w, https:\/\/www.fiskakallinn.is\/wp-content\/uploads\/2021\/08\/cda-maria-lemos-2-300x212.png 300w, https:\/\/www.fiskakallinn.is\/wp-content\/uploads\/2021\/08\/cda-maria-lemos-2-1024x725.png 1024w, https:\/\/www.fiskakallinn.is\/wp-content\/uploads\/2021\/08\/cda-maria-lemos-2-768x544.png 768w\" sizes=\"(max-width: 1361px) 100vw, 1361px\" \/>\t\t\t\t\t\t\t\t\t\t\t\t\t\t\t<\/div>\n\t\t\t\t<\/div>\n\t\t\t\t\t<\/div>\n\t\t<\/div>\n\t\t\t\t\t\t\t<\/div>\n\t\t<\/section>\n\t\t\t\t<section class=\"elementor-section elementor-top-section elementor-element elementor-element-2e33f0b elementor-section-boxed elementor-section-height-default elementor-section-height-default\" data-id=\"2e33f0b\" data-element_type=\"section\">\n\t\t\t\t\t\t<div class=\"elementor-container elementor-column-gap-default\">\n\t\t\t\t\t<div class=\"elementor-column elementor-col-100 elementor-top-column elementor-element elementor-element-ebf8e09\" data-id=\"ebf8e09\" data-element_type=\"column\">\n\t\t\t<div class=\"elementor-widget-wrap elementor-element-populated\">\n\t\t\t\t\t\t\t\t<div class=\"elementor-element elementor-element-5703fd2 elementor-widget elementor-widget-text-editor\" data-id=\"5703fd2\" data-element_type=\"widget\" data-widget_type=\"text-editor.default\">\n\t\t\t\t<div class=\"elementor-widget-container\">\n\t\t\t\t\t\t\t<p style=\"text-align: center;\">\u00deessi Ancistrus er vel b\u00fattu\u00f0 svo h\u00fan \u00e6tti a\u00f0 vera tilb\u00fain til a\u00f0 hrygna, Af \u00f6llum \u00feeim Ancistrus sem \u00e9g hef veitt h\u00e9r fann \u00e9g aldrei neina me\u00f0 br\u00fask \u00e1 nefinu sem fylgir h\u00e6ngum \u00ed \u00feessum tegundum svo anna\u00f0 hvort eru \u00feeir svona g\u00f3\u00f0ir a\u00f0 fela sig e\u00f0a eru bara ekki me\u00f0 br\u00fask\u00a0<\/p>\t\t\t\t\t\t<\/div>\n\t\t\t\t<\/div>\n\t\t\t\t\t<\/div>\n\t\t<\/div>\n\t\t\t\t\t\t\t<\/div>\n\t\t<\/section>\n\t\t\t\t<section class=\"elementor-section elementor-top-section elementor-element elementor-element-44d8bfb elementor-section-boxed elementor-section-height-default elementor-section-height-default\" data-id=\"44d8bfb\" data-element_type=\"section\">\n\t\t\t\t\t\t<div class=\"elementor-container elementor-column-gap-default\">\n\t\t\t\t\t<div class=\"elementor-column elementor-col-100 elementor-top-column elementor-element elementor-element-a02d750\" data-id=\"a02d750\" data-element_type=\"column\">\n\t\t\t<div class=\"elementor-widget-wrap elementor-element-populated\">\n\t\t\t\t\t\t\t\t<div class=\"elementor-element elementor-element-008ab9f elementor-widget elementor-widget-image\" data-id=\"008ab9f\" data-element_type=\"widget\" data-widget_type=\"image.default\">\n\t\t\t\t<div class=\"elementor-widget-container\">\n\t\t\t\t\t\t\t\t\t\t\t\t\t\t\t<img width=\"1361\" height=\"964\" src=\"https:\/\/www.fiskakallinn.is\/wp-content\/uploads\/2021\/08\/cda-maria-lemos-5.jpg\" class=\"attachment-1536x1536 size-1536x1536\" alt=\"\" loading=\"lazy\" srcset=\"https:\/\/www.fiskakallinn.is\/wp-content\/uploads\/2021\/08\/cda-maria-lemos-5.jpg 1361w, https:\/\/www.fiskakallinn.is\/wp-content\/uploads\/2021\/08\/cda-maria-lemos-5-300x212.jpg 300w, https:\/\/www.fiskakallinn.is\/wp-content\/uploads\/2021\/08\/cda-maria-lemos-5-1024x725.jpg 1024w, https:\/\/www.fiskakallinn.is\/wp-content\/uploads\/2021\/08\/cda-maria-lemos-5-768x544.jpg 768w\" sizes=\"(max-width: 1361px) 100vw, 1361px\" \/>\t\t\t\t\t\t\t\t\t\t\t\t\t\t\t<\/div>\n\t\t\t\t<\/div>\n\t\t\t\t\t<\/div>\n\t\t<\/div>\n\t\t\t\t\t\t\t<\/div>\n\t\t<\/section>\n\t\t\t\t<section class=\"elementor-section elementor-top-section elementor-element elementor-element-b863560 elementor-section-boxed elementor-section-height-default elementor-section-height-default\" data-id=\"b863560\" data-element_type=\"section\">\n\t\t\t\t\t\t<div class=\"elementor-container elementor-column-gap-default\">\n\t\t\t\t\t<div class=\"elementor-column elementor-col-100 elementor-top-column elementor-element elementor-element-8e00c0c\" data-id=\"8e00c0c\" data-element_type=\"column\">\n\t\t\t<div class=\"elementor-widget-wrap elementor-element-populated\">\n\t\t\t\t\t\t\t\t<div class=\"elementor-element elementor-element-369d2a0 elementor-widget elementor-widget-text-editor\" data-id=\"369d2a0\" data-element_type=\"widget\" data-widget_type=\"text-editor.default\">\n\t\t\t\t<div class=\"elementor-widget-container\">\n\t\t\t\t\t\t\t<p style=\"text-align: center;\">Ekki veit \u00e9g hva\u00f0a tegund af Ancistrus \u00feetta er enda held \u00e9g a\u00f0 h\u00fan s\u00e9 ekki skr\u00e1\u00f0, en \u00e1g\u00e6tis munstur er \u00e1 uggunum, og flekkirnir eru \u00f6\u00f0ruv\u00edsi en \u00e1 \u00feessum hef\u00f0bundnu tegundum sem eru vanalega \u00ed b\u00farum\u00a0<\/p>\t\t\t\t\t\t<\/div>\n\t\t\t\t<\/div>\n\t\t\t\t\t<\/div>\n\t\t<\/div>\n\t\t\t\t\t\t\t<\/div>\n\t\t<\/section>\n\t\t\t\t<section class=\"elementor-section elementor-top-section elementor-element elementor-element-153dd3e elementor-section-boxed elementor-section-height-default elementor-section-height-default\" data-id=\"153dd3e\" data-element_type=\"section\">\n\t\t\t\t\t\t<div class=\"elementor-container elementor-column-gap-default\">\n\t\t\t\t\t<div class=\"elementor-column elementor-col-100 elementor-top-column elementor-element elementor-element-9017b04\" data-id=\"9017b04\" data-element_type=\"column\">\n\t\t\t<div class=\"elementor-widget-wrap elementor-element-populated\">\n\t\t\t\t\t\t\t\t<div class=\"elementor-element elementor-element-b708b8c elementor-widget elementor-widget-image\" data-id=\"b708b8c\" data-element_type=\"widget\" data-widget_type=\"image.default\">\n\t\t\t\t<div class=\"elementor-widget-container\">\n\t\t\t\t\t\t\t\t\t\t\t\t\t\t\t<img width=\"1361\" height=\"964\" src=\"https:\/\/www.fiskakallinn.is\/wp-content\/uploads\/2021\/08\/cda-maria-lemos-6.jpg\" class=\"attachment-1536x1536 size-1536x1536\" alt=\"\" loading=\"lazy\" srcset=\"https:\/\/www.fiskakallinn.is\/wp-content\/uploads\/2021\/08\/cda-maria-lemos-6.jpg 1361w, https:\/\/www.fiskakallinn.is\/wp-content\/uploads\/2021\/08\/cda-maria-lemos-6-300x212.jpg 300w, https:\/\/www.fiskakallinn.is\/wp-content\/uploads\/2021\/08\/cda-maria-lemos-6-1024x725.jpg 1024w, https:\/\/www.fiskakallinn.is\/wp-content\/uploads\/2021\/08\/cda-maria-lemos-6-768x544.jpg 768w\" sizes=\"(max-width: 1361px) 100vw, 1361px\" \/>\t\t\t\t\t\t\t\t\t\t\t\t\t\t\t<\/div>\n\t\t\t\t<\/div>\n\t\t\t\t\t<\/div>\n\t\t<\/div>\n\t\t\t\t\t\t\t<\/div>\n\t\t<\/section>\n\t\t\t\t<section class=\"elementor-section elementor-top-section elementor-element elementor-element-349b148 elementor-section-boxed elementor-section-height-default elementor-section-height-default\" data-id=\"349b148\" data-element_type=\"section\">\n\t\t\t\t\t\t<div class=\"elementor-container elementor-column-gap-default\">\n\t\t\t\t\t<div class=\"elementor-column elementor-col-100 elementor-top-column elementor-element elementor-element-d8589e3\" data-id=\"d8589e3\" data-element_type=\"column\">\n\t\t\t<div class=\"elementor-widget-wrap elementor-element-populated\">\n\t\t\t\t\t\t\t\t<div class=\"elementor-element elementor-element-8d321ac elementor-widget elementor-widget-text-editor\" data-id=\"8d321ac\" data-element_type=\"widget\" data-widget_type=\"text-editor.default\">\n\t\t\t\t<div class=\"elementor-widget-container\">\n\t\t\t\t\t\t\t<p style=\"text-align: center;\">Lygnan fyrir ofan var me\u00f0 Australoherus s\u00edkli\u00f0ur sem \u00e9g held s\u00e9u \u00ed scitulus gr\u00fabbunni, gulleitir fiskar me\u00f0 sm\u00e1 rau\u00f0an skell, og flott rautt auga\u00a0<\/p>\t\t\t\t\t\t<\/div>\n\t\t\t\t<\/div>\n\t\t\t\t\t<\/div>\n\t\t<\/div>\n\t\t\t\t\t\t\t<\/div>\n\t\t<\/section>\n\t\t\t\t<section class=\"elementor-section elementor-top-section elementor-element elementor-element-8b9d361 elementor-section-boxed elementor-section-height-default elementor-section-height-default\" data-id=\"8b9d361\" data-element_type=\"section\">\n\t\t\t\t\t\t<div class=\"elementor-container elementor-column-gap-default\">\n\t\t\t\t\t<div class=\"elementor-column elementor-col-100 elementor-top-column elementor-element elementor-element-2a129a6\" data-id=\"2a129a6\" data-element_type=\"column\">\n\t\t\t<div class=\"elementor-widget-wrap elementor-element-populated\">\n\t\t\t\t\t\t\t\t<div class=\"elementor-element elementor-element-4d4e5fd elementor-widget elementor-widget-image\" data-id=\"4d4e5fd\" data-element_type=\"widget\" data-widget_type=\"image.default\">\n\t\t\t\t<div class=\"elementor-widget-container\">\n\t\t\t\t\t\t\t\t\t\t\t\t\t\t\t<img width=\"1361\" height=\"964\" src=\"https:\/\/www.fiskakallinn.is\/wp-content\/uploads\/2021\/08\/cda-maria-lemos-7.jpg\" class=\"attachment-1536x1536 size-1536x1536\" alt=\"\" loading=\"lazy\" srcset=\"https:\/\/www.fiskakallinn.is\/wp-content\/uploads\/2021\/08\/cda-maria-lemos-7.jpg 1361w, https:\/\/www.fiskakallinn.is\/wp-content\/uploads\/2021\/08\/cda-maria-lemos-7-300x212.jpg 300w, https:\/\/www.fiskakallinn.is\/wp-content\/uploads\/2021\/08\/cda-maria-lemos-7-1024x725.jpg 1024w, https:\/\/www.fiskakallinn.is\/wp-content\/uploads\/2021\/08\/cda-maria-lemos-7-768x544.jpg 768w\" sizes=\"(max-width: 1361px) 100vw, 1361px\" \/>\t\t\t\t\t\t\t\t\t\t\t\t\t\t\t<\/div>\n\t\t\t\t<\/div>\n\t\t\t\t\t<\/div>\n\t\t<\/div>\n\t\t\t\t\t\t\t<\/div>\n\t\t<\/section>\n\t\t\t\t<section class=\"elementor-section elementor-top-section elementor-element elementor-element-68ebe27 elementor-section-boxed elementor-section-height-default elementor-section-height-default\" data-id=\"68ebe27\" data-element_type=\"section\">\n\t\t\t\t\t\t<div class=\"elementor-container elementor-column-gap-default\">\n\t\t\t\t\t<div class=\"elementor-column elementor-col-100 elementor-top-column elementor-element elementor-element-3b178fb\" data-id=\"3b178fb\" data-element_type=\"column\">\n\t\t\t<div class=\"elementor-widget-wrap elementor-element-populated\">\n\t\t\t\t\t\t\t\t<div class=\"elementor-element elementor-element-8eab71b elementor-widget elementor-widget-text-editor\" data-id=\"8eab71b\" data-element_type=\"widget\" data-widget_type=\"text-editor.default\">\n\t\t\t\t<div class=\"elementor-widget-container\">\n\t\t\t\t\t\t\t<p style=\"text-align: center;\">Gymnogeophagus h\u00e6ngur me\u00f0 s\u00edna pastelliti\u00a0<\/p>\t\t\t\t\t\t<\/div>\n\t\t\t\t<\/div>\n\t\t\t\t\t<\/div>\n\t\t<\/div>\n\t\t\t\t\t\t\t<\/div>\n\t\t<\/section>\n\t\t\t\t<section class=\"elementor-section elementor-top-section elementor-element elementor-element-51bb45e elementor-section-boxed elementor-section-height-default elementor-section-height-default\" data-id=\"51bb45e\" data-element_type=\"section\">\n\t\t\t\t\t\t<div class=\"elementor-container elementor-column-gap-default\">\n\t\t\t\t\t<div class=\"elementor-column elementor-col-100 elementor-top-column elementor-element elementor-element-3cc7f28\" data-id=\"3cc7f28\" data-element_type=\"column\">\n\t\t\t<div class=\"elementor-widget-wrap elementor-element-populated\">\n\t\t\t\t\t\t\t\t<div class=\"elementor-element elementor-element-9dd0e1e elementor-widget elementor-widget-image\" data-id=\"9dd0e1e\" data-element_type=\"widget\" data-widget_type=\"image.default\">\n\t\t\t\t<div class=\"elementor-widget-container\">\n\t\t\t\t\t\t\t\t\t\t\t\t\t\t\t<img width=\"1361\" height=\"964\" src=\"https:\/\/www.fiskakallinn.is\/wp-content\/uploads\/2021\/08\/cda-maria-lemos-4.png\" class=\"attachment-1536x1536 size-1536x1536\" alt=\"\" loading=\"lazy\" srcset=\"https:\/\/www.fiskakallinn.is\/wp-content\/uploads\/2021\/08\/cda-maria-lemos-4.png 1361w, https:\/\/www.fiskakallinn.is\/wp-content\/uploads\/2021\/08\/cda-maria-lemos-4-300x212.png 300w, https:\/\/www.fiskakallinn.is\/wp-content\/uploads\/2021\/08\/cda-maria-lemos-4-1024x725.png 1024w, https:\/\/www.fiskakallinn.is\/wp-content\/uploads\/2021\/08\/cda-maria-lemos-4-768x544.png 768w\" sizes=\"(max-width: 1361px) 100vw, 1361px\" \/>\t\t\t\t\t\t\t\t\t\t\t\t\t\t\t<\/div>\n\t\t\t\t<\/div>\n\t\t\t\t\t<\/div>\n\t\t<\/div>\n\t\t\t\t\t\t\t<\/div>\n\t\t<\/section>\n\t\t\t\t<section class=\"elementor-section elementor-top-section elementor-element elementor-element-b581c40 elementor-section-boxed elementor-section-height-default elementor-section-height-default\" data-id=\"b581c40\" data-element_type=\"section\">\n\t\t\t\t\t\t<div class=\"elementor-container elementor-column-gap-default\">\n\t\t\t\t\t<div class=\"elementor-column elementor-col-100 elementor-top-column elementor-element elementor-element-9d75854\" data-id=\"9d75854\" data-element_type=\"column\">\n\t\t\t<div class=\"elementor-widget-wrap elementor-element-populated\">\n\t\t\t\t\t\t\t\t<div class=\"elementor-element elementor-element-4bde2ce elementor-widget elementor-widget-text-editor\" data-id=\"4bde2ce\" data-element_type=\"widget\" data-widget_type=\"text-editor.default\">\n\t\t\t\t<div class=\"elementor-widget-container\">\n\t\t\t\t\t\t\t<p style=\"text-align: center;\">Utan \u00e1 steini vi\u00f0 l\u00e6kinn, h\u00e9kk \u00feessi klasi af hrognum sem st\u00f3rir sniglar verpa. \u00feetta er algeng sj\u00f3n vi\u00f0 l\u00e6ki og tjarnir, s\u00ed\u00f0an er einn ku\u00f0ungur \u00e1 innfelldu myndinni sem var eina tegundin sem \u00e9g s\u00e1 \u00fearna svo lei\u00f0a m\u00e1 l\u00edkur a\u00f0 hrognin s\u00e9u fr\u00e1 einhverjum \u00ed hans \u00e6tt\u00a0<\/p>\t\t\t\t\t\t<\/div>\n\t\t\t\t<\/div>\n\t\t\t\t\t<\/div>\n\t\t<\/div>\n\t\t\t\t\t\t\t<\/div>\n\t\t<\/section>\n\t\t\t\t\t\t\t<\/div>\n\t\t","protected":false},"excerpt":{"rendered":"<p>Cda. Maria Lemos L\u00edtill l\u00e6kur \u00ed nor\u00f0ur hluta \u00dar\u00fagv\u00e6, \u00feegar \u00e9g er h\u00e9rna \u00ed fyrsta skifti \u00fe\u00e1 var engin br\u00fa yfir l\u00e6kinn, en \u00feetta er l\u00edtill l\u00e6kur svo l\u00edti\u00f0 m\u00e1l a\u00f0 keyra yfir en skr\u00edti\u00f0 til \u00feess a\u00f0 hugsa a\u00f0 Ancistrus sem tro\u00f0a s\u00e9r undir steina g\u00e6tu lent \u00ed &#8222;b\u00edlslysi&#8220; \u00feegar vi\u00f0 keyrum yfir \u00fe\u00e1\u00a0 &hellip;<\/p>\n<p class=\"read-more\"> <a class=\"\" href=\"https:\/\/www.fiskakallinn.is\/?page_id=2360\"> <span class=\"screen-reader-text\">fer\u00f0ir cda maria lemos<\/span> Read More &raquo;<\/a><\/p>\n","protected":false},"author":2,"featured_media":0,"parent":0,"menu_order":0,"comment_status":"closed","ping_status":"closed","template":"","meta":{"sfsi_plus_gutenberg_text_before_share":"","sfsi_plus_gutenberg_show_text_before_share":"","sfsi_plus_gutenberg_icon_type":"","sfsi_plus_gutenberg_icon_alignemt":"","sfsi_plus_gutenburg_max_per_row":"","site-sidebar-layout":"no-sidebar","site-content-layout":"page-builder","ast-main-header-display":"","ast-hfb-above-header-display":"","ast-hfb-below-header-display":"","ast-hfb-mobile-header-display":"","site-post-title":"disabled","ast-breadcrumbs-content":"","ast-featured-img":"disabled","footer-sml-layout":"","theme-transparent-header-meta":"","adv-header-id-meta":"","stick-header-meta":"","header-above-stick-meta":"","header-main-stick-meta":"","header-below-stick-meta":""},"_links":{"self":[{"href":"https:\/\/www.fiskakallinn.is\/index.php?rest_route=\/wp\/v2\/pages\/2360"}],"collection":[{"href":"https:\/\/www.fiskakallinn.is\/index.php?rest_route=\/wp\/v2\/pages"}],"about":[{"href":"https:\/\/www.fiskakallinn.is\/index.php?rest_route=\/wp\/v2\/types\/page"}],"author":[{"embeddable":true,"href":"https:\/\/www.fiskakallinn.is\/index.php?rest_route=\/wp\/v2\/users\/2"}],"replies":[{"embeddable":true,"href":"https:\/\/www.fiskakallinn.is\/index.php?rest_route=%2Fwp%2Fv2%2Fcomments&post=2360"}],"version-history":[{"count":9,"href":"https:\/\/www.fiskakallinn.is\/index.php?rest_route=\/wp\/v2\/pages\/2360\/revisions"}],"predecessor-version":[{"id":2381,"href":"https:\/\/www.fiskakallinn.is\/index.php?rest_route=\/wp\/v2\/pages\/2360\/revisions\/2381"}],"wp:attachment":[{"href":"https:\/\/www.fiskakallinn.is\/index.php?rest_route=%2Fwp%2Fv2%2Fmedia&parent=2360"}],"curies":[{"name":"wp","href":"https:\/\/api.w.org\/{rel}","templated":true}]}}