{"id":2510,"date":"2021-08-06T21:51:59","date_gmt":"2021-08-06T21:51:59","guid":{"rendered":"https:\/\/www.fiskakallinn.is\/?page_id=2510"},"modified":"2022-12-31T16:14:37","modified_gmt":"2022-12-31T16:14:37","slug":"uppsett-bur","status":"publish","type":"page","link":"https:\/\/www.fiskakallinn.is\/?page_id=2510","title":{"rendered":"Uppsett b\u00far"},"content":{"rendered":"\t\t<div data-elementor-type=\"wp-page\" data-elementor-id=\"2510\" class=\"elementor elementor-2510\">\n\t\t\t\t\t\t\t\t\t<section class=\"elementor-section elementor-top-section elementor-element elementor-element-a125d3b elementor-section-boxed elementor-section-height-default elementor-section-height-default\" data-id=\"a125d3b\" data-element_type=\"section\">\n\t\t\t\t\t\t<div class=\"elementor-container elementor-column-gap-default\">\n\t\t\t\t\t<div class=\"elementor-column elementor-col-100 elementor-top-column elementor-element elementor-element-46fa632\" data-id=\"46fa632\" data-element_type=\"column\">\n\t\t\t<div class=\"elementor-widget-wrap elementor-element-populated\">\n\t\t\t\t\t\t\t\t<div class=\"elementor-element elementor-element-579c736 elementor-widget elementor-widget-text-editor\" data-id=\"579c736\" data-element_type=\"widget\" data-widget_type=\"text-editor.default\">\n\t\t\t\t<div class=\"elementor-widget-container\">\n\t\t\t\t\t\t\t<p style=\"text-align: center;\"><strong>H\u00e9r safna \u00e9g saman myndum og video af b\u00farum b\u00e6\u00f0i fr\u00e1 m\u00e9r og \u00f6\u00f0rum til a\u00f0 gefa \u00fe\u00e9r hugmyndir um uppsetningu af b\u00farum\u00a0<\/strong><\/p>\t\t\t\t\t\t<\/div>\n\t\t\t\t<\/div>\n\t\t\t\t\t<\/div>\n\t\t<\/div>\n\t\t\t\t\t\t\t<\/div>\n\t\t<\/section>\n\t\t\t\t<section class=\"elementor-section elementor-top-section elementor-element elementor-element-979a33c elementor-section-boxed elementor-section-height-default elementor-section-height-default\" data-id=\"979a33c\" data-element_type=\"section\">\n\t\t\t\t\t\t<div class=\"elementor-container elementor-column-gap-default\">\n\t\t\t\t\t<div class=\"elementor-column elementor-col-50 elementor-top-column elementor-element elementor-element-8a495f1\" data-id=\"8a495f1\" data-element_type=\"column\">\n\t\t\t<div class=\"elementor-widget-wrap elementor-element-populated\">\n\t\t\t\t\t\t\t\t<div class=\"elementor-element elementor-element-d13968b elementor-widget elementor-widget-image\" data-id=\"d13968b\" data-element_type=\"widget\" data-widget_type=\"image.default\">\n\t\t\t\t<div class=\"elementor-widget-container\">\n\t\t\t\t\t\t\t\t\t\t\t\t<figure class=\"wp-caption\">\n\t\t\t\t\t\t\t\t\t\t\t<a href=\"https:\/\/www.fiskakallinn.is\/?page_id=2504\">\n\t\t\t\t\t\t\t<img width=\"1020\" height=\"680\" src=\"https:\/\/www.fiskakallinn.is\/wp-content\/uploads\/2021\/08\/thumb_240.png\" class=\"attachment-large size-large\" alt=\"\" loading=\"lazy\" srcset=\"https:\/\/www.fiskakallinn.is\/wp-content\/uploads\/2021\/08\/thumb_240.png 1020w, https:\/\/www.fiskakallinn.is\/wp-content\/uploads\/2021\/08\/thumb_240-300x200.png 300w, https:\/\/www.fiskakallinn.is\/wp-content\/uploads\/2021\/08\/thumb_240-768x512.png 768w\" sizes=\"(max-width: 1020px) 100vw, 1020px\" \/>\t\t\t\t\t\t\t\t<\/a>\n\t\t\t\t\t\t\t\t\t\t\t<figcaption class=\"widget-image-caption wp-caption-text\"><\/figcaption>\n\t\t\t\t\t\t\t\t\t\t<\/figure>\n\t\t\t\t\t\t\t\t\t<\/div>\n\t\t\t\t<\/div>\n\t\t\t\t\t<\/div>\n\t\t<\/div>\n\t\t\t\t<div class=\"elementor-column elementor-col-50 elementor-top-column elementor-element elementor-element-0250863\" data-id=\"0250863\" data-element_type=\"column\">\n\t\t\t<div class=\"elementor-widget-wrap elementor-element-populated\">\n\t\t\t\t\t\t\t\t<div class=\"elementor-element elementor-element-8fffac9 elementor-widget elementor-widget-image\" data-id=\"8fffac9\" data-element_type=\"widget\" data-widget_type=\"image.default\">\n\t\t\t\t<div class=\"elementor-widget-container\">\n\t\t\t\t\t\t\t\t\t\t\t\t<figure class=\"wp-caption\">\n\t\t\t\t\t\t\t\t\t\t\t<a href=\"https:\/\/www.fiskakallinn.is\/?page_id=2532\">\n\t\t\t\t\t\t\t<img width=\"1020\" height=\"680\" src=\"https:\/\/www.fiskakallinn.is\/wp-content\/uploads\/2021\/08\/thumb_800-grindavik.png\" class=\"attachment-large size-large\" alt=\"\" loading=\"lazy\" srcset=\"https:\/\/www.fiskakallinn.is\/wp-content\/uploads\/2021\/08\/thumb_800-grindavik.png 1020w, https:\/\/www.fiskakallinn.is\/wp-content\/uploads\/2021\/08\/thumb_800-grindavik-300x200.png 300w, https:\/\/www.fiskakallinn.is\/wp-content\/uploads\/2021\/08\/thumb_800-grindavik-768x512.png 768w\" sizes=\"(max-width: 1020px) 100vw, 1020px\" \/>\t\t\t\t\t\t\t\t<\/a>\n\t\t\t\t\t\t\t\t\t\t\t<figcaption class=\"widget-image-caption wp-caption-text\"><\/figcaption>\n\t\t\t\t\t\t\t\t\t\t<\/figure>\n\t\t\t\t\t\t\t\t\t<\/div>\n\t\t\t\t<\/div>\n\t\t\t\t\t<\/div>\n\t\t<\/div>\n\t\t\t\t\t\t\t<\/div>\n\t\t<\/section>\n\t\t\t\t<section class=\"elementor-section elementor-top-section elementor-element elementor-element-13518a6 elementor-section-boxed elementor-section-height-default elementor-section-height-default\" data-id=\"13518a6\" data-element_type=\"section\">\n\t\t\t\t\t\t<div class=\"elementor-container elementor-column-gap-default\">\n\t\t\t\t\t<div class=\"elementor-column elementor-col-100 elementor-top-column elementor-element elementor-element-ec3e018\" data-id=\"ec3e018\" data-element_type=\"column\">\n\t\t\t<div class=\"elementor-widget-wrap elementor-element-populated\">\n\t\t\t\t\t\t\t\t<div class=\"elementor-element elementor-element-7f47b30 elementor-aspect-ratio-169 elementor-widget elementor-widget-video\" data-id=\"7f47b30\" data-element_type=\"widget\" data-settings=\"{&quot;video_type&quot;:&quot;hosted&quot;,&quot;controls&quot;:&quot;yes&quot;,&quot;aspect_ratio&quot;:&quot;169&quot;}\" data-widget_type=\"video.default\">\n\t\t\t\t<div class=\"elementor-widget-container\">\n\t\t\t\t\t<div class=\"e-hosted-video elementor-wrapper elementor-fit-aspect-ratio elementor-open-inline\">\n\t\t\t\t\t<video class=\"elementor-video\" src=\"https:\/\/www.fiskakallinn.is\/wp-content\/uploads\/2021\/12\/Malawi-mbuna-2.mp4\" controls=\"\" controlsList=\"nodownload\"><\/video>\n\t\t\t\t<\/div>\n\t\t\t\t<\/div>\n\t\t\t\t<\/div>\n\t\t\t\t\t<\/div>\n\t\t<\/div>\n\t\t\t\t\t\t\t<\/div>\n\t\t<\/section>\n\t\t\t\t<section class=\"elementor-section elementor-top-section elementor-element elementor-element-a7828f5 elementor-section-boxed elementor-section-height-default elementor-section-height-default\" data-id=\"a7828f5\" data-element_type=\"section\">\n\t\t\t\t\t\t<div class=\"elementor-container elementor-column-gap-default\">\n\t\t\t\t\t<div class=\"elementor-column elementor-col-100 elementor-top-column elementor-element elementor-element-c610447\" data-id=\"c610447\" data-element_type=\"column\">\n\t\t\t<div class=\"elementor-widget-wrap elementor-element-populated\">\n\t\t\t\t\t\t\t\t<div class=\"elementor-element elementor-element-9be341f elementor-widget elementor-widget-text-editor\" data-id=\"9be341f\" data-element_type=\"widget\" data-widget_type=\"text-editor.default\">\n\t\t\t\t<div class=\"elementor-widget-container\">\n\t\t\t\t\t\t\t<p style=\"text-align: center;\">Stutt myndband sem\u00a0 s\u00fdnir\u00a0 &#8222;mbuna&#8220; s\u00edkli\u00f0ur fr\u00e1 Malawi vatni sem er \u00ed Afr\u00edku.<br \/>mbuna tegundir eigna s\u00e9r oft st\u00f3r sv\u00e6\u00f0i og er \u00fev\u00ed betra a\u00f0 vera me\u00f0 marga fiska svo enginn geti reynt a\u00f0 eigna s\u00e9r h\u00e1lft b\u00fari\u00f0, \u00feegar \u00feeir eru f\u00e1ir saman \u00fe\u00e1 getur \u00f6flugur h\u00e6ngur lagt alla \u00ed einelti sem endar me\u00f0 miklu stressi hj\u00e1 hinum sem a\u00f0 lokum enda bara \u00e1 einn veg og \u00fea\u00f0 er a\u00f0 fiskunum fer hratt f\u00e6kkandi.<br \/>Ef hellar og miki\u00f0 grj\u00f3t er \u00ed b\u00farinu er m\u00f6guleiki a\u00f0 sei\u00f0i komist upp, en \u00feessar tegundir eru munnklekjarar sem \u00fe\u00fd\u00f0ir a\u00f0 par kemur saman og hrygnir \u00ed \u00e1kve\u00f0num &#8222;dansi&#8220; \u00fear sem hrygnan tekur s\u00edn eigin hrogn upp \u00ed sig og geymir \u00ed munni \u00fear til \u00feau klekjast \u00fat og eru tilb\u00fain a\u00f0 hugsa um sig sj\u00e1lf sem tekur 3-4 vikur,<br \/>\u00cd n\u00e1tt\u00farunni myndi h\u00fan passa sei\u00f0in lengur me\u00f0 \u00fev\u00ed a\u00f0 hleypa \u00feeim \u00fat og leifa \u00feeim a\u00f0 n\u00e6rast \u00fear til h\u00fan s\u00e6i h\u00e6ttu \u00fe\u00e1 g\u00e6fi h\u00fan merki og \u00f6ll sei\u00f0in myndu synda upp \u00ed hana aftur, en \u00ed b\u00fari eru of margir fiska rsvo h\u00fan reynir a\u00f0 sleppa sei\u00f0um \u00ed gj\u00f3tur og a\u00f0ra felusta\u00f0i \u00ed b\u00farinu til a\u00f0 auka l\u00edfsl\u00edkur sei\u00f0anna\u00a0<\/p>\t\t\t\t\t\t<\/div>\n\t\t\t\t<\/div>\n\t\t\t\t\t<\/div>\n\t\t<\/div>\n\t\t\t\t\t\t\t<\/div>\n\t\t<\/section>\n\t\t\t\t<section class=\"elementor-section elementor-top-section elementor-element elementor-element-b93f512 elementor-section-boxed elementor-section-height-default elementor-section-height-default\" data-id=\"b93f512\" data-element_type=\"section\">\n\t\t\t\t\t\t<div class=\"elementor-container elementor-column-gap-default\">\n\t\t\t\t\t<div class=\"elementor-column elementor-col-100 elementor-top-column elementor-element elementor-element-5f85b12\" data-id=\"5f85b12\" data-element_type=\"column\">\n\t\t\t<div class=\"elementor-widget-wrap elementor-element-populated\">\n\t\t\t\t\t\t\t\t<div class=\"elementor-element elementor-element-13b59ca elementor-widget elementor-widget-image\" data-id=\"13b59ca\" data-element_type=\"widget\" data-widget_type=\"image.default\">\n\t\t\t\t<div class=\"elementor-widget-container\">\n\t\t\t\t\t\t\t\t\t\t\t\t<figure class=\"wp-caption\">\n\t\t\t\t\t\t\t\t\t\t\t<a href=\"https:\/\/www.fiskakallinn.is\/?page_id=5091\">\n\t\t\t\t\t\t\t<img width=\"1361\" height=\"964\" src=\"https:\/\/www.fiskakallinn.is\/wp-content\/uploads\/2022\/12\/zoo-box-bur-9.jpg\" class=\"attachment-full size-full\" alt=\"\" loading=\"lazy\" srcset=\"https:\/\/www.fiskakallinn.is\/wp-content\/uploads\/2022\/12\/zoo-box-bur-9.jpg 1361w, https:\/\/www.fiskakallinn.is\/wp-content\/uploads\/2022\/12\/zoo-box-bur-9-300x212.jpg 300w, https:\/\/www.fiskakallinn.is\/wp-content\/uploads\/2022\/12\/zoo-box-bur-9-1024x725.jpg 1024w, https:\/\/www.fiskakallinn.is\/wp-content\/uploads\/2022\/12\/zoo-box-bur-9-768x544.jpg 768w\" sizes=\"(max-width: 1361px) 100vw, 1361px\" \/>\t\t\t\t\t\t\t\t<\/a>\n\t\t\t\t\t\t\t\t\t\t\t<figcaption class=\"widget-image-caption wp-caption-text\"><\/figcaption>\n\t\t\t\t\t\t\t\t\t\t<\/figure>\n\t\t\t\t\t\t\t\t\t<\/div>\n\t\t\t\t<\/div>\n\t\t\t\t\t<\/div>\n\t\t<\/div>\n\t\t\t\t\t\t\t<\/div>\n\t\t<\/section>\n\t\t\t\t<section class=\"elementor-section elementor-top-section elementor-element elementor-element-534f770 elementor-section-boxed elementor-section-height-default elementor-section-height-default\" data-id=\"534f770\" data-element_type=\"section\">\n\t\t\t\t\t\t<div class=\"elementor-container elementor-column-gap-default\">\n\t\t\t\t\t<div class=\"elementor-column elementor-col-100 elementor-top-column elementor-element elementor-element-2d81a0d\" data-id=\"2d81a0d\" data-element_type=\"column\">\n\t\t\t<div class=\"elementor-widget-wrap elementor-element-populated\">\n\t\t\t\t\t\t\t\t<div class=\"elementor-element elementor-element-45c4b05 elementor-widget elementor-widget-text-editor\" data-id=\"45c4b05\" data-element_type=\"widget\" data-widget_type=\"text-editor.default\">\n\t\t\t\t<div class=\"elementor-widget-container\">\n\t\t\t\t\t\t\t<p style=\"text-align: center;\">Zoo box \u00ed \u00de\u00fdskalandi\u00a0<\/p>\t\t\t\t\t\t<\/div>\n\t\t\t\t<\/div>\n\t\t\t\t\t<\/div>\n\t\t<\/div>\n\t\t\t\t\t\t\t<\/div>\n\t\t<\/section>\n\t\t\t\t\t\t\t<\/div>\n\t\t","protected":false},"excerpt":{"rendered":"<p>H\u00e9r safna \u00e9g saman myndum og video af b\u00farum b\u00e6\u00f0i fr\u00e1 m\u00e9r og \u00f6\u00f0rum til a\u00f0 gefa \u00fe\u00e9r hugmyndir um uppsetningu af b\u00farum\u00a0 https:\/\/www.fiskakallinn.is\/wp-content\/uploads\/2021\/12\/Malawi-mbuna-2.mp4 Stutt myndband sem\u00a0 s\u00fdnir\u00a0 &#8222;mbuna&#8220; s\u00edkli\u00f0ur fr\u00e1 Malawi vatni sem er \u00ed Afr\u00edku.mbuna tegundir eigna s\u00e9r oft st\u00f3r sv\u00e6\u00f0i og er \u00fev\u00ed betra a\u00f0 vera me\u00f0 marga fiska svo enginn geti &hellip;<\/p>\n<p class=\"read-more\"> <a class=\"\" href=\"https:\/\/www.fiskakallinn.is\/?page_id=2510\"> <span class=\"screen-reader-text\">Uppsett b\u00far<\/span> Read More &raquo;<\/a><\/p>\n","protected":false},"author":2,"featured_media":0,"parent":0,"menu_order":0,"comment_status":"closed","ping_status":"closed","template":"","meta":{"sfsi_plus_gutenberg_text_before_share":"","sfsi_plus_gutenberg_show_text_before_share":"","sfsi_plus_gutenberg_icon_type":"","sfsi_plus_gutenberg_icon_alignemt":"","sfsi_plus_gutenburg_max_per_row":"","site-sidebar-layout":"no-sidebar","site-content-layout":"page-builder","ast-main-header-display":"","ast-hfb-above-header-display":"","ast-hfb-below-header-display":"","ast-hfb-mobile-header-display":"","site-post-title":"disabled","ast-breadcrumbs-content":"","ast-featured-img":"disabled","footer-sml-layout":"","theme-transparent-header-meta":"","adv-header-id-meta":"","stick-header-meta":"","header-above-stick-meta":"","header-main-stick-meta":"","header-below-stick-meta":""},"_links":{"self":[{"href":"https:\/\/www.fiskakallinn.is\/index.php?rest_route=\/wp\/v2\/pages\/2510"}],"collection":[{"href":"https:\/\/www.fiskakallinn.is\/index.php?rest_route=\/wp\/v2\/pages"}],"about":[{"href":"https:\/\/www.fiskakallinn.is\/index.php?rest_route=\/wp\/v2\/types\/page"}],"author":[{"embeddable":true,"href":"https:\/\/www.fiskakallinn.is\/index.php?rest_route=\/wp\/v2\/users\/2"}],"replies":[{"embeddable":true,"href":"https:\/\/www.fiskakallinn.is\/index.php?rest_route=%2Fwp%2Fv2%2Fcomments&post=2510"}],"version-history":[{"count":24,"href":"https:\/\/www.fiskakallinn.is\/index.php?rest_route=\/wp\/v2\/pages\/2510\/revisions"}],"predecessor-version":[{"id":5097,"href":"https:\/\/www.fiskakallinn.is\/index.php?rest_route=\/wp\/v2\/pages\/2510\/revisions\/5097"}],"wp:attachment":[{"href":"https:\/\/www.fiskakallinn.is\/index.php?rest_route=%2Fwp%2Fv2%2Fmedia&parent=2510"}],"curies":[{"name":"wp","href":"https:\/\/api.w.org\/{rel}","templated":true}]}}