{"id":2532,"date":"2021-08-06T22:38:54","date_gmt":"2021-08-06T22:38:54","guid":{"rendered":"https:\/\/www.fiskakallinn.is\/?page_id=2532"},"modified":"2021-09-26T12:47:46","modified_gmt":"2021-09-26T12:47:46","slug":"uppsett-bur-800-ltr-grindavik","status":"publish","type":"page","link":"https:\/\/www.fiskakallinn.is\/?page_id=2532","title":{"rendered":"uppsett b\u00far 800 ltr grindavik"},"content":{"rendered":"\t\t<div data-elementor-type=\"wp-page\" data-elementor-id=\"2532\" class=\"elementor elementor-2532\">\n\t\t\t\t\t\t\t\t\t<section class=\"elementor-section elementor-top-section elementor-element elementor-element-b7b127b elementor-section-boxed elementor-section-height-default elementor-section-height-default\" data-id=\"b7b127b\" data-element_type=\"section\">\n\t\t\t\t\t\t<div class=\"elementor-container elementor-column-gap-default\">\n\t\t\t\t\t<div class=\"elementor-column elementor-col-100 elementor-top-column elementor-element elementor-element-55bb126\" data-id=\"55bb126\" data-element_type=\"column\">\n\t\t\t<div class=\"elementor-widget-wrap elementor-element-populated\">\n\t\t\t\t\t\t\t\t<div class=\"elementor-element elementor-element-f38fd02 elementor-widget elementor-widget-text-editor\" data-id=\"f38fd02\" data-element_type=\"widget\" data-widget_type=\"text-editor.default\">\n\t\t\t\t<div class=\"elementor-widget-container\">\n\t\t\t\t\t\t\t<h2 style=\"text-align: center;\"><strong>800 ltr fiskab\u00far<\/strong><\/h2>\t\t\t\t\t\t<\/div>\n\t\t\t\t<\/div>\n\t\t\t\t\t<\/div>\n\t\t<\/div>\n\t\t\t\t\t\t\t<\/div>\n\t\t<\/section>\n\t\t\t\t<section class=\"elementor-section elementor-top-section elementor-element elementor-element-98e5ab3 elementor-section-boxed elementor-section-height-default elementor-section-height-default\" data-id=\"98e5ab3\" data-element_type=\"section\">\n\t\t\t\t\t\t<div class=\"elementor-container elementor-column-gap-default\">\n\t\t\t\t\t<div class=\"elementor-column elementor-col-100 elementor-top-column elementor-element elementor-element-81d6284\" data-id=\"81d6284\" data-element_type=\"column\">\n\t\t\t<div class=\"elementor-widget-wrap elementor-element-populated\">\n\t\t\t\t\t\t\t\t<div class=\"elementor-element elementor-element-ecdab5e elementor-widget elementor-widget-image\" data-id=\"ecdab5e\" data-element_type=\"widget\" data-widget_type=\"image.default\">\n\t\t\t\t<div class=\"elementor-widget-container\">\n\t\t\t\t\t\t\t\t\t\t\t\t\t\t\t<img width=\"1361\" height=\"964\" src=\"https:\/\/www.fiskakallinn.is\/wp-content\/uploads\/2021\/08\/800-4.jpg\" class=\"attachment-1536x1536 size-1536x1536\" alt=\"\" loading=\"lazy\" srcset=\"https:\/\/www.fiskakallinn.is\/wp-content\/uploads\/2021\/08\/800-4.jpg 1361w, https:\/\/www.fiskakallinn.is\/wp-content\/uploads\/2021\/08\/800-4-300x212.jpg 300w, https:\/\/www.fiskakallinn.is\/wp-content\/uploads\/2021\/08\/800-4-1024x725.jpg 1024w, https:\/\/www.fiskakallinn.is\/wp-content\/uploads\/2021\/08\/800-4-768x544.jpg 768w\" sizes=\"(max-width: 1361px) 100vw, 1361px\" \/>\t\t\t\t\t\t\t\t\t\t\t\t\t\t\t<\/div>\n\t\t\t\t<\/div>\n\t\t\t\t\t<\/div>\n\t\t<\/div>\n\t\t\t\t\t\t\t<\/div>\n\t\t<\/section>\n\t\t\t\t<section class=\"elementor-section elementor-top-section elementor-element elementor-element-b0f1022 elementor-section-boxed elementor-section-height-default elementor-section-height-default\" data-id=\"b0f1022\" data-element_type=\"section\">\n\t\t\t\t\t\t<div class=\"elementor-container elementor-column-gap-default\">\n\t\t\t\t\t<div class=\"elementor-column elementor-col-100 elementor-top-column elementor-element elementor-element-c2a4f30\" data-id=\"c2a4f30\" data-element_type=\"column\">\n\t\t\t<div class=\"elementor-widget-wrap elementor-element-populated\">\n\t\t\t\t\t\t\t\t<div class=\"elementor-element elementor-element-3903889 elementor-widget elementor-widget-text-editor\" data-id=\"3903889\" data-element_type=\"widget\" data-widget_type=\"text-editor.default\">\n\t\t\t\t<div class=\"elementor-widget-container\">\n\t\t\t\t\t\t\t<p style=\"text-align: center;\">G\u00f6mul uppsetning fr\u00e1 m\u00e9r, \u00e9g setti stein \u00fea\u00f0 st\u00f3ran ofan \u00ed \u00feetta 60 cm h\u00e1a b\u00far a\u00f0 hann st\u00f3\u00f0 upp\u00far en flottur er hann \u00fearna og gefur b\u00farinu aukna d\u00fdpt.<br \/>St\u00e6\u00f0ilegur Vieja h\u00e6ngur sem stj\u00f3rna\u00f0i b\u00farinu var um 30 cm<\/p>\t\t\t\t\t\t<\/div>\n\t\t\t\t<\/div>\n\t\t\t\t\t<\/div>\n\t\t<\/div>\n\t\t\t\t\t\t\t<\/div>\n\t\t<\/section>\n\t\t\t\t<section class=\"elementor-section elementor-top-section elementor-element elementor-element-1965d2e elementor-section-boxed elementor-section-height-default elementor-section-height-default\" data-id=\"1965d2e\" data-element_type=\"section\">\n\t\t\t\t\t\t<div class=\"elementor-container elementor-column-gap-default\">\n\t\t\t\t\t<div class=\"elementor-column elementor-col-100 elementor-top-column elementor-element elementor-element-818292e\" data-id=\"818292e\" data-element_type=\"column\">\n\t\t\t<div class=\"elementor-widget-wrap elementor-element-populated\">\n\t\t\t\t\t\t\t\t<div class=\"elementor-element elementor-element-ce1ea59 elementor-widget elementor-widget-image\" data-id=\"ce1ea59\" data-element_type=\"widget\" data-widget_type=\"image.default\">\n\t\t\t\t<div class=\"elementor-widget-container\">\n\t\t\t\t\t\t\t\t\t\t\t\t\t\t\t<img width=\"1361\" height=\"964\" src=\"https:\/\/www.fiskakallinn.is\/wp-content\/uploads\/2021\/08\/800-1.jpg\" class=\"attachment-1536x1536 size-1536x1536\" alt=\"\" loading=\"lazy\" srcset=\"https:\/\/www.fiskakallinn.is\/wp-content\/uploads\/2021\/08\/800-1.jpg 1361w, https:\/\/www.fiskakallinn.is\/wp-content\/uploads\/2021\/08\/800-1-300x212.jpg 300w, https:\/\/www.fiskakallinn.is\/wp-content\/uploads\/2021\/08\/800-1-1024x725.jpg 1024w, https:\/\/www.fiskakallinn.is\/wp-content\/uploads\/2021\/08\/800-1-768x544.jpg 768w\" sizes=\"(max-width: 1361px) 100vw, 1361px\" \/>\t\t\t\t\t\t\t\t\t\t\t\t\t\t\t<\/div>\n\t\t\t\t<\/div>\n\t\t\t\t\t<\/div>\n\t\t<\/div>\n\t\t\t\t\t\t\t<\/div>\n\t\t<\/section>\n\t\t\t\t<section class=\"elementor-section elementor-top-section elementor-element elementor-element-539f255 elementor-section-boxed elementor-section-height-default elementor-section-height-default\" data-id=\"539f255\" data-element_type=\"section\">\n\t\t\t\t\t\t<div class=\"elementor-container elementor-column-gap-default\">\n\t\t\t\t\t<div class=\"elementor-column elementor-col-100 elementor-top-column elementor-element elementor-element-2272f89\" data-id=\"2272f89\" data-element_type=\"column\">\n\t\t\t<div class=\"elementor-widget-wrap elementor-element-populated\">\n\t\t\t\t\t\t\t\t<div class=\"elementor-element elementor-element-15c5f6c elementor-widget elementor-widget-text-editor\" data-id=\"15c5f6c\" data-element_type=\"widget\" data-widget_type=\"text-editor.default\">\n\t\t\t\t<div class=\"elementor-widget-container\">\n\t\t\t\t\t\t\t<p style=\"text-align: center;\">P\u00fassningarsandur \u00e1 botninum \u00e1samt greinum ger\u00f0u b\u00fari\u00f0 skemmtilegt \u00fe\u00f3tt \u00feessar myndir s\u00e9u teknar \u00ed kring um vatnsskifti svo b\u00fari\u00f0 er h\u00e1lf sk\u00fdja\u00f0,\u00a0<br \/>Vieja maculicauda og til vinstri Jack Dempsey ( Rocio octofasciata )<br \/>\u00a0G\u00edraffa kattfiskur ( A. occidentalis ) \u00e1 mi\u00f0jum botni sem ver\u00f0ur um 70 cm langur og er ekki skynsamur kostur \u00ed fiskab\u00far \u00fe\u00f3tt \u00e9g hafi fengi\u00f0 nokkra gefins \u00ed gegn um \u00e1rin og hinir tveir kattfiskar eru Synodontis decorus<\/p>\t\t\t\t\t\t<\/div>\n\t\t\t\t<\/div>\n\t\t\t\t\t<\/div>\n\t\t<\/div>\n\t\t\t\t\t\t\t<\/div>\n\t\t<\/section>\n\t\t\t\t<section class=\"elementor-section elementor-top-section elementor-element elementor-element-97097c1 elementor-section-boxed elementor-section-height-default elementor-section-height-default\" data-id=\"97097c1\" data-element_type=\"section\">\n\t\t\t\t\t\t<div class=\"elementor-container elementor-column-gap-default\">\n\t\t\t\t\t<div class=\"elementor-column elementor-col-100 elementor-top-column elementor-element elementor-element-514f108\" data-id=\"514f108\" data-element_type=\"column\">\n\t\t\t<div class=\"elementor-widget-wrap elementor-element-populated\">\n\t\t\t\t\t\t\t\t<div class=\"elementor-element elementor-element-575b012 elementor-widget elementor-widget-image\" data-id=\"575b012\" data-element_type=\"widget\" data-widget_type=\"image.default\">\n\t\t\t\t<div class=\"elementor-widget-container\">\n\t\t\t\t\t\t\t\t\t\t\t\t\t\t\t<img width=\"1361\" height=\"964\" src=\"https:\/\/www.fiskakallinn.is\/wp-content\/uploads\/2021\/08\/800-3.jpg\" class=\"attachment-1536x1536 size-1536x1536\" alt=\"\" loading=\"lazy\" srcset=\"https:\/\/www.fiskakallinn.is\/wp-content\/uploads\/2021\/08\/800-3.jpg 1361w, https:\/\/www.fiskakallinn.is\/wp-content\/uploads\/2021\/08\/800-3-300x212.jpg 300w, https:\/\/www.fiskakallinn.is\/wp-content\/uploads\/2021\/08\/800-3-1024x725.jpg 1024w, https:\/\/www.fiskakallinn.is\/wp-content\/uploads\/2021\/08\/800-3-768x544.jpg 768w\" sizes=\"(max-width: 1361px) 100vw, 1361px\" \/>\t\t\t\t\t\t\t\t\t\t\t\t\t\t\t<\/div>\n\t\t\t\t<\/div>\n\t\t\t\t\t<\/div>\n\t\t<\/div>\n\t\t\t\t\t\t\t<\/div>\n\t\t<\/section>\n\t\t\t\t<section class=\"elementor-section elementor-top-section elementor-element elementor-element-8b7e397 elementor-section-boxed elementor-section-height-default elementor-section-height-default\" data-id=\"8b7e397\" data-element_type=\"section\">\n\t\t\t\t\t\t<div class=\"elementor-container elementor-column-gap-default\">\n\t\t\t\t\t<div class=\"elementor-column elementor-col-100 elementor-top-column elementor-element elementor-element-31454b5\" data-id=\"31454b5\" data-element_type=\"column\">\n\t\t\t<div class=\"elementor-widget-wrap elementor-element-populated\">\n\t\t\t\t\t\t\t\t<div class=\"elementor-element elementor-element-faf6e5f elementor-widget elementor-widget-text-editor\" data-id=\"faf6e5f\" data-element_type=\"widget\" data-widget_type=\"text-editor.default\">\n\t\t\t\t<div class=\"elementor-widget-container\">\n\t\t\t\t\t\t\t<p style=\"text-align: center;\">\u00deessar r\u00e6tur eru allar \u00edslenskar og fann \u00e9g \u00fe\u00e6r hinga\u00f0 og \u00feanga\u00f0, ef \u00e9g set \u00edslenskar r\u00e6tur \u00ed b\u00far \u00fe\u00e1 \u00feurfa \u00fe\u00e6r a\u00f0 vera b\u00fanar a\u00f0 liggja lengi \u00fati og missa b\u00f6rkin svo ekki s\u00e9 mikil h\u00e6tta \u00e1 a\u00f0 \u00fe\u00e6r s\u00e9u a\u00f0 missa einhver \u00f3\u00fearfa efni \u00fat \u00ed vatni\u00f0, en au\u00f0vita\u00f0 leysast \u00fe\u00e6r upp me\u00f0 t\u00ed\u00f0 og t\u00edma eins og a\u00f0rar r\u00e6tur og henta \u00fev\u00ed best \u00ed b\u00far me\u00f0 fiskum sem vilja m\u00fdkra vatn\u00a0<\/p>\t\t\t\t\t\t<\/div>\n\t\t\t\t<\/div>\n\t\t\t\t\t<\/div>\n\t\t<\/div>\n\t\t\t\t\t\t\t<\/div>\n\t\t<\/section>\n\t\t\t\t\t\t\t<\/div>\n\t\t","protected":false},"excerpt":{"rendered":"<p>800 ltr fiskab\u00far G\u00f6mul uppsetning fr\u00e1 m\u00e9r, \u00e9g setti stein \u00fea\u00f0 st\u00f3ran ofan \u00ed \u00feetta 60 cm h\u00e1a b\u00far a\u00f0 hann st\u00f3\u00f0 upp\u00far en flottur er hann \u00fearna og gefur b\u00farinu aukna d\u00fdpt.St\u00e6\u00f0ilegur Vieja h\u00e6ngur sem stj\u00f3rna\u00f0i b\u00farinu var um 30 cm P\u00fassningarsandur \u00e1 botninum \u00e1samt greinum ger\u00f0u b\u00fari\u00f0 skemmtilegt \u00fe\u00f3tt \u00feessar myndir s\u00e9u teknar &hellip;<\/p>\n<p class=\"read-more\"> <a class=\"\" href=\"https:\/\/www.fiskakallinn.is\/?page_id=2532\"> <span class=\"screen-reader-text\">uppsett b\u00far 800 ltr grindavik<\/span> Read More &raquo;<\/a><\/p>\n","protected":false},"author":2,"featured_media":0,"parent":0,"menu_order":0,"comment_status":"closed","ping_status":"closed","template":"","meta":{"sfsi_plus_gutenberg_text_before_share":"","sfsi_plus_gutenberg_show_text_before_share":"","sfsi_plus_gutenberg_icon_type":"","sfsi_plus_gutenberg_icon_alignemt":"","sfsi_plus_gutenburg_max_per_row":"","site-sidebar-layout":"no-sidebar","site-content-layout":"page-builder","ast-main-header-display":"","ast-hfb-above-header-display":"","ast-hfb-below-header-display":"","ast-hfb-mobile-header-display":"","site-post-title":"disabled","ast-breadcrumbs-content":"","ast-featured-img":"disabled","footer-sml-layout":"","theme-transparent-header-meta":"","adv-header-id-meta":"","stick-header-meta":"","header-above-stick-meta":"","header-main-stick-meta":"","header-below-stick-meta":""},"_links":{"self":[{"href":"https:\/\/www.fiskakallinn.is\/index.php?rest_route=\/wp\/v2\/pages\/2532"}],"collection":[{"href":"https:\/\/www.fiskakallinn.is\/index.php?rest_route=\/wp\/v2\/pages"}],"about":[{"href":"https:\/\/www.fiskakallinn.is\/index.php?rest_route=\/wp\/v2\/types\/page"}],"author":[{"embeddable":true,"href":"https:\/\/www.fiskakallinn.is\/index.php?rest_route=\/wp\/v2\/users\/2"}],"replies":[{"embeddable":true,"href":"https:\/\/www.fiskakallinn.is\/index.php?rest_route=%2Fwp%2Fv2%2Fcomments&post=2532"}],"version-history":[{"count":9,"href":"https:\/\/www.fiskakallinn.is\/index.php?rest_route=\/wp\/v2\/pages\/2532\/revisions"}],"predecessor-version":[{"id":3104,"href":"https:\/\/www.fiskakallinn.is\/index.php?rest_route=\/wp\/v2\/pages\/2532\/revisions\/3104"}],"wp:attachment":[{"href":"https:\/\/www.fiskakallinn.is\/index.php?rest_route=%2Fwp%2Fv2%2Fmedia&parent=2532"}],"curies":[{"name":"wp","href":"https:\/\/api.w.org\/{rel}","templated":true}]}}