{"id":2743,"date":"2021-09-13T12:30:16","date_gmt":"2021-09-13T12:30:16","guid":{"rendered":"https:\/\/www.fiskakallinn.is\/?page_id=2743"},"modified":"2021-09-13T12:44:23","modified_gmt":"2021-09-13T12:44:23","slug":"aulonocara-firefish-2","status":"publish","type":"page","link":"https:\/\/www.fiskakallinn.is\/?page_id=2743","title":{"rendered":"Aulonocara firefish"},"content":{"rendered":"\t\t<div data-elementor-type=\"wp-page\" data-elementor-id=\"2743\" class=\"elementor elementor-2743\">\n\t\t\t\t\t\t\t\t\t<section class=\"elementor-section elementor-top-section elementor-element elementor-element-0c50c55 elementor-section-boxed elementor-section-height-default elementor-section-height-default\" data-id=\"0c50c55\" data-element_type=\"section\">\n\t\t\t\t\t\t<div class=\"elementor-container elementor-column-gap-default\">\n\t\t\t\t\t<div class=\"elementor-column elementor-col-100 elementor-top-column elementor-element elementor-element-a862b59\" data-id=\"a862b59\" data-element_type=\"column\">\n\t\t\t<div class=\"elementor-widget-wrap elementor-element-populated\">\n\t\t\t\t\t\t\t\t<div class=\"elementor-element elementor-element-e3c3b08 elementor-widget elementor-widget-text-editor\" data-id=\"e3c3b08\" data-element_type=\"widget\" data-widget_type=\"text-editor.default\">\n\t\t\t\t<div class=\"elementor-widget-container\">\n\t\t\t\t\t\t\t<h2 style=\"text-align: center;\"><strong>Aulonocara firefish<\/strong><\/h2>\t\t\t\t\t\t<\/div>\n\t\t\t\t<\/div>\n\t\t\t\t\t<\/div>\n\t\t<\/div>\n\t\t\t\t\t\t\t<\/div>\n\t\t<\/section>\n\t\t\t\t<section class=\"elementor-section elementor-top-section elementor-element elementor-element-cb71eb0 elementor-section-boxed elementor-section-height-default elementor-section-height-default\" data-id=\"cb71eb0\" data-element_type=\"section\">\n\t\t\t\t\t\t<div class=\"elementor-container elementor-column-gap-default\">\n\t\t\t\t\t<div class=\"elementor-column elementor-col-100 elementor-top-column elementor-element elementor-element-1c4cd26\" data-id=\"1c4cd26\" data-element_type=\"column\">\n\t\t\t<div class=\"elementor-widget-wrap elementor-element-populated\">\n\t\t\t\t\t\t\t\t<div class=\"elementor-element elementor-element-d20922e elementor-widget elementor-widget-image\" data-id=\"d20922e\" data-element_type=\"widget\" data-widget_type=\"image.default\">\n\t\t\t\t<div class=\"elementor-widget-container\">\n\t\t\t\t\t\t\t\t\t\t\t\t\t\t\t<img width=\"1361\" height=\"964\" src=\"https:\/\/www.fiskakallinn.is\/wp-content\/uploads\/2021\/09\/Aulonocara-fire-2.jpg\" class=\"attachment-full size-full\" alt=\"\" loading=\"lazy\" srcset=\"https:\/\/www.fiskakallinn.is\/wp-content\/uploads\/2021\/09\/Aulonocara-fire-2.jpg 1361w, https:\/\/www.fiskakallinn.is\/wp-content\/uploads\/2021\/09\/Aulonocara-fire-2-300x212.jpg 300w, https:\/\/www.fiskakallinn.is\/wp-content\/uploads\/2021\/09\/Aulonocara-fire-2-1024x725.jpg 1024w, https:\/\/www.fiskakallinn.is\/wp-content\/uploads\/2021\/09\/Aulonocara-fire-2-768x544.jpg 768w\" sizes=\"(max-width: 1361px) 100vw, 1361px\" \/>\t\t\t\t\t\t\t\t\t\t\t\t\t\t\t<\/div>\n\t\t\t\t<\/div>\n\t\t\t\t\t<\/div>\n\t\t<\/div>\n\t\t\t\t\t\t\t<\/div>\n\t\t<\/section>\n\t\t\t\t<section class=\"elementor-section elementor-top-section elementor-element elementor-element-49901ef elementor-section-boxed elementor-section-height-default elementor-section-height-default\" data-id=\"49901ef\" data-element_type=\"section\">\n\t\t\t\t\t\t<div class=\"elementor-container elementor-column-gap-default\">\n\t\t\t\t\t<div class=\"elementor-column elementor-col-100 elementor-top-column elementor-element elementor-element-2fbc4c2\" data-id=\"2fbc4c2\" data-element_type=\"column\">\n\t\t\t<div class=\"elementor-widget-wrap elementor-element-populated\">\n\t\t\t\t\t\t\t\t<div class=\"elementor-element elementor-element-ef68e7f elementor-widget elementor-widget-text-editor\" data-id=\"ef68e7f\" data-element_type=\"widget\" data-widget_type=\"text-editor.default\">\n\t\t\t\t<div class=\"elementor-widget-container\">\n\t\t\t\t\t\t\t<p style=\"text-align: center;\">Aulonocara firefish er r\u00e6kta\u00f0ur fiskur og finnst ekki \u00ed n\u00e1tt\u00farunni og hefur \u00fev\u00ed ekkert lat\u00ednu heiti, \u00feeir ganga l\u00edka undir \u00f6\u00f0rum n\u00f6fnum eins og td. Dragon blood . \u00feessi flotti h\u00e6ngur var s\u00e1 eini af s\u00ednum br\u00e6\u00f0rum sem s\u00fdndi svona mikla rau\u00f0a og bleika liti\u00a0<\/p>\t\t\t\t\t\t<\/div>\n\t\t\t\t<\/div>\n\t\t\t\t\t<\/div>\n\t\t<\/div>\n\t\t\t\t\t\t\t<\/div>\n\t\t<\/section>\n\t\t\t\t<section class=\"elementor-section elementor-top-section elementor-element elementor-element-88cee2b elementor-section-boxed elementor-section-height-default elementor-section-height-default\" data-id=\"88cee2b\" data-element_type=\"section\">\n\t\t\t\t\t\t<div class=\"elementor-container elementor-column-gap-default\">\n\t\t\t\t\t<div class=\"elementor-column elementor-col-100 elementor-top-column elementor-element elementor-element-a643a66\" data-id=\"a643a66\" data-element_type=\"column\">\n\t\t\t<div class=\"elementor-widget-wrap elementor-element-populated\">\n\t\t\t\t\t\t\t\t<div class=\"elementor-element elementor-element-996fa29 elementor-widget elementor-widget-image\" data-id=\"996fa29\" data-element_type=\"widget\" data-widget_type=\"image.default\">\n\t\t\t\t<div class=\"elementor-widget-container\">\n\t\t\t\t\t\t\t\t\t\t\t\t\t\t\t<img width=\"1361\" height=\"964\" src=\"https:\/\/www.fiskakallinn.is\/wp-content\/uploads\/2021\/09\/Aulonocara-fire-5.jpg\" class=\"attachment-full size-full\" alt=\"\" loading=\"lazy\" srcset=\"https:\/\/www.fiskakallinn.is\/wp-content\/uploads\/2021\/09\/Aulonocara-fire-5.jpg 1361w, https:\/\/www.fiskakallinn.is\/wp-content\/uploads\/2021\/09\/Aulonocara-fire-5-300x212.jpg 300w, https:\/\/www.fiskakallinn.is\/wp-content\/uploads\/2021\/09\/Aulonocara-fire-5-1024x725.jpg 1024w, https:\/\/www.fiskakallinn.is\/wp-content\/uploads\/2021\/09\/Aulonocara-fire-5-768x544.jpg 768w\" sizes=\"(max-width: 1361px) 100vw, 1361px\" \/>\t\t\t\t\t\t\t\t\t\t\t\t\t\t\t<\/div>\n\t\t\t\t<\/div>\n\t\t\t\t\t<\/div>\n\t\t<\/div>\n\t\t\t\t\t\t\t<\/div>\n\t\t<\/section>\n\t\t\t\t<section class=\"elementor-section elementor-top-section elementor-element elementor-element-43c9fa4 elementor-section-boxed elementor-section-height-default elementor-section-height-default\" data-id=\"43c9fa4\" data-element_type=\"section\">\n\t\t\t\t\t\t<div class=\"elementor-container elementor-column-gap-default\">\n\t\t\t\t\t<div class=\"elementor-column elementor-col-100 elementor-top-column elementor-element elementor-element-195d9ce\" data-id=\"195d9ce\" data-element_type=\"column\">\n\t\t\t<div class=\"elementor-widget-wrap elementor-element-populated\">\n\t\t\t\t\t\t\t\t<div class=\"elementor-element elementor-element-91363dd elementor-widget elementor-widget-text-editor\" data-id=\"91363dd\" data-element_type=\"widget\" data-widget_type=\"text-editor.default\">\n\t\t\t\t<div class=\"elementor-widget-container\">\n\t\t\t\t\t\t\t<p style=\"text-align: center;\">\u00deessi h\u00e6ngur er br\u00f3\u00f0ir hans fyrir ofan og er \u00feetta liturinn sem flest allir br\u00e6\u00f0urnir s\u00fdndu meira gulir og appels\u00ednugulir en \u00fear sem \u00feetta er r\u00e6ktu\u00f0 tegund \u00fe\u00e1 geta litarafbrig\u00f0in veri\u00f0 \u00fdmiskonar\u00a0<\/p>\t\t\t\t\t\t<\/div>\n\t\t\t\t<\/div>\n\t\t\t\t\t<\/div>\n\t\t<\/div>\n\t\t\t\t\t\t\t<\/div>\n\t\t<\/section>\n\t\t\t\t<section class=\"elementor-section elementor-top-section elementor-element elementor-element-768da6b elementor-section-boxed elementor-section-height-default elementor-section-height-default\" data-id=\"768da6b\" data-element_type=\"section\">\n\t\t\t\t\t\t<div class=\"elementor-container elementor-column-gap-default\">\n\t\t\t\t\t<div class=\"elementor-column elementor-col-100 elementor-top-column elementor-element elementor-element-e40cde6\" data-id=\"e40cde6\" data-element_type=\"column\">\n\t\t\t<div class=\"elementor-widget-wrap elementor-element-populated\">\n\t\t\t\t\t\t\t\t<div class=\"elementor-element elementor-element-3c68678 elementor-widget elementor-widget-image\" data-id=\"3c68678\" data-element_type=\"widget\" data-widget_type=\"image.default\">\n\t\t\t\t<div class=\"elementor-widget-container\">\n\t\t\t\t\t\t\t\t\t\t\t\t\t\t\t<img width=\"1361\" height=\"964\" src=\"https:\/\/www.fiskakallinn.is\/wp-content\/uploads\/2021\/09\/Aulonocara-fire-6.jpg\" class=\"attachment-full size-full\" alt=\"\" loading=\"lazy\" srcset=\"https:\/\/www.fiskakallinn.is\/wp-content\/uploads\/2021\/09\/Aulonocara-fire-6.jpg 1361w, https:\/\/www.fiskakallinn.is\/wp-content\/uploads\/2021\/09\/Aulonocara-fire-6-300x212.jpg 300w, https:\/\/www.fiskakallinn.is\/wp-content\/uploads\/2021\/09\/Aulonocara-fire-6-1024x725.jpg 1024w, https:\/\/www.fiskakallinn.is\/wp-content\/uploads\/2021\/09\/Aulonocara-fire-6-768x544.jpg 768w\" sizes=\"(max-width: 1361px) 100vw, 1361px\" \/>\t\t\t\t\t\t\t\t\t\t\t\t\t\t\t<\/div>\n\t\t\t\t<\/div>\n\t\t\t\t\t<\/div>\n\t\t<\/div>\n\t\t\t\t\t\t\t<\/div>\n\t\t<\/section>\n\t\t\t\t<section class=\"elementor-section elementor-top-section elementor-element elementor-element-4cefc42 elementor-section-boxed elementor-section-height-default elementor-section-height-default\" data-id=\"4cefc42\" data-element_type=\"section\">\n\t\t\t\t\t\t<div class=\"elementor-container elementor-column-gap-default\">\n\t\t\t\t\t<div class=\"elementor-column elementor-col-100 elementor-top-column elementor-element elementor-element-32de9ac\" data-id=\"32de9ac\" data-element_type=\"column\">\n\t\t\t<div class=\"elementor-widget-wrap elementor-element-populated\">\n\t\t\t\t\t\t\t\t<div class=\"elementor-element elementor-element-847fb5b elementor-widget elementor-widget-text-editor\" data-id=\"847fb5b\" data-element_type=\"widget\" data-widget_type=\"text-editor.default\">\n\t\t\t\t<div class=\"elementor-widget-container\">\n\t\t\t\t\t\t\t<p style=\"text-align: center;\">\u00dea\u00f0 er erfitt a\u00f0 vita \u00feegar ma\u00f0ur kaupir ungfiska hvernig \u00feeir enda me\u00f0 a\u00f0 l\u00edta \u00fat \u00feegar tegundin hefur ekki \u00fer\u00f3ast \u00ed eins og gerist \u00ed n\u00e1tt\u00farunni\u00a0<\/p>\t\t\t\t\t\t<\/div>\n\t\t\t\t<\/div>\n\t\t\t\t\t<\/div>\n\t\t<\/div>\n\t\t\t\t\t\t\t<\/div>\n\t\t<\/section>\n\t\t\t\t<section class=\"elementor-section elementor-top-section elementor-element elementor-element-461cc1a elementor-section-boxed elementor-section-height-default elementor-section-height-default\" data-id=\"461cc1a\" data-element_type=\"section\">\n\t\t\t\t\t\t<div class=\"elementor-container elementor-column-gap-default\">\n\t\t\t\t\t<div class=\"elementor-column elementor-col-100 elementor-top-column elementor-element elementor-element-900ce66\" data-id=\"900ce66\" data-element_type=\"column\">\n\t\t\t<div class=\"elementor-widget-wrap elementor-element-populated\">\n\t\t\t\t\t\t\t\t<div class=\"elementor-element elementor-element-ef213fe elementor-widget elementor-widget-image\" data-id=\"ef213fe\" data-element_type=\"widget\" data-widget_type=\"image.default\">\n\t\t\t\t<div class=\"elementor-widget-container\">\n\t\t\t\t\t\t\t\t\t\t\t\t\t\t\t<img width=\"1361\" height=\"964\" src=\"https:\/\/www.fiskakallinn.is\/wp-content\/uploads\/2021\/09\/Aulonocara-fire-4.jpg\" class=\"attachment-full size-full\" alt=\"\" loading=\"lazy\" srcset=\"https:\/\/www.fiskakallinn.is\/wp-content\/uploads\/2021\/09\/Aulonocara-fire-4.jpg 1361w, https:\/\/www.fiskakallinn.is\/wp-content\/uploads\/2021\/09\/Aulonocara-fire-4-300x212.jpg 300w, https:\/\/www.fiskakallinn.is\/wp-content\/uploads\/2021\/09\/Aulonocara-fire-4-1024x725.jpg 1024w, https:\/\/www.fiskakallinn.is\/wp-content\/uploads\/2021\/09\/Aulonocara-fire-4-768x544.jpg 768w\" sizes=\"(max-width: 1361px) 100vw, 1361px\" \/>\t\t\t\t\t\t\t\t\t\t\t\t\t\t\t<\/div>\n\t\t\t\t<\/div>\n\t\t\t\t\t<\/div>\n\t\t<\/div>\n\t\t\t\t\t\t\t<\/div>\n\t\t<\/section>\n\t\t\t\t<section class=\"elementor-section elementor-top-section elementor-element elementor-element-6d4b282 elementor-section-boxed elementor-section-height-default elementor-section-height-default\" data-id=\"6d4b282\" data-element_type=\"section\">\n\t\t\t\t\t\t<div class=\"elementor-container elementor-column-gap-default\">\n\t\t\t\t\t<div class=\"elementor-column elementor-col-100 elementor-top-column elementor-element elementor-element-fe50574\" data-id=\"fe50574\" data-element_type=\"column\">\n\t\t\t<div class=\"elementor-widget-wrap elementor-element-populated\">\n\t\t\t\t\t\t\t\t<div class=\"elementor-element elementor-element-fb96677 elementor-widget elementor-widget-text-editor\" data-id=\"fb96677\" data-element_type=\"widget\" data-widget_type=\"text-editor.default\">\n\t\t\t\t<div class=\"elementor-widget-container\">\n\t\t\t\t\t\t\t<p style=\"text-align: center;\">\u00deessi ungfiskur er rau\u00f0ari og me\u00f0 anna\u00f0 munstur en ver\u00f0ur greimilega flottur me\u00f0 aldrinum fyrst litirnir eru or\u00f0nir svona sterkir \u00ed \u00feessri st\u00e6r\u00f0\u00a0<\/p>\t\t\t\t\t\t<\/div>\n\t\t\t\t<\/div>\n\t\t\t\t\t<\/div>\n\t\t<\/div>\n\t\t\t\t\t\t\t<\/div>\n\t\t<\/section>\n\t\t\t\t<section class=\"elementor-section elementor-top-section elementor-element elementor-element-be3eb0d elementor-section-boxed elementor-section-height-default elementor-section-height-default\" data-id=\"be3eb0d\" data-element_type=\"section\">\n\t\t\t\t\t\t<div class=\"elementor-container elementor-column-gap-default\">\n\t\t\t\t\t<div class=\"elementor-column elementor-col-100 elementor-top-column elementor-element elementor-element-fd0423a\" data-id=\"fd0423a\" data-element_type=\"column\">\n\t\t\t<div class=\"elementor-widget-wrap elementor-element-populated\">\n\t\t\t\t\t\t\t\t<div class=\"elementor-element elementor-element-15e3584 elementor-widget elementor-widget-image\" data-id=\"15e3584\" data-element_type=\"widget\" data-widget_type=\"image.default\">\n\t\t\t\t<div class=\"elementor-widget-container\">\n\t\t\t\t\t\t\t\t\t\t\t\t\t\t\t<img width=\"1361\" height=\"964\" src=\"https:\/\/www.fiskakallinn.is\/wp-content\/uploads\/2021\/09\/Aulonocara-fire-3.jpg\" class=\"attachment-full size-full\" alt=\"\" loading=\"lazy\" srcset=\"https:\/\/www.fiskakallinn.is\/wp-content\/uploads\/2021\/09\/Aulonocara-fire-3.jpg 1361w, https:\/\/www.fiskakallinn.is\/wp-content\/uploads\/2021\/09\/Aulonocara-fire-3-300x212.jpg 300w, https:\/\/www.fiskakallinn.is\/wp-content\/uploads\/2021\/09\/Aulonocara-fire-3-1024x725.jpg 1024w, https:\/\/www.fiskakallinn.is\/wp-content\/uploads\/2021\/09\/Aulonocara-fire-3-768x544.jpg 768w\" sizes=\"(max-width: 1361px) 100vw, 1361px\" \/>\t\t\t\t\t\t\t\t\t\t\t\t\t\t\t<\/div>\n\t\t\t\t<\/div>\n\t\t\t\t\t<\/div>\n\t\t<\/div>\n\t\t\t\t\t\t\t<\/div>\n\t\t<\/section>\n\t\t\t\t<section class=\"elementor-section elementor-top-section elementor-element elementor-element-b7e74a4 elementor-section-boxed elementor-section-height-default elementor-section-height-default\" data-id=\"b7e74a4\" data-element_type=\"section\">\n\t\t\t\t\t\t<div class=\"elementor-container elementor-column-gap-default\">\n\t\t\t\t\t<div class=\"elementor-column elementor-col-100 elementor-top-column elementor-element elementor-element-e3b2995\" data-id=\"e3b2995\" data-element_type=\"column\">\n\t\t\t<div class=\"elementor-widget-wrap elementor-element-populated\">\n\t\t\t\t\t\t\t\t<div class=\"elementor-element elementor-element-a1dd75e elementor-widget elementor-widget-text-editor\" data-id=\"a1dd75e\" data-element_type=\"widget\" data-widget_type=\"text-editor.default\">\n\t\t\t\t<div class=\"elementor-widget-container\">\n\t\t\t\t\t\t\t<p style=\"text-align: center;\">Hrygnan er eins og a\u00f0rar hrygnur \u00ed Aulonocara frekar litlaus og me\u00f0 r\u00fana\u00f0a ugga, og eins og sj\u00e1 m\u00e1 er h\u00fan me\u00f0 fullan munn af hrognum sem sj\u00e1st \u00fearna \u00ed gegn um t\u00e1lknlokin sem eru frekar gegns\u00e6, oftast er \u00fea\u00f0 bungan fyrir ne\u00f0an munninn sem er v\u00edsbending um a\u00f0 hrygna s\u00e9 me\u00f0 hrogn e\u00f0a sei\u00f0i.<\/p>\t\t\t\t\t\t<\/div>\n\t\t\t\t<\/div>\n\t\t\t\t\t<\/div>\n\t\t<\/div>\n\t\t\t\t\t\t\t<\/div>\n\t\t<\/section>\n\t\t\t\t\t\t\t<\/div>\n\t\t","protected":false},"excerpt":{"rendered":"<p>Aulonocara firefish Aulonocara firefish er r\u00e6kta\u00f0ur fiskur og finnst ekki \u00ed n\u00e1tt\u00farunni og hefur \u00fev\u00ed ekkert lat\u00ednu heiti, \u00feeir ganga l\u00edka undir \u00f6\u00f0rum n\u00f6fnum eins og td. Dragon blood . \u00feessi flotti h\u00e6ngur var s\u00e1 eini af s\u00ednum br\u00e6\u00f0rum sem s\u00fdndi svona mikla rau\u00f0a og bleika liti\u00a0 \u00deessi h\u00e6ngur er br\u00f3\u00f0ir hans fyrir ofan og &hellip;<\/p>\n<p class=\"read-more\"> <a class=\"\" href=\"https:\/\/www.fiskakallinn.is\/?page_id=2743\"> <span class=\"screen-reader-text\">Aulonocara firefish<\/span> Read More &raquo;<\/a><\/p>\n","protected":false},"author":2,"featured_media":0,"parent":0,"menu_order":0,"comment_status":"closed","ping_status":"closed","template":"","meta":{"sfsi_plus_gutenberg_text_before_share":"","sfsi_plus_gutenberg_show_text_before_share":"","sfsi_plus_gutenberg_icon_type":"","sfsi_plus_gutenberg_icon_alignemt":"","sfsi_plus_gutenburg_max_per_row":"","site-sidebar-layout":"no-sidebar","site-content-layout":"page-builder","ast-main-header-display":"","ast-hfb-above-header-display":"","ast-hfb-below-header-display":"","ast-hfb-mobile-header-display":"","site-post-title":"disabled","ast-breadcrumbs-content":"","ast-featured-img":"disabled","footer-sml-layout":"","theme-transparent-header-meta":"","adv-header-id-meta":"","stick-header-meta":"","header-above-stick-meta":"","header-main-stick-meta":"","header-below-stick-meta":""},"_links":{"self":[{"href":"https:\/\/www.fiskakallinn.is\/index.php?rest_route=\/wp\/v2\/pages\/2743"}],"collection":[{"href":"https:\/\/www.fiskakallinn.is\/index.php?rest_route=\/wp\/v2\/pages"}],"about":[{"href":"https:\/\/www.fiskakallinn.is\/index.php?rest_route=\/wp\/v2\/types\/page"}],"author":[{"embeddable":true,"href":"https:\/\/www.fiskakallinn.is\/index.php?rest_route=\/wp\/v2\/users\/2"}],"replies":[{"embeddable":true,"href":"https:\/\/www.fiskakallinn.is\/index.php?rest_route=%2Fwp%2Fv2%2Fcomments&post=2743"}],"version-history":[{"count":3,"href":"https:\/\/www.fiskakallinn.is\/index.php?rest_route=\/wp\/v2\/pages\/2743\/revisions"}],"predecessor-version":[{"id":2752,"href":"https:\/\/www.fiskakallinn.is\/index.php?rest_route=\/wp\/v2\/pages\/2743\/revisions\/2752"}],"wp:attachment":[{"href":"https:\/\/www.fiskakallinn.is\/index.php?rest_route=%2Fwp%2Fv2%2Fmedia&parent=2743"}],"curies":[{"name":"wp","href":"https:\/\/api.w.org\/{rel}","templated":true}]}}