{"id":2857,"date":"2021-09-24T16:26:13","date_gmt":"2021-09-24T16:26:13","guid":{"rendered":"https:\/\/www.fiskakallinn.is\/?page_id=2857"},"modified":"2021-09-24T16:33:40","modified_gmt":"2021-09-24T16:33:40","slug":"dimidochromis-compressiceps","status":"publish","type":"page","link":"https:\/\/www.fiskakallinn.is\/?page_id=2857","title":{"rendered":"Dimidochromis compressiceps"},"content":{"rendered":"\t\t<div data-elementor-type=\"wp-page\" data-elementor-id=\"2857\" class=\"elementor elementor-2857\">\n\t\t\t\t\t\t\t\t\t<section class=\"elementor-section elementor-top-section elementor-element elementor-element-868f38e elementor-section-boxed elementor-section-height-default elementor-section-height-default\" data-id=\"868f38e\" data-element_type=\"section\">\n\t\t\t\t\t\t<div class=\"elementor-container elementor-column-gap-default\">\n\t\t\t\t\t<div class=\"elementor-column elementor-col-100 elementor-top-column elementor-element elementor-element-cfd0ed7\" data-id=\"cfd0ed7\" data-element_type=\"column\">\n\t\t\t<div class=\"elementor-widget-wrap elementor-element-populated\">\n\t\t\t\t\t\t\t\t<div class=\"elementor-element elementor-element-48edc36 elementor-widget elementor-widget-text-editor\" data-id=\"48edc36\" data-element_type=\"widget\" data-widget_type=\"text-editor.default\">\n\t\t\t\t<div class=\"elementor-widget-container\">\n\t\t\t\t\t\t\t<h2 style=\"text-align: center;\"><strong>Dimidochromis compressiceps<\/strong><\/h2>\t\t\t\t\t\t<\/div>\n\t\t\t\t<\/div>\n\t\t\t\t\t<\/div>\n\t\t<\/div>\n\t\t\t\t\t\t\t<\/div>\n\t\t<\/section>\n\t\t\t\t<section class=\"elementor-section elementor-top-section elementor-element elementor-element-890ac18 elementor-section-boxed elementor-section-height-default elementor-section-height-default\" data-id=\"890ac18\" data-element_type=\"section\">\n\t\t\t\t\t\t<div class=\"elementor-container elementor-column-gap-default\">\n\t\t\t\t\t<div class=\"elementor-column elementor-col-100 elementor-top-column elementor-element elementor-element-4c4d681\" data-id=\"4c4d681\" data-element_type=\"column\">\n\t\t\t<div class=\"elementor-widget-wrap elementor-element-populated\">\n\t\t\t\t\t\t\t\t<div class=\"elementor-element elementor-element-85c6871 elementor-widget elementor-widget-image\" data-id=\"85c6871\" data-element_type=\"widget\" data-widget_type=\"image.default\">\n\t\t\t\t<div class=\"elementor-widget-container\">\n\t\t\t\t\t\t\t\t\t\t\t\t\t\t\t<img width=\"1361\" height=\"964\" src=\"https:\/\/www.fiskakallinn.is\/wp-content\/uploads\/2021\/09\/Dimidochromis-compressiceps-1.jpg\" class=\"attachment-full size-full\" alt=\"\" loading=\"lazy\" srcset=\"https:\/\/www.fiskakallinn.is\/wp-content\/uploads\/2021\/09\/Dimidochromis-compressiceps-1.jpg 1361w, https:\/\/www.fiskakallinn.is\/wp-content\/uploads\/2021\/09\/Dimidochromis-compressiceps-1-300x212.jpg 300w, https:\/\/www.fiskakallinn.is\/wp-content\/uploads\/2021\/09\/Dimidochromis-compressiceps-1-1024x725.jpg 1024w, https:\/\/www.fiskakallinn.is\/wp-content\/uploads\/2021\/09\/Dimidochromis-compressiceps-1-768x544.jpg 768w\" sizes=\"(max-width: 1361px) 100vw, 1361px\" \/>\t\t\t\t\t\t\t\t\t\t\t\t\t\t\t<\/div>\n\t\t\t\t<\/div>\n\t\t\t\t\t<\/div>\n\t\t<\/div>\n\t\t\t\t\t\t\t<\/div>\n\t\t<\/section>\n\t\t\t\t<section class=\"elementor-section elementor-top-section elementor-element elementor-element-ec25785 elementor-section-boxed elementor-section-height-default elementor-section-height-default\" data-id=\"ec25785\" data-element_type=\"section\">\n\t\t\t\t\t\t<div class=\"elementor-container elementor-column-gap-default\">\n\t\t\t\t\t<div class=\"elementor-column elementor-col-100 elementor-top-column elementor-element elementor-element-727c29a\" data-id=\"727c29a\" data-element_type=\"column\">\n\t\t\t<div class=\"elementor-widget-wrap elementor-element-populated\">\n\t\t\t\t\t\t\t\t<div class=\"elementor-element elementor-element-2997b80 elementor-widget elementor-widget-text-editor\" data-id=\"2997b80\" data-element_type=\"widget\" data-widget_type=\"text-editor.default\">\n\t\t\t\t<div class=\"elementor-widget-container\">\n\t\t\t\t\t\t\t<p style=\"text-align: center;\">H\u00e6ngurinn er bl\u00e1r me\u00f0 rautt \u00ed uggum og eins og hrygnan me\u00f0 \u00f6\u00f0ruv\u00edsi h\u00f6fu\u00f0lag en flestar s\u00edkli\u00f0ur<\/p>\t\t\t\t\t\t<\/div>\n\t\t\t\t<\/div>\n\t\t\t\t\t<\/div>\n\t\t<\/div>\n\t\t\t\t\t\t\t<\/div>\n\t\t<\/section>\n\t\t\t\t<section class=\"elementor-section elementor-top-section elementor-element elementor-element-f57070d elementor-section-boxed elementor-section-height-default elementor-section-height-default\" data-id=\"f57070d\" data-element_type=\"section\">\n\t\t\t\t\t\t<div class=\"elementor-container elementor-column-gap-default\">\n\t\t\t\t\t<div class=\"elementor-column elementor-col-100 elementor-top-column elementor-element elementor-element-35b0e16\" data-id=\"35b0e16\" data-element_type=\"column\">\n\t\t\t<div class=\"elementor-widget-wrap elementor-element-populated\">\n\t\t\t\t\t\t\t\t<div class=\"elementor-element elementor-element-a754508 elementor-widget elementor-widget-image\" data-id=\"a754508\" data-element_type=\"widget\" data-widget_type=\"image.default\">\n\t\t\t\t<div class=\"elementor-widget-container\">\n\t\t\t\t\t\t\t\t\t\t\t\t\t\t\t<img width=\"1361\" height=\"964\" src=\"https:\/\/www.fiskakallinn.is\/wp-content\/uploads\/2021\/09\/Dimidochromis-compressiceps-3.jpg\" class=\"attachment-full size-full\" alt=\"\" loading=\"lazy\" srcset=\"https:\/\/www.fiskakallinn.is\/wp-content\/uploads\/2021\/09\/Dimidochromis-compressiceps-3.jpg 1361w, https:\/\/www.fiskakallinn.is\/wp-content\/uploads\/2021\/09\/Dimidochromis-compressiceps-3-300x212.jpg 300w, https:\/\/www.fiskakallinn.is\/wp-content\/uploads\/2021\/09\/Dimidochromis-compressiceps-3-1024x725.jpg 1024w, https:\/\/www.fiskakallinn.is\/wp-content\/uploads\/2021\/09\/Dimidochromis-compressiceps-3-768x544.jpg 768w\" sizes=\"(max-width: 1361px) 100vw, 1361px\" \/>\t\t\t\t\t\t\t\t\t\t\t\t\t\t\t<\/div>\n\t\t\t\t<\/div>\n\t\t\t\t\t<\/div>\n\t\t<\/div>\n\t\t\t\t\t\t\t<\/div>\n\t\t<\/section>\n\t\t\t\t<section class=\"elementor-section elementor-top-section elementor-element elementor-element-2009cfc elementor-section-boxed elementor-section-height-default elementor-section-height-default\" data-id=\"2009cfc\" data-element_type=\"section\">\n\t\t\t\t\t\t<div class=\"elementor-container elementor-column-gap-default\">\n\t\t\t\t\t<div class=\"elementor-column elementor-col-100 elementor-top-column elementor-element elementor-element-071a442\" data-id=\"071a442\" data-element_type=\"column\">\n\t\t\t<div class=\"elementor-widget-wrap elementor-element-populated\">\n\t\t\t\t\t\t\t\t<div class=\"elementor-element elementor-element-d3cf15f elementor-widget elementor-widget-text-editor\" data-id=\"d3cf15f\" data-element_type=\"widget\" data-widget_type=\"text-editor.default\">\n\t\t\t\t<div class=\"elementor-widget-container\">\n\t\t\t\t\t\t\t<p style=\"text-align: center;\">Hrygnan eins og sei\u00f0i og ungfiskar, er br\u00fanleit en me\u00f0 d\u00f6kkar r\u00e1kir\u00a0<\/p>\t\t\t\t\t\t<\/div>\n\t\t\t\t<\/div>\n\t\t\t\t\t<\/div>\n\t\t<\/div>\n\t\t\t\t\t\t\t<\/div>\n\t\t<\/section>\n\t\t\t\t<section class=\"elementor-section elementor-top-section elementor-element elementor-element-eda3d59 elementor-section-boxed elementor-section-height-default elementor-section-height-default\" data-id=\"eda3d59\" data-element_type=\"section\">\n\t\t\t\t\t\t<div class=\"elementor-container elementor-column-gap-default\">\n\t\t\t\t\t<div class=\"elementor-column elementor-col-100 elementor-top-column elementor-element elementor-element-f9e8c62\" data-id=\"f9e8c62\" data-element_type=\"column\">\n\t\t\t<div class=\"elementor-widget-wrap elementor-element-populated\">\n\t\t\t\t\t\t\t\t<div class=\"elementor-element elementor-element-a973fb9 elementor-widget elementor-widget-image\" data-id=\"a973fb9\" data-element_type=\"widget\" data-widget_type=\"image.default\">\n\t\t\t\t<div class=\"elementor-widget-container\">\n\t\t\t\t\t\t\t\t\t\t\t\t\t\t\t<img width=\"1361\" height=\"964\" src=\"https:\/\/www.fiskakallinn.is\/wp-content\/uploads\/2021\/09\/Dimidochromis-compressiceps-2.jpg\" class=\"attachment-full size-full\" alt=\"\" loading=\"lazy\" srcset=\"https:\/\/www.fiskakallinn.is\/wp-content\/uploads\/2021\/09\/Dimidochromis-compressiceps-2.jpg 1361w, https:\/\/www.fiskakallinn.is\/wp-content\/uploads\/2021\/09\/Dimidochromis-compressiceps-2-300x212.jpg 300w, https:\/\/www.fiskakallinn.is\/wp-content\/uploads\/2021\/09\/Dimidochromis-compressiceps-2-1024x725.jpg 1024w, https:\/\/www.fiskakallinn.is\/wp-content\/uploads\/2021\/09\/Dimidochromis-compressiceps-2-768x544.jpg 768w\" sizes=\"(max-width: 1361px) 100vw, 1361px\" \/>\t\t\t\t\t\t\t\t\t\t\t\t\t\t\t<\/div>\n\t\t\t\t<\/div>\n\t\t\t\t\t<\/div>\n\t\t<\/div>\n\t\t\t\t\t\t\t<\/div>\n\t\t<\/section>\n\t\t\t\t<section class=\"elementor-section elementor-top-section elementor-element elementor-element-20ec446 elementor-section-boxed elementor-section-height-default elementor-section-height-default\" data-id=\"20ec446\" data-element_type=\"section\">\n\t\t\t\t\t\t<div class=\"elementor-container elementor-column-gap-default\">\n\t\t\t\t\t<div class=\"elementor-column elementor-col-100 elementor-top-column elementor-element elementor-element-d163e81\" data-id=\"d163e81\" data-element_type=\"column\">\n\t\t\t<div class=\"elementor-widget-wrap elementor-element-populated\">\n\t\t\t\t\t\t\t\t<div class=\"elementor-element elementor-element-f9d1101 elementor-widget elementor-widget-text-editor\" data-id=\"f9d1101\" data-element_type=\"widget\" data-widget_type=\"text-editor.default\">\n\t\t\t\t<div class=\"elementor-widget-container\">\n\t\t\t\t\t\t\t<p style=\"text-align: center;\">\u00deessi tegund er mj\u00f6g g\u00f3\u00f0 \u00ed \u00fev\u00ed a\u00f0 n\u00e1 minni fiskum og \u00e9ta \u00fe\u00e1 me\u00f0 s\u00ednum st\u00f3ra munn og \u00fe\u00ed\u00f0ir l\u00edti\u00f0 sem ekkert a\u00f0 vera me\u00f0 sei\u00f0i e\u00f0a litlar s\u00edkli\u00f0ur me\u00f0 \u00feeim\u00a0<br \/>H\u00e6ngurinn ver\u00f0ur um 20 cm en hrygnan a\u00f0eins minni\u00a0<\/p>\t\t\t\t\t\t<\/div>\n\t\t\t\t<\/div>\n\t\t\t\t\t<\/div>\n\t\t<\/div>\n\t\t\t\t\t\t\t<\/div>\n\t\t<\/section>\n\t\t\t\t\t\t\t<\/div>\n\t\t","protected":false},"excerpt":{"rendered":"<p>Dimidochromis compressiceps H\u00e6ngurinn er bl\u00e1r me\u00f0 rautt \u00ed uggum og eins og hrygnan me\u00f0 \u00f6\u00f0ruv\u00edsi h\u00f6fu\u00f0lag en flestar s\u00edkli\u00f0ur Hrygnan eins og sei\u00f0i og ungfiskar, er br\u00fanleit en me\u00f0 d\u00f6kkar r\u00e1kir\u00a0 \u00deessi tegund er mj\u00f6g g\u00f3\u00f0 \u00ed \u00fev\u00ed a\u00f0 n\u00e1 minni fiskum og \u00e9ta \u00fe\u00e1 me\u00f0 s\u00ednum st\u00f3ra munn og \u00fe\u00ed\u00f0ir l\u00edti\u00f0 sem ekkert a\u00f0 &hellip;<\/p>\n<p class=\"read-more\"> <a class=\"\" href=\"https:\/\/www.fiskakallinn.is\/?page_id=2857\"> <span class=\"screen-reader-text\">Dimidochromis compressiceps<\/span> Read More &raquo;<\/a><\/p>\n","protected":false},"author":2,"featured_media":0,"parent":0,"menu_order":0,"comment_status":"closed","ping_status":"closed","template":"","meta":{"sfsi_plus_gutenberg_text_before_share":"","sfsi_plus_gutenberg_show_text_before_share":"","sfsi_plus_gutenberg_icon_type":"","sfsi_plus_gutenberg_icon_alignemt":"","sfsi_plus_gutenburg_max_per_row":"","site-sidebar-layout":"no-sidebar","site-content-layout":"page-builder","ast-main-header-display":"","ast-hfb-above-header-display":"","ast-hfb-below-header-display":"","ast-hfb-mobile-header-display":"","site-post-title":"disabled","ast-breadcrumbs-content":"","ast-featured-img":"disabled","footer-sml-layout":"","theme-transparent-header-meta":"","adv-header-id-meta":"","stick-header-meta":"","header-above-stick-meta":"","header-main-stick-meta":"","header-below-stick-meta":""},"_links":{"self":[{"href":"https:\/\/www.fiskakallinn.is\/index.php?rest_route=\/wp\/v2\/pages\/2857"}],"collection":[{"href":"https:\/\/www.fiskakallinn.is\/index.php?rest_route=\/wp\/v2\/pages"}],"about":[{"href":"https:\/\/www.fiskakallinn.is\/index.php?rest_route=\/wp\/v2\/types\/page"}],"author":[{"embeddable":true,"href":"https:\/\/www.fiskakallinn.is\/index.php?rest_route=\/wp\/v2\/users\/2"}],"replies":[{"embeddable":true,"href":"https:\/\/www.fiskakallinn.is\/index.php?rest_route=%2Fwp%2Fv2%2Fcomments&post=2857"}],"version-history":[{"count":3,"href":"https:\/\/www.fiskakallinn.is\/index.php?rest_route=\/wp\/v2\/pages\/2857\/revisions"}],"predecessor-version":[{"id":2863,"href":"https:\/\/www.fiskakallinn.is\/index.php?rest_route=\/wp\/v2\/pages\/2857\/revisions\/2863"}],"wp:attachment":[{"href":"https:\/\/www.fiskakallinn.is\/index.php?rest_route=%2Fwp%2Fv2%2Fmedia&parent=2857"}],"curies":[{"name":"wp","href":"https:\/\/api.w.org\/{rel}","templated":true}]}}