{"id":2906,"date":"2021-09-25T17:35:43","date_gmt":"2021-09-25T17:35:43","guid":{"rendered":"https:\/\/www.fiskakallinn.is\/?page_id=2906"},"modified":"2021-09-25T17:36:08","modified_gmt":"2021-09-25T17:36:08","slug":"nimbochromis-fuscotaeniatus","status":"publish","type":"page","link":"https:\/\/www.fiskakallinn.is\/?page_id=2906","title":{"rendered":"Nimbochromis fuscotaeniatus"},"content":{"rendered":"\t\t<div data-elementor-type=\"wp-page\" data-elementor-id=\"2906\" class=\"elementor elementor-2906\">\n\t\t\t\t\t\t\t\t\t<section class=\"elementor-section elementor-top-section elementor-element elementor-element-11837e3 elementor-section-boxed elementor-section-height-default elementor-section-height-default\" data-id=\"11837e3\" data-element_type=\"section\">\n\t\t\t\t\t\t<div class=\"elementor-container elementor-column-gap-default\">\n\t\t\t\t\t<div class=\"elementor-column elementor-col-100 elementor-top-column elementor-element elementor-element-be1451e\" data-id=\"be1451e\" data-element_type=\"column\">\n\t\t\t<div class=\"elementor-widget-wrap elementor-element-populated\">\n\t\t\t\t\t\t\t\t<div class=\"elementor-element elementor-element-ed1c528 elementor-widget elementor-widget-text-editor\" data-id=\"ed1c528\" data-element_type=\"widget\" data-widget_type=\"text-editor.default\">\n\t\t\t\t<div class=\"elementor-widget-container\">\n\t\t\t\t\t\t\t<h2 style=\"text-align: center;\"><strong>Nimbochromis fuscotaeniatus<\/strong><\/h2>\t\t\t\t\t\t<\/div>\n\t\t\t\t<\/div>\n\t\t\t\t\t<\/div>\n\t\t<\/div>\n\t\t\t\t\t\t\t<\/div>\n\t\t<\/section>\n\t\t\t\t<section class=\"elementor-section elementor-top-section elementor-element elementor-element-a0fbcd7 elementor-section-boxed elementor-section-height-default elementor-section-height-default\" data-id=\"a0fbcd7\" data-element_type=\"section\">\n\t\t\t\t\t\t<div class=\"elementor-container elementor-column-gap-default\">\n\t\t\t\t\t<div class=\"elementor-column elementor-col-100 elementor-top-column elementor-element elementor-element-261774c\" data-id=\"261774c\" data-element_type=\"column\">\n\t\t\t<div class=\"elementor-widget-wrap elementor-element-populated\">\n\t\t\t\t\t\t\t\t<div class=\"elementor-element elementor-element-dae073c elementor-widget elementor-widget-image\" data-id=\"dae073c\" data-element_type=\"widget\" data-widget_type=\"image.default\">\n\t\t\t\t<div class=\"elementor-widget-container\">\n\t\t\t\t\t\t\t\t\t\t\t\t\t\t\t<img width=\"1361\" height=\"964\" src=\"https:\/\/www.fiskakallinn.is\/wp-content\/uploads\/2021\/09\/nimbochromis-fuscotaeniatus-2.jpg\" class=\"attachment-full size-full\" alt=\"\" loading=\"lazy\" srcset=\"https:\/\/www.fiskakallinn.is\/wp-content\/uploads\/2021\/09\/nimbochromis-fuscotaeniatus-2.jpg 1361w, https:\/\/www.fiskakallinn.is\/wp-content\/uploads\/2021\/09\/nimbochromis-fuscotaeniatus-2-300x212.jpg 300w, https:\/\/www.fiskakallinn.is\/wp-content\/uploads\/2021\/09\/nimbochromis-fuscotaeniatus-2-1024x725.jpg 1024w, https:\/\/www.fiskakallinn.is\/wp-content\/uploads\/2021\/09\/nimbochromis-fuscotaeniatus-2-768x544.jpg 768w\" sizes=\"(max-width: 1361px) 100vw, 1361px\" \/>\t\t\t\t\t\t\t\t\t\t\t\t\t\t\t<\/div>\n\t\t\t\t<\/div>\n\t\t\t\t\t<\/div>\n\t\t<\/div>\n\t\t\t\t\t\t\t<\/div>\n\t\t<\/section>\n\t\t\t\t<section class=\"elementor-section elementor-top-section elementor-element elementor-element-1db4c53 elementor-section-boxed elementor-section-height-default elementor-section-height-default\" data-id=\"1db4c53\" data-element_type=\"section\">\n\t\t\t\t\t\t<div class=\"elementor-container elementor-column-gap-default\">\n\t\t\t\t\t<div class=\"elementor-column elementor-col-100 elementor-top-column elementor-element elementor-element-a4b0893\" data-id=\"a4b0893\" data-element_type=\"column\">\n\t\t\t<div class=\"elementor-widget-wrap elementor-element-populated\">\n\t\t\t\t\t\t\t\t<div class=\"elementor-element elementor-element-a324909 elementor-widget elementor-widget-text-editor\" data-id=\"a324909\" data-element_type=\"widget\" data-widget_type=\"text-editor.default\">\n\t\t\t\t<div class=\"elementor-widget-container\">\n\t\t\t\t\t\t\t<p style=\"text-align: center;\">H\u00e6ngurinn er flottur en \u00e9g \u00e1 enga mynd af hrygnu sem er br\u00fanleit\u00a0<\/p>\t\t\t\t\t\t<\/div>\n\t\t\t\t<\/div>\n\t\t\t\t\t<\/div>\n\t\t<\/div>\n\t\t\t\t\t\t\t<\/div>\n\t\t<\/section>\n\t\t\t\t<section class=\"elementor-section elementor-top-section elementor-element elementor-element-7b58738 elementor-section-boxed elementor-section-height-default elementor-section-height-default\" data-id=\"7b58738\" data-element_type=\"section\">\n\t\t\t\t\t\t<div class=\"elementor-container elementor-column-gap-default\">\n\t\t\t\t\t<div class=\"elementor-column elementor-col-100 elementor-top-column elementor-element elementor-element-5455c91\" data-id=\"5455c91\" data-element_type=\"column\">\n\t\t\t<div class=\"elementor-widget-wrap elementor-element-populated\">\n\t\t\t\t\t\t\t\t<div class=\"elementor-element elementor-element-21f2778 elementor-widget elementor-widget-image\" data-id=\"21f2778\" data-element_type=\"widget\" data-widget_type=\"image.default\">\n\t\t\t\t<div class=\"elementor-widget-container\">\n\t\t\t\t\t\t\t\t\t\t\t\t\t\t\t<img width=\"1361\" height=\"964\" src=\"https:\/\/www.fiskakallinn.is\/wp-content\/uploads\/2021\/09\/nimbochromis-fuscotaeniatus-4.jpg\" class=\"attachment-full size-full\" alt=\"\" loading=\"lazy\" srcset=\"https:\/\/www.fiskakallinn.is\/wp-content\/uploads\/2021\/09\/nimbochromis-fuscotaeniatus-4.jpg 1361w, https:\/\/www.fiskakallinn.is\/wp-content\/uploads\/2021\/09\/nimbochromis-fuscotaeniatus-4-300x212.jpg 300w, https:\/\/www.fiskakallinn.is\/wp-content\/uploads\/2021\/09\/nimbochromis-fuscotaeniatus-4-1024x725.jpg 1024w, https:\/\/www.fiskakallinn.is\/wp-content\/uploads\/2021\/09\/nimbochromis-fuscotaeniatus-4-768x544.jpg 768w\" sizes=\"(max-width: 1361px) 100vw, 1361px\" \/>\t\t\t\t\t\t\t\t\t\t\t\t\t\t\t<\/div>\n\t\t\t\t<\/div>\n\t\t\t\t\t<\/div>\n\t\t<\/div>\n\t\t\t\t\t\t\t<\/div>\n\t\t<\/section>\n\t\t\t\t<section class=\"elementor-section elementor-top-section elementor-element elementor-element-8e726b4 elementor-section-boxed elementor-section-height-default elementor-section-height-default\" data-id=\"8e726b4\" data-element_type=\"section\">\n\t\t\t\t\t\t<div class=\"elementor-container elementor-column-gap-default\">\n\t\t\t\t\t<div class=\"elementor-column elementor-col-100 elementor-top-column elementor-element elementor-element-61f7c17\" data-id=\"61f7c17\" data-element_type=\"column\">\n\t\t\t<div class=\"elementor-widget-wrap elementor-element-populated\">\n\t\t\t\t\t\t\t\t<div class=\"elementor-element elementor-element-5543dd9 elementor-widget elementor-widget-text-editor\" data-id=\"5543dd9\" data-element_type=\"widget\" data-widget_type=\"text-editor.default\">\n\t\t\t\t<div class=\"elementor-widget-container\">\n\t\t\t\t\t\t\t<p style=\"text-align: center;\">H\u00e9r er sami h\u00e6ngur og fyrir ofan kominn \u00ed hrygninga lit\u00a0<\/p>\t\t\t\t\t\t<\/div>\n\t\t\t\t<\/div>\n\t\t\t\t\t<\/div>\n\t\t<\/div>\n\t\t\t\t\t\t\t<\/div>\n\t\t<\/section>\n\t\t\t\t<section class=\"elementor-section elementor-top-section elementor-element elementor-element-dedb566 elementor-section-boxed elementor-section-height-default elementor-section-height-default\" data-id=\"dedb566\" data-element_type=\"section\">\n\t\t\t\t\t\t<div class=\"elementor-container elementor-column-gap-default\">\n\t\t\t\t\t<div class=\"elementor-column elementor-col-100 elementor-top-column elementor-element elementor-element-d5078ad\" data-id=\"d5078ad\" data-element_type=\"column\">\n\t\t\t<div class=\"elementor-widget-wrap elementor-element-populated\">\n\t\t\t\t\t\t\t\t<div class=\"elementor-element elementor-element-1ab2346 elementor-widget elementor-widget-image\" data-id=\"1ab2346\" data-element_type=\"widget\" data-widget_type=\"image.default\">\n\t\t\t\t<div class=\"elementor-widget-container\">\n\t\t\t\t\t\t\t\t\t\t\t\t\t\t\t<img width=\"1361\" height=\"964\" src=\"https:\/\/www.fiskakallinn.is\/wp-content\/uploads\/2021\/09\/nimbochromis-fuscotaeniatus-5.jpg\" class=\"attachment-full size-full\" alt=\"\" loading=\"lazy\" srcset=\"https:\/\/www.fiskakallinn.is\/wp-content\/uploads\/2021\/09\/nimbochromis-fuscotaeniatus-5.jpg 1361w, https:\/\/www.fiskakallinn.is\/wp-content\/uploads\/2021\/09\/nimbochromis-fuscotaeniatus-5-300x212.jpg 300w, https:\/\/www.fiskakallinn.is\/wp-content\/uploads\/2021\/09\/nimbochromis-fuscotaeniatus-5-1024x725.jpg 1024w, https:\/\/www.fiskakallinn.is\/wp-content\/uploads\/2021\/09\/nimbochromis-fuscotaeniatus-5-768x544.jpg 768w\" sizes=\"(max-width: 1361px) 100vw, 1361px\" \/>\t\t\t\t\t\t\t\t\t\t\t\t\t\t\t<\/div>\n\t\t\t\t<\/div>\n\t\t\t\t\t<\/div>\n\t\t<\/div>\n\t\t\t\t\t\t\t<\/div>\n\t\t<\/section>\n\t\t\t\t<section class=\"elementor-section elementor-top-section elementor-element elementor-element-155dadc elementor-section-boxed elementor-section-height-default elementor-section-height-default\" data-id=\"155dadc\" data-element_type=\"section\">\n\t\t\t\t\t\t<div class=\"elementor-container elementor-column-gap-default\">\n\t\t\t\t\t<div class=\"elementor-column elementor-col-100 elementor-top-column elementor-element elementor-element-a5ea53c\" data-id=\"a5ea53c\" data-element_type=\"column\">\n\t\t\t<div class=\"elementor-widget-wrap elementor-element-populated\">\n\t\t\t\t\t\t\t\t<div class=\"elementor-element elementor-element-33adcc4 elementor-widget elementor-widget-text-editor\" data-id=\"33adcc4\" data-element_type=\"widget\" data-widget_type=\"text-editor.default\">\n\t\t\t\t<div class=\"elementor-widget-container\">\n\t\t\t\t\t\t\t<p style=\"text-align: center;\">Eins og a\u00f0rar tegundir \u00ed \u00feessari \u00e6tt \u00fe\u00e1 er Fusko mikill t\u00f6ffari svo b\u00fari\u00f0 \u00fearf a\u00f0 ver\u00f0a 400 ltr e\u00f0a st\u00e6rra, \u00feessi tegund ver\u00f0ur um 25 cm\u00a0<\/p>\t\t\t\t\t\t<\/div>\n\t\t\t\t<\/div>\n\t\t\t\t\t<\/div>\n\t\t<\/div>\n\t\t\t\t\t\t\t<\/div>\n\t\t<\/section>\n\t\t\t\t\t\t\t<\/div>\n\t\t","protected":false},"excerpt":{"rendered":"<p>Nimbochromis fuscotaeniatus H\u00e6ngurinn er flottur en \u00e9g \u00e1 enga mynd af hrygnu sem er br\u00fanleit\u00a0 H\u00e9r er sami h\u00e6ngur og fyrir ofan kominn \u00ed hrygninga lit\u00a0 Eins og a\u00f0rar tegundir \u00ed \u00feessari \u00e6tt \u00fe\u00e1 er Fusko mikill t\u00f6ffari svo b\u00fari\u00f0 \u00fearf a\u00f0 ver\u00f0a 400 ltr e\u00f0a st\u00e6rra, \u00feessi tegund ver\u00f0ur um 25 cm\u00a0<\/p>\n","protected":false},"author":2,"featured_media":0,"parent":0,"menu_order":0,"comment_status":"closed","ping_status":"closed","template":"","meta":{"sfsi_plus_gutenberg_text_before_share":"","sfsi_plus_gutenberg_show_text_before_share":"","sfsi_plus_gutenberg_icon_type":"","sfsi_plus_gutenberg_icon_alignemt":"","sfsi_plus_gutenburg_max_per_row":"","site-sidebar-layout":"no-sidebar","site-content-layout":"page-builder","ast-main-header-display":"","ast-hfb-above-header-display":"","ast-hfb-below-header-display":"","ast-hfb-mobile-header-display":"","site-post-title":"disabled","ast-breadcrumbs-content":"","ast-featured-img":"disabled","footer-sml-layout":"","theme-transparent-header-meta":"","adv-header-id-meta":"","stick-header-meta":"","header-above-stick-meta":"","header-main-stick-meta":"","header-below-stick-meta":""},"_links":{"self":[{"href":"https:\/\/www.fiskakallinn.is\/index.php?rest_route=\/wp\/v2\/pages\/2906"}],"collection":[{"href":"https:\/\/www.fiskakallinn.is\/index.php?rest_route=\/wp\/v2\/pages"}],"about":[{"href":"https:\/\/www.fiskakallinn.is\/index.php?rest_route=\/wp\/v2\/types\/page"}],"author":[{"embeddable":true,"href":"https:\/\/www.fiskakallinn.is\/index.php?rest_route=\/wp\/v2\/users\/2"}],"replies":[{"embeddable":true,"href":"https:\/\/www.fiskakallinn.is\/index.php?rest_route=%2Fwp%2Fv2%2Fcomments&post=2906"}],"version-history":[{"count":3,"href":"https:\/\/www.fiskakallinn.is\/index.php?rest_route=\/wp\/v2\/pages\/2906\/revisions"}],"predecessor-version":[{"id":2913,"href":"https:\/\/www.fiskakallinn.is\/index.php?rest_route=\/wp\/v2\/pages\/2906\/revisions\/2913"}],"wp:attachment":[{"href":"https:\/\/www.fiskakallinn.is\/index.php?rest_route=%2Fwp%2Fv2%2Fmedia&parent=2906"}],"curies":[{"name":"wp","href":"https:\/\/api.w.org\/{rel}","templated":true}]}}