{"id":2936,"date":"2021-09-25T18:22:42","date_gmt":"2021-09-25T18:22:42","guid":{"rendered":"https:\/\/www.fiskakallinn.is\/?page_id=2936"},"modified":"2021-09-25T18:26:19","modified_gmt":"2021-09-25T18:26:19","slug":"lethrinops-sp-red-cap","status":"publish","type":"page","link":"https:\/\/www.fiskakallinn.is\/?page_id=2936","title":{"rendered":"Lethrinops sp.red cap"},"content":{"rendered":"\t\t<div data-elementor-type=\"wp-page\" data-elementor-id=\"2936\" class=\"elementor elementor-2936\">\n\t\t\t\t\t\t\t\t\t<section class=\"elementor-section elementor-top-section elementor-element elementor-element-a04c1f9 elementor-section-boxed elementor-section-height-default elementor-section-height-default\" data-id=\"a04c1f9\" data-element_type=\"section\">\n\t\t\t\t\t\t<div class=\"elementor-container elementor-column-gap-default\">\n\t\t\t\t\t<div class=\"elementor-column elementor-col-100 elementor-top-column elementor-element elementor-element-b92c33c\" data-id=\"b92c33c\" data-element_type=\"column\">\n\t\t\t<div class=\"elementor-widget-wrap elementor-element-populated\">\n\t\t\t\t\t\t\t\t<div class=\"elementor-element elementor-element-d2952f2 elementor-widget elementor-widget-text-editor\" data-id=\"d2952f2\" data-element_type=\"widget\" data-widget_type=\"text-editor.default\">\n\t\t\t\t<div class=\"elementor-widget-container\">\n\t\t\t\t\t\t\t<h2 style=\"text-align: center;\"><strong>Lethrinops sp.red cap<\/strong><\/h2>\t\t\t\t\t\t<\/div>\n\t\t\t\t<\/div>\n\t\t\t\t\t<\/div>\n\t\t<\/div>\n\t\t\t\t\t\t\t<\/div>\n\t\t<\/section>\n\t\t\t\t<section class=\"elementor-section elementor-top-section elementor-element elementor-element-f54f1bd elementor-section-boxed elementor-section-height-default elementor-section-height-default\" data-id=\"f54f1bd\" data-element_type=\"section\">\n\t\t\t\t\t\t<div class=\"elementor-container elementor-column-gap-default\">\n\t\t\t\t\t<div class=\"elementor-column elementor-col-100 elementor-top-column elementor-element elementor-element-0e6f728\" data-id=\"0e6f728\" data-element_type=\"column\">\n\t\t\t<div class=\"elementor-widget-wrap elementor-element-populated\">\n\t\t\t\t\t\t\t\t<div class=\"elementor-element elementor-element-2eeac31 elementor-widget elementor-widget-image\" data-id=\"2eeac31\" data-element_type=\"widget\" data-widget_type=\"image.default\">\n\t\t\t\t<div class=\"elementor-widget-container\">\n\t\t\t\t\t\t\t\t\t\t\t\t\t\t\t<img width=\"1024\" height=\"725\" src=\"https:\/\/www.fiskakallinn.is\/wp-content\/uploads\/2021\/09\/Lethrinops-sp.-red-cap-1024x725.jpg\" class=\"attachment-large size-large\" alt=\"\" loading=\"lazy\" srcset=\"https:\/\/www.fiskakallinn.is\/wp-content\/uploads\/2021\/09\/Lethrinops-sp.-red-cap-1024x725.jpg 1024w, https:\/\/www.fiskakallinn.is\/wp-content\/uploads\/2021\/09\/Lethrinops-sp.-red-cap-300x212.jpg 300w, https:\/\/www.fiskakallinn.is\/wp-content\/uploads\/2021\/09\/Lethrinops-sp.-red-cap-768x544.jpg 768w, https:\/\/www.fiskakallinn.is\/wp-content\/uploads\/2021\/09\/Lethrinops-sp.-red-cap.jpg 1361w\" sizes=\"(max-width: 1024px) 100vw, 1024px\" \/>\t\t\t\t\t\t\t\t\t\t\t\t\t\t\t<\/div>\n\t\t\t\t<\/div>\n\t\t\t\t\t<\/div>\n\t\t<\/div>\n\t\t\t\t\t\t\t<\/div>\n\t\t<\/section>\n\t\t\t\t<section class=\"elementor-section elementor-top-section elementor-element elementor-element-8c9e0ee elementor-section-boxed elementor-section-height-default elementor-section-height-default\" data-id=\"8c9e0ee\" data-element_type=\"section\">\n\t\t\t\t\t\t<div class=\"elementor-container elementor-column-gap-default\">\n\t\t\t\t\t<div class=\"elementor-column elementor-col-100 elementor-top-column elementor-element elementor-element-b480566\" data-id=\"b480566\" data-element_type=\"column\">\n\t\t\t<div class=\"elementor-widget-wrap elementor-element-populated\">\n\t\t\t\t\t\t\t\t<div class=\"elementor-element elementor-element-72ad3b8 elementor-widget elementor-widget-text-editor\" data-id=\"72ad3b8\" data-element_type=\"widget\" data-widget_type=\"text-editor.default\">\n\t\t\t\t<div class=\"elementor-widget-container\">\n\t\t\t\t\t\t\t<p style=\"text-align: center;\">Ungur h\u00e6ngur af sp. red cap\u00a0 a\u00f0 taka lit, hrygnan er gr\u00e1leit, \u00feessi tegund finnst \u00e1 nokkrum st\u00f6\u00f0um \u00ed Malawi vatni en \u00fev\u00ed mi\u00f0ur fylgir oft ekki hva\u00f0an fiskarnir eru \u00e6tta\u00f0ir sem hinga\u00f0 koma en allir alv\u00f6ru Malawi n\u00f6rdar vita hva\u00f0a stofn \u00feeir eru me\u00f0\u00a0<\/p>\t\t\t\t\t\t<\/div>\n\t\t\t\t<\/div>\n\t\t\t\t\t<\/div>\n\t\t<\/div>\n\t\t\t\t\t\t\t<\/div>\n\t\t<\/section>\n\t\t\t\t\t\t\t<\/div>\n\t\t","protected":false},"excerpt":{"rendered":"<p>Lethrinops sp.red cap Ungur h\u00e6ngur af sp. red cap\u00a0 a\u00f0 taka lit, hrygnan er gr\u00e1leit, \u00feessi tegund finnst \u00e1 nokkrum st\u00f6\u00f0um \u00ed Malawi vatni en \u00fev\u00ed mi\u00f0ur fylgir oft ekki hva\u00f0an fiskarnir eru \u00e6tta\u00f0ir sem hinga\u00f0 koma en allir alv\u00f6ru Malawi n\u00f6rdar vita hva\u00f0a stofn \u00feeir eru me\u00f0\u00a0<\/p>\n","protected":false},"author":2,"featured_media":0,"parent":0,"menu_order":0,"comment_status":"closed","ping_status":"closed","template":"","meta":{"sfsi_plus_gutenberg_text_before_share":"","sfsi_plus_gutenberg_show_text_before_share":"","sfsi_plus_gutenberg_icon_type":"","sfsi_plus_gutenberg_icon_alignemt":"","sfsi_plus_gutenburg_max_per_row":"","site-sidebar-layout":"no-sidebar","site-content-layout":"page-builder","ast-main-header-display":"","ast-hfb-above-header-display":"","ast-hfb-below-header-display":"","ast-hfb-mobile-header-display":"","site-post-title":"disabled","ast-breadcrumbs-content":"","ast-featured-img":"disabled","footer-sml-layout":"","theme-transparent-header-meta":"","adv-header-id-meta":"","stick-header-meta":"","header-above-stick-meta":"","header-main-stick-meta":"","header-below-stick-meta":""},"_links":{"self":[{"href":"https:\/\/www.fiskakallinn.is\/index.php?rest_route=\/wp\/v2\/pages\/2936"}],"collection":[{"href":"https:\/\/www.fiskakallinn.is\/index.php?rest_route=\/wp\/v2\/pages"}],"about":[{"href":"https:\/\/www.fiskakallinn.is\/index.php?rest_route=\/wp\/v2\/types\/page"}],"author":[{"embeddable":true,"href":"https:\/\/www.fiskakallinn.is\/index.php?rest_route=\/wp\/v2\/users\/2"}],"replies":[{"embeddable":true,"href":"https:\/\/www.fiskakallinn.is\/index.php?rest_route=%2Fwp%2Fv2%2Fcomments&post=2936"}],"version-history":[{"count":3,"href":"https:\/\/www.fiskakallinn.is\/index.php?rest_route=\/wp\/v2\/pages\/2936\/revisions"}],"predecessor-version":[{"id":2940,"href":"https:\/\/www.fiskakallinn.is\/index.php?rest_route=\/wp\/v2\/pages\/2936\/revisions\/2940"}],"wp:attachment":[{"href":"https:\/\/www.fiskakallinn.is\/index.php?rest_route=%2Fwp%2Fv2%2Fmedia&parent=2936"}],"curies":[{"name":"wp","href":"https:\/\/api.w.org\/{rel}","templated":true}]}}