{"id":3064,"date":"2021-09-26T11:59:05","date_gmt":"2021-09-26T11:59:05","guid":{"rendered":"https:\/\/www.fiskakallinn.is\/?page_id=3064"},"modified":"2021-09-26T11:59:19","modified_gmt":"2021-09-26T11:59:19","slug":"paratilapia-polleni","status":"publish","type":"page","link":"https:\/\/www.fiskakallinn.is\/?page_id=3064","title":{"rendered":"Paratilapia polleni"},"content":{"rendered":"\t\t<div data-elementor-type=\"wp-page\" data-elementor-id=\"3064\" class=\"elementor elementor-3064\">\n\t\t\t\t\t\t\t\t\t<section class=\"elementor-section elementor-top-section elementor-element elementor-element-3e73e71 elementor-section-boxed elementor-section-height-default elementor-section-height-default\" data-id=\"3e73e71\" data-element_type=\"section\">\n\t\t\t\t\t\t<div class=\"elementor-container elementor-column-gap-default\">\n\t\t\t\t\t<div class=\"elementor-column elementor-col-100 elementor-top-column elementor-element elementor-element-50e1524\" data-id=\"50e1524\" data-element_type=\"column\">\n\t\t\t<div class=\"elementor-widget-wrap elementor-element-populated\">\n\t\t\t\t\t\t\t\t<div class=\"elementor-element elementor-element-ce041f4 elementor-widget elementor-widget-text-editor\" data-id=\"ce041f4\" data-element_type=\"widget\" data-widget_type=\"text-editor.default\">\n\t\t\t\t<div class=\"elementor-widget-container\">\n\t\t\t\t\t\t\t<h2 style=\"text-align: center;\"><strong>Paratilapia polleni<\/strong><\/h2>\t\t\t\t\t\t<\/div>\n\t\t\t\t<\/div>\n\t\t\t\t\t<\/div>\n\t\t<\/div>\n\t\t\t\t\t\t\t<\/div>\n\t\t<\/section>\n\t\t\t\t<section class=\"elementor-section elementor-top-section elementor-element elementor-element-e0ee72f elementor-section-boxed elementor-section-height-default elementor-section-height-default\" data-id=\"e0ee72f\" data-element_type=\"section\">\n\t\t\t\t\t\t<div class=\"elementor-container elementor-column-gap-default\">\n\t\t\t\t\t<div class=\"elementor-column elementor-col-100 elementor-top-column elementor-element elementor-element-842aa55\" data-id=\"842aa55\" data-element_type=\"column\">\n\t\t\t<div class=\"elementor-widget-wrap elementor-element-populated\">\n\t\t\t\t\t\t\t\t<div class=\"elementor-element elementor-element-d4313ca elementor-widget elementor-widget-image\" data-id=\"d4313ca\" data-element_type=\"widget\" data-widget_type=\"image.default\">\n\t\t\t\t<div class=\"elementor-widget-container\">\n\t\t\t\t\t\t\t\t\t\t\t\t\t\t\t<img width=\"1361\" height=\"964\" src=\"https:\/\/www.fiskakallinn.is\/wp-content\/uploads\/2021\/09\/Paratilapia-polleni.jpg\" class=\"attachment-full size-full\" alt=\"\" loading=\"lazy\" srcset=\"https:\/\/www.fiskakallinn.is\/wp-content\/uploads\/2021\/09\/Paratilapia-polleni.jpg 1361w, https:\/\/www.fiskakallinn.is\/wp-content\/uploads\/2021\/09\/Paratilapia-polleni-300x212.jpg 300w, https:\/\/www.fiskakallinn.is\/wp-content\/uploads\/2021\/09\/Paratilapia-polleni-1024x725.jpg 1024w, https:\/\/www.fiskakallinn.is\/wp-content\/uploads\/2021\/09\/Paratilapia-polleni-768x544.jpg 768w\" sizes=\"(max-width: 1361px) 100vw, 1361px\" \/>\t\t\t\t\t\t\t\t\t\t\t\t\t\t\t<\/div>\n\t\t\t\t<\/div>\n\t\t\t\t\t<\/div>\n\t\t<\/div>\n\t\t\t\t\t\t\t<\/div>\n\t\t<\/section>\n\t\t\t\t<section class=\"elementor-section elementor-top-section elementor-element elementor-element-14ca24e elementor-section-boxed elementor-section-height-default elementor-section-height-default\" data-id=\"14ca24e\" data-element_type=\"section\">\n\t\t\t\t\t\t<div class=\"elementor-container elementor-column-gap-default\">\n\t\t\t\t\t<div class=\"elementor-column elementor-col-100 elementor-top-column elementor-element elementor-element-7069a3c\" data-id=\"7069a3c\" data-element_type=\"column\">\n\t\t\t<div class=\"elementor-widget-wrap elementor-element-populated\">\n\t\t\t\t\t\t\t\t<div class=\"elementor-element elementor-element-f2b1712 elementor-widget elementor-widget-text-editor\" data-id=\"f2b1712\" data-element_type=\"widget\" data-widget_type=\"text-editor.default\">\n\t\t\t\t<div class=\"elementor-widget-container\">\n\t\t\t\t\t\t\t<p style=\"text-align: center;\">Paratilapia polleni er ein af nokkrum tegunda s\u00edkli\u00f0a fr\u00e1 eyjunni Madagaskar, \u00feetta er algengasta tegundin sem kemur \u00fea\u00f0an enda mj\u00f6g har\u00f0ger\u00f0 og frekar einf\u00f6ld s\u00edkli\u00f0a til a\u00f0 hafa \u00ed b\u00fari \u00fe\u00f3tt h\u00fan ver\u00f0i um 25 cm\u00a0<br \/>Flestar tegundir eru \u00ed \u00fatrymingar h\u00e6ttu \u00ed n\u00e1tt\u00farunni og eru samt\u00f6k v\u00ed\u00f0a a\u00f0 vinna a\u00f0 \u00fev\u00ed a\u00f0 halda stofnum \u00ed b\u00farum svo \u00feessar tegundir \u00feurkist ekki \u00fat\u00a0<\/p>\t\t\t\t\t\t<\/div>\n\t\t\t\t<\/div>\n\t\t\t\t\t<\/div>\n\t\t<\/div>\n\t\t\t\t\t\t\t<\/div>\n\t\t<\/section>\n\t\t\t\t\t\t\t<\/div>\n\t\t","protected":false},"excerpt":{"rendered":"<p>Paratilapia polleni Paratilapia polleni er ein af nokkrum tegunda s\u00edkli\u00f0a fr\u00e1 eyjunni Madagaskar, \u00feetta er algengasta tegundin sem kemur \u00fea\u00f0an enda mj\u00f6g har\u00f0ger\u00f0 og frekar einf\u00f6ld s\u00edkli\u00f0a til a\u00f0 hafa \u00ed b\u00fari \u00fe\u00f3tt h\u00fan ver\u00f0i um 25 cm\u00a0Flestar tegundir eru \u00ed \u00fatrymingar h\u00e6ttu \u00ed n\u00e1tt\u00farunni og eru samt\u00f6k v\u00ed\u00f0a a\u00f0 vinna a\u00f0 \u00fev\u00ed a\u00f0 halda &hellip;<\/p>\n<p class=\"read-more\"> <a class=\"\" href=\"https:\/\/www.fiskakallinn.is\/?page_id=3064\"> <span class=\"screen-reader-text\">Paratilapia polleni<\/span> Read More &raquo;<\/a><\/p>\n","protected":false},"author":2,"featured_media":0,"parent":0,"menu_order":0,"comment_status":"closed","ping_status":"closed","template":"","meta":{"sfsi_plus_gutenberg_text_before_share":"","sfsi_plus_gutenberg_show_text_before_share":"","sfsi_plus_gutenberg_icon_type":"","sfsi_plus_gutenberg_icon_alignemt":"","sfsi_plus_gutenburg_max_per_row":"","site-sidebar-layout":"no-sidebar","site-content-layout":"page-builder","ast-main-header-display":"","ast-hfb-above-header-display":"","ast-hfb-below-header-display":"","ast-hfb-mobile-header-display":"","site-post-title":"disabled","ast-breadcrumbs-content":"","ast-featured-img":"disabled","footer-sml-layout":"","theme-transparent-header-meta":"","adv-header-id-meta":"","stick-header-meta":"","header-above-stick-meta":"","header-main-stick-meta":"","header-below-stick-meta":""},"_links":{"self":[{"href":"https:\/\/www.fiskakallinn.is\/index.php?rest_route=\/wp\/v2\/pages\/3064"}],"collection":[{"href":"https:\/\/www.fiskakallinn.is\/index.php?rest_route=\/wp\/v2\/pages"}],"about":[{"href":"https:\/\/www.fiskakallinn.is\/index.php?rest_route=\/wp\/v2\/types\/page"}],"author":[{"embeddable":true,"href":"https:\/\/www.fiskakallinn.is\/index.php?rest_route=\/wp\/v2\/users\/2"}],"replies":[{"embeddable":true,"href":"https:\/\/www.fiskakallinn.is\/index.php?rest_route=%2Fwp%2Fv2%2Fcomments&post=3064"}],"version-history":[{"count":3,"href":"https:\/\/www.fiskakallinn.is\/index.php?rest_route=\/wp\/v2\/pages\/3064\/revisions"}],"predecessor-version":[{"id":3075,"href":"https:\/\/www.fiskakallinn.is\/index.php?rest_route=\/wp\/v2\/pages\/3064\/revisions\/3075"}],"wp:attachment":[{"href":"https:\/\/www.fiskakallinn.is\/index.php?rest_route=%2Fwp%2Fv2%2Fmedia&parent=3064"}],"curies":[{"name":"wp","href":"https:\/\/api.w.org\/{rel}","templated":true}]}}