{"id":3141,"date":"2021-09-30T22:31:22","date_gmt":"2021-09-30T22:31:22","guid":{"rendered":"https:\/\/www.fiskakallinn.is\/?page_id=3141"},"modified":"2021-09-30T22:48:41","modified_gmt":"2021-09-30T22:48:41","slug":"skjaldbokur-slovakia","status":"publish","type":"page","link":"https:\/\/www.fiskakallinn.is\/?page_id=3141","title":{"rendered":"Skjaldb\u00f6kur slovakia"},"content":{"rendered":"\t\t<div data-elementor-type=\"wp-page\" data-elementor-id=\"3141\" class=\"elementor elementor-3141\">\n\t\t\t\t\t\t\t\t\t<section class=\"elementor-section elementor-top-section elementor-element elementor-element-74bc208 elementor-section-boxed elementor-section-height-default elementor-section-height-default\" data-id=\"74bc208\" data-element_type=\"section\">\n\t\t\t\t\t\t<div class=\"elementor-container elementor-column-gap-default\">\n\t\t\t\t\t<div class=\"elementor-column elementor-col-100 elementor-top-column elementor-element elementor-element-cc5a19d\" data-id=\"cc5a19d\" data-element_type=\"column\">\n\t\t\t<div class=\"elementor-widget-wrap elementor-element-populated\">\n\t\t\t\t\t\t\t\t<div class=\"elementor-element elementor-element-0ef3daf elementor-widget elementor-widget-text-editor\" data-id=\"0ef3daf\" data-element_type=\"widget\" data-widget_type=\"text-editor.default\">\n\t\t\t\t<div class=\"elementor-widget-container\">\n\t\t\t\t\t\t\t<h2 style=\"text-align: center;\"><strong>Skjaldbaka Sl\u00f3vak\u00edu\u00a0<\/strong><\/h2>\t\t\t\t\t\t<\/div>\n\t\t\t\t<\/div>\n\t\t\t\t\t<\/div>\n\t\t<\/div>\n\t\t\t\t\t\t\t<\/div>\n\t\t<\/section>\n\t\t\t\t<section class=\"elementor-section elementor-top-section elementor-element elementor-element-2c71d72 elementor-section-boxed elementor-section-height-default elementor-section-height-default\" data-id=\"2c71d72\" data-element_type=\"section\">\n\t\t\t\t\t\t<div class=\"elementor-container elementor-column-gap-default\">\n\t\t\t\t\t<div class=\"elementor-column elementor-col-100 elementor-top-column elementor-element elementor-element-eb31be1\" data-id=\"eb31be1\" data-element_type=\"column\">\n\t\t\t<div class=\"elementor-widget-wrap elementor-element-populated\">\n\t\t\t\t\t\t\t\t<div class=\"elementor-element elementor-element-525ab79 elementor-widget elementor-widget-image\" data-id=\"525ab79\" data-element_type=\"widget\" data-widget_type=\"image.default\">\n\t\t\t\t<div class=\"elementor-widget-container\">\n\t\t\t\t\t\t\t\t\t\t\t\t\t\t\t<img width=\"1361\" height=\"964\" src=\"https:\/\/www.fiskakallinn.is\/wp-content\/uploads\/2021\/09\/skjaldbaka-slovak-1.jpg\" class=\"attachment-full size-full\" alt=\"\" loading=\"lazy\" srcset=\"https:\/\/www.fiskakallinn.is\/wp-content\/uploads\/2021\/09\/skjaldbaka-slovak-1.jpg 1361w, https:\/\/www.fiskakallinn.is\/wp-content\/uploads\/2021\/09\/skjaldbaka-slovak-1-300x212.jpg 300w, https:\/\/www.fiskakallinn.is\/wp-content\/uploads\/2021\/09\/skjaldbaka-slovak-1-1024x725.jpg 1024w, https:\/\/www.fiskakallinn.is\/wp-content\/uploads\/2021\/09\/skjaldbaka-slovak-1-768x544.jpg 768w\" sizes=\"(max-width: 1361px) 100vw, 1361px\" \/>\t\t\t\t\t\t\t\t\t\t\t\t\t\t\t<\/div>\n\t\t\t\t<\/div>\n\t\t\t\t\t<\/div>\n\t\t<\/div>\n\t\t\t\t\t\t\t<\/div>\n\t\t<\/section>\n\t\t\t\t<section class=\"elementor-section elementor-top-section elementor-element elementor-element-ad4d26d elementor-section-boxed elementor-section-height-default elementor-section-height-default\" data-id=\"ad4d26d\" data-element_type=\"section\">\n\t\t\t\t\t\t<div class=\"elementor-container elementor-column-gap-default\">\n\t\t\t\t\t<div class=\"elementor-column elementor-col-100 elementor-top-column elementor-element elementor-element-6037464\" data-id=\"6037464\" data-element_type=\"column\">\n\t\t\t<div class=\"elementor-widget-wrap elementor-element-populated\">\n\t\t\t\t\t\t\t\t<div class=\"elementor-element elementor-element-2eab8b9 elementor-widget elementor-widget-text-editor\" data-id=\"2eab8b9\" data-element_type=\"widget\" data-widget_type=\"text-editor.default\">\n\t\t\t\t<div class=\"elementor-widget-container\">\n\t\t\t\t\t\t\t<p style=\"text-align: center;\">\u00c9g var um vor a\u00f0 leita a\u00f0 froskum vi\u00f0 st\u00f6\u00f0uvatn r\u00e9tt fyrir utan Bratislava \u00ed Sl\u00f3vak\u00edu \u00feegar \u00e9g s\u00e1 \u00feessa skjaldb\u00f6ku \u00ed fjarska, \u00e9g haf\u00f0i lesi\u00f0 a\u00f0 landskjaldbaka fyndist \u00e1 \u00feessum sl\u00f3\u00f0um svo \u00e9g var\u00f0 spenntur, en \u00feetta reyndist vera Trachemys scripta elegans<\/p>\t\t\t\t\t\t<\/div>\n\t\t\t\t<\/div>\n\t\t\t\t\t<\/div>\n\t\t<\/div>\n\t\t\t\t\t\t\t<\/div>\n\t\t<\/section>\n\t\t\t\t<section class=\"elementor-section elementor-top-section elementor-element elementor-element-f220f07 elementor-section-boxed elementor-section-height-default elementor-section-height-default\" data-id=\"f220f07\" data-element_type=\"section\">\n\t\t\t\t\t\t<div class=\"elementor-container elementor-column-gap-default\">\n\t\t\t\t\t<div class=\"elementor-column elementor-col-100 elementor-top-column elementor-element elementor-element-51a3ab8\" data-id=\"51a3ab8\" data-element_type=\"column\">\n\t\t\t<div class=\"elementor-widget-wrap elementor-element-populated\">\n\t\t\t\t\t\t\t\t<div class=\"elementor-element elementor-element-155f6e0 elementor-widget elementor-widget-image\" data-id=\"155f6e0\" data-element_type=\"widget\" data-widget_type=\"image.default\">\n\t\t\t\t<div class=\"elementor-widget-container\">\n\t\t\t\t\t\t\t\t\t\t\t\t\t\t\t<img width=\"1361\" height=\"964\" src=\"https:\/\/www.fiskakallinn.is\/wp-content\/uploads\/2021\/09\/skjaldbaka-slovak-2.jpg\" class=\"attachment-full size-full\" alt=\"\" loading=\"lazy\" srcset=\"https:\/\/www.fiskakallinn.is\/wp-content\/uploads\/2021\/09\/skjaldbaka-slovak-2.jpg 1361w, https:\/\/www.fiskakallinn.is\/wp-content\/uploads\/2021\/09\/skjaldbaka-slovak-2-300x212.jpg 300w, https:\/\/www.fiskakallinn.is\/wp-content\/uploads\/2021\/09\/skjaldbaka-slovak-2-1024x725.jpg 1024w, https:\/\/www.fiskakallinn.is\/wp-content\/uploads\/2021\/09\/skjaldbaka-slovak-2-768x544.jpg 768w\" sizes=\"(max-width: 1361px) 100vw, 1361px\" \/>\t\t\t\t\t\t\t\t\t\t\t\t\t\t\t<\/div>\n\t\t\t\t<\/div>\n\t\t\t\t\t<\/div>\n\t\t<\/div>\n\t\t\t\t\t\t\t<\/div>\n\t\t<\/section>\n\t\t\t\t<section class=\"elementor-section elementor-top-section elementor-element elementor-element-eb7f169 elementor-section-boxed elementor-section-height-default elementor-section-height-default\" data-id=\"eb7f169\" data-element_type=\"section\">\n\t\t\t\t\t\t<div class=\"elementor-container elementor-column-gap-default\">\n\t\t\t\t\t<div class=\"elementor-column elementor-col-100 elementor-top-column elementor-element elementor-element-aac89a2\" data-id=\"aac89a2\" data-element_type=\"column\">\n\t\t\t<div class=\"elementor-widget-wrap elementor-element-populated\">\n\t\t\t\t\t\t\t\t<div class=\"elementor-element elementor-element-c0cee9c elementor-widget elementor-widget-text-editor\" data-id=\"c0cee9c\" data-element_type=\"widget\" data-widget_type=\"text-editor.default\">\n\t\t\t\t<div class=\"elementor-widget-container\">\n\t\t\t\t\t\t\t<p style=\"text-align: center;\">\u00deetta er nor\u00f0ur-amer\u00edsk tegund sem sleppt hefur veri\u00f0 \u00ed n\u00e1tt\u00faruna eftir a\u00f0 hafa veri\u00f0 g\u00e6lud\u00fdr, \u00fea\u00f0 eru komnir sm\u00e1 stofnar af \u00feessari tegund v\u00ed\u00f0a \u00ed Evr\u00f3pu eftir a\u00f0 f\u00f3lk sem ekki veit betur sleppir \u00feeim \u00ed n\u00e1tt\u00faruna, en \u00ed flestum tilfellum hefur \u00fea\u00f0 sl\u00e6m \u00e1hrif \u00e1 vistkerfi\u00f0 a\u00f0 f\u00e1 d\u00fdr e\u00f0a pl\u00f6ntu inn \u00ed umhverfi sem hefur \u00fer\u00f3ast \u00e1n \u00feeirra\u00a0<\/p>\t\t\t\t\t\t<\/div>\n\t\t\t\t<\/div>\n\t\t\t\t\t<\/div>\n\t\t<\/div>\n\t\t\t\t\t\t\t<\/div>\n\t\t<\/section>\n\t\t\t\t<section class=\"elementor-section elementor-top-section elementor-element elementor-element-ba9989f elementor-section-boxed elementor-section-height-default elementor-section-height-default\" data-id=\"ba9989f\" data-element_type=\"section\">\n\t\t\t\t\t\t<div class=\"elementor-container elementor-column-gap-default\">\n\t\t\t\t\t<div class=\"elementor-column elementor-col-100 elementor-top-column elementor-element elementor-element-8682412\" data-id=\"8682412\" data-element_type=\"column\">\n\t\t\t<div class=\"elementor-widget-wrap elementor-element-populated\">\n\t\t\t\t\t\t\t\t<div class=\"elementor-element elementor-element-8f7437a elementor-widget elementor-widget-image\" data-id=\"8f7437a\" data-element_type=\"widget\" data-widget_type=\"image.default\">\n\t\t\t\t<div class=\"elementor-widget-container\">\n\t\t\t\t\t\t\t\t\t\t\t\t\t\t\t<img width=\"1361\" height=\"964\" src=\"https:\/\/www.fiskakallinn.is\/wp-content\/uploads\/2021\/09\/skjaldbaka-slovak-3.jpg\" class=\"attachment-full size-full\" alt=\"\" loading=\"lazy\" srcset=\"https:\/\/www.fiskakallinn.is\/wp-content\/uploads\/2021\/09\/skjaldbaka-slovak-3.jpg 1361w, https:\/\/www.fiskakallinn.is\/wp-content\/uploads\/2021\/09\/skjaldbaka-slovak-3-300x212.jpg 300w, https:\/\/www.fiskakallinn.is\/wp-content\/uploads\/2021\/09\/skjaldbaka-slovak-3-1024x725.jpg 1024w, https:\/\/www.fiskakallinn.is\/wp-content\/uploads\/2021\/09\/skjaldbaka-slovak-3-768x544.jpg 768w\" sizes=\"(max-width: 1361px) 100vw, 1361px\" \/>\t\t\t\t\t\t\t\t\t\t\t\t\t\t\t<\/div>\n\t\t\t\t<\/div>\n\t\t\t\t\t<\/div>\n\t\t<\/div>\n\t\t\t\t\t\t\t<\/div>\n\t\t<\/section>\n\t\t\t\t<section class=\"elementor-section elementor-top-section elementor-element elementor-element-06b31c7 elementor-section-boxed elementor-section-height-default elementor-section-height-default\" data-id=\"06b31c7\" data-element_type=\"section\">\n\t\t\t\t\t\t<div class=\"elementor-container elementor-column-gap-default\">\n\t\t\t\t\t<div class=\"elementor-column elementor-col-100 elementor-top-column elementor-element elementor-element-e2aafec\" data-id=\"e2aafec\" data-element_type=\"column\">\n\t\t\t<div class=\"elementor-widget-wrap elementor-element-populated\">\n\t\t\t\t\t\t\t\t<div class=\"elementor-element elementor-element-9cfe5ae elementor-widget elementor-widget-text-editor\" data-id=\"9cfe5ae\" data-element_type=\"widget\" data-widget_type=\"text-editor.default\">\n\t\t\t\t<div class=\"elementor-widget-container\">\n\t\t\t\t\t\t\t<p style=\"text-align: center;\">Me\u00f0 \u00fev\u00ed a\u00f0 l\u00e6\u00f0ast n\u00e1\u00f0i \u00e9g a\u00f0 komast n\u00e1lagt henni, mig gruna\u00f0i a\u00f0 h\u00fan vildi heldur baka sig \u00ed s\u00f3linni heldur en a\u00f0 skella s\u00e9r \u00ed kalt vatni\u00f0 og \u00fe\u00f3tt h\u00fan v\u00e6ri tilb\u00fain til a\u00f0 st\u00f6kkva \u00fe\u00e1 sat h\u00fan \u00fearna eftir a\u00f0 \u00e9g var farinn framhj\u00e1 , \u00feessi tegund er ein vins\u00e6lasta skjaldbakan til a\u00f0 halda sem g\u00e6lud\u00fdr en s\u00f6kum \u00feess hversu vel henni gengur a\u00f0 a\u00f0lagast n\u00fdjum heimkynnum eftir a\u00f0 f\u00f3lk sleppir henni lausri \u00fe\u00e1 er h\u00fan n\u00fana b\u00f6nnu\u00f0 til innfluttnings \u00ed m\u00f6rgum l\u00f6ndum&nbsp;<\/p>\t\t\t\t\t\t<\/div>\n\t\t\t\t<\/div>\n\t\t\t\t\t<\/div>\n\t\t<\/div>\n\t\t\t\t\t\t\t<\/div>\n\t\t<\/section>\n\t\t\t\t\t\t\t<\/div>\n\t\t","protected":false},"excerpt":{"rendered":"<p>Skjaldbaka Sl\u00f3vak\u00edu\u00a0 \u00c9g var um vor a\u00f0 leita a\u00f0 froskum vi\u00f0 st\u00f6\u00f0uvatn r\u00e9tt fyrir utan Bratislava \u00ed Sl\u00f3vak\u00edu \u00feegar \u00e9g s\u00e1 \u00feessa skjaldb\u00f6ku \u00ed fjarska, \u00e9g haf\u00f0i lesi\u00f0 a\u00f0 landskjaldbaka fyndist \u00e1 \u00feessum sl\u00f3\u00f0um svo \u00e9g var\u00f0 spenntur, en \u00feetta reyndist vera Trachemys scripta elegans \u00deetta er nor\u00f0ur-amer\u00edsk tegund sem sleppt hefur veri\u00f0 \u00ed n\u00e1tt\u00faruna &hellip;<\/p>\n<p class=\"read-more\"> <a class=\"\" href=\"https:\/\/www.fiskakallinn.is\/?page_id=3141\"> <span class=\"screen-reader-text\">Skjaldb\u00f6kur slovakia<\/span> Read More &raquo;<\/a><\/p>\n","protected":false},"author":2,"featured_media":0,"parent":0,"menu_order":0,"comment_status":"closed","ping_status":"closed","template":"","meta":{"sfsi_plus_gutenberg_text_before_share":"","sfsi_plus_gutenberg_show_text_before_share":"","sfsi_plus_gutenberg_icon_type":"","sfsi_plus_gutenberg_icon_alignemt":"","sfsi_plus_gutenburg_max_per_row":"","site-sidebar-layout":"no-sidebar","site-content-layout":"page-builder","ast-main-header-display":"","ast-hfb-above-header-display":"","ast-hfb-below-header-display":"","ast-hfb-mobile-header-display":"","site-post-title":"disabled","ast-breadcrumbs-content":"","ast-featured-img":"disabled","footer-sml-layout":"","theme-transparent-header-meta":"","adv-header-id-meta":"","stick-header-meta":"","header-above-stick-meta":"","header-main-stick-meta":"","header-below-stick-meta":""},"_links":{"self":[{"href":"https:\/\/www.fiskakallinn.is\/index.php?rest_route=\/wp\/v2\/pages\/3141"}],"collection":[{"href":"https:\/\/www.fiskakallinn.is\/index.php?rest_route=\/wp\/v2\/pages"}],"about":[{"href":"https:\/\/www.fiskakallinn.is\/index.php?rest_route=\/wp\/v2\/types\/page"}],"author":[{"embeddable":true,"href":"https:\/\/www.fiskakallinn.is\/index.php?rest_route=\/wp\/v2\/users\/2"}],"replies":[{"embeddable":true,"href":"https:\/\/www.fiskakallinn.is\/index.php?rest_route=%2Fwp%2Fv2%2Fcomments&post=3141"}],"version-history":[{"count":6,"href":"https:\/\/www.fiskakallinn.is\/index.php?rest_route=\/wp\/v2\/pages\/3141\/revisions"}],"predecessor-version":[{"id":3150,"href":"https:\/\/www.fiskakallinn.is\/index.php?rest_route=\/wp\/v2\/pages\/3141\/revisions\/3150"}],"wp:attachment":[{"href":"https:\/\/www.fiskakallinn.is\/index.php?rest_route=%2Fwp%2Fv2%2Fmedia&parent=3141"}],"curies":[{"name":"wp","href":"https:\/\/api.w.org\/{rel}","templated":true}]}}