{"id":3256,"date":"2021-10-10T20:43:06","date_gmt":"2021-10-10T20:43:06","guid":{"rendered":"https:\/\/www.fiskakallinn.is\/?page_id=3256"},"modified":"2021-10-10T20:51:13","modified_gmt":"2021-10-10T20:51:13","slug":"drekafluga-dominican","status":"publish","type":"page","link":"https:\/\/www.fiskakallinn.is\/?page_id=3256","title":{"rendered":"Drekafluga Dominican"},"content":{"rendered":"\t\t<div data-elementor-type=\"wp-page\" data-elementor-id=\"3256\" class=\"elementor elementor-3256\">\n\t\t\t\t\t\t\t\t\t<section class=\"elementor-section elementor-top-section elementor-element elementor-element-fabc6c7 elementor-section-boxed elementor-section-height-default elementor-section-height-default\" data-id=\"fabc6c7\" data-element_type=\"section\">\n\t\t\t\t\t\t<div class=\"elementor-container elementor-column-gap-default\">\n\t\t\t\t\t<div class=\"elementor-column elementor-col-100 elementor-top-column elementor-element elementor-element-cbe040d\" data-id=\"cbe040d\" data-element_type=\"column\">\n\t\t\t<div class=\"elementor-widget-wrap elementor-element-populated\">\n\t\t\t\t\t\t\t\t<div class=\"elementor-element elementor-element-a362552 elementor-widget elementor-widget-text-editor\" data-id=\"a362552\" data-element_type=\"widget\" data-widget_type=\"text-editor.default\">\n\t\t\t\t<div class=\"elementor-widget-container\">\n\t\t\t\t\t\t\t<h2 style=\"text-align: center;\"><strong>Drekafluga \u00ed D\u00f3min\u00edska L\u00fd\u00f0veldinu\u00a0<\/strong><\/h2>\t\t\t\t\t\t<\/div>\n\t\t\t\t<\/div>\n\t\t\t\t\t<\/div>\n\t\t<\/div>\n\t\t\t\t\t\t\t<\/div>\n\t\t<\/section>\n\t\t\t\t<section class=\"elementor-section elementor-top-section elementor-element elementor-element-66ef2a1 elementor-section-boxed elementor-section-height-default elementor-section-height-default\" data-id=\"66ef2a1\" data-element_type=\"section\">\n\t\t\t\t\t\t<div class=\"elementor-container elementor-column-gap-default\">\n\t\t\t\t\t<div class=\"elementor-column elementor-col-100 elementor-top-column elementor-element elementor-element-2a686bd\" data-id=\"2a686bd\" data-element_type=\"column\">\n\t\t\t<div class=\"elementor-widget-wrap elementor-element-populated\">\n\t\t\t\t\t\t\t\t<div class=\"elementor-element elementor-element-a87eb5c elementor-widget elementor-widget-image\" data-id=\"a87eb5c\" data-element_type=\"widget\" data-widget_type=\"image.default\">\n\t\t\t\t<div class=\"elementor-widget-container\">\n\t\t\t\t\t\t\t\t\t\t\t\t\t\t\t<img width=\"1361\" height=\"964\" src=\"https:\/\/www.fiskakallinn.is\/wp-content\/uploads\/2021\/10\/drekafluga.jpg\" class=\"attachment-full size-full\" alt=\"\" loading=\"lazy\" srcset=\"https:\/\/www.fiskakallinn.is\/wp-content\/uploads\/2021\/10\/drekafluga.jpg 1361w, https:\/\/www.fiskakallinn.is\/wp-content\/uploads\/2021\/10\/drekafluga-300x212.jpg 300w, https:\/\/www.fiskakallinn.is\/wp-content\/uploads\/2021\/10\/drekafluga-1024x725.jpg 1024w, https:\/\/www.fiskakallinn.is\/wp-content\/uploads\/2021\/10\/drekafluga-768x544.jpg 768w\" sizes=\"(max-width: 1361px) 100vw, 1361px\" \/>\t\t\t\t\t\t\t\t\t\t\t\t\t\t\t<\/div>\n\t\t\t\t<\/div>\n\t\t\t\t\t<\/div>\n\t\t<\/div>\n\t\t\t\t\t\t\t<\/div>\n\t\t<\/section>\n\t\t\t\t<section class=\"elementor-section elementor-top-section elementor-element elementor-element-0c371e1 elementor-section-boxed elementor-section-height-default elementor-section-height-default\" data-id=\"0c371e1\" data-element_type=\"section\">\n\t\t\t\t\t\t<div class=\"elementor-container elementor-column-gap-default\">\n\t\t\t\t\t<div class=\"elementor-column elementor-col-100 elementor-top-column elementor-element elementor-element-ca59f4e\" data-id=\"ca59f4e\" data-element_type=\"column\">\n\t\t\t<div class=\"elementor-widget-wrap elementor-element-populated\">\n\t\t\t\t\t\t\t\t<div class=\"elementor-element elementor-element-10e285a elementor-widget elementor-widget-text-editor\" data-id=\"10e285a\" data-element_type=\"widget\" data-widget_type=\"text-editor.default\">\n\t\t\t\t<div class=\"elementor-widget-container\">\n\t\t\t\t\t\t\t<p style=\"text-align: center;\">\u00deessi Drekafluga l\u00e9t mig svitna vel og\u00a0 lengi \u00ed steikjandi hita \u00e1 eyju \u00ed Karab\u00edska hafinu \u00fear til h\u00fan lennti \u00e1 fr\u00e1b\u00e6rum sta\u00f0 fyrir myndat\u00f6ku\u00a0<br \/>Drekaflugur stoppa oftast mj\u00f6g stutt \u00e1 hverjum sta\u00f0 og \u00fev\u00ed oft erfitt a\u00f0 n\u00e1 af \u00feeim myndum\u00a0<br \/>\u00c9g n\u00e1\u00f0i 3 \u00f6\u00f0rum myndum en \u00fe\u00e6r blikna \u00ed samanbur\u00f0i vi\u00f0 \u00feessa og f\u00e1 \u00fev\u00ed ekki a\u00f0 vera me\u00f0\u00a0<br \/>\u00deetta er ein af m\u00ednum upp\u00e1halds skord\u00fdramyndum\u00a0<\/p>\t\t\t\t\t\t<\/div>\n\t\t\t\t<\/div>\n\t\t\t\t\t<\/div>\n\t\t<\/div>\n\t\t\t\t\t\t\t<\/div>\n\t\t<\/section>\n\t\t\t\t\t\t\t<\/div>\n\t\t","protected":false},"excerpt":{"rendered":"<p>Drekafluga \u00ed D\u00f3min\u00edska L\u00fd\u00f0veldinu\u00a0 \u00deessi Drekafluga l\u00e9t mig svitna vel og\u00a0 lengi \u00ed steikjandi hita \u00e1 eyju \u00ed Karab\u00edska hafinu \u00fear til h\u00fan lennti \u00e1 fr\u00e1b\u00e6rum sta\u00f0 fyrir myndat\u00f6ku\u00a0Drekaflugur stoppa oftast mj\u00f6g stutt \u00e1 hverjum sta\u00f0 og \u00fev\u00ed oft erfitt a\u00f0 n\u00e1 af \u00feeim myndum\u00a0\u00c9g n\u00e1\u00f0i 3 \u00f6\u00f0rum myndum en \u00fe\u00e6r blikna \u00ed samanbur\u00f0i vi\u00f0 &hellip;<\/p>\n<p class=\"read-more\"> <a class=\"\" href=\"https:\/\/www.fiskakallinn.is\/?page_id=3256\"> <span class=\"screen-reader-text\">Drekafluga Dominican<\/span> Read More &raquo;<\/a><\/p>\n","protected":false},"author":2,"featured_media":0,"parent":0,"menu_order":0,"comment_status":"closed","ping_status":"closed","template":"","meta":{"sfsi_plus_gutenberg_text_before_share":"","sfsi_plus_gutenberg_show_text_before_share":"","sfsi_plus_gutenberg_icon_type":"","sfsi_plus_gutenberg_icon_alignemt":"","sfsi_plus_gutenburg_max_per_row":"","site-sidebar-layout":"no-sidebar","site-content-layout":"page-builder","ast-main-header-display":"","ast-hfb-above-header-display":"","ast-hfb-below-header-display":"","ast-hfb-mobile-header-display":"","site-post-title":"disabled","ast-breadcrumbs-content":"","ast-featured-img":"disabled","footer-sml-layout":"","theme-transparent-header-meta":"","adv-header-id-meta":"","stick-header-meta":"","header-above-stick-meta":"","header-main-stick-meta":"","header-below-stick-meta":""},"_links":{"self":[{"href":"https:\/\/www.fiskakallinn.is\/index.php?rest_route=\/wp\/v2\/pages\/3256"}],"collection":[{"href":"https:\/\/www.fiskakallinn.is\/index.php?rest_route=\/wp\/v2\/pages"}],"about":[{"href":"https:\/\/www.fiskakallinn.is\/index.php?rest_route=\/wp\/v2\/types\/page"}],"author":[{"embeddable":true,"href":"https:\/\/www.fiskakallinn.is\/index.php?rest_route=\/wp\/v2\/users\/2"}],"replies":[{"embeddable":true,"href":"https:\/\/www.fiskakallinn.is\/index.php?rest_route=%2Fwp%2Fv2%2Fcomments&post=3256"}],"version-history":[{"count":3,"href":"https:\/\/www.fiskakallinn.is\/index.php?rest_route=\/wp\/v2\/pages\/3256\/revisions"}],"predecessor-version":[{"id":3259,"href":"https:\/\/www.fiskakallinn.is\/index.php?rest_route=\/wp\/v2\/pages\/3256\/revisions\/3259"}],"wp:attachment":[{"href":"https:\/\/www.fiskakallinn.is\/index.php?rest_route=%2Fwp%2Fv2%2Fmedia&parent=3256"}],"curies":[{"name":"wp","href":"https:\/\/api.w.org\/{rel}","templated":true}]}}