{"id":3758,"date":"2021-11-30T10:32:41","date_gmt":"2021-11-30T10:32:41","guid":{"rendered":"https:\/\/www.fiskakallinn.is\/?page_id=3758"},"modified":"2021-11-30T10:55:03","modified_gmt":"2021-11-30T10:55:03","slug":"labidochromis-caeruleus","status":"publish","type":"page","link":"https:\/\/www.fiskakallinn.is\/?page_id=3758","title":{"rendered":"Labidochromis caeruleus"},"content":{"rendered":"\t\t<div data-elementor-type=\"wp-page\" data-elementor-id=\"3758\" class=\"elementor elementor-3758\">\n\t\t\t\t\t\t\t\t\t<section class=\"elementor-section elementor-top-section elementor-element elementor-element-714ffb1 elementor-section-boxed elementor-section-height-default elementor-section-height-default\" data-id=\"714ffb1\" data-element_type=\"section\">\n\t\t\t\t\t\t<div class=\"elementor-container elementor-column-gap-default\">\n\t\t\t\t\t<div class=\"elementor-column elementor-col-100 elementor-top-column elementor-element elementor-element-afa197f\" data-id=\"afa197f\" data-element_type=\"column\">\n\t\t\t<div class=\"elementor-widget-wrap elementor-element-populated\">\n\t\t\t\t\t\t\t\t<div class=\"elementor-element elementor-element-365b33d elementor-widget elementor-widget-text-editor\" data-id=\"365b33d\" data-element_type=\"widget\" data-widget_type=\"text-editor.default\">\n\t\t\t\t<div class=\"elementor-widget-container\">\n\t\t\t\t\t\t\t<h2 style=\"text-align: center;\"><strong>Labidochromis caeruleus\u00a0<\/strong><\/h2>\t\t\t\t\t\t<\/div>\n\t\t\t\t<\/div>\n\t\t\t\t\t<\/div>\n\t\t<\/div>\n\t\t\t\t\t\t\t<\/div>\n\t\t<\/section>\n\t\t\t\t<section class=\"elementor-section elementor-top-section elementor-element elementor-element-d8e0c00 elementor-section-boxed elementor-section-height-default elementor-section-height-default\" data-id=\"d8e0c00\" data-element_type=\"section\">\n\t\t\t\t\t\t<div class=\"elementor-container elementor-column-gap-default\">\n\t\t\t\t\t<div class=\"elementor-column elementor-col-100 elementor-top-column elementor-element elementor-element-c2a73f6\" data-id=\"c2a73f6\" data-element_type=\"column\">\n\t\t\t<div class=\"elementor-widget-wrap elementor-element-populated\">\n\t\t\t\t\t\t\t\t<div class=\"elementor-element elementor-element-f12d545 elementor-widget elementor-widget-image\" data-id=\"f12d545\" data-element_type=\"widget\" data-widget_type=\"image.default\">\n\t\t\t\t<div class=\"elementor-widget-container\">\n\t\t\t\t\t\t\t\t\t\t\t\t\t\t\t<img width=\"1361\" height=\"964\" src=\"https:\/\/www.fiskakallinn.is\/wp-content\/uploads\/2021\/11\/Labidochromis-caeruleus-1.jpg\" class=\"attachment-full size-full\" alt=\"\" loading=\"lazy\" srcset=\"https:\/\/www.fiskakallinn.is\/wp-content\/uploads\/2021\/11\/Labidochromis-caeruleus-1.jpg 1361w, https:\/\/www.fiskakallinn.is\/wp-content\/uploads\/2021\/11\/Labidochromis-caeruleus-1-300x212.jpg 300w, https:\/\/www.fiskakallinn.is\/wp-content\/uploads\/2021\/11\/Labidochromis-caeruleus-1-1024x725.jpg 1024w, https:\/\/www.fiskakallinn.is\/wp-content\/uploads\/2021\/11\/Labidochromis-caeruleus-1-768x544.jpg 768w\" sizes=\"(max-width: 1361px) 100vw, 1361px\" \/>\t\t\t\t\t\t\t\t\t\t\t\t\t\t\t<\/div>\n\t\t\t\t<\/div>\n\t\t\t\t\t<\/div>\n\t\t<\/div>\n\t\t\t\t\t\t\t<\/div>\n\t\t<\/section>\n\t\t\t\t<section class=\"elementor-section elementor-top-section elementor-element elementor-element-1830580 elementor-section-boxed elementor-section-height-default elementor-section-height-default\" data-id=\"1830580\" data-element_type=\"section\">\n\t\t\t\t\t\t<div class=\"elementor-container elementor-column-gap-default\">\n\t\t\t\t\t<div class=\"elementor-column elementor-col-100 elementor-top-column elementor-element elementor-element-a6c1b0f\" data-id=\"a6c1b0f\" data-element_type=\"column\">\n\t\t\t<div class=\"elementor-widget-wrap elementor-element-populated\">\n\t\t\t\t\t\t\t\t<div class=\"elementor-element elementor-element-7351dc7 elementor-widget elementor-widget-text-editor\" data-id=\"7351dc7\" data-element_type=\"widget\" data-widget_type=\"text-editor.default\">\n\t\t\t\t<div class=\"elementor-widget-container\">\n\t\t\t\t\t\t\t<p style=\"text-align: center;\">\u00deessi tegund er \u00feekkt sem yellow lab og er ein s\u00fa vins\u00e6lasta fr\u00e1 Malawi vatni enda litsterk og frekar fri\u00f0s\u00f6m mi\u00f0a\u00f0 vi\u00f0 \u00fdmsar a\u00f0rar tegundir \u00far vatninu, \u00feetta er h\u00e6ngur sem er me\u00f0 a\u00f0eins oddhvassari ugga og oftast me\u00f0 svartari gotraufarugga en hrygnan, og stundum me\u00f0 st\u00e6rri eggjabletti allt eftir \u00fev\u00ed hva\u00f0an \u00ed vatninu hann er \u00e6tta\u00f0ur\u00a0<\/p>\t\t\t\t\t\t<\/div>\n\t\t\t\t<\/div>\n\t\t\t\t\t<\/div>\n\t\t<\/div>\n\t\t\t\t\t\t\t<\/div>\n\t\t<\/section>\n\t\t\t\t<section class=\"elementor-section elementor-top-section elementor-element elementor-element-97e87a5 elementor-section-boxed elementor-section-height-default elementor-section-height-default\" data-id=\"97e87a5\" data-element_type=\"section\">\n\t\t\t\t\t\t<div class=\"elementor-container elementor-column-gap-default\">\n\t\t\t\t\t<div class=\"elementor-column elementor-col-100 elementor-top-column elementor-element elementor-element-7afd6c9\" data-id=\"7afd6c9\" data-element_type=\"column\">\n\t\t\t<div class=\"elementor-widget-wrap elementor-element-populated\">\n\t\t\t\t\t\t\t\t<div class=\"elementor-element elementor-element-5b1aad6 elementor-widget elementor-widget-image\" data-id=\"5b1aad6\" data-element_type=\"widget\" data-widget_type=\"image.default\">\n\t\t\t\t<div class=\"elementor-widget-container\">\n\t\t\t\t\t\t\t\t\t\t\t\t\t\t\t<img width=\"1361\" height=\"964\" src=\"https:\/\/www.fiskakallinn.is\/wp-content\/uploads\/2021\/11\/Labidochromis-caeruleus-3.jpg\" class=\"attachment-full size-full\" alt=\"\" loading=\"lazy\" srcset=\"https:\/\/www.fiskakallinn.is\/wp-content\/uploads\/2021\/11\/Labidochromis-caeruleus-3.jpg 1361w, https:\/\/www.fiskakallinn.is\/wp-content\/uploads\/2021\/11\/Labidochromis-caeruleus-3-300x212.jpg 300w, https:\/\/www.fiskakallinn.is\/wp-content\/uploads\/2021\/11\/Labidochromis-caeruleus-3-1024x725.jpg 1024w, https:\/\/www.fiskakallinn.is\/wp-content\/uploads\/2021\/11\/Labidochromis-caeruleus-3-768x544.jpg 768w\" sizes=\"(max-width: 1361px) 100vw, 1361px\" \/>\t\t\t\t\t\t\t\t\t\t\t\t\t\t\t<\/div>\n\t\t\t\t<\/div>\n\t\t\t\t\t<\/div>\n\t\t<\/div>\n\t\t\t\t\t\t\t<\/div>\n\t\t<\/section>\n\t\t\t\t<section class=\"elementor-section elementor-top-section elementor-element elementor-element-8788ead elementor-section-boxed elementor-section-height-default elementor-section-height-default\" data-id=\"8788ead\" data-element_type=\"section\">\n\t\t\t\t\t\t<div class=\"elementor-container elementor-column-gap-default\">\n\t\t\t\t\t<div class=\"elementor-column elementor-col-100 elementor-top-column elementor-element elementor-element-0922a7e\" data-id=\"0922a7e\" data-element_type=\"column\">\n\t\t\t<div class=\"elementor-widget-wrap elementor-element-populated\">\n\t\t\t\t\t\t\t\t<div class=\"elementor-element elementor-element-70a1446 elementor-widget elementor-widget-text-editor\" data-id=\"70a1446\" data-element_type=\"widget\" data-widget_type=\"text-editor.default\">\n\t\t\t\t<div class=\"elementor-widget-container\">\n\t\t\t\t\t\t\t<p style=\"text-align: center;\">\u00deetta er hrygna sem er me\u00f0 fullan munn af hrognum e\u00f0a sei\u00f0um eftir \u00fev\u00ed hvar \u00e1 ferlinu h\u00fan er st\u00f6dd, \u00feessi er ekki me\u00f0 neinn svartan lit \u00e1 gotraufarugga en me\u00f0 einn eggjablett, s\u00ed\u00f0an er bakugginn me\u00f0 litla svarta r\u00f6nd eins og sum afbrig\u00f0i eru me\u00f0 en \u00feessi tegund finnst v\u00ed\u00f0a \u00ed Malawi vatni og er \u00fear \u00ed \u00fdmsum \u00fatg\u00e1fum \u00fat \u00ed hv\u00edtt og bl\u00e1tt en h\u00e9rlendis sj\u00e1um vi\u00f0 oftast bara gul afbrig\u00f0i\u00a0<\/p>\t\t\t\t\t\t<\/div>\n\t\t\t\t<\/div>\n\t\t\t\t\t<\/div>\n\t\t<\/div>\n\t\t\t\t\t\t\t<\/div>\n\t\t<\/section>\n\t\t\t\t<section class=\"elementor-section elementor-top-section elementor-element elementor-element-448c119 elementor-section-boxed elementor-section-height-default elementor-section-height-default\" data-id=\"448c119\" data-element_type=\"section\">\n\t\t\t\t\t\t<div class=\"elementor-container elementor-column-gap-default\">\n\t\t\t\t\t<div class=\"elementor-column elementor-col-100 elementor-top-column elementor-element elementor-element-3f4ff8e\" data-id=\"3f4ff8e\" data-element_type=\"column\">\n\t\t\t<div class=\"elementor-widget-wrap elementor-element-populated\">\n\t\t\t\t\t\t\t\t<div class=\"elementor-element elementor-element-803636c elementor-widget elementor-widget-image\" data-id=\"803636c\" data-element_type=\"widget\" data-widget_type=\"image.default\">\n\t\t\t\t<div class=\"elementor-widget-container\">\n\t\t\t\t\t\t\t\t\t\t\t\t\t\t\t<img width=\"1361\" height=\"964\" src=\"https:\/\/www.fiskakallinn.is\/wp-content\/uploads\/2021\/11\/Labidochromis-caeruleus-2.jpg\" class=\"attachment-full size-full\" alt=\"\" loading=\"lazy\" srcset=\"https:\/\/www.fiskakallinn.is\/wp-content\/uploads\/2021\/11\/Labidochromis-caeruleus-2.jpg 1361w, https:\/\/www.fiskakallinn.is\/wp-content\/uploads\/2021\/11\/Labidochromis-caeruleus-2-300x212.jpg 300w, https:\/\/www.fiskakallinn.is\/wp-content\/uploads\/2021\/11\/Labidochromis-caeruleus-2-1024x725.jpg 1024w, https:\/\/www.fiskakallinn.is\/wp-content\/uploads\/2021\/11\/Labidochromis-caeruleus-2-768x544.jpg 768w\" sizes=\"(max-width: 1361px) 100vw, 1361px\" \/>\t\t\t\t\t\t\t\t\t\t\t\t\t\t\t<\/div>\n\t\t\t\t<\/div>\n\t\t\t\t\t<\/div>\n\t\t<\/div>\n\t\t\t\t\t\t\t<\/div>\n\t\t<\/section>\n\t\t\t\t<section class=\"elementor-section elementor-top-section elementor-element elementor-element-9c413fc elementor-section-boxed elementor-section-height-default elementor-section-height-default\" data-id=\"9c413fc\" data-element_type=\"section\">\n\t\t\t\t\t\t<div class=\"elementor-container elementor-column-gap-default\">\n\t\t\t\t\t<div class=\"elementor-column elementor-col-100 elementor-top-column elementor-element elementor-element-cecd90d\" data-id=\"cecd90d\" data-element_type=\"column\">\n\t\t\t<div class=\"elementor-widget-wrap elementor-element-populated\">\n\t\t\t\t\t\t\t\t<div class=\"elementor-element elementor-element-60af3ac elementor-widget elementor-widget-text-editor\" data-id=\"60af3ac\" data-element_type=\"widget\" data-widget_type=\"text-editor.default\">\n\t\t\t\t<div class=\"elementor-widget-container\">\n\t\t\t\t\t\t\t<p style=\"text-align: center;\">\u00deessi hrygna sem er l\u00edka me\u00f0 fullan munninn ( &#8222;holding&#8220; nota enskum\u00e6landi \u00fej\u00f3\u00f0ir ) og ef vi\u00f0 sko\u00f0um bak og gotraufarugga \u00fe\u00e1 er h\u00fan me\u00f0 \u00feykka svarta r\u00f6nd \u00e1 \u00feeim b\u00e1\u00f0um eins og fiskar vi\u00f0 Mbowe eyju \u00ed Malawi en aldrei skal giska \u00e1 sta\u00f0 \u00fev\u00ed oft blandast afbrig\u00f0in saman \u00ed b\u00farum og geta liti\u00f0 \u00fat sem hreinr\u00e6ktu\u00f0 \u00fe\u00f3tt \u00feau s\u00e9u bl\u00f6ndu\u00f0 og fyrir lengra komna skiftir hreinleikinn oft miklu m\u00e1li \u00fe\u00f3tt a\u00f0eins s\u00e9 um bl\u00f6ndu af s\u00f6mu tegund um a\u00f0 r\u00e6\u00f0a\u00a0\u00a0<\/p>\t\t\t\t\t\t<\/div>\n\t\t\t\t<\/div>\n\t\t\t\t\t<\/div>\n\t\t<\/div>\n\t\t\t\t\t\t\t<\/div>\n\t\t<\/section>\n\t\t\t\t<section class=\"elementor-section elementor-top-section elementor-element elementor-element-c128812 elementor-section-boxed elementor-section-height-default elementor-section-height-default\" data-id=\"c128812\" data-element_type=\"section\">\n\t\t\t\t\t\t<div class=\"elementor-container elementor-column-gap-default\">\n\t\t\t\t\t<div class=\"elementor-column elementor-col-100 elementor-top-column elementor-element elementor-element-48e1488\" data-id=\"48e1488\" data-element_type=\"column\">\n\t\t\t<div class=\"elementor-widget-wrap elementor-element-populated\">\n\t\t\t\t\t\t\t\t<div class=\"elementor-element elementor-element-6d952d0 elementor-widget elementor-widget-image\" data-id=\"6d952d0\" data-element_type=\"widget\" data-widget_type=\"image.default\">\n\t\t\t\t<div class=\"elementor-widget-container\">\n\t\t\t\t\t\t\t\t\t\t\t\t\t\t\t<img width=\"1361\" height=\"964\" src=\"https:\/\/www.fiskakallinn.is\/wp-content\/uploads\/2021\/11\/Labidochromis-caeruleus-4.jpg\" class=\"attachment-full size-full\" alt=\"\" loading=\"lazy\" srcset=\"https:\/\/www.fiskakallinn.is\/wp-content\/uploads\/2021\/11\/Labidochromis-caeruleus-4.jpg 1361w, https:\/\/www.fiskakallinn.is\/wp-content\/uploads\/2021\/11\/Labidochromis-caeruleus-4-300x212.jpg 300w, https:\/\/www.fiskakallinn.is\/wp-content\/uploads\/2021\/11\/Labidochromis-caeruleus-4-1024x725.jpg 1024w, https:\/\/www.fiskakallinn.is\/wp-content\/uploads\/2021\/11\/Labidochromis-caeruleus-4-768x544.jpg 768w\" sizes=\"(max-width: 1361px) 100vw, 1361px\" \/>\t\t\t\t\t\t\t\t\t\t\t\t\t\t\t<\/div>\n\t\t\t\t<\/div>\n\t\t\t\t\t<\/div>\n\t\t<\/div>\n\t\t\t\t\t\t\t<\/div>\n\t\t<\/section>\n\t\t\t\t<section class=\"elementor-section elementor-top-section elementor-element elementor-element-a221ea5 elementor-section-boxed elementor-section-height-default elementor-section-height-default\" data-id=\"a221ea5\" data-element_type=\"section\">\n\t\t\t\t\t\t<div class=\"elementor-container elementor-column-gap-default\">\n\t\t\t\t\t<div class=\"elementor-column elementor-col-100 elementor-top-column elementor-element elementor-element-7c6cb72\" data-id=\"7c6cb72\" data-element_type=\"column\">\n\t\t\t<div class=\"elementor-widget-wrap elementor-element-populated\">\n\t\t\t\t\t\t\t\t<div class=\"elementor-element elementor-element-8fa3173 elementor-widget elementor-widget-text-editor\" data-id=\"8fa3173\" data-element_type=\"widget\" data-widget_type=\"text-editor.default\">\n\t\t\t\t<div class=\"elementor-widget-container\">\n\t\t\t\t\t\t\t<p style=\"text-align: center;\">Tveir ung fiskar \u00fear sem annar \u00feeirra er albino e\u00f0a lutino \u00fear sem hann er me\u00f0 gula litinn. \u00fea\u00f0 er eins me\u00f0 \u00feessa tegund og a\u00f0rar a\u00f0 af og til kemur upp albino sem sjaldnast n\u00e6r a\u00f0 lifa \u00ed n\u00e1tt\u00farunni en \u00ed b\u00farum er h\u00e6gt a\u00f0 koma \u00feeim upp og me\u00f0 a\u00f0 r\u00e6kta undan honum tvo \u00e6ttli\u00f0i er h\u00e6gt a\u00f0 f\u00e1 fleiri albino\u00a0<br \/>Fyrir \u00fe\u00e1 sem setja upp sitt fyrsta Malawi mbuna b\u00far \u00fe\u00e1 er \u00feetta r\u00e9tta tegundin til a\u00f0 byrja me\u00f0\u00a0<\/p>\t\t\t\t\t\t<\/div>\n\t\t\t\t<\/div>\n\t\t\t\t\t<\/div>\n\t\t<\/div>\n\t\t\t\t\t\t\t<\/div>\n\t\t<\/section>\n\t\t\t\t\t\t\t<\/div>\n\t\t","protected":false},"excerpt":{"rendered":"<p>Labidochromis caeruleus\u00a0 \u00deessi tegund er \u00feekkt sem yellow lab og er ein s\u00fa vins\u00e6lasta fr\u00e1 Malawi vatni enda litsterk og frekar fri\u00f0s\u00f6m mi\u00f0a\u00f0 vi\u00f0 \u00fdmsar a\u00f0rar tegundir \u00far vatninu, \u00feetta er h\u00e6ngur sem er me\u00f0 a\u00f0eins oddhvassari ugga og oftast me\u00f0 svartari gotraufarugga en hrygnan, og stundum me\u00f0 st\u00e6rri eggjabletti allt eftir \u00fev\u00ed hva\u00f0an \u00ed &hellip;<\/p>\n<p class=\"read-more\"> <a class=\"\" href=\"https:\/\/www.fiskakallinn.is\/?page_id=3758\"> <span class=\"screen-reader-text\">Labidochromis caeruleus<\/span> Read More &raquo;<\/a><\/p>\n","protected":false},"author":2,"featured_media":0,"parent":0,"menu_order":0,"comment_status":"closed","ping_status":"closed","template":"","meta":{"sfsi_plus_gutenberg_text_before_share":"","sfsi_plus_gutenberg_show_text_before_share":"","sfsi_plus_gutenberg_icon_type":"","sfsi_plus_gutenberg_icon_alignemt":"","sfsi_plus_gutenburg_max_per_row":"","site-sidebar-layout":"no-sidebar","site-content-layout":"page-builder","ast-main-header-display":"","ast-hfb-above-header-display":"","ast-hfb-below-header-display":"","ast-hfb-mobile-header-display":"","site-post-title":"disabled","ast-breadcrumbs-content":"","ast-featured-img":"disabled","footer-sml-layout":"","theme-transparent-header-meta":"","adv-header-id-meta":"","stick-header-meta":"","header-above-stick-meta":"","header-main-stick-meta":"","header-below-stick-meta":""},"_links":{"self":[{"href":"https:\/\/www.fiskakallinn.is\/index.php?rest_route=\/wp\/v2\/pages\/3758"}],"collection":[{"href":"https:\/\/www.fiskakallinn.is\/index.php?rest_route=\/wp\/v2\/pages"}],"about":[{"href":"https:\/\/www.fiskakallinn.is\/index.php?rest_route=\/wp\/v2\/types\/page"}],"author":[{"embeddable":true,"href":"https:\/\/www.fiskakallinn.is\/index.php?rest_route=\/wp\/v2\/users\/2"}],"replies":[{"embeddable":true,"href":"https:\/\/www.fiskakallinn.is\/index.php?rest_route=%2Fwp%2Fv2%2Fcomments&post=3758"}],"version-history":[{"count":3,"href":"https:\/\/www.fiskakallinn.is\/index.php?rest_route=\/wp\/v2\/pages\/3758\/revisions"}],"predecessor-version":[{"id":3765,"href":"https:\/\/www.fiskakallinn.is\/index.php?rest_route=\/wp\/v2\/pages\/3758\/revisions\/3765"}],"wp:attachment":[{"href":"https:\/\/www.fiskakallinn.is\/index.php?rest_route=%2Fwp%2Fv2%2Fmedia&parent=3758"}],"curies":[{"name":"wp","href":"https:\/\/api.w.org\/{rel}","templated":true}]}}