{"id":3859,"date":"2021-12-01T23:38:15","date_gmt":"2021-12-01T23:38:15","guid":{"rendered":"https:\/\/www.fiskakallinn.is\/?page_id=3859"},"modified":"2021-12-01T23:51:47","modified_gmt":"2021-12-01T23:51:47","slug":"skjaldbokur-phrynops-hilarii","status":"publish","type":"page","link":"https:\/\/www.fiskakallinn.is\/?page_id=3859","title":{"rendered":"skjaldb\u00f6kur Phrynops hilarii"},"content":{"rendered":"\t\t<div data-elementor-type=\"wp-page\" data-elementor-id=\"3859\" class=\"elementor elementor-3859\">\n\t\t\t\t\t\t\t\t\t<section class=\"elementor-section elementor-top-section elementor-element elementor-element-1ecf867 elementor-section-boxed elementor-section-height-default elementor-section-height-default\" data-id=\"1ecf867\" data-element_type=\"section\">\n\t\t\t\t\t\t<div class=\"elementor-container elementor-column-gap-default\">\n\t\t\t\t\t<div class=\"elementor-column elementor-col-100 elementor-top-column elementor-element elementor-element-d3aec1c\" data-id=\"d3aec1c\" data-element_type=\"column\">\n\t\t\t<div class=\"elementor-widget-wrap elementor-element-populated\">\n\t\t\t\t\t\t\t\t<div class=\"elementor-element elementor-element-229f621 elementor-widget elementor-widget-text-editor\" data-id=\"229f621\" data-element_type=\"widget\" data-widget_type=\"text-editor.default\">\n\t\t\t\t<div class=\"elementor-widget-container\">\n\t\t\t\t\t\t\t<h2 style=\"text-align: center;\"><strong>Phrynops hilarii<\/strong><\/h2>\t\t\t\t\t\t<\/div>\n\t\t\t\t<\/div>\n\t\t\t\t\t<\/div>\n\t\t<\/div>\n\t\t\t\t\t\t\t<\/div>\n\t\t<\/section>\n\t\t\t\t<section class=\"elementor-section elementor-top-section elementor-element elementor-element-52763d3 elementor-section-boxed elementor-section-height-default elementor-section-height-default\" data-id=\"52763d3\" data-element_type=\"section\">\n\t\t\t\t\t\t<div class=\"elementor-container elementor-column-gap-default\">\n\t\t\t\t\t<div class=\"elementor-column elementor-col-100 elementor-top-column elementor-element elementor-element-082d211\" data-id=\"082d211\" data-element_type=\"column\">\n\t\t\t<div class=\"elementor-widget-wrap elementor-element-populated\">\n\t\t\t\t\t\t\t\t<div class=\"elementor-element elementor-element-c6f96b4 elementor-widget elementor-widget-image\" data-id=\"c6f96b4\" data-element_type=\"widget\" data-widget_type=\"image.default\">\n\t\t\t\t<div class=\"elementor-widget-container\">\n\t\t\t\t\t\t\t\t\t\t\t\t\t\t\t<img width=\"1361\" height=\"964\" src=\"https:\/\/www.fiskakallinn.is\/wp-content\/uploads\/2021\/12\/Phrynops-hilarii-1.jpg\" class=\"attachment-full size-full\" alt=\"\" loading=\"lazy\" srcset=\"https:\/\/www.fiskakallinn.is\/wp-content\/uploads\/2021\/12\/Phrynops-hilarii-1.jpg 1361w, https:\/\/www.fiskakallinn.is\/wp-content\/uploads\/2021\/12\/Phrynops-hilarii-1-300x212.jpg 300w, https:\/\/www.fiskakallinn.is\/wp-content\/uploads\/2021\/12\/Phrynops-hilarii-1-1024x725.jpg 1024w, https:\/\/www.fiskakallinn.is\/wp-content\/uploads\/2021\/12\/Phrynops-hilarii-1-768x544.jpg 768w\" sizes=\"(max-width: 1361px) 100vw, 1361px\" \/>\t\t\t\t\t\t\t\t\t\t\t\t\t\t\t<\/div>\n\t\t\t\t<\/div>\n\t\t\t\t\t<\/div>\n\t\t<\/div>\n\t\t\t\t\t\t\t<\/div>\n\t\t<\/section>\n\t\t\t\t<section class=\"elementor-section elementor-top-section elementor-element elementor-element-0c7954a elementor-section-boxed elementor-section-height-default elementor-section-height-default\" data-id=\"0c7954a\" data-element_type=\"section\">\n\t\t\t\t\t\t<div class=\"elementor-container elementor-column-gap-default\">\n\t\t\t\t\t<div class=\"elementor-column elementor-col-100 elementor-top-column elementor-element elementor-element-0fa0c01\" data-id=\"0fa0c01\" data-element_type=\"column\">\n\t\t\t<div class=\"elementor-widget-wrap elementor-element-populated\">\n\t\t\t\t\t\t\t\t<div class=\"elementor-element elementor-element-c7aeda0 elementor-widget elementor-widget-text-editor\" data-id=\"c7aeda0\" data-element_type=\"widget\" data-widget_type=\"text-editor.default\">\n\t\t\t\t<div class=\"elementor-widget-container\">\n\t\t\t\t\t\t\t<p style=\"text-align: center;\">\u00deegar Ken vinur minn kalla\u00f0i \u00ed mi\u00f0ri vei\u00f0ifer\u00f0 \u00ed \u00dar\u00fagv\u00e6 a\u00f0 hann hef\u00f0i sett \u00ed st\u00f3ran fisk sem erfitt v\u00e6ri a\u00f0 draga inn ur\u00f0um vi\u00f0 spenntir a\u00f0 sj\u00e1 hva\u00f0 k\u00e6mi \u00e1 land en \u00feegar skjaldbaka birtist ur\u00f0um vi\u00f0 meira hissa en spenntir \u00ed fyrstu\u00a0<\/p>\t\t\t\t\t\t<\/div>\n\t\t\t\t<\/div>\n\t\t\t\t\t<\/div>\n\t\t<\/div>\n\t\t\t\t\t\t\t<\/div>\n\t\t<\/section>\n\t\t\t\t<section class=\"elementor-section elementor-top-section elementor-element elementor-element-2ebfca5 elementor-section-boxed elementor-section-height-default elementor-section-height-default\" data-id=\"2ebfca5\" data-element_type=\"section\">\n\t\t\t\t\t\t<div class=\"elementor-container elementor-column-gap-default\">\n\t\t\t\t\t<div class=\"elementor-column elementor-col-100 elementor-top-column elementor-element elementor-element-8748f94\" data-id=\"8748f94\" data-element_type=\"column\">\n\t\t\t<div class=\"elementor-widget-wrap elementor-element-populated\">\n\t\t\t\t\t\t\t\t<div class=\"elementor-element elementor-element-dad8acb elementor-widget elementor-widget-image\" data-id=\"dad8acb\" data-element_type=\"widget\" data-widget_type=\"image.default\">\n\t\t\t\t<div class=\"elementor-widget-container\">\n\t\t\t\t\t\t\t\t\t\t\t\t\t\t\t<img width=\"1361\" height=\"964\" src=\"https:\/\/www.fiskakallinn.is\/wp-content\/uploads\/2021\/12\/Phrynops-hilarii-2.jpg\" class=\"attachment-full size-full\" alt=\"\" loading=\"lazy\" srcset=\"https:\/\/www.fiskakallinn.is\/wp-content\/uploads\/2021\/12\/Phrynops-hilarii-2.jpg 1361w, https:\/\/www.fiskakallinn.is\/wp-content\/uploads\/2021\/12\/Phrynops-hilarii-2-300x212.jpg 300w, https:\/\/www.fiskakallinn.is\/wp-content\/uploads\/2021\/12\/Phrynops-hilarii-2-1024x725.jpg 1024w, https:\/\/www.fiskakallinn.is\/wp-content\/uploads\/2021\/12\/Phrynops-hilarii-2-768x544.jpg 768w\" sizes=\"(max-width: 1361px) 100vw, 1361px\" \/>\t\t\t\t\t\t\t\t\t\t\t\t\t\t\t<\/div>\n\t\t\t\t<\/div>\n\t\t\t\t\t<\/div>\n\t\t<\/div>\n\t\t\t\t\t\t\t<\/div>\n\t\t<\/section>\n\t\t\t\t<section class=\"elementor-section elementor-top-section elementor-element elementor-element-1e9d776 elementor-section-boxed elementor-section-height-default elementor-section-height-default\" data-id=\"1e9d776\" data-element_type=\"section\">\n\t\t\t\t\t\t<div class=\"elementor-container elementor-column-gap-default\">\n\t\t\t\t\t<div class=\"elementor-column elementor-col-100 elementor-top-column elementor-element elementor-element-fca2ecc\" data-id=\"fca2ecc\" data-element_type=\"column\">\n\t\t\t<div class=\"elementor-widget-wrap elementor-element-populated\">\n\t\t\t\t\t\t\t\t<div class=\"elementor-element elementor-element-d4f15a6 elementor-widget elementor-widget-text-editor\" data-id=\"d4f15a6\" data-element_type=\"widget\" data-widget_type=\"text-editor.default\">\n\t\t\t\t<div class=\"elementor-widget-container\">\n\t\t\t\t\t\t\t<p style=\"text-align: center;\">\u00deetta reyndist vera Phrynops hilarii sem finnst \u00ed \u00dar\u00fagv\u00e6 og Brasil\u00edu sunnanlega, sem vi\u00f0 getum sta\u00f0fest \u00fev\u00ed \u00feessi \u00e1 sem vi\u00f0 veiddum \u00ed er \u00ed raun landam\u00e6ri \u00feessa tveggja landa, einnig finnst h\u00fan \u00ed Argent\u00ednu\u00a0<\/p>\t\t\t\t\t\t<\/div>\n\t\t\t\t<\/div>\n\t\t\t\t\t<\/div>\n\t\t<\/div>\n\t\t\t\t\t\t\t<\/div>\n\t\t<\/section>\n\t\t\t\t<section class=\"elementor-section elementor-top-section elementor-element elementor-element-a390e88 elementor-section-boxed elementor-section-height-default elementor-section-height-default\" data-id=\"a390e88\" data-element_type=\"section\">\n\t\t\t\t\t\t<div class=\"elementor-container elementor-column-gap-default\">\n\t\t\t\t\t<div class=\"elementor-column elementor-col-100 elementor-top-column elementor-element elementor-element-2221e4f\" data-id=\"2221e4f\" data-element_type=\"column\">\n\t\t\t<div class=\"elementor-widget-wrap elementor-element-populated\">\n\t\t\t\t\t\t\t\t<div class=\"elementor-element elementor-element-99fbbc2 elementor-widget elementor-widget-image\" data-id=\"99fbbc2\" data-element_type=\"widget\" data-widget_type=\"image.default\">\n\t\t\t\t<div class=\"elementor-widget-container\">\n\t\t\t\t\t\t\t\t\t\t\t\t\t\t\t<img width=\"1361\" height=\"964\" src=\"https:\/\/www.fiskakallinn.is\/wp-content\/uploads\/2021\/12\/Phrynops-hilarii-4.jpg\" class=\"attachment-full size-full\" alt=\"\" loading=\"lazy\" srcset=\"https:\/\/www.fiskakallinn.is\/wp-content\/uploads\/2021\/12\/Phrynops-hilarii-4.jpg 1361w, https:\/\/www.fiskakallinn.is\/wp-content\/uploads\/2021\/12\/Phrynops-hilarii-4-300x212.jpg 300w, https:\/\/www.fiskakallinn.is\/wp-content\/uploads\/2021\/12\/Phrynops-hilarii-4-1024x725.jpg 1024w, https:\/\/www.fiskakallinn.is\/wp-content\/uploads\/2021\/12\/Phrynops-hilarii-4-768x544.jpg 768w\" sizes=\"(max-width: 1361px) 100vw, 1361px\" \/>\t\t\t\t\t\t\t\t\t\t\t\t\t\t\t<\/div>\n\t\t\t\t<\/div>\n\t\t\t\t\t<\/div>\n\t\t<\/div>\n\t\t\t\t\t\t\t<\/div>\n\t\t<\/section>\n\t\t\t\t<section class=\"elementor-section elementor-top-section elementor-element elementor-element-32a1d76 elementor-section-boxed elementor-section-height-default elementor-section-height-default\" data-id=\"32a1d76\" data-element_type=\"section\">\n\t\t\t\t\t\t<div class=\"elementor-container elementor-column-gap-default\">\n\t\t\t\t\t<div class=\"elementor-column elementor-col-100 elementor-top-column elementor-element elementor-element-fe5561d\" data-id=\"fe5561d\" data-element_type=\"column\">\n\t\t\t<div class=\"elementor-widget-wrap elementor-element-populated\">\n\t\t\t\t\t\t\t\t<div class=\"elementor-element elementor-element-321c664 elementor-widget elementor-widget-text-editor\" data-id=\"321c664\" data-element_type=\"widget\" data-widget_type=\"text-editor.default\">\n\t\t\t\t<div class=\"elementor-widget-container\">\n\t\t\t\t\t\t\t<p style=\"text-align: center;\">\u00deessi tegund ver\u00f0ur um 40 cm og er al\u00e6ta, sv\u00f6rt r\u00f6nd gengur \u00ed gegn um auga\u00f0 \u00e1 \u00feeim og gefur \u00feeim skemmtilegt \u00fatlit\u00a0<\/p>\t\t\t\t\t\t<\/div>\n\t\t\t\t<\/div>\n\t\t\t\t\t<\/div>\n\t\t<\/div>\n\t\t\t\t\t\t\t<\/div>\n\t\t<\/section>\n\t\t\t\t<section class=\"elementor-section elementor-top-section elementor-element elementor-element-81f6029 elementor-section-boxed elementor-section-height-default elementor-section-height-default\" data-id=\"81f6029\" data-element_type=\"section\">\n\t\t\t\t\t\t<div class=\"elementor-container elementor-column-gap-default\">\n\t\t\t\t\t<div class=\"elementor-column elementor-col-100 elementor-top-column elementor-element elementor-element-f611791\" data-id=\"f611791\" data-element_type=\"column\">\n\t\t\t<div class=\"elementor-widget-wrap elementor-element-populated\">\n\t\t\t\t\t\t\t\t<div class=\"elementor-element elementor-element-d7d6656 elementor-widget elementor-widget-image\" data-id=\"d7d6656\" data-element_type=\"widget\" data-widget_type=\"image.default\">\n\t\t\t\t<div class=\"elementor-widget-container\">\n\t\t\t\t\t\t\t\t\t\t\t\t\t\t\t<img width=\"1361\" height=\"964\" src=\"https:\/\/www.fiskakallinn.is\/wp-content\/uploads\/2021\/12\/Phrynops-hilarii-5.jpg\" class=\"attachment-full size-full\" alt=\"\" loading=\"lazy\" srcset=\"https:\/\/www.fiskakallinn.is\/wp-content\/uploads\/2021\/12\/Phrynops-hilarii-5.jpg 1361w, https:\/\/www.fiskakallinn.is\/wp-content\/uploads\/2021\/12\/Phrynops-hilarii-5-300x212.jpg 300w, https:\/\/www.fiskakallinn.is\/wp-content\/uploads\/2021\/12\/Phrynops-hilarii-5-1024x725.jpg 1024w, https:\/\/www.fiskakallinn.is\/wp-content\/uploads\/2021\/12\/Phrynops-hilarii-5-768x544.jpg 768w\" sizes=\"(max-width: 1361px) 100vw, 1361px\" \/>\t\t\t\t\t\t\t\t\t\t\t\t\t\t\t<\/div>\n\t\t\t\t<\/div>\n\t\t\t\t\t<\/div>\n\t\t<\/div>\n\t\t\t\t\t\t\t<\/div>\n\t\t<\/section>\n\t\t\t\t<section class=\"elementor-section elementor-top-section elementor-element elementor-element-cd74497 elementor-section-boxed elementor-section-height-default elementor-section-height-default\" data-id=\"cd74497\" data-element_type=\"section\">\n\t\t\t\t\t\t<div class=\"elementor-container elementor-column-gap-default\">\n\t\t\t\t\t<div class=\"elementor-column elementor-col-100 elementor-top-column elementor-element elementor-element-e57931b\" data-id=\"e57931b\" data-element_type=\"column\">\n\t\t\t<div class=\"elementor-widget-wrap elementor-element-populated\">\n\t\t\t\t\t\t\t\t<div class=\"elementor-element elementor-element-f9b5aa3 elementor-widget elementor-widget-text-editor\" data-id=\"f9b5aa3\" data-element_type=\"widget\" data-widget_type=\"text-editor.default\">\n\t\t\t\t<div class=\"elementor-widget-container\">\n\t\t\t\t\t\t\t<p style=\"text-align: center;\">\u00deetta er karld\u00fdr sag\u00f0i\u00a0 Felipe sem var okkar lei\u00f0s\u00f6guma\u00f0ur \u00feegar hann sneri henni vi\u00f0, hvernig hann s\u00e1 \u00fea\u00f0 veit \u00e9g ekki og \u00fear sem \u00e9g spur\u00f0i hann ekki \u00fat \u00ed \u00feetta \u00fe\u00e1 er \u00e9g\u00a0 ekki h\u00e6fur til a\u00f0 kyngreina \u00feessa tegund ef \u00e9g vei\u00f0i hana s\u00ed\u00f0ar\u00a0<\/p>\t\t\t\t\t\t<\/div>\n\t\t\t\t<\/div>\n\t\t\t\t\t<\/div>\n\t\t<\/div>\n\t\t\t\t\t\t\t<\/div>\n\t\t<\/section>\n\t\t\t\t<section class=\"elementor-section elementor-top-section elementor-element elementor-element-1d8ff3a elementor-section-boxed elementor-section-height-default elementor-section-height-default\" data-id=\"1d8ff3a\" data-element_type=\"section\">\n\t\t\t\t\t\t<div class=\"elementor-container elementor-column-gap-default\">\n\t\t\t\t\t<div class=\"elementor-column elementor-col-100 elementor-top-column elementor-element elementor-element-a479c88\" data-id=\"a479c88\" data-element_type=\"column\">\n\t\t\t<div class=\"elementor-widget-wrap elementor-element-populated\">\n\t\t\t\t\t\t\t\t<div class=\"elementor-element elementor-element-5cac7a0 elementor-widget elementor-widget-image\" data-id=\"5cac7a0\" data-element_type=\"widget\" data-widget_type=\"image.default\">\n\t\t\t\t<div class=\"elementor-widget-container\">\n\t\t\t\t\t\t\t\t\t\t\t\t\t\t\t<img width=\"1361\" height=\"964\" src=\"https:\/\/www.fiskakallinn.is\/wp-content\/uploads\/2021\/12\/Phrynops-hilarii-3.jpg\" class=\"attachment-full size-full\" alt=\"\" loading=\"lazy\" srcset=\"https:\/\/www.fiskakallinn.is\/wp-content\/uploads\/2021\/12\/Phrynops-hilarii-3.jpg 1361w, https:\/\/www.fiskakallinn.is\/wp-content\/uploads\/2021\/12\/Phrynops-hilarii-3-300x212.jpg 300w, https:\/\/www.fiskakallinn.is\/wp-content\/uploads\/2021\/12\/Phrynops-hilarii-3-1024x725.jpg 1024w, https:\/\/www.fiskakallinn.is\/wp-content\/uploads\/2021\/12\/Phrynops-hilarii-3-768x544.jpg 768w\" sizes=\"(max-width: 1361px) 100vw, 1361px\" \/>\t\t\t\t\t\t\t\t\t\t\t\t\t\t\t<\/div>\n\t\t\t\t<\/div>\n\t\t\t\t\t<\/div>\n\t\t<\/div>\n\t\t\t\t\t\t\t<\/div>\n\t\t<\/section>\n\t\t\t\t<section class=\"elementor-section elementor-top-section elementor-element elementor-element-8b35586 elementor-section-boxed elementor-section-height-default elementor-section-height-default\" data-id=\"8b35586\" data-element_type=\"section\">\n\t\t\t\t\t\t<div class=\"elementor-container elementor-column-gap-default\">\n\t\t\t\t\t<div class=\"elementor-column elementor-col-100 elementor-top-column elementor-element elementor-element-618ea89\" data-id=\"618ea89\" data-element_type=\"column\">\n\t\t\t<div class=\"elementor-widget-wrap elementor-element-populated\">\n\t\t\t\t\t\t\t\t<div class=\"elementor-element elementor-element-3a6d2fa elementor-widget elementor-widget-text-editor\" data-id=\"3a6d2fa\" data-element_type=\"widget\" data-widget_type=\"text-editor.default\">\n\t\t\t\t<div class=\"elementor-widget-container\">\n\t\t\t\t\t\t\t<p style=\"text-align: center;\">Ekki veit \u00e9g hva\u00f0a nafn er nota\u00f0 um \u00feessa tvo spotta sem hanga ne\u00f0an \u00far hausnum \u00e1 \u00feessari tegund, sem g\u00e6tu n\u00fdst eins og skynjari \u00ed myrkri e\u00f0a til a\u00f0 finna fyrir krabbad\u00fdrum \u00e1 botninum en \u00f6\u00f0ruv\u00edsi eru \u00feeir en ma\u00f0ur er vanur\u00a0<br \/>Felipe sem fyrir skemmtilega tilviljun \u00e1tti afm\u00e6li \u00feennan dag og vanta\u00f0i karld\u00fdr af \u00feessari tegund fyrir tv\u00e6r d\u00f6mur sem hann \u00e1tti heima hj\u00e1 s\u00e9r \u00ed Salinas \u00ed \u00dar\u00fagv\u00e6 t\u00f3k hann me\u00f0 s\u00e9r heim \u00ed von um a\u00f0 geta fj\u00f6lga\u00f0 tegundinni\u00a0<\/p>\t\t\t\t\t\t<\/div>\n\t\t\t\t<\/div>\n\t\t\t\t\t<\/div>\n\t\t<\/div>\n\t\t\t\t\t\t\t<\/div>\n\t\t<\/section>\n\t\t\t\t\t\t\t<\/div>\n\t\t","protected":false},"excerpt":{"rendered":"<p>Phrynops hilarii \u00deegar Ken vinur minn kalla\u00f0i \u00ed mi\u00f0ri vei\u00f0ifer\u00f0 \u00ed \u00dar\u00fagv\u00e6 a\u00f0 hann hef\u00f0i sett \u00ed st\u00f3ran fisk sem erfitt v\u00e6ri a\u00f0 draga inn ur\u00f0um vi\u00f0 spenntir a\u00f0 sj\u00e1 hva\u00f0 k\u00e6mi \u00e1 land en \u00feegar skjaldbaka birtist ur\u00f0um vi\u00f0 meira hissa en spenntir \u00ed fyrstu\u00a0 \u00deetta reyndist vera Phrynops hilarii sem finnst \u00ed \u00dar\u00fagv\u00e6 &hellip;<\/p>\n<p class=\"read-more\"> <a class=\"\" href=\"https:\/\/www.fiskakallinn.is\/?page_id=3859\"> <span class=\"screen-reader-text\">skjaldb\u00f6kur Phrynops hilarii<\/span> Read More &raquo;<\/a><\/p>\n","protected":false},"author":2,"featured_media":0,"parent":0,"menu_order":0,"comment_status":"closed","ping_status":"closed","template":"","meta":{"sfsi_plus_gutenberg_text_before_share":"","sfsi_plus_gutenberg_show_text_before_share":"","sfsi_plus_gutenberg_icon_type":"","sfsi_plus_gutenberg_icon_alignemt":"","sfsi_plus_gutenburg_max_per_row":"","site-sidebar-layout":"no-sidebar","site-content-layout":"page-builder","ast-main-header-display":"","ast-hfb-above-header-display":"","ast-hfb-below-header-display":"","ast-hfb-mobile-header-display":"","site-post-title":"disabled","ast-breadcrumbs-content":"","ast-featured-img":"disabled","footer-sml-layout":"","theme-transparent-header-meta":"","adv-header-id-meta":"","stick-header-meta":"","header-above-stick-meta":"","header-main-stick-meta":"","header-below-stick-meta":""},"_links":{"self":[{"href":"https:\/\/www.fiskakallinn.is\/index.php?rest_route=\/wp\/v2\/pages\/3859"}],"collection":[{"href":"https:\/\/www.fiskakallinn.is\/index.php?rest_route=\/wp\/v2\/pages"}],"about":[{"href":"https:\/\/www.fiskakallinn.is\/index.php?rest_route=\/wp\/v2\/types\/page"}],"author":[{"embeddable":true,"href":"https:\/\/www.fiskakallinn.is\/index.php?rest_route=\/wp\/v2\/users\/2"}],"replies":[{"embeddable":true,"href":"https:\/\/www.fiskakallinn.is\/index.php?rest_route=%2Fwp%2Fv2%2Fcomments&post=3859"}],"version-history":[{"count":6,"href":"https:\/\/www.fiskakallinn.is\/index.php?rest_route=\/wp\/v2\/pages\/3859\/revisions"}],"predecessor-version":[{"id":3869,"href":"https:\/\/www.fiskakallinn.is\/index.php?rest_route=\/wp\/v2\/pages\/3859\/revisions\/3869"}],"wp:attachment":[{"href":"https:\/\/www.fiskakallinn.is\/index.php?rest_route=%2Fwp%2Fv2%2Fmedia&parent=3859"}],"curies":[{"name":"wp","href":"https:\/\/api.w.org\/{rel}","templated":true}]}}