{"id":4034,"date":"2021-12-04T20:18:28","date_gmt":"2021-12-04T20:18:28","guid":{"rendered":"https:\/\/www.fiskakallinn.is\/?page_id=4034"},"modified":"2021-12-05T12:38:50","modified_gmt":"2021-12-05T12:38:50","slug":"heimsokn-jo","status":"publish","type":"page","link":"https:\/\/www.fiskakallinn.is\/?page_id=4034","title":{"rendered":"Heims\u00f3kn Jo"},"content":{"rendered":"\t\t<div data-elementor-type=\"wp-page\" data-elementor-id=\"4034\" class=\"elementor elementor-4034\">\n\t\t\t\t\t\t\t\t\t<section class=\"elementor-section elementor-top-section elementor-element elementor-element-c6ba297 elementor-section-boxed elementor-section-height-default elementor-section-height-default\" data-id=\"c6ba297\" data-element_type=\"section\">\n\t\t\t\t\t\t<div class=\"elementor-container elementor-column-gap-default\">\n\t\t\t\t\t<div class=\"elementor-column elementor-col-100 elementor-top-column elementor-element elementor-element-1a544a4\" data-id=\"1a544a4\" data-element_type=\"column\">\n\t\t\t<div class=\"elementor-widget-wrap elementor-element-populated\">\n\t\t\t\t\t\t\t\t<div class=\"elementor-element elementor-element-1791959 elementor-widget elementor-widget-text-editor\" data-id=\"1791959\" data-element_type=\"widget\" data-widget_type=\"text-editor.default\">\n\t\t\t\t<div class=\"elementor-widget-container\">\n\t\t\t\t\t\t\t\t\t\t\t\t\t<\/div>\n\t\t\t\t<\/div>\n\t\t\t\t\t<\/div>\n\t\t<\/div>\n\t\t\t\t\t\t\t<\/div>\n\t\t<\/section>\n\t\t\t\t<section class=\"elementor-section elementor-top-section elementor-element elementor-element-d356c1b elementor-section-boxed elementor-section-height-default elementor-section-height-default\" data-id=\"d356c1b\" data-element_type=\"section\">\n\t\t\t\t\t\t<div class=\"elementor-container elementor-column-gap-default\">\n\t\t\t\t\t<div class=\"elementor-column elementor-col-100 elementor-top-column elementor-element elementor-element-5c50f13\" data-id=\"5c50f13\" data-element_type=\"column\">\n\t\t\t<div class=\"elementor-widget-wrap elementor-element-populated\">\n\t\t\t\t\t\t\t\t<div class=\"elementor-element elementor-element-f2dcb0f elementor-widget elementor-widget-text-editor\" data-id=\"f2dcb0f\" data-element_type=\"widget\" data-widget_type=\"text-editor.default\">\n\t\t\t\t<div class=\"elementor-widget-container\">\n\t\t\t\t\t\t\t<p style=\"text-align: center;\">H\u00e9r eru nokkur video sem \u00e9g t\u00f3k heima hj\u00e1 \u00de\u00fdskum vini m\u00ednum\u00a0<br \/>hann er me\u00f0 \u00fdmislegt sjaldg\u00e6ft \u00ed s\u00ednum b\u00farum og talsvert a\u00f0 villtum fiskum fr\u00e1 \u00dar\u00fagv\u00e6 <br \/>\u00feanga\u00f0 f\u00f3r hann eitt sinn me\u00f0 \u00f6\u00f0rum vini m\u00ednum fr\u00e1 Bandar\u00edkjunum og \u00feannig kynnumst vi\u00f0 eins og gerist svo oft \u00ed fiska hobbyinu<br \/>\u00deessi video voru tekin me\u00f0 g\u00f6mlum s\u00edma, og s\u00ed\u00f0an \u00feegar b\u00fai\u00f0 er a\u00f0 \u00fejappa \u00feeim saman vera g\u00e6\u00f0in ekki g\u00f3\u00f0 en vonandi n\u00e6g til a\u00f0 h\u00e6gt s\u00e9 a\u00f0 hafa gaman af fiskunum\u00a0<\/p>\t\t\t\t\t\t<\/div>\n\t\t\t\t<\/div>\n\t\t\t\t\t<\/div>\n\t\t<\/div>\n\t\t\t\t\t\t\t<\/div>\n\t\t<\/section>\n\t\t\t\t<section class=\"elementor-section elementor-top-section elementor-element elementor-element-aaff2c0 elementor-section-boxed elementor-section-height-default elementor-section-height-default\" data-id=\"aaff2c0\" data-element_type=\"section\">\n\t\t\t\t\t\t<div class=\"elementor-container elementor-column-gap-default\">\n\t\t\t\t\t<div class=\"elementor-column elementor-col-100 elementor-top-column elementor-element elementor-element-57949a1\" data-id=\"57949a1\" data-element_type=\"column\">\n\t\t\t<div class=\"elementor-widget-wrap elementor-element-populated\">\n\t\t\t\t\t\t\t\t<div class=\"elementor-element elementor-element-a4a2fde elementor-aspect-ratio-169 elementor-widget elementor-widget-video\" data-id=\"a4a2fde\" data-element_type=\"widget\" data-settings=\"{&quot;video_type&quot;:&quot;hosted&quot;,&quot;controls&quot;:&quot;yes&quot;,&quot;aspect_ratio&quot;:&quot;169&quot;}\" data-widget_type=\"video.default\">\n\t\t\t\t<div class=\"elementor-widget-container\">\n\t\t\t\t\t<div class=\"e-hosted-video elementor-wrapper elementor-fit-aspect-ratio elementor-open-inline\">\n\t\t\t\t\t<video class=\"elementor-video\" src=\"https:\/\/www.fiskakallinn.is\/wp-content\/uploads\/2021\/12\/insignis.mp4\" controls=\"\" controlsList=\"nodownload\"><\/video>\n\t\t\t\t<\/div>\n\t\t\t\t<\/div>\n\t\t\t\t<\/div>\n\t\t\t\t\t<\/div>\n\t\t<\/div>\n\t\t\t\t\t\t\t<\/div>\n\t\t<\/section>\n\t\t\t\t<section class=\"elementor-section elementor-top-section elementor-element elementor-element-c1bf267 elementor-section-boxed elementor-section-height-default elementor-section-height-default\" data-id=\"c1bf267\" data-element_type=\"section\">\n\t\t\t\t\t\t<div class=\"elementor-container elementor-column-gap-default\">\n\t\t\t\t\t<div class=\"elementor-column elementor-col-100 elementor-top-column elementor-element elementor-element-36d9c74\" data-id=\"36d9c74\" data-element_type=\"column\">\n\t\t\t<div class=\"elementor-widget-wrap elementor-element-populated\">\n\t\t\t\t\t\t\t\t<div class=\"elementor-element elementor-element-040cddb elementor-widget elementor-widget-text-editor\" data-id=\"040cddb\" data-element_type=\"widget\" data-widget_type=\"text-editor.default\">\n\t\t\t\t<div class=\"elementor-widget-container\">\n\t\t\t\t\t\t\t<p style=\"text-align: center;\">Mesonauta insignis &#8222;rio Atabo&#8220;<\/p>\t\t\t\t\t\t<\/div>\n\t\t\t\t<\/div>\n\t\t\t\t\t<\/div>\n\t\t<\/div>\n\t\t\t\t\t\t\t<\/div>\n\t\t<\/section>\n\t\t\t\t<section class=\"elementor-section elementor-top-section elementor-element elementor-element-1684ad9 elementor-section-boxed elementor-section-height-default elementor-section-height-default\" data-id=\"1684ad9\" data-element_type=\"section\">\n\t\t\t\t\t\t<div class=\"elementor-container elementor-column-gap-default\">\n\t\t\t\t\t<div class=\"elementor-column elementor-col-100 elementor-top-column elementor-element elementor-element-99ef404\" data-id=\"99ef404\" data-element_type=\"column\">\n\t\t\t<div class=\"elementor-widget-wrap elementor-element-populated\">\n\t\t\t\t\t\t\t\t<div class=\"elementor-element elementor-element-1052ed7 elementor-aspect-ratio-169 elementor-widget elementor-widget-video\" data-id=\"1052ed7\" data-element_type=\"widget\" data-settings=\"{&quot;video_type&quot;:&quot;hosted&quot;,&quot;controls&quot;:&quot;yes&quot;,&quot;aspect_ratio&quot;:&quot;169&quot;}\" data-widget_type=\"video.default\">\n\t\t\t\t<div class=\"elementor-widget-container\">\n\t\t\t\t\t<div class=\"e-hosted-video elementor-wrapper elementor-fit-aspect-ratio elementor-open-inline\">\n\t\t\t\t\t<video class=\"elementor-video\" src=\"https:\/\/www.fiskakallinn.is\/wp-content\/uploads\/2021\/12\/microglanis.mp4\" controls=\"\" controlsList=\"nodownload\"><\/video>\n\t\t\t\t<\/div>\n\t\t\t\t<\/div>\n\t\t\t\t<\/div>\n\t\t\t\t\t<\/div>\n\t\t<\/div>\n\t\t\t\t\t\t\t<\/div>\n\t\t<\/section>\n\t\t\t\t<section class=\"elementor-section elementor-top-section elementor-element elementor-element-b4333c7 elementor-section-boxed elementor-section-height-default elementor-section-height-default\" data-id=\"b4333c7\" data-element_type=\"section\">\n\t\t\t\t\t\t<div class=\"elementor-container elementor-column-gap-default\">\n\t\t\t\t\t<div class=\"elementor-column elementor-col-100 elementor-top-column elementor-element elementor-element-43e4fad\" data-id=\"43e4fad\" data-element_type=\"column\">\n\t\t\t<div class=\"elementor-widget-wrap elementor-element-populated\">\n\t\t\t\t\t\t\t\t<div class=\"elementor-element elementor-element-255e33a elementor-widget elementor-widget-text-editor\" data-id=\"255e33a\" data-element_type=\"widget\" data-widget_type=\"text-editor.default\">\n\t\t\t\t<div class=\"elementor-widget-container\">\n\t\t\t\t\t\t\t<p style=\"text-align: center;\">Pleggar , microglanis, sand kattfiskur og \u00fdmislegt anna\u00f0\u00a0<\/p>\t\t\t\t\t\t<\/div>\n\t\t\t\t<\/div>\n\t\t\t\t\t<\/div>\n\t\t<\/div>\n\t\t\t\t\t\t\t<\/div>\n\t\t<\/section>\n\t\t\t\t<section class=\"elementor-section elementor-top-section elementor-element elementor-element-64f30e5 elementor-section-boxed elementor-section-height-default elementor-section-height-default\" data-id=\"64f30e5\" data-element_type=\"section\">\n\t\t\t\t\t\t<div class=\"elementor-container elementor-column-gap-default\">\n\t\t\t\t\t<div class=\"elementor-column elementor-col-100 elementor-top-column elementor-element elementor-element-d57fdbb\" data-id=\"d57fdbb\" data-element_type=\"column\">\n\t\t\t<div class=\"elementor-widget-wrap elementor-element-populated\">\n\t\t\t\t\t\t\t\t<div class=\"elementor-element elementor-element-69c924c elementor-aspect-ratio-169 elementor-widget elementor-widget-video\" data-id=\"69c924c\" data-element_type=\"widget\" data-settings=\"{&quot;video_type&quot;:&quot;hosted&quot;,&quot;controls&quot;:&quot;yes&quot;,&quot;aspect_ratio&quot;:&quot;169&quot;}\" data-widget_type=\"video.default\">\n\t\t\t\t<div class=\"elementor-widget-container\">\n\t\t\t\t\t<div class=\"e-hosted-video elementor-wrapper elementor-fit-aspect-ratio elementor-open-inline\">\n\t\t\t\t\t<video class=\"elementor-video\" src=\"https:\/\/www.fiskakallinn.is\/wp-content\/uploads\/2021\/12\/jo-heimsokn.mp4\" controls=\"\" controlsList=\"nodownload\"><\/video>\n\t\t\t\t<\/div>\n\t\t\t\t<\/div>\n\t\t\t\t<\/div>\n\t\t\t\t\t<\/div>\n\t\t<\/div>\n\t\t\t\t\t\t\t<\/div>\n\t\t<\/section>\n\t\t\t\t<section class=\"elementor-section elementor-top-section elementor-element elementor-element-61e3efa elementor-section-boxed elementor-section-height-default elementor-section-height-default\" data-id=\"61e3efa\" data-element_type=\"section\">\n\t\t\t\t\t\t<div class=\"elementor-container elementor-column-gap-default\">\n\t\t\t\t\t<div class=\"elementor-column elementor-col-100 elementor-top-column elementor-element elementor-element-fa7f9c9\" data-id=\"fa7f9c9\" data-element_type=\"column\">\n\t\t\t<div class=\"elementor-widget-wrap elementor-element-populated\">\n\t\t\t\t\t\t\t\t<div class=\"elementor-element elementor-element-b2a72e5 elementor-widget elementor-widget-text-editor\" data-id=\"b2a72e5\" data-element_type=\"widget\" data-widget_type=\"text-editor.default\">\n\t\t\t\t<div class=\"elementor-widget-container\">\n\t\t\t\t\t\t\t<p style=\"text-align: center;\">Pleggar a\u00f0 f\u00e1 bita og sj\u00f3veikis myndataka enda \u00e1tti \u00feetta aldrei a\u00f0 fara \u00e1 neti\u00f0 \u00feegar \u00feetta var teki\u00f0 upp, \u00deetta \u00e1tti bara a\u00f0 vera fyrir mig en \u00e9g \u00e1kv\u00f0 a\u00f0 setja \u00feetta inn \u00fear sem gaman er a\u00f0 sj\u00e1 hvernig a\u00f0rir setja upp b\u00far og hva\u00f0 \u00feeir geyma \u00ed \u00feeim\u00a0<\/p>\t\t\t\t\t\t<\/div>\n\t\t\t\t<\/div>\n\t\t\t\t\t<\/div>\n\t\t<\/div>\n\t\t\t\t\t\t\t<\/div>\n\t\t<\/section>\n\t\t\t\t<section class=\"elementor-section elementor-top-section elementor-element elementor-element-cbc257f elementor-section-boxed elementor-section-height-default elementor-section-height-default\" data-id=\"cbc257f\" data-element_type=\"section\">\n\t\t\t\t\t\t<div class=\"elementor-container elementor-column-gap-default\">\n\t\t\t\t\t<div class=\"elementor-column elementor-col-100 elementor-top-column elementor-element elementor-element-38c9d88\" data-id=\"38c9d88\" data-element_type=\"column\">\n\t\t\t<div class=\"elementor-widget-wrap elementor-element-populated\">\n\t\t\t\t\t\t\t\t<div class=\"elementor-element elementor-element-f2beef4 elementor-aspect-ratio-169 elementor-widget elementor-widget-video\" data-id=\"f2beef4\" data-element_type=\"widget\" data-settings=\"{&quot;video_type&quot;:&quot;hosted&quot;,&quot;controls&quot;:&quot;yes&quot;,&quot;aspect_ratio&quot;:&quot;169&quot;}\" data-widget_type=\"video.default\">\n\t\t\t\t<div class=\"elementor-widget-container\">\n\t\t\t\t\t<div class=\"e-hosted-video elementor-wrapper elementor-fit-aspect-ratio elementor-open-inline\">\n\t\t\t\t\t<video class=\"elementor-video\" src=\"https:\/\/www.fiskakallinn.is\/wp-content\/uploads\/2021\/12\/Jo-stora.mp4\" controls=\"\" controlsList=\"nodownload\"><\/video>\n\t\t\t\t<\/div>\n\t\t\t\t<\/div>\n\t\t\t\t<\/div>\n\t\t\t\t\t<\/div>\n\t\t<\/div>\n\t\t\t\t\t\t\t<\/div>\n\t\t<\/section>\n\t\t\t\t<section class=\"elementor-section elementor-top-section elementor-element elementor-element-b3c8f88 elementor-section-boxed elementor-section-height-default elementor-section-height-default\" data-id=\"b3c8f88\" data-element_type=\"section\">\n\t\t\t\t\t\t<div class=\"elementor-container elementor-column-gap-default\">\n\t\t\t\t\t<div class=\"elementor-column elementor-col-100 elementor-top-column elementor-element elementor-element-b37eda7\" data-id=\"b37eda7\" data-element_type=\"column\">\n\t\t\t<div class=\"elementor-widget-wrap elementor-element-populated\">\n\t\t\t\t\t\t\t\t<div class=\"elementor-element elementor-element-e1cba9c elementor-widget elementor-widget-text-editor\" data-id=\"e1cba9c\" data-element_type=\"widget\" data-widget_type=\"text-editor.default\">\n\t\t\t\t<div class=\"elementor-widget-container\">\n\t\t\t\t\t\t\t<p style=\"text-align: center;\">Jo er me\u00f0 1200 ltr b\u00far \u00ed stofunni me\u00f0 \u00fdmsum fiskum \u00ed , St\u00f3rir \u00d3skarar og st\u00e6rstu Leporinus sem \u00e9g hef s\u00e9\u00f0 og hef \u00e9g or\u00f0 \u00e1 \u00fev\u00ed \u00ed hvert skifti sem \u00e9g s\u00e9 \u00feetta b\u00far, Rhamdia kattfiskur \u00e1samt fleirum st\u00f3rum kattfiskum s\u00ed\u00f0an eru td, G.brasiliensis og Heros. <br \/>\u00dea\u00f0 var s\u00f3l \u00fati svo \u00fea\u00f0 glampa\u00f0i vel \u00e1 b\u00fari\u00f0 og \u00fev\u00ed erfitt a\u00f0 sj\u00e1 fiskana en \u00feetta eru einu video sem \u00e9g hef teki\u00f0 hj\u00e1 Jo svo \u00e9g l\u00e6t \u00feau duga \u00fear til \u00e9g k\u00edki n\u00e6st me\u00f0 betri gr\u00e6jur og gef m\u00e9r meiri t\u00edma \u00ed a\u00f0 taka upp\u00a0<\/p>\t\t\t\t\t\t<\/div>\n\t\t\t\t<\/div>\n\t\t\t\t\t<\/div>\n\t\t<\/div>\n\t\t\t\t\t\t\t<\/div>\n\t\t<\/section>\n\t\t\t\t\t\t\t<\/div>\n\t\t","protected":false},"excerpt":{"rendered":"<p>H\u00e9r eru nokkur video sem \u00e9g t\u00f3k heima hj\u00e1 \u00de\u00fdskum vini m\u00ednum\u00a0hann er me\u00f0 \u00fdmislegt sjaldg\u00e6ft \u00ed s\u00ednum b\u00farum og talsvert a\u00f0 villtum fiskum fr\u00e1 \u00dar\u00fagv\u00e6 \u00feanga\u00f0 f\u00f3r hann eitt sinn me\u00f0 \u00f6\u00f0rum vini m\u00ednum fr\u00e1 Bandar\u00edkjunum og \u00feannig kynnumst vi\u00f0 eins og gerist svo oft \u00ed fiska hobbyinu\u00deessi video voru tekin me\u00f0 g\u00f6mlum s\u00edma, &hellip;<\/p>\n<p class=\"read-more\"> <a class=\"\" href=\"https:\/\/www.fiskakallinn.is\/?page_id=4034\"> <span class=\"screen-reader-text\">Heims\u00f3kn Jo<\/span> Read More &raquo;<\/a><\/p>\n","protected":false},"author":2,"featured_media":0,"parent":0,"menu_order":0,"comment_status":"closed","ping_status":"closed","template":"","meta":{"sfsi_plus_gutenberg_text_before_share":"","sfsi_plus_gutenberg_show_text_before_share":"","sfsi_plus_gutenberg_icon_type":"","sfsi_plus_gutenberg_icon_alignemt":"","sfsi_plus_gutenburg_max_per_row":"","site-sidebar-layout":"no-sidebar","site-content-layout":"page-builder","ast-main-header-display":"","ast-hfb-above-header-display":"","ast-hfb-below-header-display":"","ast-hfb-mobile-header-display":"","site-post-title":"disabled","ast-breadcrumbs-content":"","ast-featured-img":"disabled","footer-sml-layout":"","theme-transparent-header-meta":"","adv-header-id-meta":"","stick-header-meta":"","header-above-stick-meta":"","header-main-stick-meta":"","header-below-stick-meta":""},"_links":{"self":[{"href":"https:\/\/www.fiskakallinn.is\/index.php?rest_route=\/wp\/v2\/pages\/4034"}],"collection":[{"href":"https:\/\/www.fiskakallinn.is\/index.php?rest_route=\/wp\/v2\/pages"}],"about":[{"href":"https:\/\/www.fiskakallinn.is\/index.php?rest_route=\/wp\/v2\/types\/page"}],"author":[{"embeddable":true,"href":"https:\/\/www.fiskakallinn.is\/index.php?rest_route=\/wp\/v2\/users\/2"}],"replies":[{"embeddable":true,"href":"https:\/\/www.fiskakallinn.is\/index.php?rest_route=%2Fwp%2Fv2%2Fcomments&post=4034"}],"version-history":[{"count":9,"href":"https:\/\/www.fiskakallinn.is\/index.php?rest_route=\/wp\/v2\/pages\/4034\/revisions"}],"predecessor-version":[{"id":4059,"href":"https:\/\/www.fiskakallinn.is\/index.php?rest_route=\/wp\/v2\/pages\/4034\/revisions\/4059"}],"wp:attachment":[{"href":"https:\/\/www.fiskakallinn.is\/index.php?rest_route=%2Fwp%2Fv2%2Fmedia&parent=4034"}],"curies":[{"name":"wp","href":"https:\/\/api.w.org\/{rel}","templated":true}]}}