{"id":4110,"date":"2021-12-08T21:37:05","date_gmt":"2021-12-08T21:37:05","guid":{"rendered":"https:\/\/www.fiskakallinn.is\/?page_id=4110"},"modified":"2021-12-08T21:48:56","modified_gmt":"2021-12-08T21:48:56","slug":"heimsokn-600-hlynur","status":"publish","type":"page","link":"https:\/\/www.fiskakallinn.is\/?page_id=4110","title":{"rendered":"Heims\u00f3kn 600 Hlynur"},"content":{"rendered":"\t\t<div data-elementor-type=\"wp-page\" data-elementor-id=\"4110\" class=\"elementor elementor-4110\">\n\t\t\t\t\t\t\t\t\t<section class=\"elementor-section elementor-top-section elementor-element elementor-element-f81f87d elementor-section-boxed elementor-section-height-default elementor-section-height-default\" data-id=\"f81f87d\" data-element_type=\"section\">\n\t\t\t\t\t\t<div class=\"elementor-container elementor-column-gap-default\">\n\t\t\t\t\t<div class=\"elementor-column elementor-col-100 elementor-top-column elementor-element elementor-element-2b3ce28\" data-id=\"2b3ce28\" data-element_type=\"column\">\n\t\t\t<div class=\"elementor-widget-wrap elementor-element-populated\">\n\t\t\t\t\t\t\t\t<div class=\"elementor-element elementor-element-c11a8c2 elementor-widget elementor-widget-text-editor\" data-id=\"c11a8c2\" data-element_type=\"widget\" data-widget_type=\"text-editor.default\">\n\t\t\t\t<div class=\"elementor-widget-container\">\n\t\t\t\t\t\t\t<h2 style=\"text-align: center;\"><strong>600 ltr<\/strong><\/h2>\t\t\t\t\t\t<\/div>\n\t\t\t\t<\/div>\n\t\t\t\t\t<\/div>\n\t\t<\/div>\n\t\t\t\t\t\t\t<\/div>\n\t\t<\/section>\n\t\t\t\t<section class=\"elementor-section elementor-top-section elementor-element elementor-element-197a3bd elementor-section-boxed elementor-section-height-default elementor-section-height-default\" data-id=\"197a3bd\" data-element_type=\"section\">\n\t\t\t\t\t\t<div class=\"elementor-container elementor-column-gap-default\">\n\t\t\t\t\t<div class=\"elementor-column elementor-col-100 elementor-top-column elementor-element elementor-element-1b2ef1d\" data-id=\"1b2ef1d\" data-element_type=\"column\">\n\t\t\t<div class=\"elementor-widget-wrap elementor-element-populated\">\n\t\t\t\t\t\t\t\t<div class=\"elementor-element elementor-element-3646dfa elementor-aspect-ratio-169 elementor-widget elementor-widget-video\" data-id=\"3646dfa\" data-element_type=\"widget\" data-settings=\"{&quot;video_type&quot;:&quot;hosted&quot;,&quot;controls&quot;:&quot;yes&quot;,&quot;aspect_ratio&quot;:&quot;169&quot;}\" data-widget_type=\"video.default\">\n\t\t\t\t<div class=\"elementor-widget-container\">\n\t\t\t\t\t<div class=\"e-hosted-video elementor-wrapper elementor-fit-aspect-ratio elementor-open-inline\">\n\t\t\t\t\t<video class=\"elementor-video\" src=\"https:\/\/www.fiskakallinn.is\/wp-content\/uploads\/2021\/12\/600-hlynur.mp4\" controls=\"\" controlsList=\"nodownload\"><\/video>\n\t\t\t\t<\/div>\n\t\t\t\t<\/div>\n\t\t\t\t<\/div>\n\t\t\t\t\t<\/div>\n\t\t<\/div>\n\t\t\t\t\t\t\t<\/div>\n\t\t<\/section>\n\t\t\t\t<section class=\"elementor-section elementor-top-section elementor-element elementor-element-b4360d6 elementor-section-boxed elementor-section-height-default elementor-section-height-default\" data-id=\"b4360d6\" data-element_type=\"section\">\n\t\t\t\t\t\t<div class=\"elementor-container elementor-column-gap-default\">\n\t\t\t\t\t<div class=\"elementor-column elementor-col-100 elementor-top-column elementor-element elementor-element-4a9201c\" data-id=\"4a9201c\" data-element_type=\"column\">\n\t\t\t<div class=\"elementor-widget-wrap elementor-element-populated\">\n\t\t\t\t\t\t\t\t<div class=\"elementor-element elementor-element-b500a69 elementor-widget elementor-widget-text-editor\" data-id=\"b500a69\" data-element_type=\"widget\" data-widget_type=\"text-editor.default\">\n\t\t\t\t<div class=\"elementor-widget-container\">\n\t\t\t\t\t\t\t<p style=\"text-align: center;\">\u00deetta b\u00far er 200 cm langt og er heima hj\u00e1 Hlyn og Elmu,<br \/>skemmtilegar trj\u00e1r\u00e6tur liggja yfir b\u00fari\u00f0, st\u00f3r l\u00f3tus h\u00e6gra meginn aftast, java mosi \u00e1 trj\u00e1r\u00f3t, vallisneria eins og gras og einhverjar cryptocoryne a\u00f0 m\u00e9r s\u00fdnist vinstra meginn\u00a0<br \/>A\u00f0al fiskarnir \u00ed b\u00farinu eru Geophagus sveni sem nj\u00f3ta s\u00edn vel \u00ed svona l\u00f6ngu b\u00fari 2 Heros sp. golden og slatti af sk\u00f6lum sem \u00feau r\u00e6ktu\u00f0u sj\u00e1lf,<br \/>\u00a0bosemani regnbogafiskarnir eru einnig \u00far \u00feeirra r\u00e6ktum, st\u00f3r h\u00e6ngur af segl molly og slatti af tetrum og corydoras sem sj\u00e1st ekki \u00e1samt fleirum tegundum\u00a0<br \/><br \/><\/p>\t\t\t\t\t\t<\/div>\n\t\t\t\t<\/div>\n\t\t\t\t\t<\/div>\n\t\t<\/div>\n\t\t\t\t\t\t\t<\/div>\n\t\t<\/section>\n\t\t\t\t\t\t\t<\/div>\n\t\t","protected":false},"excerpt":{"rendered":"<p>600 ltr https:\/\/www.fiskakallinn.is\/wp-content\/uploads\/2021\/12\/600-hlynur.mp4 \u00deetta b\u00far er 200 cm langt og er heima hj\u00e1 Hlyn og Elmu,skemmtilegar trj\u00e1r\u00e6tur liggja yfir b\u00fari\u00f0, st\u00f3r l\u00f3tus h\u00e6gra meginn aftast, java mosi \u00e1 trj\u00e1r\u00f3t, vallisneria eins og gras og einhverjar cryptocoryne a\u00f0 m\u00e9r s\u00fdnist vinstra meginn\u00a0A\u00f0al fiskarnir \u00ed b\u00farinu eru Geophagus sveni sem nj\u00f3ta s\u00edn vel \u00ed svona l\u00f6ngu b\u00fari &hellip;<\/p>\n<p class=\"read-more\"> <a class=\"\" href=\"https:\/\/www.fiskakallinn.is\/?page_id=4110\"> <span class=\"screen-reader-text\">Heims\u00f3kn 600 Hlynur<\/span> Read More &raquo;<\/a><\/p>\n","protected":false},"author":2,"featured_media":0,"parent":0,"menu_order":0,"comment_status":"closed","ping_status":"closed","template":"","meta":{"sfsi_plus_gutenberg_text_before_share":"","sfsi_plus_gutenberg_show_text_before_share":"","sfsi_plus_gutenberg_icon_type":"","sfsi_plus_gutenberg_icon_alignemt":"","sfsi_plus_gutenburg_max_per_row":"","site-sidebar-layout":"no-sidebar","site-content-layout":"page-builder","ast-main-header-display":"","ast-hfb-above-header-display":"","ast-hfb-below-header-display":"","ast-hfb-mobile-header-display":"","site-post-title":"disabled","ast-breadcrumbs-content":"","ast-featured-img":"disabled","footer-sml-layout":"","theme-transparent-header-meta":"","adv-header-id-meta":"","stick-header-meta":"","header-above-stick-meta":"","header-main-stick-meta":"","header-below-stick-meta":""},"_links":{"self":[{"href":"https:\/\/www.fiskakallinn.is\/index.php?rest_route=\/wp\/v2\/pages\/4110"}],"collection":[{"href":"https:\/\/www.fiskakallinn.is\/index.php?rest_route=\/wp\/v2\/pages"}],"about":[{"href":"https:\/\/www.fiskakallinn.is\/index.php?rest_route=\/wp\/v2\/types\/page"}],"author":[{"embeddable":true,"href":"https:\/\/www.fiskakallinn.is\/index.php?rest_route=\/wp\/v2\/users\/2"}],"replies":[{"embeddable":true,"href":"https:\/\/www.fiskakallinn.is\/index.php?rest_route=%2Fwp%2Fv2%2Fcomments&post=4110"}],"version-history":[{"count":6,"href":"https:\/\/www.fiskakallinn.is\/index.php?rest_route=\/wp\/v2\/pages\/4110\/revisions"}],"predecessor-version":[{"id":4118,"href":"https:\/\/www.fiskakallinn.is\/index.php?rest_route=\/wp\/v2\/pages\/4110\/revisions\/4118"}],"wp:attachment":[{"href":"https:\/\/www.fiskakallinn.is\/index.php?rest_route=%2Fwp%2Fv2%2Fmedia&parent=4110"}],"curies":[{"name":"wp","href":"https:\/\/api.w.org\/{rel}","templated":true}]}}