{"id":4179,"date":"2021-12-13T22:20:53","date_gmt":"2021-12-13T22:20:53","guid":{"rendered":"https:\/\/www.fiskakallinn.is\/?page_id=4179"},"modified":"2021-12-13T22:22:53","modified_gmt":"2021-12-13T22:22:53","slug":"hypselecara-temporalis","status":"publish","type":"page","link":"https:\/\/www.fiskakallinn.is\/?page_id=4179","title":{"rendered":"Hypselecara temporalis"},"content":{"rendered":"\t\t<div data-elementor-type=\"wp-page\" data-elementor-id=\"4179\" class=\"elementor elementor-4179\">\n\t\t\t\t\t\t\t\t\t<section class=\"elementor-section elementor-top-section elementor-element elementor-element-65aa406 elementor-section-boxed elementor-section-height-default elementor-section-height-default\" data-id=\"65aa406\" data-element_type=\"section\">\n\t\t\t\t\t\t<div class=\"elementor-container elementor-column-gap-default\">\n\t\t\t\t\t<div class=\"elementor-column elementor-col-100 elementor-top-column elementor-element elementor-element-ef89206\" data-id=\"ef89206\" data-element_type=\"column\">\n\t\t\t<div class=\"elementor-widget-wrap elementor-element-populated\">\n\t\t\t\t\t\t\t\t<div class=\"elementor-element elementor-element-a27b685 elementor-widget elementor-widget-text-editor\" data-id=\"a27b685\" data-element_type=\"widget\" data-widget_type=\"text-editor.default\">\n\t\t\t\t<div class=\"elementor-widget-container\">\n\t\t\t\t\t\t\t<h2 style=\"text-align: center;\"><strong>Hypselecara temporalis<\/strong><\/h2>\t\t\t\t\t\t<\/div>\n\t\t\t\t<\/div>\n\t\t\t\t\t<\/div>\n\t\t<\/div>\n\t\t\t\t\t\t\t<\/div>\n\t\t<\/section>\n\t\t\t\t<section class=\"elementor-section elementor-top-section elementor-element elementor-element-650d585 elementor-section-boxed elementor-section-height-default elementor-section-height-default\" data-id=\"650d585\" data-element_type=\"section\">\n\t\t\t\t\t\t<div class=\"elementor-container elementor-column-gap-default\">\n\t\t\t\t\t<div class=\"elementor-column elementor-col-100 elementor-top-column elementor-element elementor-element-1133aba\" data-id=\"1133aba\" data-element_type=\"column\">\n\t\t\t<div class=\"elementor-widget-wrap elementor-element-populated\">\n\t\t\t\t\t\t\t\t<div class=\"elementor-element elementor-element-317d572 elementor-widget elementor-widget-image\" data-id=\"317d572\" data-element_type=\"widget\" data-widget_type=\"image.default\">\n\t\t\t\t<div class=\"elementor-widget-container\">\n\t\t\t\t\t\t\t\t\t\t\t\t\t\t\t<img width=\"2560\" height=\"1924\" src=\"https:\/\/www.fiskakallinn.is\/wp-content\/uploads\/2021\/12\/Hypselecara-temporalis-scaled.jpg\" class=\"attachment-full size-full\" alt=\"\" loading=\"lazy\" srcset=\"https:\/\/www.fiskakallinn.is\/wp-content\/uploads\/2021\/12\/Hypselecara-temporalis-scaled.jpg 2560w, https:\/\/www.fiskakallinn.is\/wp-content\/uploads\/2021\/12\/Hypselecara-temporalis-300x225.jpg 300w, https:\/\/www.fiskakallinn.is\/wp-content\/uploads\/2021\/12\/Hypselecara-temporalis-1024x769.jpg 1024w, https:\/\/www.fiskakallinn.is\/wp-content\/uploads\/2021\/12\/Hypselecara-temporalis-768x577.jpg 768w, https:\/\/www.fiskakallinn.is\/wp-content\/uploads\/2021\/12\/Hypselecara-temporalis-1536x1154.jpg 1536w, https:\/\/www.fiskakallinn.is\/wp-content\/uploads\/2021\/12\/Hypselecara-temporalis-2048x1539.jpg 2048w\" sizes=\"(max-width: 2560px) 100vw, 2560px\" \/>\t\t\t\t\t\t\t\t\t\t\t\t\t\t\t<\/div>\n\t\t\t\t<\/div>\n\t\t\t\t\t<\/div>\n\t\t<\/div>\n\t\t\t\t\t\t\t<\/div>\n\t\t<\/section>\n\t\t\t\t<section class=\"elementor-section elementor-top-section elementor-element elementor-element-a9574bb elementor-section-boxed elementor-section-height-default elementor-section-height-default\" data-id=\"a9574bb\" data-element_type=\"section\">\n\t\t\t\t\t\t<div class=\"elementor-container elementor-column-gap-default\">\n\t\t\t\t\t<div class=\"elementor-column elementor-col-100 elementor-top-column elementor-element elementor-element-e714acb\" data-id=\"e714acb\" data-element_type=\"column\">\n\t\t\t<div class=\"elementor-widget-wrap elementor-element-populated\">\n\t\t\t\t\t\t\t\t<div class=\"elementor-element elementor-element-ce70c5c elementor-widget elementor-widget-text-editor\" data-id=\"ce70c5c\" data-element_type=\"widget\" data-widget_type=\"text-editor.default\">\n\t\t\t\t<div class=\"elementor-widget-container\">\n\t\t\t\t\t\t\t<p style=\"text-align: center;\">\u00de\u00f3tt \u00feessi tegund ver\u00f0i um 30 cm \u00fe\u00e1 er h\u00fan fri\u00f0s\u00f6m og f\u00edn td. me\u00f0 sk\u00f6llum, Heros, Silfur dollurum og Geophagus tegundum<\/p>\t\t\t\t\t\t<\/div>\n\t\t\t\t<\/div>\n\t\t\t\t\t<\/div>\n\t\t<\/div>\n\t\t\t\t\t\t\t<\/div>\n\t\t<\/section>\n\t\t\t\t<section class=\"elementor-section elementor-top-section elementor-element elementor-element-7f78006 elementor-section-boxed elementor-section-height-default elementor-section-height-default\" data-id=\"7f78006\" data-element_type=\"section\">\n\t\t\t\t\t\t<div class=\"elementor-container elementor-column-gap-default\">\n\t\t\t\t\t<div class=\"elementor-column elementor-col-100 elementor-top-column elementor-element elementor-element-24854d7\" data-id=\"24854d7\" data-element_type=\"column\">\n\t\t\t<div class=\"elementor-widget-wrap elementor-element-populated\">\n\t\t\t\t\t\t\t\t<div class=\"elementor-element elementor-element-a9bc834 elementor-widget elementor-widget-image\" data-id=\"a9bc834\" data-element_type=\"widget\" data-widget_type=\"image.default\">\n\t\t\t\t<div class=\"elementor-widget-container\">\n\t\t\t\t\t\t\t\t\t\t\t\t\t\t\t<img width=\"2560\" height=\"1924\" src=\"https:\/\/www.fiskakallinn.is\/wp-content\/uploads\/2021\/12\/Hypselecara-temporalis-1-scaled.jpg\" class=\"attachment-full size-full\" alt=\"\" loading=\"lazy\" srcset=\"https:\/\/www.fiskakallinn.is\/wp-content\/uploads\/2021\/12\/Hypselecara-temporalis-1-scaled.jpg 2560w, https:\/\/www.fiskakallinn.is\/wp-content\/uploads\/2021\/12\/Hypselecara-temporalis-1-300x225.jpg 300w, https:\/\/www.fiskakallinn.is\/wp-content\/uploads\/2021\/12\/Hypselecara-temporalis-1-1024x769.jpg 1024w, https:\/\/www.fiskakallinn.is\/wp-content\/uploads\/2021\/12\/Hypselecara-temporalis-1-768x577.jpg 768w, https:\/\/www.fiskakallinn.is\/wp-content\/uploads\/2021\/12\/Hypselecara-temporalis-1-1536x1154.jpg 1536w, https:\/\/www.fiskakallinn.is\/wp-content\/uploads\/2021\/12\/Hypselecara-temporalis-1-2048x1539.jpg 2048w\" sizes=\"(max-width: 2560px) 100vw, 2560px\" \/>\t\t\t\t\t\t\t\t\t\t\t\t\t\t\t<\/div>\n\t\t\t\t<\/div>\n\t\t\t\t\t<\/div>\n\t\t<\/div>\n\t\t\t\t\t\t\t<\/div>\n\t\t<\/section>\n\t\t\t\t<section class=\"elementor-section elementor-top-section elementor-element elementor-element-8580dfb elementor-section-boxed elementor-section-height-default elementor-section-height-default\" data-id=\"8580dfb\" data-element_type=\"section\">\n\t\t\t\t\t\t<div class=\"elementor-container elementor-column-gap-default\">\n\t\t\t\t\t<div class=\"elementor-column elementor-col-100 elementor-top-column elementor-element elementor-element-d2a8d2e\" data-id=\"d2a8d2e\" data-element_type=\"column\">\n\t\t\t<div class=\"elementor-widget-wrap elementor-element-populated\">\n\t\t\t\t\t\t\t\t<div class=\"elementor-element elementor-element-4c5797c elementor-widget elementor-widget-text-editor\" data-id=\"4c5797c\" data-element_type=\"widget\" data-widget_type=\"text-editor.default\">\n\t\t\t\t<div class=\"elementor-widget-container\">\n\t\t\t\t\t\t\t<p style=\"text-align: center;\">\u00a0Temporalis kemur fr\u00e1 Per\u00fa, Brasil\u00edu,Venes\u00faela og K\u00f3lomb\u00edu. H\u00e6ngurinn f\u00e6r st\u00f3rt enni e\u00f0a hn\u00fa\u00f0 \u00e1 hausinn<br \/>hrygnan er minni og f\u00e6r ekki hn\u00fa\u00f0<\/p>\t\t\t\t\t\t<\/div>\n\t\t\t\t<\/div>\n\t\t\t\t\t<\/div>\n\t\t<\/div>\n\t\t\t\t\t\t\t<\/div>\n\t\t<\/section>\n\t\t\t\t<section class=\"elementor-section elementor-top-section elementor-element elementor-element-8f4dadb elementor-section-boxed elementor-section-height-default elementor-section-height-default\" data-id=\"8f4dadb\" data-element_type=\"section\">\n\t\t\t\t\t\t<div class=\"elementor-container elementor-column-gap-default\">\n\t\t\t\t\t<div class=\"elementor-column elementor-col-100 elementor-top-column elementor-element elementor-element-7ddf5e4\" data-id=\"7ddf5e4\" data-element_type=\"column\">\n\t\t\t<div class=\"elementor-widget-wrap elementor-element-populated\">\n\t\t\t\t\t\t\t\t<div class=\"elementor-element elementor-element-c474dfc elementor-widget elementor-widget-image\" data-id=\"c474dfc\" data-element_type=\"widget\" data-widget_type=\"image.default\">\n\t\t\t\t<div class=\"elementor-widget-container\">\n\t\t\t\t\t\t\t\t\t\t\t\t\t\t\t<img width=\"2560\" height=\"1924\" src=\"https:\/\/www.fiskakallinn.is\/wp-content\/uploads\/2021\/12\/Hypselecara-temporalis-2-scaled.jpg\" class=\"attachment-full size-full\" alt=\"\" loading=\"lazy\" srcset=\"https:\/\/www.fiskakallinn.is\/wp-content\/uploads\/2021\/12\/Hypselecara-temporalis-2-scaled.jpg 2560w, https:\/\/www.fiskakallinn.is\/wp-content\/uploads\/2021\/12\/Hypselecara-temporalis-2-300x225.jpg 300w, https:\/\/www.fiskakallinn.is\/wp-content\/uploads\/2021\/12\/Hypselecara-temporalis-2-1024x769.jpg 1024w, https:\/\/www.fiskakallinn.is\/wp-content\/uploads\/2021\/12\/Hypselecara-temporalis-2-768x577.jpg 768w, https:\/\/www.fiskakallinn.is\/wp-content\/uploads\/2021\/12\/Hypselecara-temporalis-2-1536x1154.jpg 1536w, https:\/\/www.fiskakallinn.is\/wp-content\/uploads\/2021\/12\/Hypselecara-temporalis-2-2048x1539.jpg 2048w\" sizes=\"(max-width: 2560px) 100vw, 2560px\" \/>\t\t\t\t\t\t\t\t\t\t\t\t\t\t\t<\/div>\n\t\t\t\t<\/div>\n\t\t\t\t\t<\/div>\n\t\t<\/div>\n\t\t\t\t\t\t\t<\/div>\n\t\t<\/section>\n\t\t\t\t<section class=\"elementor-section elementor-top-section elementor-element elementor-element-d2c44c4 elementor-section-boxed elementor-section-height-default elementor-section-height-default\" data-id=\"d2c44c4\" data-element_type=\"section\">\n\t\t\t\t\t\t<div class=\"elementor-container elementor-column-gap-default\">\n\t\t\t\t\t<div class=\"elementor-column elementor-col-100 elementor-top-column elementor-element elementor-element-1ee06b6\" data-id=\"1ee06b6\" data-element_type=\"column\">\n\t\t\t<div class=\"elementor-widget-wrap elementor-element-populated\">\n\t\t\t\t\t\t\t\t<div class=\"elementor-element elementor-element-8500a80 elementor-widget elementor-widget-text-editor\" data-id=\"8500a80\" data-element_type=\"widget\" data-widget_type=\"text-editor.default\">\n\t\t\t\t<div class=\"elementor-widget-container\">\n\t\t\t\t\t\t\t<p style=\"text-align: center;\">Ungfiskar \u00ed algengri st\u00e6r\u00f0 sem \u00feeir sj\u00e1st \u00ed b\u00fa\u00f0um, l\u00edta ekki mj\u00f6g spennandi \u00fat \u00ed \u00feessari st\u00e6r\u00f0 eins og flestar a\u00f0rar tegundir ungfiska\u00a0<\/p>\t\t\t\t\t\t<\/div>\n\t\t\t\t<\/div>\n\t\t\t\t\t<\/div>\n\t\t<\/div>\n\t\t\t\t\t\t\t<\/div>\n\t\t<\/section>\n\t\t\t\t<section class=\"elementor-section elementor-top-section elementor-element elementor-element-271ea9d elementor-section-boxed elementor-section-height-default elementor-section-height-default\" data-id=\"271ea9d\" data-element_type=\"section\">\n\t\t\t\t\t\t<div class=\"elementor-container elementor-column-gap-default\">\n\t\t\t\t\t<div class=\"elementor-column elementor-col-100 elementor-top-column elementor-element elementor-element-fd299d8\" data-id=\"fd299d8\" data-element_type=\"column\">\n\t\t\t<div class=\"elementor-widget-wrap elementor-element-populated\">\n\t\t\t\t\t\t\t\t<div class=\"elementor-element elementor-element-f1a3ba6 elementor-aspect-ratio-169 elementor-widget elementor-widget-video\" data-id=\"f1a3ba6\" data-element_type=\"widget\" data-settings=\"{&quot;video_type&quot;:&quot;hosted&quot;,&quot;controls&quot;:&quot;yes&quot;,&quot;aspect_ratio&quot;:&quot;169&quot;}\" data-widget_type=\"video.default\">\n\t\t\t\t<div class=\"elementor-widget-container\">\n\t\t\t\t\t<div class=\"e-hosted-video elementor-wrapper elementor-fit-aspect-ratio elementor-open-inline\">\n\t\t\t\t\t<video class=\"elementor-video\" src=\"https:\/\/www.fiskakallinn.is\/wp-content\/uploads\/2021\/12\/Hypseleacara-temporalis.mp4\" controls=\"\" controlsList=\"nodownload\"><\/video>\n\t\t\t\t<\/div>\n\t\t\t\t<\/div>\n\t\t\t\t<\/div>\n\t\t\t\t\t<\/div>\n\t\t<\/div>\n\t\t\t\t\t\t\t<\/div>\n\t\t<\/section>\n\t\t\t\t<section class=\"elementor-section elementor-top-section elementor-element elementor-element-4d9b5f2 elementor-section-boxed elementor-section-height-default elementor-section-height-default\" data-id=\"4d9b5f2\" data-element_type=\"section\">\n\t\t\t\t\t\t<div class=\"elementor-container elementor-column-gap-default\">\n\t\t\t\t\t<div class=\"elementor-column elementor-col-100 elementor-top-column elementor-element elementor-element-60fccfa\" data-id=\"60fccfa\" data-element_type=\"column\">\n\t\t\t<div class=\"elementor-widget-wrap elementor-element-populated\">\n\t\t\t\t\t\t\t\t<div class=\"elementor-element elementor-element-266aafd elementor-widget elementor-widget-text-editor\" data-id=\"266aafd\" data-element_type=\"widget\" data-widget_type=\"text-editor.default\">\n\t\t\t\t<div class=\"elementor-widget-container\">\n\t\t\t\t\t\t\t<p style=\"text-align: center;\">St\u00f3r og vir\u00f0uleg s\u00edkli\u00f0a \u00fearna \u00ed 1000 ltr b\u00fari sem m\u00e6tti vera meira innr\u00e9tta\u00f0 og gr\u00f3\u00f0urmeira \u00fev\u00ed \u00fea\u00f0 dregur fram betri liti \u00ed fiskana\u00a0<\/p>\t\t\t\t\t\t<\/div>\n\t\t\t\t<\/div>\n\t\t\t\t\t<\/div>\n\t\t<\/div>\n\t\t\t\t\t\t\t<\/div>\n\t\t<\/section>\n\t\t\t\t\t\t\t<\/div>\n\t\t","protected":false},"excerpt":{"rendered":"<p>Hypselecara temporalis \u00de\u00f3tt \u00feessi tegund ver\u00f0i um 30 cm \u00fe\u00e1 er h\u00fan fri\u00f0s\u00f6m og f\u00edn td. me\u00f0 sk\u00f6llum, Heros, Silfur dollurum og Geophagus tegundum \u00a0Temporalis kemur fr\u00e1 Per\u00fa, Brasil\u00edu,Venes\u00faela og K\u00f3lomb\u00edu. H\u00e6ngurinn f\u00e6r st\u00f3rt enni e\u00f0a hn\u00fa\u00f0 \u00e1 hausinnhrygnan er minni og f\u00e6r ekki hn\u00fa\u00f0 Ungfiskar \u00ed algengri st\u00e6r\u00f0 sem \u00feeir sj\u00e1st \u00ed b\u00fa\u00f0um, l\u00edta &hellip;<\/p>\n<p class=\"read-more\"> <a class=\"\" href=\"https:\/\/www.fiskakallinn.is\/?page_id=4179\"> <span class=\"screen-reader-text\">Hypselecara temporalis<\/span> Read More &raquo;<\/a><\/p>\n","protected":false},"author":2,"featured_media":0,"parent":0,"menu_order":0,"comment_status":"closed","ping_status":"closed","template":"","meta":{"sfsi_plus_gutenberg_text_before_share":"","sfsi_plus_gutenberg_show_text_before_share":"","sfsi_plus_gutenberg_icon_type":"","sfsi_plus_gutenberg_icon_alignemt":"","sfsi_plus_gutenburg_max_per_row":"","site-sidebar-layout":"no-sidebar","site-content-layout":"page-builder","ast-main-header-display":"","ast-hfb-above-header-display":"","ast-hfb-below-header-display":"","ast-hfb-mobile-header-display":"","site-post-title":"disabled","ast-breadcrumbs-content":"","ast-featured-img":"disabled","footer-sml-layout":"","theme-transparent-header-meta":"","adv-header-id-meta":"","stick-header-meta":"","header-above-stick-meta":"","header-main-stick-meta":"","header-below-stick-meta":""},"_links":{"self":[{"href":"https:\/\/www.fiskakallinn.is\/index.php?rest_route=\/wp\/v2\/pages\/4179"}],"collection":[{"href":"https:\/\/www.fiskakallinn.is\/index.php?rest_route=\/wp\/v2\/pages"}],"about":[{"href":"https:\/\/www.fiskakallinn.is\/index.php?rest_route=\/wp\/v2\/types\/page"}],"author":[{"embeddable":true,"href":"https:\/\/www.fiskakallinn.is\/index.php?rest_route=\/wp\/v2\/users\/2"}],"replies":[{"embeddable":true,"href":"https:\/\/www.fiskakallinn.is\/index.php?rest_route=%2Fwp%2Fv2%2Fcomments&post=4179"}],"version-history":[{"count":3,"href":"https:\/\/www.fiskakallinn.is\/index.php?rest_route=\/wp\/v2\/pages\/4179\/revisions"}],"predecessor-version":[{"id":4186,"href":"https:\/\/www.fiskakallinn.is\/index.php?rest_route=\/wp\/v2\/pages\/4179\/revisions\/4186"}],"wp:attachment":[{"href":"https:\/\/www.fiskakallinn.is\/index.php?rest_route=%2Fwp%2Fv2%2Fmedia&parent=4179"}],"curies":[{"name":"wp","href":"https:\/\/api.w.org\/{rel}","templated":true}]}}