{"id":4230,"date":"2021-12-19T21:34:01","date_gmt":"2021-12-19T21:34:01","guid":{"rendered":"https:\/\/www.fiskakallinn.is\/?page_id=4230"},"modified":"2022-12-31T19:31:29","modified_gmt":"2022-12-31T19:31:29","slug":"hemichromis-exsul","status":"publish","type":"page","link":"https:\/\/www.fiskakallinn.is\/?page_id=4230","title":{"rendered":"Rubricatochromis exsul"},"content":{"rendered":"\t\t<div data-elementor-type=\"wp-page\" data-elementor-id=\"4230\" class=\"elementor elementor-4230\">\n\t\t\t\t\t\t\t\t\t<section class=\"elementor-section elementor-top-section elementor-element elementor-element-b01ab19 elementor-section-boxed elementor-section-height-default elementor-section-height-default\" data-id=\"b01ab19\" data-element_type=\"section\">\n\t\t\t\t\t\t<div class=\"elementor-container elementor-column-gap-default\">\n\t\t\t\t\t<div class=\"elementor-column elementor-col-100 elementor-top-column elementor-element elementor-element-fa6c3f1\" data-id=\"fa6c3f1\" data-element_type=\"column\">\n\t\t\t<div class=\"elementor-widget-wrap elementor-element-populated\">\n\t\t\t\t\t\t\t\t<div class=\"elementor-element elementor-element-63b4005 elementor-widget elementor-widget-text-editor\" data-id=\"63b4005\" data-element_type=\"widget\" data-widget_type=\"text-editor.default\">\n\t\t\t\t<div class=\"elementor-widget-container\">\n\t\t\t\t\t\t\t<h2 style=\"text-align: center;\"><strong>Rubricatochromis exsul<\/strong><\/h2>\t\t\t\t\t\t<\/div>\n\t\t\t\t<\/div>\n\t\t\t\t\t<\/div>\n\t\t<\/div>\n\t\t\t\t\t\t\t<\/div>\n\t\t<\/section>\n\t\t\t\t<section class=\"elementor-section elementor-top-section elementor-element elementor-element-54da8f9 elementor-section-boxed elementor-section-height-default elementor-section-height-default\" data-id=\"54da8f9\" data-element_type=\"section\">\n\t\t\t\t\t\t<div class=\"elementor-container elementor-column-gap-default\">\n\t\t\t\t\t<div class=\"elementor-column elementor-col-100 elementor-top-column elementor-element elementor-element-7d6c489\" data-id=\"7d6c489\" data-element_type=\"column\">\n\t\t\t<div class=\"elementor-widget-wrap elementor-element-populated\">\n\t\t\t\t\t\t\t\t<div class=\"elementor-element elementor-element-c8357d2 elementor-widget elementor-widget-image\" data-id=\"c8357d2\" data-element_type=\"widget\" data-widget_type=\"image.default\">\n\t\t\t\t<div class=\"elementor-widget-container\">\n\t\t\t\t\t\t\t\t\t\t\t\t\t\t\t<img width=\"1361\" height=\"964\" src=\"https:\/\/www.fiskakallinn.is\/wp-content\/uploads\/2021\/12\/Hemichromis-exsul-3.jpg\" class=\"attachment-full size-full\" alt=\"\" loading=\"lazy\" srcset=\"https:\/\/www.fiskakallinn.is\/wp-content\/uploads\/2021\/12\/Hemichromis-exsul-3.jpg 1361w, https:\/\/www.fiskakallinn.is\/wp-content\/uploads\/2021\/12\/Hemichromis-exsul-3-300x212.jpg 300w, https:\/\/www.fiskakallinn.is\/wp-content\/uploads\/2021\/12\/Hemichromis-exsul-3-1024x725.jpg 1024w, https:\/\/www.fiskakallinn.is\/wp-content\/uploads\/2021\/12\/Hemichromis-exsul-3-768x544.jpg 768w\" sizes=\"(max-width: 1361px) 100vw, 1361px\" \/>\t\t\t\t\t\t\t\t\t\t\t\t\t\t\t<\/div>\n\t\t\t\t<\/div>\n\t\t\t\t\t<\/div>\n\t\t<\/div>\n\t\t\t\t\t\t\t<\/div>\n\t\t<\/section>\n\t\t\t\t<section class=\"elementor-section elementor-top-section elementor-element elementor-element-6868c88 elementor-section-boxed elementor-section-height-default elementor-section-height-default\" data-id=\"6868c88\" data-element_type=\"section\">\n\t\t\t\t\t\t<div class=\"elementor-container elementor-column-gap-default\">\n\t\t\t\t\t<div class=\"elementor-column elementor-col-100 elementor-top-column elementor-element elementor-element-fd28f7d\" data-id=\"fd28f7d\" data-element_type=\"column\">\n\t\t\t<div class=\"elementor-widget-wrap elementor-element-populated\">\n\t\t\t\t\t\t\t\t<div class=\"elementor-element elementor-element-6dfc948 elementor-widget elementor-widget-text-editor\" data-id=\"6dfc948\" data-element_type=\"widget\" data-widget_type=\"text-editor.default\">\n\t\t\t\t<div class=\"elementor-widget-container\">\n\t\t\t\t\t\t\t<p style=\"text-align: center;\">\u00deessi tegund kemur fr\u00e1 Ken\u00eda \u00ed\u00a0 austur-afr\u00edku \u00fear sem h\u00fan finnst \u00ed Turkana vatni, \u00feetta er h\u00e6ngurinn sem er st\u00e6rri en hrygnan og gefin upp 10 cm \u00e1 netinu en \u00feessi h\u00e6ngur er um 8 cm\u00a0<\/p>\t\t\t\t\t\t<\/div>\n\t\t\t\t<\/div>\n\t\t\t\t\t<\/div>\n\t\t<\/div>\n\t\t\t\t\t\t\t<\/div>\n\t\t<\/section>\n\t\t\t\t<section class=\"elementor-section elementor-top-section elementor-element elementor-element-97957e0 elementor-section-boxed elementor-section-height-default elementor-section-height-default\" data-id=\"97957e0\" data-element_type=\"section\">\n\t\t\t\t\t\t<div class=\"elementor-container elementor-column-gap-default\">\n\t\t\t\t\t<div class=\"elementor-column elementor-col-100 elementor-top-column elementor-element elementor-element-4fff4e4\" data-id=\"4fff4e4\" data-element_type=\"column\">\n\t\t\t<div class=\"elementor-widget-wrap elementor-element-populated\">\n\t\t\t\t\t\t\t\t<div class=\"elementor-element elementor-element-03f2c00 elementor-widget elementor-widget-image\" data-id=\"03f2c00\" data-element_type=\"widget\" data-widget_type=\"image.default\">\n\t\t\t\t<div class=\"elementor-widget-container\">\n\t\t\t\t\t\t\t\t\t\t\t\t\t\t\t<img width=\"1361\" height=\"964\" src=\"https:\/\/www.fiskakallinn.is\/wp-content\/uploads\/2021\/12\/Hemichromis-exsul-2.jpg\" class=\"attachment-full size-full\" alt=\"\" loading=\"lazy\" srcset=\"https:\/\/www.fiskakallinn.is\/wp-content\/uploads\/2021\/12\/Hemichromis-exsul-2.jpg 1361w, https:\/\/www.fiskakallinn.is\/wp-content\/uploads\/2021\/12\/Hemichromis-exsul-2-300x212.jpg 300w, https:\/\/www.fiskakallinn.is\/wp-content\/uploads\/2021\/12\/Hemichromis-exsul-2-1024x725.jpg 1024w, https:\/\/www.fiskakallinn.is\/wp-content\/uploads\/2021\/12\/Hemichromis-exsul-2-768x544.jpg 768w\" sizes=\"(max-width: 1361px) 100vw, 1361px\" \/>\t\t\t\t\t\t\t\t\t\t\t\t\t\t\t<\/div>\n\t\t\t\t<\/div>\n\t\t\t\t\t<\/div>\n\t\t<\/div>\n\t\t\t\t\t\t\t<\/div>\n\t\t<\/section>\n\t\t\t\t<section class=\"elementor-section elementor-top-section elementor-element elementor-element-a14696f elementor-section-boxed elementor-section-height-default elementor-section-height-default\" data-id=\"a14696f\" data-element_type=\"section\">\n\t\t\t\t\t\t<div class=\"elementor-container elementor-column-gap-default\">\n\t\t\t\t\t<div class=\"elementor-column elementor-col-100 elementor-top-column elementor-element elementor-element-d302b67\" data-id=\"d302b67\" data-element_type=\"column\">\n\t\t\t<div class=\"elementor-widget-wrap elementor-element-populated\">\n\t\t\t\t\t\t\t\t<div class=\"elementor-element elementor-element-3605845 elementor-widget elementor-widget-text-editor\" data-id=\"3605845\" data-element_type=\"widget\" data-widget_type=\"text-editor.default\">\n\t\t\t\t<div class=\"elementor-widget-container\">\n\t\t\t\t\t\t\t<p style=\"text-align: center;\">Hrygna, Exsul er me\u00f0 rau\u00f0an b\u00fak en d\u00f6kka ugga me\u00f0 bl\u00e1um doppum, H. exsul koma \u00far Turkana vatni sem er \u00ed ey\u00f0im\u00f6rk \u00ed Ken\u00eda \u00f6fugt vi\u00f0 flesta Rubricatochromis sem finnast \u00e1 vestur str\u00f6ndinni. \u00feeir koma \u00far heitu og a\u00f0eins s\u00f6ltu vatni en 22-26 ferskt vatn vir\u00f0ist virka vel\u00a0<\/p>\t\t\t\t\t\t<\/div>\n\t\t\t\t<\/div>\n\t\t\t\t\t<\/div>\n\t\t<\/div>\n\t\t\t\t\t\t\t<\/div>\n\t\t<\/section>\n\t\t\t\t<section class=\"elementor-section elementor-top-section elementor-element elementor-element-b03ffb8 elementor-section-boxed elementor-section-height-default elementor-section-height-default\" data-id=\"b03ffb8\" data-element_type=\"section\">\n\t\t\t\t\t\t<div class=\"elementor-container elementor-column-gap-default\">\n\t\t\t\t\t<div class=\"elementor-column elementor-col-100 elementor-top-column elementor-element elementor-element-8df3ebd\" data-id=\"8df3ebd\" data-element_type=\"column\">\n\t\t\t<div class=\"elementor-widget-wrap elementor-element-populated\">\n\t\t\t\t\t\t\t\t<div class=\"elementor-element elementor-element-69770b5 elementor-widget elementor-widget-image\" data-id=\"69770b5\" data-element_type=\"widget\" data-widget_type=\"image.default\">\n\t\t\t\t<div class=\"elementor-widget-container\">\n\t\t\t\t\t\t\t\t\t\t\t\t\t\t\t<img width=\"1361\" height=\"964\" src=\"https:\/\/www.fiskakallinn.is\/wp-content\/uploads\/2021\/12\/Hemichromis-exsul-1.jpg\" class=\"attachment-full size-full\" alt=\"\" loading=\"lazy\" srcset=\"https:\/\/www.fiskakallinn.is\/wp-content\/uploads\/2021\/12\/Hemichromis-exsul-1.jpg 1361w, https:\/\/www.fiskakallinn.is\/wp-content\/uploads\/2021\/12\/Hemichromis-exsul-1-300x212.jpg 300w, https:\/\/www.fiskakallinn.is\/wp-content\/uploads\/2021\/12\/Hemichromis-exsul-1-1024x725.jpg 1024w, https:\/\/www.fiskakallinn.is\/wp-content\/uploads\/2021\/12\/Hemichromis-exsul-1-768x544.jpg 768w\" sizes=\"(max-width: 1361px) 100vw, 1361px\" \/>\t\t\t\t\t\t\t\t\t\t\t\t\t\t\t<\/div>\n\t\t\t\t<\/div>\n\t\t\t\t\t<\/div>\n\t\t<\/div>\n\t\t\t\t\t\t\t<\/div>\n\t\t<\/section>\n\t\t\t\t<section class=\"elementor-section elementor-top-section elementor-element elementor-element-89ea216 elementor-section-boxed elementor-section-height-default elementor-section-height-default\" data-id=\"89ea216\" data-element_type=\"section\">\n\t\t\t\t\t\t<div class=\"elementor-container elementor-column-gap-default\">\n\t\t\t\t\t<div class=\"elementor-column elementor-col-100 elementor-top-column elementor-element elementor-element-04b4520\" data-id=\"04b4520\" data-element_type=\"column\">\n\t\t\t<div class=\"elementor-widget-wrap elementor-element-populated\">\n\t\t\t\t\t\t\t\t<div class=\"elementor-element elementor-element-1decbb2 elementor-widget elementor-widget-text-editor\" data-id=\"1decbb2\" data-element_type=\"widget\" data-widget_type=\"text-editor.default\">\n\t\t\t\t<div class=\"elementor-widget-container\">\n\t\t\t\t\t\t\t<p style=\"text-align: center;\">\u00deessar myndir eru af pari \u00ed kjallaranum sem var me\u00f0 sei\u00f0i\u00a0<br \/>Margar myndir af \u00feessari tegund s\u00fdna talsvert rau\u00f0ari fiska og g\u00e6ti f\u00f3\u00f0ur e\u00f0a hita haft eitthva\u00f0 a\u00f0a segja um \u00fea\u00f0\u00a0\u00a0<\/p>\t\t\t\t\t\t<\/div>\n\t\t\t\t<\/div>\n\t\t\t\t\t<\/div>\n\t\t<\/div>\n\t\t\t\t\t\t\t<\/div>\n\t\t<\/section>\n\t\t\t\t\t\t\t<\/div>\n\t\t","protected":false},"excerpt":{"rendered":"<p>Rubricatochromis exsul \u00deessi tegund kemur fr\u00e1 Ken\u00eda \u00ed\u00a0 austur-afr\u00edku \u00fear sem h\u00fan finnst \u00ed Turkana vatni, \u00feetta er h\u00e6ngurinn sem er st\u00e6rri en hrygnan og gefin upp 10 cm \u00e1 netinu en \u00feessi h\u00e6ngur er um 8 cm\u00a0 Hrygna, Exsul er me\u00f0 rau\u00f0an b\u00fak en d\u00f6kka ugga me\u00f0 bl\u00e1um doppum, H. exsul koma \u00far Turkana &hellip;<\/p>\n<p class=\"read-more\"> <a class=\"\" href=\"https:\/\/www.fiskakallinn.is\/?page_id=4230\"> <span class=\"screen-reader-text\">Rubricatochromis exsul<\/span> Read More &raquo;<\/a><\/p>\n","protected":false},"author":2,"featured_media":0,"parent":0,"menu_order":0,"comment_status":"closed","ping_status":"closed","template":"","meta":{"sfsi_plus_gutenberg_text_before_share":"","sfsi_plus_gutenberg_show_text_before_share":"","sfsi_plus_gutenberg_icon_type":"","sfsi_plus_gutenberg_icon_alignemt":"","sfsi_plus_gutenburg_max_per_row":"","site-sidebar-layout":"no-sidebar","site-content-layout":"page-builder","ast-main-header-display":"","ast-hfb-above-header-display":"","ast-hfb-below-header-display":"","ast-hfb-mobile-header-display":"","site-post-title":"disabled","ast-breadcrumbs-content":"","ast-featured-img":"disabled","footer-sml-layout":"","theme-transparent-header-meta":"default","adv-header-id-meta":"","stick-header-meta":"default","header-above-stick-meta":"","header-main-stick-meta":"","header-below-stick-meta":""},"_links":{"self":[{"href":"https:\/\/www.fiskakallinn.is\/index.php?rest_route=\/wp\/v2\/pages\/4230"}],"collection":[{"href":"https:\/\/www.fiskakallinn.is\/index.php?rest_route=\/wp\/v2\/pages"}],"about":[{"href":"https:\/\/www.fiskakallinn.is\/index.php?rest_route=\/wp\/v2\/types\/page"}],"author":[{"embeddable":true,"href":"https:\/\/www.fiskakallinn.is\/index.php?rest_route=\/wp\/v2\/users\/2"}],"replies":[{"embeddable":true,"href":"https:\/\/www.fiskakallinn.is\/index.php?rest_route=%2Fwp%2Fv2%2Fcomments&post=4230"}],"version-history":[{"count":13,"href":"https:\/\/www.fiskakallinn.is\/index.php?rest_route=\/wp\/v2\/pages\/4230\/revisions"}],"predecessor-version":[{"id":5142,"href":"https:\/\/www.fiskakallinn.is\/index.php?rest_route=\/wp\/v2\/pages\/4230\/revisions\/5142"}],"wp:attachment":[{"href":"https:\/\/www.fiskakallinn.is\/index.php?rest_route=%2Fwp%2Fv2%2Fmedia&parent=4230"}],"curies":[{"name":"wp","href":"https:\/\/api.w.org\/{rel}","templated":true}]}}