{"id":4267,"date":"2021-12-19T23:08:21","date_gmt":"2021-12-19T23:08:21","guid":{"rendered":"https:\/\/www.fiskakallinn.is\/?page_id=4267"},"modified":"2021-12-19T23:23:00","modified_gmt":"2021-12-19T23:23:00","slug":"pelvicachromis-subocellatus","status":"publish","type":"page","link":"https:\/\/www.fiskakallinn.is\/?page_id=4267","title":{"rendered":"Pelvicachromis subocellatus"},"content":{"rendered":"\t\t<div data-elementor-type=\"wp-page\" data-elementor-id=\"4267\" class=\"elementor elementor-4267\">\n\t\t\t\t\t\t\t\t\t<section class=\"elementor-section elementor-top-section elementor-element elementor-element-13cd5c6 elementor-section-boxed elementor-section-height-default elementor-section-height-default\" data-id=\"13cd5c6\" data-element_type=\"section\">\n\t\t\t\t\t\t<div class=\"elementor-container elementor-column-gap-default\">\n\t\t\t\t\t<div class=\"elementor-column elementor-col-100 elementor-top-column elementor-element elementor-element-5e2c296\" data-id=\"5e2c296\" data-element_type=\"column\">\n\t\t\t<div class=\"elementor-widget-wrap elementor-element-populated\">\n\t\t\t\t\t\t\t\t<div class=\"elementor-element elementor-element-7def026 elementor-widget elementor-widget-text-editor\" data-id=\"7def026\" data-element_type=\"widget\" data-widget_type=\"text-editor.default\">\n\t\t\t\t<div class=\"elementor-widget-container\">\n\t\t\t\t\t\t\t<h2 style=\"text-align: center;\"><strong>Pelvicachromis subocellatus<\/strong><\/h2>\t\t\t\t\t\t<\/div>\n\t\t\t\t<\/div>\n\t\t\t\t\t<\/div>\n\t\t<\/div>\n\t\t\t\t\t\t\t<\/div>\n\t\t<\/section>\n\t\t\t\t<section class=\"elementor-section elementor-top-section elementor-element elementor-element-4f26e2d elementor-section-boxed elementor-section-height-default elementor-section-height-default\" data-id=\"4f26e2d\" data-element_type=\"section\">\n\t\t\t\t\t\t<div class=\"elementor-container elementor-column-gap-default\">\n\t\t\t\t\t<div class=\"elementor-column elementor-col-100 elementor-top-column elementor-element elementor-element-f4339f8\" data-id=\"f4339f8\" data-element_type=\"column\">\n\t\t\t<div class=\"elementor-widget-wrap elementor-element-populated\">\n\t\t\t\t\t\t\t\t<div class=\"elementor-element elementor-element-aa3a427 elementor-widget elementor-widget-image\" data-id=\"aa3a427\" data-element_type=\"widget\" data-widget_type=\"image.default\">\n\t\t\t\t<div class=\"elementor-widget-container\">\n\t\t\t\t\t\t\t\t\t\t\t\t\t\t\t<img width=\"1361\" height=\"964\" src=\"https:\/\/www.fiskakallinn.is\/wp-content\/uploads\/2021\/12\/Pelvicachromis-subocellatus-1.jpg\" class=\"attachment-full size-full\" alt=\"\" loading=\"lazy\" srcset=\"https:\/\/www.fiskakallinn.is\/wp-content\/uploads\/2021\/12\/Pelvicachromis-subocellatus-1.jpg 1361w, https:\/\/www.fiskakallinn.is\/wp-content\/uploads\/2021\/12\/Pelvicachromis-subocellatus-1-300x212.jpg 300w, https:\/\/www.fiskakallinn.is\/wp-content\/uploads\/2021\/12\/Pelvicachromis-subocellatus-1-1024x725.jpg 1024w, https:\/\/www.fiskakallinn.is\/wp-content\/uploads\/2021\/12\/Pelvicachromis-subocellatus-1-768x544.jpg 768w\" sizes=\"(max-width: 1361px) 100vw, 1361px\" \/>\t\t\t\t\t\t\t\t\t\t\t\t\t\t\t<\/div>\n\t\t\t\t<\/div>\n\t\t\t\t\t<\/div>\n\t\t<\/div>\n\t\t\t\t\t\t\t<\/div>\n\t\t<\/section>\n\t\t\t\t<section class=\"elementor-section elementor-top-section elementor-element elementor-element-7006159 elementor-section-boxed elementor-section-height-default elementor-section-height-default\" data-id=\"7006159\" data-element_type=\"section\">\n\t\t\t\t\t\t<div class=\"elementor-container elementor-column-gap-default\">\n\t\t\t\t\t<div class=\"elementor-column elementor-col-100 elementor-top-column elementor-element elementor-element-ee601ed\" data-id=\"ee601ed\" data-element_type=\"column\">\n\t\t\t<div class=\"elementor-widget-wrap elementor-element-populated\">\n\t\t\t\t\t\t\t\t<div class=\"elementor-element elementor-element-e6c132b elementor-widget elementor-widget-text-editor\" data-id=\"e6c132b\" data-element_type=\"widget\" data-widget_type=\"text-editor.default\">\n\t\t\t\t<div class=\"elementor-widget-container\">\n\t\t\t\t\t\t\t<p style=\"text-align: center;\">H\u00e6ngur \u00ed f\u00ednum lit\u00a0<br \/>\u00deessi tegund finnst \u00ed N\u00edger\u00edu Gabon og Kong\u00f3\u00a0<\/p>\t\t\t\t\t\t<\/div>\n\t\t\t\t<\/div>\n\t\t\t\t\t<\/div>\n\t\t<\/div>\n\t\t\t\t\t\t\t<\/div>\n\t\t<\/section>\n\t\t\t\t<section class=\"elementor-section elementor-top-section elementor-element elementor-element-cec736a elementor-section-boxed elementor-section-height-default elementor-section-height-default\" data-id=\"cec736a\" data-element_type=\"section\">\n\t\t\t\t\t\t<div class=\"elementor-container elementor-column-gap-default\">\n\t\t\t\t\t<div class=\"elementor-column elementor-col-100 elementor-top-column elementor-element elementor-element-e9b47f9\" data-id=\"e9b47f9\" data-element_type=\"column\">\n\t\t\t<div class=\"elementor-widget-wrap elementor-element-populated\">\n\t\t\t\t\t\t\t\t<div class=\"elementor-element elementor-element-a111373 elementor-widget elementor-widget-image\" data-id=\"a111373\" data-element_type=\"widget\" data-widget_type=\"image.default\">\n\t\t\t\t<div class=\"elementor-widget-container\">\n\t\t\t\t\t\t\t\t\t\t\t\t\t\t\t<img width=\"1361\" height=\"964\" src=\"https:\/\/www.fiskakallinn.is\/wp-content\/uploads\/2021\/12\/Pelvicachromis-subocellatus-4.jpg\" class=\"attachment-full size-full\" alt=\"\" loading=\"lazy\" srcset=\"https:\/\/www.fiskakallinn.is\/wp-content\/uploads\/2021\/12\/Pelvicachromis-subocellatus-4.jpg 1361w, https:\/\/www.fiskakallinn.is\/wp-content\/uploads\/2021\/12\/Pelvicachromis-subocellatus-4-300x212.jpg 300w, https:\/\/www.fiskakallinn.is\/wp-content\/uploads\/2021\/12\/Pelvicachromis-subocellatus-4-1024x725.jpg 1024w, https:\/\/www.fiskakallinn.is\/wp-content\/uploads\/2021\/12\/Pelvicachromis-subocellatus-4-768x544.jpg 768w\" sizes=\"(max-width: 1361px) 100vw, 1361px\" \/>\t\t\t\t\t\t\t\t\t\t\t\t\t\t\t<\/div>\n\t\t\t\t<\/div>\n\t\t\t\t\t<\/div>\n\t\t<\/div>\n\t\t\t\t\t\t\t<\/div>\n\t\t<\/section>\n\t\t\t\t<section class=\"elementor-section elementor-top-section elementor-element elementor-element-24cd0c0 elementor-section-boxed elementor-section-height-default elementor-section-height-default\" data-id=\"24cd0c0\" data-element_type=\"section\">\n\t\t\t\t\t\t<div class=\"elementor-container elementor-column-gap-default\">\n\t\t\t\t\t<div class=\"elementor-column elementor-col-100 elementor-top-column elementor-element elementor-element-191c6da\" data-id=\"191c6da\" data-element_type=\"column\">\n\t\t\t<div class=\"elementor-widget-wrap elementor-element-populated\">\n\t\t\t\t\t\t\t\t<div class=\"elementor-element elementor-element-24dee6b elementor-widget elementor-widget-text-editor\" data-id=\"24dee6b\" data-element_type=\"widget\" data-widget_type=\"text-editor.default\">\n\t\t\t\t<div class=\"elementor-widget-container\">\n\t\t\t\t\t\t\t<p style=\"text-align: center;\">Hrygnan er litmeiri og uggarnir r\u00fana\u00f0ir\u00a0<br \/>\u00cd n\u00e1tt\u00farunni koma \u00feeir \u00far lygnum og gr\u00f3\u00f0urg\u00f3\u00f0um st\u00f6\u00f0um svo best er a\u00f0 l\u00edkja eftir \u00fev\u00ed \u00ed b\u00farum til a\u00f0 auka l\u00edkur \u00e1 hrygningu\u00a0<\/p>\t\t\t\t\t\t<\/div>\n\t\t\t\t<\/div>\n\t\t\t\t\t<\/div>\n\t\t<\/div>\n\t\t\t\t\t\t\t<\/div>\n\t\t<\/section>\n\t\t\t\t<section class=\"elementor-section elementor-top-section elementor-element elementor-element-71de8c9 elementor-section-boxed elementor-section-height-default elementor-section-height-default\" data-id=\"71de8c9\" data-element_type=\"section\">\n\t\t\t\t\t\t<div class=\"elementor-container elementor-column-gap-default\">\n\t\t\t\t\t<div class=\"elementor-column elementor-col-100 elementor-top-column elementor-element elementor-element-16195cf\" data-id=\"16195cf\" data-element_type=\"column\">\n\t\t\t<div class=\"elementor-widget-wrap elementor-element-populated\">\n\t\t\t\t\t\t\t\t<div class=\"elementor-element elementor-element-aeb2ebb elementor-widget elementor-widget-image\" data-id=\"aeb2ebb\" data-element_type=\"widget\" data-widget_type=\"image.default\">\n\t\t\t\t<div class=\"elementor-widget-container\">\n\t\t\t\t\t\t\t\t\t\t\t\t\t\t\t<img width=\"1361\" height=\"964\" src=\"https:\/\/www.fiskakallinn.is\/wp-content\/uploads\/2021\/12\/Pelvicachromis-subocellatus-3.jpg\" class=\"attachment-full size-full\" alt=\"\" loading=\"lazy\" srcset=\"https:\/\/www.fiskakallinn.is\/wp-content\/uploads\/2021\/12\/Pelvicachromis-subocellatus-3.jpg 1361w, https:\/\/www.fiskakallinn.is\/wp-content\/uploads\/2021\/12\/Pelvicachromis-subocellatus-3-300x212.jpg 300w, https:\/\/www.fiskakallinn.is\/wp-content\/uploads\/2021\/12\/Pelvicachromis-subocellatus-3-1024x725.jpg 1024w, https:\/\/www.fiskakallinn.is\/wp-content\/uploads\/2021\/12\/Pelvicachromis-subocellatus-3-768x544.jpg 768w\" sizes=\"(max-width: 1361px) 100vw, 1361px\" \/>\t\t\t\t\t\t\t\t\t\t\t\t\t\t\t<\/div>\n\t\t\t\t<\/div>\n\t\t\t\t\t<\/div>\n\t\t<\/div>\n\t\t\t\t\t\t\t<\/div>\n\t\t<\/section>\n\t\t\t\t<section class=\"elementor-section elementor-top-section elementor-element elementor-element-2688528 elementor-section-boxed elementor-section-height-default elementor-section-height-default\" data-id=\"2688528\" data-element_type=\"section\">\n\t\t\t\t\t\t<div class=\"elementor-container elementor-column-gap-default\">\n\t\t\t\t\t<div class=\"elementor-column elementor-col-100 elementor-top-column elementor-element elementor-element-9f08ab5\" data-id=\"9f08ab5\" data-element_type=\"column\">\n\t\t\t<div class=\"elementor-widget-wrap elementor-element-populated\">\n\t\t\t\t\t\t\t\t<div class=\"elementor-element elementor-element-61aefd4 elementor-widget elementor-widget-text-editor\" data-id=\"61aefd4\" data-element_type=\"widget\" data-widget_type=\"text-editor.default\">\n\t\t\t\t<div class=\"elementor-widget-container\">\n\t\t\t\t\t\t\t<p style=\"text-align: center;\">Ung hrygna sem \u00e9g r\u00e6kta\u00f0i a\u00f0 byrja a\u00f0 taka lit, pari\u00f0 sem \u00e9g nota\u00f0i til a\u00f0 r\u00e6kta undan var mj\u00f6g feimi\u00f0 og s\u00fdndi sig sjaldan og var alltaf \u00ed felum me\u00f0 sei\u00f0in en \u00feeir fiskar sem hafa komi\u00f0 undan \u00feeim eru ekki \u00feannig sem betur fer\u00a0<\/p>\t\t\t\t\t\t<\/div>\n\t\t\t\t<\/div>\n\t\t\t\t\t<\/div>\n\t\t<\/div>\n\t\t\t\t\t\t\t<\/div>\n\t\t<\/section>\n\t\t\t\t<section class=\"elementor-section elementor-top-section elementor-element elementor-element-79147a7 elementor-section-boxed elementor-section-height-default elementor-section-height-default\" data-id=\"79147a7\" data-element_type=\"section\">\n\t\t\t\t\t\t<div class=\"elementor-container elementor-column-gap-default\">\n\t\t\t\t\t<div class=\"elementor-column elementor-col-50 elementor-top-column elementor-element elementor-element-245d507\" data-id=\"245d507\" data-element_type=\"column\">\n\t\t\t<div class=\"elementor-widget-wrap elementor-element-populated\">\n\t\t\t\t\t\t\t\t<div class=\"elementor-element elementor-element-9ce85a8 elementor-widget elementor-widget-image\" data-id=\"9ce85a8\" data-element_type=\"widget\" data-widget_type=\"image.default\">\n\t\t\t\t<div class=\"elementor-widget-container\">\n\t\t\t\t\t\t\t\t\t\t\t\t\t\t\t<img width=\"1020\" height=\"680\" src=\"https:\/\/www.fiskakallinn.is\/wp-content\/uploads\/2021\/12\/Pelvicachromis-subocellatus-2.jpg\" class=\"attachment-large size-large\" alt=\"\" loading=\"lazy\" srcset=\"https:\/\/www.fiskakallinn.is\/wp-content\/uploads\/2021\/12\/Pelvicachromis-subocellatus-2.jpg 1020w, https:\/\/www.fiskakallinn.is\/wp-content\/uploads\/2021\/12\/Pelvicachromis-subocellatus-2-300x200.jpg 300w, https:\/\/www.fiskakallinn.is\/wp-content\/uploads\/2021\/12\/Pelvicachromis-subocellatus-2-768x512.jpg 768w\" sizes=\"(max-width: 1020px) 100vw, 1020px\" \/>\t\t\t\t\t\t\t\t\t\t\t\t\t\t\t<\/div>\n\t\t\t\t<\/div>\n\t\t\t\t\t<\/div>\n\t\t<\/div>\n\t\t\t\t<div class=\"elementor-column elementor-col-50 elementor-top-column elementor-element elementor-element-8e91dda\" data-id=\"8e91dda\" data-element_type=\"column\">\n\t\t\t<div class=\"elementor-widget-wrap elementor-element-populated\">\n\t\t\t\t\t\t\t\t<div class=\"elementor-element elementor-element-50dee26 elementor-widget elementor-widget-image\" data-id=\"50dee26\" data-element_type=\"widget\" data-widget_type=\"image.default\">\n\t\t\t\t<div class=\"elementor-widget-container\">\n\t\t\t\t\t\t\t\t\t\t\t\t\t\t\t<img width=\"1020\" height=\"680\" src=\"https:\/\/www.fiskakallinn.is\/wp-content\/uploads\/2021\/12\/Pelvicachromis-subocellatus-5.jpg\" class=\"attachment-large size-large\" alt=\"\" loading=\"lazy\" srcset=\"https:\/\/www.fiskakallinn.is\/wp-content\/uploads\/2021\/12\/Pelvicachromis-subocellatus-5.jpg 1020w, https:\/\/www.fiskakallinn.is\/wp-content\/uploads\/2021\/12\/Pelvicachromis-subocellatus-5-300x200.jpg 300w, https:\/\/www.fiskakallinn.is\/wp-content\/uploads\/2021\/12\/Pelvicachromis-subocellatus-5-768x512.jpg 768w\" sizes=\"(max-width: 1020px) 100vw, 1020px\" \/>\t\t\t\t\t\t\t\t\t\t\t\t\t\t\t<\/div>\n\t\t\t\t<\/div>\n\t\t\t\t\t<\/div>\n\t\t<\/div>\n\t\t\t\t\t\t\t<\/div>\n\t\t<\/section>\n\t\t\t\t<section class=\"elementor-section elementor-top-section elementor-element elementor-element-4c8847c elementor-section-boxed elementor-section-height-default elementor-section-height-default\" data-id=\"4c8847c\" data-element_type=\"section\">\n\t\t\t\t\t\t<div class=\"elementor-container elementor-column-gap-default\">\n\t\t\t\t\t<div class=\"elementor-column elementor-col-50 elementor-top-column elementor-element elementor-element-b64868e\" data-id=\"b64868e\" data-element_type=\"column\">\n\t\t\t<div class=\"elementor-widget-wrap elementor-element-populated\">\n\t\t\t\t\t\t\t\t<div class=\"elementor-element elementor-element-25196f0 elementor-widget elementor-widget-text-editor\" data-id=\"25196f0\" data-element_type=\"widget\" data-widget_type=\"text-editor.default\">\n\t\t\t\t<div class=\"elementor-widget-container\">\n\t\t\t\t\t\t\t<p style=\"text-align: center;\">H\u00e9r er hrygna \u00ed hrygningarlitunum\u00a0<\/p>\t\t\t\t\t\t<\/div>\n\t\t\t\t<\/div>\n\t\t\t\t\t<\/div>\n\t\t<\/div>\n\t\t\t\t<div class=\"elementor-column elementor-col-50 elementor-top-column elementor-element elementor-element-171989d\" data-id=\"171989d\" data-element_type=\"column\">\n\t\t\t<div class=\"elementor-widget-wrap elementor-element-populated\">\n\t\t\t\t\t\t\t\t<div class=\"elementor-element elementor-element-fead219 elementor-widget elementor-widget-text-editor\" data-id=\"fead219\" data-element_type=\"widget\" data-widget_type=\"text-editor.default\">\n\t\t\t\t<div class=\"elementor-widget-container\">\n\t\t\t\t\t\t\t<p style=\"text-align: center;\">Sei\u00f0i um 1,5 cm \u00e1 lengd\u00a0<\/p>\t\t\t\t\t\t<\/div>\n\t\t\t\t<\/div>\n\t\t\t\t\t<\/div>\n\t\t<\/div>\n\t\t\t\t\t\t\t<\/div>\n\t\t<\/section>\n\t\t\t\t\t\t\t<\/div>\n\t\t","protected":false},"excerpt":{"rendered":"<p>Pelvicachromis subocellatus H\u00e6ngur \u00ed f\u00ednum lit\u00a0\u00deessi tegund finnst \u00ed N\u00edger\u00edu Gabon og Kong\u00f3\u00a0 Hrygnan er litmeiri og uggarnir r\u00fana\u00f0ir\u00a0\u00cd n\u00e1tt\u00farunni koma \u00feeir \u00far lygnum og gr\u00f3\u00f0urg\u00f3\u00f0um st\u00f6\u00f0um svo best er a\u00f0 l\u00edkja eftir \u00fev\u00ed \u00ed b\u00farum til a\u00f0 auka l\u00edkur \u00e1 hrygningu\u00a0 Ung hrygna sem \u00e9g r\u00e6kta\u00f0i a\u00f0 byrja a\u00f0 taka lit, pari\u00f0 sem \u00e9g &hellip;<\/p>\n<p class=\"read-more\"> <a class=\"\" href=\"https:\/\/www.fiskakallinn.is\/?page_id=4267\"> <span class=\"screen-reader-text\">Pelvicachromis subocellatus<\/span> Read More &raquo;<\/a><\/p>\n","protected":false},"author":2,"featured_media":0,"parent":0,"menu_order":0,"comment_status":"closed","ping_status":"closed","template":"","meta":{"sfsi_plus_gutenberg_text_before_share":"","sfsi_plus_gutenberg_show_text_before_share":"","sfsi_plus_gutenberg_icon_type":"","sfsi_plus_gutenberg_icon_alignemt":"","sfsi_plus_gutenburg_max_per_row":"","site-sidebar-layout":"no-sidebar","site-content-layout":"page-builder","ast-main-header-display":"","ast-hfb-above-header-display":"","ast-hfb-below-header-display":"","ast-hfb-mobile-header-display":"","site-post-title":"disabled","ast-breadcrumbs-content":"","ast-featured-img":"disabled","footer-sml-layout":"","theme-transparent-header-meta":"","adv-header-id-meta":"","stick-header-meta":"","header-above-stick-meta":"","header-main-stick-meta":"","header-below-stick-meta":""},"_links":{"self":[{"href":"https:\/\/www.fiskakallinn.is\/index.php?rest_route=\/wp\/v2\/pages\/4267"}],"collection":[{"href":"https:\/\/www.fiskakallinn.is\/index.php?rest_route=\/wp\/v2\/pages"}],"about":[{"href":"https:\/\/www.fiskakallinn.is\/index.php?rest_route=\/wp\/v2\/types\/page"}],"author":[{"embeddable":true,"href":"https:\/\/www.fiskakallinn.is\/index.php?rest_route=\/wp\/v2\/users\/2"}],"replies":[{"embeddable":true,"href":"https:\/\/www.fiskakallinn.is\/index.php?rest_route=%2Fwp%2Fv2%2Fcomments&post=4267"}],"version-history":[{"count":3,"href":"https:\/\/www.fiskakallinn.is\/index.php?rest_route=\/wp\/v2\/pages\/4267\/revisions"}],"predecessor-version":[{"id":4275,"href":"https:\/\/www.fiskakallinn.is\/index.php?rest_route=\/wp\/v2\/pages\/4267\/revisions\/4275"}],"wp:attachment":[{"href":"https:\/\/www.fiskakallinn.is\/index.php?rest_route=%2Fwp%2Fv2%2Fmedia&parent=4267"}],"curies":[{"name":"wp","href":"https:\/\/api.w.org\/{rel}","templated":true}]}}