{"id":4529,"date":"2022-01-26T23:47:20","date_gmt":"2022-01-26T23:47:20","guid":{"rendered":"https:\/\/www.fiskakallinn.is\/?page_id=4529"},"modified":"2022-01-26T23:51:13","modified_gmt":"2022-01-26T23:51:13","slug":"bardagafiskar","status":"publish","type":"page","link":"https:\/\/www.fiskakallinn.is\/?page_id=4529","title":{"rendered":"Bardagafiskar"},"content":{"rendered":"\t\t<div data-elementor-type=\"wp-page\" data-elementor-id=\"4529\" class=\"elementor elementor-4529\">\n\t\t\t\t\t\t\t\t\t<section class=\"elementor-section elementor-top-section elementor-element elementor-element-c7953ea elementor-section-boxed elementor-section-height-default elementor-section-height-default\" data-id=\"c7953ea\" data-element_type=\"section\">\n\t\t\t\t\t\t<div class=\"elementor-container elementor-column-gap-default\">\n\t\t\t\t\t<div class=\"elementor-column elementor-col-100 elementor-top-column elementor-element elementor-element-a6af16e\" data-id=\"a6af16e\" data-element_type=\"column\">\n\t\t\t<div class=\"elementor-widget-wrap elementor-element-populated\">\n\t\t\t\t\t\t\t\t<div class=\"elementor-element elementor-element-806fb5b elementor-widget elementor-widget-text-editor\" data-id=\"806fb5b\" data-element_type=\"widget\" data-widget_type=\"text-editor.default\">\n\t\t\t\t<div class=\"elementor-widget-container\">\n\t\t\t\t\t\t\t<h2 style=\"text-align: center;\"><strong>Bardagafiskar\u00a0<\/strong><\/h2>\t\t\t\t\t\t<\/div>\n\t\t\t\t<\/div>\n\t\t\t\t\t<\/div>\n\t\t<\/div>\n\t\t\t\t\t\t\t<\/div>\n\t\t<\/section>\n\t\t\t\t<section class=\"elementor-section elementor-top-section elementor-element elementor-element-d352af6 elementor-section-boxed elementor-section-height-default elementor-section-height-default\" data-id=\"d352af6\" data-element_type=\"section\">\n\t\t\t\t\t\t<div class=\"elementor-container elementor-column-gap-default\">\n\t\t\t\t\t<div class=\"elementor-column elementor-col-100 elementor-top-column elementor-element elementor-element-8e5265f\" data-id=\"8e5265f\" data-element_type=\"column\">\n\t\t\t<div class=\"elementor-widget-wrap elementor-element-populated\">\n\t\t\t\t\t\t\t\t<div class=\"elementor-element elementor-element-1fe7ca2 elementor-widget elementor-widget-text-editor\" data-id=\"1fe7ca2\" data-element_type=\"widget\" data-widget_type=\"text-editor.default\">\n\t\t\t\t<div class=\"elementor-widget-container\">\n\t\t\t\t\t\t\t<p style=\"text-align: center;\">\u00deetta eru allt r\u00e6ktu\u00f0 afbrig\u00f0i\u00a0 \u00fat fr\u00e1 Betta splendens sem \u00ed n\u00e1tt\u00farunni , hefur b\u00faklag svipa\u00f0 og Plakat afbrig\u00f0i\u00f0 en a\u00f0ra liti<\/p>\t\t\t\t\t\t<\/div>\n\t\t\t\t<\/div>\n\t\t\t\t\t<\/div>\n\t\t<\/div>\n\t\t\t\t\t\t\t<\/div>\n\t\t<\/section>\n\t\t\t\t<section class=\"elementor-section elementor-top-section elementor-element elementor-element-2ca7d36 elementor-section-boxed elementor-section-height-default elementor-section-height-default\" data-id=\"2ca7d36\" data-element_type=\"section\">\n\t\t\t\t\t\t<div class=\"elementor-container elementor-column-gap-default\">\n\t\t\t\t\t<div class=\"elementor-column elementor-col-50 elementor-top-column elementor-element elementor-element-9c03ff5\" data-id=\"9c03ff5\" data-element_type=\"column\">\n\t\t\t<div class=\"elementor-widget-wrap elementor-element-populated\">\n\t\t\t\t\t\t\t\t<div class=\"elementor-element elementor-element-98ac35b elementor-widget elementor-widget-image\" data-id=\"98ac35b\" data-element_type=\"widget\" data-widget_type=\"image.default\">\n\t\t\t\t<div class=\"elementor-widget-container\">\n\t\t\t\t\t\t\t\t\t\t\t\t\t\t\t<img width=\"1020\" height=\"680\" src=\"https:\/\/www.fiskakallinn.is\/wp-content\/uploads\/2022\/01\/veiltail.png\" class=\"attachment-large size-large\" alt=\"\" loading=\"lazy\" srcset=\"https:\/\/www.fiskakallinn.is\/wp-content\/uploads\/2022\/01\/veiltail.png 1020w, https:\/\/www.fiskakallinn.is\/wp-content\/uploads\/2022\/01\/veiltail-300x200.png 300w, https:\/\/www.fiskakallinn.is\/wp-content\/uploads\/2022\/01\/veiltail-768x512.png 768w\" sizes=\"(max-width: 1020px) 100vw, 1020px\" \/>\t\t\t\t\t\t\t\t\t\t\t\t\t\t\t<\/div>\n\t\t\t\t<\/div>\n\t\t\t\t\t<\/div>\n\t\t<\/div>\n\t\t\t\t<div class=\"elementor-column elementor-col-50 elementor-top-column elementor-element elementor-element-99a9c45\" data-id=\"99a9c45\" data-element_type=\"column\">\n\t\t\t<div class=\"elementor-widget-wrap elementor-element-populated\">\n\t\t\t\t\t\t\t\t<div class=\"elementor-element elementor-element-41ce1d9 elementor-widget elementor-widget-image\" data-id=\"41ce1d9\" data-element_type=\"widget\" data-widget_type=\"image.default\">\n\t\t\t\t<div class=\"elementor-widget-container\">\n\t\t\t\t\t\t\t\t\t\t\t\t\t\t\t<img width=\"1020\" height=\"680\" src=\"https:\/\/www.fiskakallinn.is\/wp-content\/uploads\/2022\/01\/plakat.png\" class=\"attachment-large size-large\" alt=\"\" loading=\"lazy\" srcset=\"https:\/\/www.fiskakallinn.is\/wp-content\/uploads\/2022\/01\/plakat.png 1020w, https:\/\/www.fiskakallinn.is\/wp-content\/uploads\/2022\/01\/plakat-300x200.png 300w, https:\/\/www.fiskakallinn.is\/wp-content\/uploads\/2022\/01\/plakat-768x512.png 768w\" sizes=\"(max-width: 1020px) 100vw, 1020px\" \/>\t\t\t\t\t\t\t\t\t\t\t\t\t\t\t<\/div>\n\t\t\t\t<\/div>\n\t\t\t\t\t<\/div>\n\t\t<\/div>\n\t\t\t\t\t\t\t<\/div>\n\t\t<\/section>\n\t\t\t\t<section class=\"elementor-section elementor-top-section elementor-element elementor-element-95e2b12 elementor-section-boxed elementor-section-height-default elementor-section-height-default\" data-id=\"95e2b12\" data-element_type=\"section\">\n\t\t\t\t\t\t<div class=\"elementor-container elementor-column-gap-default\">\n\t\t\t\t\t<div class=\"elementor-column elementor-col-50 elementor-top-column elementor-element elementor-element-8e4a010\" data-id=\"8e4a010\" data-element_type=\"column\">\n\t\t\t<div class=\"elementor-widget-wrap elementor-element-populated\">\n\t\t\t\t\t\t\t\t<div class=\"elementor-element elementor-element-00ff407 elementor-widget elementor-widget-image\" data-id=\"00ff407\" data-element_type=\"widget\" data-widget_type=\"image.default\">\n\t\t\t\t<div class=\"elementor-widget-container\">\n\t\t\t\t\t\t\t\t\t\t\t\t\t\t\t<img width=\"1020\" height=\"680\" src=\"https:\/\/www.fiskakallinn.is\/wp-content\/uploads\/2022\/01\/dumbo.png\" class=\"attachment-large size-large\" alt=\"\" loading=\"lazy\" srcset=\"https:\/\/www.fiskakallinn.is\/wp-content\/uploads\/2022\/01\/dumbo.png 1020w, https:\/\/www.fiskakallinn.is\/wp-content\/uploads\/2022\/01\/dumbo-300x200.png 300w, https:\/\/www.fiskakallinn.is\/wp-content\/uploads\/2022\/01\/dumbo-768x512.png 768w\" sizes=\"(max-width: 1020px) 100vw, 1020px\" \/>\t\t\t\t\t\t\t\t\t\t\t\t\t\t\t<\/div>\n\t\t\t\t<\/div>\n\t\t\t\t\t<\/div>\n\t\t<\/div>\n\t\t\t\t<div class=\"elementor-column elementor-col-50 elementor-top-column elementor-element elementor-element-dd2db38\" data-id=\"dd2db38\" data-element_type=\"column\">\n\t\t\t<div class=\"elementor-widget-wrap elementor-element-populated\">\n\t\t\t\t\t\t\t\t<div class=\"elementor-element elementor-element-b129547 elementor-widget elementor-widget-image\" data-id=\"b129547\" data-element_type=\"widget\" data-widget_type=\"image.default\">\n\t\t\t\t<div class=\"elementor-widget-container\">\n\t\t\t\t\t\t\t\t\t\t\t\t\t\t\t<img width=\"1020\" height=\"680\" src=\"https:\/\/www.fiskakallinn.is\/wp-content\/uploads\/2022\/01\/crowntail.png\" class=\"attachment-large size-large\" alt=\"\" loading=\"lazy\" srcset=\"https:\/\/www.fiskakallinn.is\/wp-content\/uploads\/2022\/01\/crowntail.png 1020w, https:\/\/www.fiskakallinn.is\/wp-content\/uploads\/2022\/01\/crowntail-300x200.png 300w, https:\/\/www.fiskakallinn.is\/wp-content\/uploads\/2022\/01\/crowntail-768x512.png 768w\" sizes=\"(max-width: 1020px) 100vw, 1020px\" \/>\t\t\t\t\t\t\t\t\t\t\t\t\t\t\t<\/div>\n\t\t\t\t<\/div>\n\t\t\t\t\t<\/div>\n\t\t<\/div>\n\t\t\t\t\t\t\t<\/div>\n\t\t<\/section>\n\t\t\t\t<section class=\"elementor-section elementor-top-section elementor-element elementor-element-48bc523 elementor-section-boxed elementor-section-height-default elementor-section-height-default\" data-id=\"48bc523\" data-element_type=\"section\">\n\t\t\t\t\t\t<div class=\"elementor-container elementor-column-gap-default\">\n\t\t\t\t\t<div class=\"elementor-column elementor-col-50 elementor-top-column elementor-element elementor-element-bc1a3e5\" data-id=\"bc1a3e5\" data-element_type=\"column\">\n\t\t\t<div class=\"elementor-widget-wrap elementor-element-populated\">\n\t\t\t\t\t\t\t\t<div class=\"elementor-element elementor-element-8912ad7 elementor-widget elementor-widget-image\" data-id=\"8912ad7\" data-element_type=\"widget\" data-widget_type=\"image.default\">\n\t\t\t\t<div class=\"elementor-widget-container\">\n\t\t\t\t\t\t\t\t\t\t\t\t\t\t\t<img width=\"1020\" height=\"680\" src=\"https:\/\/www.fiskakallinn.is\/wp-content\/uploads\/2022\/01\/super-delta.png\" class=\"attachment-large size-large\" alt=\"\" loading=\"lazy\" srcset=\"https:\/\/www.fiskakallinn.is\/wp-content\/uploads\/2022\/01\/super-delta.png 1020w, https:\/\/www.fiskakallinn.is\/wp-content\/uploads\/2022\/01\/super-delta-300x200.png 300w, https:\/\/www.fiskakallinn.is\/wp-content\/uploads\/2022\/01\/super-delta-768x512.png 768w\" sizes=\"(max-width: 1020px) 100vw, 1020px\" \/>\t\t\t\t\t\t\t\t\t\t\t\t\t\t\t<\/div>\n\t\t\t\t<\/div>\n\t\t\t\t\t<\/div>\n\t\t<\/div>\n\t\t\t\t<div class=\"elementor-column elementor-col-50 elementor-top-column elementor-element elementor-element-0cd24bf\" data-id=\"0cd24bf\" data-element_type=\"column\">\n\t\t\t<div class=\"elementor-widget-wrap elementor-element-populated\">\n\t\t\t\t\t\t\t\t<div class=\"elementor-element elementor-element-8177a55 elementor-widget elementor-widget-image\" data-id=\"8177a55\" data-element_type=\"widget\" data-widget_type=\"image.default\">\n\t\t\t\t<div class=\"elementor-widget-container\">\n\t\t\t\t\t\t\t\t\t\t\t\t\t\t\t<img width=\"1020\" height=\"680\" src=\"https:\/\/www.fiskakallinn.is\/wp-content\/uploads\/2022\/01\/halfmoon.png\" class=\"attachment-large size-large\" alt=\"\" loading=\"lazy\" srcset=\"https:\/\/www.fiskakallinn.is\/wp-content\/uploads\/2022\/01\/halfmoon.png 1020w, https:\/\/www.fiskakallinn.is\/wp-content\/uploads\/2022\/01\/halfmoon-300x200.png 300w, https:\/\/www.fiskakallinn.is\/wp-content\/uploads\/2022\/01\/halfmoon-768x512.png 768w\" sizes=\"(max-width: 1020px) 100vw, 1020px\" \/>\t\t\t\t\t\t\t\t\t\t\t\t\t\t\t<\/div>\n\t\t\t\t<\/div>\n\t\t\t\t\t<\/div>\n\t\t<\/div>\n\t\t\t\t\t\t\t<\/div>\n\t\t<\/section>\n\t\t\t\t<section class=\"elementor-section elementor-top-section elementor-element elementor-element-1b9e9d5 elementor-section-boxed elementor-section-height-default elementor-section-height-default\" data-id=\"1b9e9d5\" data-element_type=\"section\">\n\t\t\t\t\t\t<div class=\"elementor-container elementor-column-gap-default\">\n\t\t\t\t\t<div class=\"elementor-column elementor-col-50 elementor-top-column elementor-element elementor-element-25c5226\" data-id=\"25c5226\" data-element_type=\"column\">\n\t\t\t<div class=\"elementor-widget-wrap elementor-element-populated\">\n\t\t\t\t\t\t\t\t<div class=\"elementor-element elementor-element-093c53a elementor-widget elementor-widget-image\" data-id=\"093c53a\" data-element_type=\"widget\" data-widget_type=\"image.default\">\n\t\t\t\t<div class=\"elementor-widget-container\">\n\t\t\t\t\t\t\t\t\t\t\t\t\t\t\t<img width=\"1020\" height=\"680\" src=\"https:\/\/www.fiskakallinn.is\/wp-content\/uploads\/2022\/01\/nemo.png\" class=\"attachment-large size-large\" alt=\"\" loading=\"lazy\" srcset=\"https:\/\/www.fiskakallinn.is\/wp-content\/uploads\/2022\/01\/nemo.png 1020w, https:\/\/www.fiskakallinn.is\/wp-content\/uploads\/2022\/01\/nemo-300x200.png 300w, https:\/\/www.fiskakallinn.is\/wp-content\/uploads\/2022\/01\/nemo-768x512.png 768w\" sizes=\"(max-width: 1020px) 100vw, 1020px\" \/>\t\t\t\t\t\t\t\t\t\t\t\t\t\t\t<\/div>\n\t\t\t\t<\/div>\n\t\t\t\t\t<\/div>\n\t\t<\/div>\n\t\t\t\t<div class=\"elementor-column elementor-col-50 elementor-top-column elementor-element elementor-element-08a90e6\" data-id=\"08a90e6\" data-element_type=\"column\">\n\t\t\t<div class=\"elementor-widget-wrap\">\n\t\t\t\t\t\t\t\t\t<\/div>\n\t\t<\/div>\n\t\t\t\t\t\t\t<\/div>\n\t\t<\/section>\n\t\t\t\t\t\t\t<\/div>\n\t\t","protected":false},"excerpt":{"rendered":"<p>Bardagafiskar\u00a0 \u00deetta eru allt r\u00e6ktu\u00f0 afbrig\u00f0i\u00a0 \u00fat fr\u00e1 Betta splendens sem \u00ed n\u00e1tt\u00farunni , hefur b\u00faklag svipa\u00f0 og Plakat afbrig\u00f0i\u00f0 en a\u00f0ra liti<\/p>\n","protected":false},"author":2,"featured_media":0,"parent":0,"menu_order":0,"comment_status":"closed","ping_status":"closed","template":"","meta":{"sfsi_plus_gutenberg_text_before_share":"","sfsi_plus_gutenberg_show_text_before_share":"","sfsi_plus_gutenberg_icon_type":"","sfsi_plus_gutenberg_icon_alignemt":"","sfsi_plus_gutenburg_max_per_row":"","site-sidebar-layout":"no-sidebar","site-content-layout":"page-builder","ast-main-header-display":"","ast-hfb-above-header-display":"","ast-hfb-below-header-display":"","ast-hfb-mobile-header-display":"","site-post-title":"disabled","ast-breadcrumbs-content":"","ast-featured-img":"disabled","footer-sml-layout":"","theme-transparent-header-meta":"","adv-header-id-meta":"","stick-header-meta":"","header-above-stick-meta":"","header-main-stick-meta":"","header-below-stick-meta":""},"_links":{"self":[{"href":"https:\/\/www.fiskakallinn.is\/index.php?rest_route=\/wp\/v2\/pages\/4529"}],"collection":[{"href":"https:\/\/www.fiskakallinn.is\/index.php?rest_route=\/wp\/v2\/pages"}],"about":[{"href":"https:\/\/www.fiskakallinn.is\/index.php?rest_route=\/wp\/v2\/types\/page"}],"author":[{"embeddable":true,"href":"https:\/\/www.fiskakallinn.is\/index.php?rest_route=\/wp\/v2\/users\/2"}],"replies":[{"embeddable":true,"href":"https:\/\/www.fiskakallinn.is\/index.php?rest_route=%2Fwp%2Fv2%2Fcomments&post=4529"}],"version-history":[{"count":3,"href":"https:\/\/www.fiskakallinn.is\/index.php?rest_route=\/wp\/v2\/pages\/4529\/revisions"}],"predecessor-version":[{"id":4539,"href":"https:\/\/www.fiskakallinn.is\/index.php?rest_route=\/wp\/v2\/pages\/4529\/revisions\/4539"}],"wp:attachment":[{"href":"https:\/\/www.fiskakallinn.is\/index.php?rest_route=%2Fwp%2Fv2%2Fmedia&parent=4529"}],"curies":[{"name":"wp","href":"https:\/\/api.w.org\/{rel}","templated":true}]}}