{"id":4765,"date":"2022-02-02T20:37:51","date_gmt":"2022-02-02T20:37:51","guid":{"rendered":"https:\/\/www.fiskakallinn.is\/?page_id=4765"},"modified":"2022-02-02T20:52:42","modified_gmt":"2022-02-02T20:52:42","slug":"zootoca-vivipara","status":"publish","type":"page","link":"https:\/\/www.fiskakallinn.is\/?page_id=4765","title":{"rendered":"Zootoca vivipara"},"content":{"rendered":"\t\t<div data-elementor-type=\"wp-page\" data-elementor-id=\"4765\" class=\"elementor elementor-4765\">\n\t\t\t\t\t\t\t\t\t<section class=\"elementor-section elementor-top-section elementor-element elementor-element-a62ddfd elementor-section-boxed elementor-section-height-default elementor-section-height-default\" data-id=\"a62ddfd\" data-element_type=\"section\">\n\t\t\t\t\t\t<div class=\"elementor-container elementor-column-gap-default\">\n\t\t\t\t\t<div class=\"elementor-column elementor-col-100 elementor-top-column elementor-element elementor-element-b876d03\" data-id=\"b876d03\" data-element_type=\"column\">\n\t\t\t<div class=\"elementor-widget-wrap elementor-element-populated\">\n\t\t\t\t\t\t\t\t<div class=\"elementor-element elementor-element-974c5f1 elementor-widget elementor-widget-text-editor\" data-id=\"974c5f1\" data-element_type=\"widget\" data-widget_type=\"text-editor.default\">\n\t\t\t\t<div class=\"elementor-widget-container\">\n\t\t\t\t\t\t\t<h2 style=\"text-align: center;\"><strong>Zootoca vivipara<\/strong><\/h2>\t\t\t\t\t\t<\/div>\n\t\t\t\t<\/div>\n\t\t\t\t\t<\/div>\n\t\t<\/div>\n\t\t\t\t\t\t\t<\/div>\n\t\t<\/section>\n\t\t\t\t<section class=\"elementor-section elementor-top-section elementor-element elementor-element-c8564dc elementor-section-boxed elementor-section-height-default elementor-section-height-default\" data-id=\"c8564dc\" data-element_type=\"section\">\n\t\t\t\t\t\t<div class=\"elementor-container elementor-column-gap-default\">\n\t\t\t\t\t<div class=\"elementor-column elementor-col-100 elementor-top-column elementor-element elementor-element-1e09a68\" data-id=\"1e09a68\" data-element_type=\"column\">\n\t\t\t<div class=\"elementor-widget-wrap elementor-element-populated\">\n\t\t\t\t\t\t\t\t<div class=\"elementor-element elementor-element-ae95d8d elementor-widget elementor-widget-image\" data-id=\"ae95d8d\" data-element_type=\"widget\" data-widget_type=\"image.default\">\n\t\t\t\t<div class=\"elementor-widget-container\">\n\t\t\t\t\t\t\t\t\t\t\t\t\t\t\t<img width=\"1361\" height=\"964\" src=\"https:\/\/www.fiskakallinn.is\/wp-content\/uploads\/2022\/02\/Zootoca-vivipara-1.jpg\" class=\"attachment-full size-full\" alt=\"\" loading=\"lazy\" srcset=\"https:\/\/www.fiskakallinn.is\/wp-content\/uploads\/2022\/02\/Zootoca-vivipara-1.jpg 1361w, https:\/\/www.fiskakallinn.is\/wp-content\/uploads\/2022\/02\/Zootoca-vivipara-1-300x212.jpg 300w, https:\/\/www.fiskakallinn.is\/wp-content\/uploads\/2022\/02\/Zootoca-vivipara-1-1024x725.jpg 1024w, https:\/\/www.fiskakallinn.is\/wp-content\/uploads\/2022\/02\/Zootoca-vivipara-1-768x544.jpg 768w\" sizes=\"(max-width: 1361px) 100vw, 1361px\" \/>\t\t\t\t\t\t\t\t\t\t\t\t\t\t\t<\/div>\n\t\t\t\t<\/div>\n\t\t\t\t\t<\/div>\n\t\t<\/div>\n\t\t\t\t\t\t\t<\/div>\n\t\t<\/section>\n\t\t\t\t<section class=\"elementor-section elementor-top-section elementor-element elementor-element-43c9e32 elementor-section-boxed elementor-section-height-default elementor-section-height-default\" data-id=\"43c9e32\" data-element_type=\"section\">\n\t\t\t\t\t\t<div class=\"elementor-container elementor-column-gap-default\">\n\t\t\t\t\t<div class=\"elementor-column elementor-col-100 elementor-top-column elementor-element elementor-element-ad35b9e\" data-id=\"ad35b9e\" data-element_type=\"column\">\n\t\t\t<div class=\"elementor-widget-wrap elementor-element-populated\">\n\t\t\t\t\t\t\t\t<div class=\"elementor-element elementor-element-d54c58c elementor-widget elementor-widget-text-editor\" data-id=\"d54c58c\" data-element_type=\"widget\" data-widget_type=\"text-editor.default\">\n\t\t\t\t<div class=\"elementor-widget-container\">\n\t\t\t\t\t\t\t<p style=\"text-align: center;\">\u00deessi tegund finnst um n\u00e6r alla mi\u00f0 og nor\u00f0ur-evr\u00f3pu og austur yfir asiu a\u00f0 kyrrahafinu, \u00feetta er s\u00fa tegund sem lifir nyrst af \u00feeim e\u00f0lum sem finnast \u00ed Evr\u00f3pu og til a\u00f0 einfalda l\u00edfi\u00f0 f\u00e6\u00f0a \u00fe\u00e6r lifandi afkv\u00e6mi og losna \u00fev\u00ed vi\u00f0 a\u00f0 \u00feurfa a\u00f0 leita uppi heita sta\u00f0i fyrir eggin\u00a0<\/p>\t\t\t\t\t\t<\/div>\n\t\t\t\t<\/div>\n\t\t\t\t\t<\/div>\n\t\t<\/div>\n\t\t\t\t\t\t\t<\/div>\n\t\t<\/section>\n\t\t\t\t<section class=\"elementor-section elementor-top-section elementor-element elementor-element-b76f4cb elementor-section-boxed elementor-section-height-default elementor-section-height-default\" data-id=\"b76f4cb\" data-element_type=\"section\">\n\t\t\t\t\t\t<div class=\"elementor-container elementor-column-gap-default\">\n\t\t\t\t\t<div class=\"elementor-column elementor-col-100 elementor-top-column elementor-element elementor-element-7f40b6c\" data-id=\"7f40b6c\" data-element_type=\"column\">\n\t\t\t<div class=\"elementor-widget-wrap elementor-element-populated\">\n\t\t\t\t\t\t\t\t<div class=\"elementor-element elementor-element-1f235be elementor-widget elementor-widget-image\" data-id=\"1f235be\" data-element_type=\"widget\" data-widget_type=\"image.default\">\n\t\t\t\t<div class=\"elementor-widget-container\">\n\t\t\t\t\t\t\t\t\t\t\t\t\t\t\t<img width=\"1361\" height=\"964\" src=\"https:\/\/www.fiskakallinn.is\/wp-content\/uploads\/2022\/02\/Zootoca-vivipara-2.jpg\" class=\"attachment-full size-full\" alt=\"\" loading=\"lazy\" srcset=\"https:\/\/www.fiskakallinn.is\/wp-content\/uploads\/2022\/02\/Zootoca-vivipara-2.jpg 1361w, https:\/\/www.fiskakallinn.is\/wp-content\/uploads\/2022\/02\/Zootoca-vivipara-2-300x212.jpg 300w, https:\/\/www.fiskakallinn.is\/wp-content\/uploads\/2022\/02\/Zootoca-vivipara-2-1024x725.jpg 1024w, https:\/\/www.fiskakallinn.is\/wp-content\/uploads\/2022\/02\/Zootoca-vivipara-2-768x544.jpg 768w\" sizes=\"(max-width: 1361px) 100vw, 1361px\" \/>\t\t\t\t\t\t\t\t\t\t\t\t\t\t\t<\/div>\n\t\t\t\t<\/div>\n\t\t\t\t\t<\/div>\n\t\t<\/div>\n\t\t\t\t\t\t\t<\/div>\n\t\t<\/section>\n\t\t\t\t<section class=\"elementor-section elementor-top-section elementor-element elementor-element-67d13b5 elementor-section-boxed elementor-section-height-default elementor-section-height-default\" data-id=\"67d13b5\" data-element_type=\"section\">\n\t\t\t\t\t\t<div class=\"elementor-container elementor-column-gap-default\">\n\t\t\t\t\t<div class=\"elementor-column elementor-col-100 elementor-top-column elementor-element elementor-element-0be8bc2\" data-id=\"0be8bc2\" data-element_type=\"column\">\n\t\t\t<div class=\"elementor-widget-wrap elementor-element-populated\">\n\t\t\t\t\t\t\t\t<div class=\"elementor-element elementor-element-036ee79 elementor-widget elementor-widget-text-editor\" data-id=\"036ee79\" data-element_type=\"widget\" data-widget_type=\"text-editor.default\">\n\t\t\t\t<div class=\"elementor-widget-container\">\n\t\t\t\t\t\t\t<p style=\"text-align: center;\">Margar e\u00f0lur eru \u00feeim g\u00e6\u00f0um b\u00fanar a\u00f0 ef teki\u00f0 er \u00ed halan e\u00f0a \u00fe\u00e6r eru eltar \u00fe\u00e1 geta \u00fe\u00e6r losa\u00f0 sig vi\u00f0 part af halanum og og tekst \u00feeim a\u00f0 komast undan r\u00e1nd\u00fdrum me\u00f0 \u00feeim h\u00e6tti, og s\u00e9st \u00e1 \u00feessari a\u00f0 h\u00fan hefur einmitt gert \u00feetta og greinilegt hvar n\u00fdr svartari hali er a\u00f0 vaxa\u00a0<\/p>\t\t\t\t\t\t<\/div>\n\t\t\t\t<\/div>\n\t\t\t\t\t<\/div>\n\t\t<\/div>\n\t\t\t\t\t\t\t<\/div>\n\t\t<\/section>\n\t\t\t\t<section class=\"elementor-section elementor-top-section elementor-element elementor-element-9e0a67e elementor-section-boxed elementor-section-height-default elementor-section-height-default\" data-id=\"9e0a67e\" data-element_type=\"section\">\n\t\t\t\t\t\t<div class=\"elementor-container elementor-column-gap-default\">\n\t\t\t\t\t<div class=\"elementor-column elementor-col-100 elementor-top-column elementor-element elementor-element-5ad1339\" data-id=\"5ad1339\" data-element_type=\"column\">\n\t\t\t<div class=\"elementor-widget-wrap elementor-element-populated\">\n\t\t\t\t\t\t\t\t<div class=\"elementor-element elementor-element-0f07ef0 elementor-widget elementor-widget-image\" data-id=\"0f07ef0\" data-element_type=\"widget\" data-widget_type=\"image.default\">\n\t\t\t\t<div class=\"elementor-widget-container\">\n\t\t\t\t\t\t\t\t\t\t\t\t\t\t\t<img width=\"1361\" height=\"964\" src=\"https:\/\/www.fiskakallinn.is\/wp-content\/uploads\/2022\/02\/Zootoca-vivipara-5.jpg\" class=\"attachment-full size-full\" alt=\"\" loading=\"lazy\" srcset=\"https:\/\/www.fiskakallinn.is\/wp-content\/uploads\/2022\/02\/Zootoca-vivipara-5.jpg 1361w, https:\/\/www.fiskakallinn.is\/wp-content\/uploads\/2022\/02\/Zootoca-vivipara-5-300x212.jpg 300w, https:\/\/www.fiskakallinn.is\/wp-content\/uploads\/2022\/02\/Zootoca-vivipara-5-1024x725.jpg 1024w, https:\/\/www.fiskakallinn.is\/wp-content\/uploads\/2022\/02\/Zootoca-vivipara-5-768x544.jpg 768w\" sizes=\"(max-width: 1361px) 100vw, 1361px\" \/>\t\t\t\t\t\t\t\t\t\t\t\t\t\t\t<\/div>\n\t\t\t\t<\/div>\n\t\t\t\t\t<\/div>\n\t\t<\/div>\n\t\t\t\t\t\t\t<\/div>\n\t\t<\/section>\n\t\t\t\t<section class=\"elementor-section elementor-top-section elementor-element elementor-element-dce7643 elementor-section-boxed elementor-section-height-default elementor-section-height-default\" data-id=\"dce7643\" data-element_type=\"section\">\n\t\t\t\t\t\t<div class=\"elementor-container elementor-column-gap-default\">\n\t\t\t\t\t<div class=\"elementor-column elementor-col-100 elementor-top-column elementor-element elementor-element-9c1f683\" data-id=\"9c1f683\" data-element_type=\"column\">\n\t\t\t<div class=\"elementor-widget-wrap elementor-element-populated\">\n\t\t\t\t\t\t\t\t<div class=\"elementor-element elementor-element-0cbfdd6 elementor-widget elementor-widget-text-editor\" data-id=\"0cbfdd6\" data-element_type=\"widget\" data-widget_type=\"text-editor.default\">\n\t\t\t\t<div class=\"elementor-widget-container\">\n\t\t\t\t\t\t\t<p style=\"text-align: center;\">\u00de\u00f3tt \u00feessi virki l\u00f6ng og mikil er h\u00fan r\u00e9tt um 7 cm \u00e1 lengd og hef\u00f0i \u00e9g aldrei n\u00e1\u00f0 mynd nema af \u00fev\u00ed a\u00f0 \u00e9g f\u00f3r h\u00e6gt a\u00f0 henni og \u00fear sem h\u00fan var \u00ed s\u00f3lba\u00f0i til a\u00f0 hita upp l\u00edkaman svo h\u00fan g\u00e6ti fari\u00f0 \u00e1 vei\u00f0ar \u00fe\u00e1 leyf\u00f0i h\u00fan m\u00e9r a\u00f0 koma mj\u00f6g n\u00e1lagt, \u00feessi tegund s\u00e9rh\u00e6fir sig \u00ed vei\u00f0um \u00e1\u00a0 skord\u00fdrum og \u00fearf \u00fev\u00ed a\u00f0 hlaupa br\u00e1\u00f0 uppi e\u00f0a sitja fyrir henni\u00a0<\/p>\t\t\t\t\t\t<\/div>\n\t\t\t\t<\/div>\n\t\t\t\t\t<\/div>\n\t\t<\/div>\n\t\t\t\t\t\t\t<\/div>\n\t\t<\/section>\n\t\t\t\t<section class=\"elementor-section elementor-top-section elementor-element elementor-element-48c1381 elementor-section-boxed elementor-section-height-default elementor-section-height-default\" data-id=\"48c1381\" data-element_type=\"section\">\n\t\t\t\t\t\t<div class=\"elementor-container elementor-column-gap-default\">\n\t\t\t\t\t<div class=\"elementor-column elementor-col-100 elementor-top-column elementor-element elementor-element-247223e\" data-id=\"247223e\" data-element_type=\"column\">\n\t\t\t<div class=\"elementor-widget-wrap elementor-element-populated\">\n\t\t\t\t\t\t\t\t<div class=\"elementor-element elementor-element-daa97e1 elementor-widget elementor-widget-image\" data-id=\"daa97e1\" data-element_type=\"widget\" data-widget_type=\"image.default\">\n\t\t\t\t<div class=\"elementor-widget-container\">\n\t\t\t\t\t\t\t\t\t\t\t\t\t\t\t<img width=\"1361\" height=\"964\" src=\"https:\/\/www.fiskakallinn.is\/wp-content\/uploads\/2022\/02\/Zootoca-vivipara-4.jpg\" class=\"attachment-full size-full\" alt=\"\" loading=\"lazy\" srcset=\"https:\/\/www.fiskakallinn.is\/wp-content\/uploads\/2022\/02\/Zootoca-vivipara-4.jpg 1361w, https:\/\/www.fiskakallinn.is\/wp-content\/uploads\/2022\/02\/Zootoca-vivipara-4-300x212.jpg 300w, https:\/\/www.fiskakallinn.is\/wp-content\/uploads\/2022\/02\/Zootoca-vivipara-4-1024x725.jpg 1024w, https:\/\/www.fiskakallinn.is\/wp-content\/uploads\/2022\/02\/Zootoca-vivipara-4-768x544.jpg 768w\" sizes=\"(max-width: 1361px) 100vw, 1361px\" \/>\t\t\t\t\t\t\t\t\t\t\t\t\t\t\t<\/div>\n\t\t\t\t<\/div>\n\t\t\t\t\t<\/div>\n\t\t<\/div>\n\t\t\t\t\t\t\t<\/div>\n\t\t<\/section>\n\t\t\t\t<section class=\"elementor-section elementor-top-section elementor-element elementor-element-4df0cc4 elementor-section-boxed elementor-section-height-default elementor-section-height-default\" data-id=\"4df0cc4\" data-element_type=\"section\">\n\t\t\t\t\t\t<div class=\"elementor-container elementor-column-gap-default\">\n\t\t\t\t\t<div class=\"elementor-column elementor-col-100 elementor-top-column elementor-element elementor-element-013be6d\" data-id=\"013be6d\" data-element_type=\"column\">\n\t\t\t<div class=\"elementor-widget-wrap elementor-element-populated\">\n\t\t\t\t\t\t\t\t<div class=\"elementor-element elementor-element-7fa53c2 elementor-widget elementor-widget-text-editor\" data-id=\"7fa53c2\" data-element_type=\"widget\" data-widget_type=\"text-editor.default\">\n\t\t\t\t<div class=\"elementor-widget-container\">\n\t\t\t\t\t\t\t<p style=\"text-align: center;\">\u00c9g t\u00f3k \u00feessar myndir allar \u00ed Sl\u00f3vak\u00edu inn \u00ed rj\u00f3\u00f0ri \u00ed sk\u00f3gi\u00a0<\/p>\t\t\t\t\t\t<\/div>\n\t\t\t\t<\/div>\n\t\t\t\t\t<\/div>\n\t\t<\/div>\n\t\t\t\t\t\t\t<\/div>\n\t\t<\/section>\n\t\t\t\t<section class=\"elementor-section elementor-top-section elementor-element elementor-element-bca811e elementor-section-boxed elementor-section-height-default elementor-section-height-default\" data-id=\"bca811e\" data-element_type=\"section\">\n\t\t\t\t\t\t<div class=\"elementor-container elementor-column-gap-default\">\n\t\t\t\t\t<div class=\"elementor-column elementor-col-100 elementor-top-column elementor-element elementor-element-fa4cfe8\" data-id=\"fa4cfe8\" data-element_type=\"column\">\n\t\t\t<div class=\"elementor-widget-wrap elementor-element-populated\">\n\t\t\t\t\t\t\t\t<div class=\"elementor-element elementor-element-9d71e8c elementor-widget elementor-widget-image\" data-id=\"9d71e8c\" data-element_type=\"widget\" data-widget_type=\"image.default\">\n\t\t\t\t<div class=\"elementor-widget-container\">\n\t\t\t\t\t\t\t\t\t\t\t\t\t\t\t<img width=\"1361\" height=\"964\" src=\"https:\/\/www.fiskakallinn.is\/wp-content\/uploads\/2022\/02\/Zootoca-vivipara-3.jpg\" class=\"attachment-full size-full\" alt=\"\" loading=\"lazy\" srcset=\"https:\/\/www.fiskakallinn.is\/wp-content\/uploads\/2022\/02\/Zootoca-vivipara-3.jpg 1361w, https:\/\/www.fiskakallinn.is\/wp-content\/uploads\/2022\/02\/Zootoca-vivipara-3-300x212.jpg 300w, https:\/\/www.fiskakallinn.is\/wp-content\/uploads\/2022\/02\/Zootoca-vivipara-3-1024x725.jpg 1024w, https:\/\/www.fiskakallinn.is\/wp-content\/uploads\/2022\/02\/Zootoca-vivipara-3-768x544.jpg 768w\" sizes=\"(max-width: 1361px) 100vw, 1361px\" \/>\t\t\t\t\t\t\t\t\t\t\t\t\t\t\t<\/div>\n\t\t\t\t<\/div>\n\t\t\t\t\t<\/div>\n\t\t<\/div>\n\t\t\t\t\t\t\t<\/div>\n\t\t<\/section>\n\t\t\t\t<section class=\"elementor-section elementor-top-section elementor-element elementor-element-e969115 elementor-section-boxed elementor-section-height-default elementor-section-height-default\" data-id=\"e969115\" data-element_type=\"section\">\n\t\t\t\t\t\t<div class=\"elementor-container elementor-column-gap-default\">\n\t\t\t\t\t<div class=\"elementor-column elementor-col-100 elementor-top-column elementor-element elementor-element-296ed07\" data-id=\"296ed07\" data-element_type=\"column\">\n\t\t\t<div class=\"elementor-widget-wrap elementor-element-populated\">\n\t\t\t\t\t\t\t\t<div class=\"elementor-element elementor-element-8d0726e elementor-widget elementor-widget-text-editor\" data-id=\"8d0726e\" data-element_type=\"widget\" data-widget_type=\"text-editor.default\">\n\t\t\t\t<div class=\"elementor-widget-container\">\n\t\t\t\t\t\t\t<p style=\"text-align: center;\">\u00de\u00e6r eru mislitar og munur \u00e1 r\u00e1kum og punktum svo ekkert alltaf einfalt a\u00f0 fatta hva\u00f0a tegund er hva\u00f0 og \u00e1 \u00e9g slatta af myndum sem \u00e9g get ekki \u00e1tta\u00f0 mig \u00e1 hva\u00f0a tegund er um a\u00f0 r\u00e6\u00f0a\u00a0<\/p>\t\t\t\t\t\t<\/div>\n\t\t\t\t<\/div>\n\t\t\t\t\t<\/div>\n\t\t<\/div>\n\t\t\t\t\t\t\t<\/div>\n\t\t<\/section>\n\t\t\t\t\t\t\t<\/div>\n\t\t","protected":false},"excerpt":{"rendered":"<p>Zootoca vivipara \u00deessi tegund finnst um n\u00e6r alla mi\u00f0 og nor\u00f0ur-evr\u00f3pu og austur yfir asiu a\u00f0 kyrrahafinu, \u00feetta er s\u00fa tegund sem lifir nyrst af \u00feeim e\u00f0lum sem finnast \u00ed Evr\u00f3pu og til a\u00f0 einfalda l\u00edfi\u00f0 f\u00e6\u00f0a \u00fe\u00e6r lifandi afkv\u00e6mi og losna \u00fev\u00ed vi\u00f0 a\u00f0 \u00feurfa a\u00f0 leita uppi heita sta\u00f0i fyrir eggin\u00a0 Margar e\u00f0lur &hellip;<\/p>\n<p class=\"read-more\"> <a class=\"\" href=\"https:\/\/www.fiskakallinn.is\/?page_id=4765\"> <span class=\"screen-reader-text\">Zootoca vivipara<\/span> Read More &raquo;<\/a><\/p>\n","protected":false},"author":2,"featured_media":0,"parent":0,"menu_order":0,"comment_status":"closed","ping_status":"closed","template":"","meta":{"sfsi_plus_gutenberg_text_before_share":"","sfsi_plus_gutenberg_show_text_before_share":"","sfsi_plus_gutenberg_icon_type":"","sfsi_plus_gutenberg_icon_alignemt":"","sfsi_plus_gutenburg_max_per_row":"","site-sidebar-layout":"no-sidebar","site-content-layout":"page-builder","ast-main-header-display":"","ast-hfb-above-header-display":"","ast-hfb-below-header-display":"","ast-hfb-mobile-header-display":"","site-post-title":"disabled","ast-breadcrumbs-content":"","ast-featured-img":"disabled","footer-sml-layout":"","theme-transparent-header-meta":"","adv-header-id-meta":"","stick-header-meta":"","header-above-stick-meta":"","header-main-stick-meta":"","header-below-stick-meta":""},"_links":{"self":[{"href":"https:\/\/www.fiskakallinn.is\/index.php?rest_route=\/wp\/v2\/pages\/4765"}],"collection":[{"href":"https:\/\/www.fiskakallinn.is\/index.php?rest_route=\/wp\/v2\/pages"}],"about":[{"href":"https:\/\/www.fiskakallinn.is\/index.php?rest_route=\/wp\/v2\/types\/page"}],"author":[{"embeddable":true,"href":"https:\/\/www.fiskakallinn.is\/index.php?rest_route=\/wp\/v2\/users\/2"}],"replies":[{"embeddable":true,"href":"https:\/\/www.fiskakallinn.is\/index.php?rest_route=%2Fwp%2Fv2%2Fcomments&post=4765"}],"version-history":[{"count":9,"href":"https:\/\/www.fiskakallinn.is\/index.php?rest_route=\/wp\/v2\/pages\/4765\/revisions"}],"predecessor-version":[{"id":4777,"href":"https:\/\/www.fiskakallinn.is\/index.php?rest_route=\/wp\/v2\/pages\/4765\/revisions\/4777"}],"wp:attachment":[{"href":"https:\/\/www.fiskakallinn.is\/index.php?rest_route=%2Fwp%2Fv2%2Fmedia&parent=4765"}],"curies":[{"name":"wp","href":"https:\/\/api.w.org\/{rel}","templated":true}]}}