{"id":4910,"date":"2022-10-04T16:58:35","date_gmt":"2022-10-04T16:58:35","guid":{"rendered":"https:\/\/www.fiskakallinn.is\/?page_id=4910"},"modified":"2024-12-14T17:19:45","modified_gmt":"2024-12-14T17:19:45","slug":"crenicichla-tegundir","status":"publish","type":"page","link":"https:\/\/www.fiskakallinn.is\/?page_id=4910","title":{"rendered":"Crenicichla tegundir"},"content":{"rendered":"\t\t<div data-elementor-type=\"wp-page\" data-elementor-id=\"4910\" class=\"elementor elementor-4910\">\n\t\t\t\t\t\t\t\t\t<section class=\"elementor-section elementor-top-section elementor-element elementor-element-b96be0a elementor-section-boxed elementor-section-height-default elementor-section-height-default\" data-id=\"b96be0a\" data-element_type=\"section\">\n\t\t\t\t\t\t<div class=\"elementor-container elementor-column-gap-default\">\n\t\t\t\t\t<div class=\"elementor-column elementor-col-100 elementor-top-column elementor-element elementor-element-19ca31a\" data-id=\"19ca31a\" data-element_type=\"column\">\n\t\t\t<div class=\"elementor-widget-wrap elementor-element-populated\">\n\t\t\t\t\t\t\t\t<div class=\"elementor-element elementor-element-e481648 elementor-widget elementor-widget-text-editor\" data-id=\"e481648\" data-element_type=\"widget\" data-widget_type=\"text-editor.default\">\n\t\t\t\t<div class=\"elementor-widget-container\">\n\t\t\t\t\t\t\t<p style=\"text-align: center;\">Crenicichla er \u00e6tt s\u00edkli\u00f0a fr\u00e1 su\u00f0ur-amer\u00edku, \u00fe\u00e6r eru r\u00e1nfiskar og eru \u00ed um 6-50 cm st\u00e6r\u00f0um eftir tegundum en af \u00feeim eru um 93 komnar me\u00f0 tegundaheiti, \u00feetta eru hra\u00f0syndir fiskar sem \u00e9ta allt sem kemst ofan \u00ed \u00fe\u00e1\u00a0<br \/>8 af \u00feessum tegundum hef \u00e9g veitt sj\u00e1lfur \u00ed n\u00e1tt\u00farunni\u00a0<\/p>\t\t\t\t\t\t<\/div>\n\t\t\t\t<\/div>\n\t\t\t\t\t<\/div>\n\t\t<\/div>\n\t\t\t\t\t\t\t<\/div>\n\t\t<\/section>\n\t\t\t\t<section class=\"elementor-section elementor-top-section elementor-element elementor-element-063bde9 elementor-section-boxed elementor-section-height-default elementor-section-height-default\" data-id=\"063bde9\" data-element_type=\"section\">\n\t\t\t\t\t\t<div class=\"elementor-container elementor-column-gap-default\">\n\t\t\t\t\t<div class=\"elementor-column elementor-col-50 elementor-top-column elementor-element elementor-element-9dd9356\" data-id=\"9dd9356\" data-element_type=\"column\">\n\t\t\t<div class=\"elementor-widget-wrap elementor-element-populated\">\n\t\t\t\t\t\t\t\t<div class=\"elementor-element elementor-element-b2237e6 elementor-widget elementor-widget-image\" data-id=\"b2237e6\" data-element_type=\"widget\" data-widget_type=\"image.default\">\n\t\t\t\t<div class=\"elementor-widget-container\">\n\t\t\t\t\t\t\t\t\t\t\t\t\t\t\t<img width=\"1020\" height=\"680\" src=\"https:\/\/www.fiskakallinn.is\/wp-content\/uploads\/2022\/10\/crenicichla-missioneira-thumb.png\" class=\"attachment-large size-large\" alt=\"\" loading=\"lazy\" srcset=\"https:\/\/www.fiskakallinn.is\/wp-content\/uploads\/2022\/10\/crenicichla-missioneira-thumb.png 1020w, https:\/\/www.fiskakallinn.is\/wp-content\/uploads\/2022\/10\/crenicichla-missioneira-thumb-300x200.png 300w, https:\/\/www.fiskakallinn.is\/wp-content\/uploads\/2022\/10\/crenicichla-missioneira-thumb-768x512.png 768w\" sizes=\"(max-width: 1020px) 100vw, 1020px\" \/>\t\t\t\t\t\t\t\t\t\t\t\t\t\t\t<\/div>\n\t\t\t\t<\/div>\n\t\t\t\t\t<\/div>\n\t\t<\/div>\n\t\t\t\t<div class=\"elementor-column elementor-col-50 elementor-top-column elementor-element elementor-element-782647c\" data-id=\"782647c\" data-element_type=\"column\">\n\t\t\t<div class=\"elementor-widget-wrap elementor-element-populated\">\n\t\t\t\t\t\t\t\t<div class=\"elementor-element elementor-element-ab2c0ef elementor-widget elementor-widget-image\" data-id=\"ab2c0ef\" data-element_type=\"widget\" data-widget_type=\"image.default\">\n\t\t\t\t<div class=\"elementor-widget-container\">\n\t\t\t\t\t\t\t\t\t\t\t\t\t\t\t<img width=\"1020\" height=\"680\" src=\"https:\/\/www.fiskakallinn.is\/wp-content\/uploads\/2022\/10\/crenicichla-scottii-thumb.png\" class=\"attachment-large size-large\" alt=\"\" loading=\"lazy\" srcset=\"https:\/\/www.fiskakallinn.is\/wp-content\/uploads\/2022\/10\/crenicichla-scottii-thumb.png 1020w, https:\/\/www.fiskakallinn.is\/wp-content\/uploads\/2022\/10\/crenicichla-scottii-thumb-300x200.png 300w, https:\/\/www.fiskakallinn.is\/wp-content\/uploads\/2022\/10\/crenicichla-scottii-thumb-768x512.png 768w\" sizes=\"(max-width: 1020px) 100vw, 1020px\" \/>\t\t\t\t\t\t\t\t\t\t\t\t\t\t\t<\/div>\n\t\t\t\t<\/div>\n\t\t\t\t\t<\/div>\n\t\t<\/div>\n\t\t\t\t\t\t\t<\/div>\n\t\t<\/section>\n\t\t\t\t<section class=\"elementor-section elementor-top-section elementor-element elementor-element-5e4b5b7 elementor-section-boxed elementor-section-height-default elementor-section-height-default\" data-id=\"5e4b5b7\" data-element_type=\"section\">\n\t\t\t\t\t\t<div class=\"elementor-container elementor-column-gap-default\">\n\t\t\t\t\t<div class=\"elementor-column elementor-col-50 elementor-top-column elementor-element elementor-element-09403a5\" data-id=\"09403a5\" data-element_type=\"column\">\n\t\t\t<div class=\"elementor-widget-wrap elementor-element-populated\">\n\t\t\t\t\t\t\t\t<div class=\"elementor-element elementor-element-f064d13 elementor-widget elementor-widget-image\" data-id=\"f064d13\" data-element_type=\"widget\" data-widget_type=\"image.default\">\n\t\t\t\t<div class=\"elementor-widget-container\">\n\t\t\t\t\t\t\t\t\t\t\t\t\t\t\t<img width=\"1020\" height=\"680\" src=\"https:\/\/www.fiskakallinn.is\/wp-content\/uploads\/2022\/10\/crenicichla-lepidota-thumb.png\" class=\"attachment-large size-large\" alt=\"\" loading=\"lazy\" srcset=\"https:\/\/www.fiskakallinn.is\/wp-content\/uploads\/2022\/10\/crenicichla-lepidota-thumb.png 1020w, https:\/\/www.fiskakallinn.is\/wp-content\/uploads\/2022\/10\/crenicichla-lepidota-thumb-300x200.png 300w, https:\/\/www.fiskakallinn.is\/wp-content\/uploads\/2022\/10\/crenicichla-lepidota-thumb-768x512.png 768w\" sizes=\"(max-width: 1020px) 100vw, 1020px\" \/>\t\t\t\t\t\t\t\t\t\t\t\t\t\t\t<\/div>\n\t\t\t\t<\/div>\n\t\t\t\t\t<\/div>\n\t\t<\/div>\n\t\t\t\t<div class=\"elementor-column elementor-col-50 elementor-top-column elementor-element elementor-element-000548a\" data-id=\"000548a\" data-element_type=\"column\">\n\t\t\t<div class=\"elementor-widget-wrap elementor-element-populated\">\n\t\t\t\t\t\t\t\t<div class=\"elementor-element elementor-element-8c51480 elementor-widget elementor-widget-image\" data-id=\"8c51480\" data-element_type=\"widget\" data-widget_type=\"image.default\">\n\t\t\t\t<div class=\"elementor-widget-container\">\n\t\t\t\t\t\t\t\t\t\t\t\t\t\t\t<img width=\"1020\" height=\"680\" src=\"https:\/\/www.fiskakallinn.is\/wp-content\/uploads\/2022\/10\/crenicichla-minuano-thumb.png\" class=\"attachment-large size-large\" alt=\"\" loading=\"lazy\" srcset=\"https:\/\/www.fiskakallinn.is\/wp-content\/uploads\/2022\/10\/crenicichla-minuano-thumb.png 1020w, https:\/\/www.fiskakallinn.is\/wp-content\/uploads\/2022\/10\/crenicichla-minuano-thumb-300x200.png 300w, https:\/\/www.fiskakallinn.is\/wp-content\/uploads\/2022\/10\/crenicichla-minuano-thumb-768x512.png 768w\" sizes=\"(max-width: 1020px) 100vw, 1020px\" \/>\t\t\t\t\t\t\t\t\t\t\t\t\t\t\t<\/div>\n\t\t\t\t<\/div>\n\t\t\t\t\t<\/div>\n\t\t<\/div>\n\t\t\t\t\t\t\t<\/div>\n\t\t<\/section>\n\t\t\t\t<section class=\"elementor-section elementor-top-section elementor-element elementor-element-12e2fc3 elementor-section-boxed elementor-section-height-default elementor-section-height-default\" data-id=\"12e2fc3\" data-element_type=\"section\">\n\t\t\t\t\t\t<div class=\"elementor-container elementor-column-gap-default\">\n\t\t\t\t\t<div class=\"elementor-column elementor-col-50 elementor-top-column elementor-element elementor-element-d296918\" data-id=\"d296918\" data-element_type=\"column\">\n\t\t\t<div class=\"elementor-widget-wrap elementor-element-populated\">\n\t\t\t\t\t\t\t\t<div class=\"elementor-element elementor-element-99bd7d5 elementor-widget elementor-widget-image\" data-id=\"99bd7d5\" data-element_type=\"widget\" data-widget_type=\"image.default\">\n\t\t\t\t<div class=\"elementor-widget-container\">\n\t\t\t\t\t\t\t\t\t\t\t\t\t\t\t<img width=\"1020\" height=\"680\" src=\"https:\/\/www.fiskakallinn.is\/wp-content\/uploads\/2022\/10\/crenicichla-celidochilus-thumb.png\" class=\"attachment-large size-large\" alt=\"\" loading=\"lazy\" srcset=\"https:\/\/www.fiskakallinn.is\/wp-content\/uploads\/2022\/10\/crenicichla-celidochilus-thumb.png 1020w, https:\/\/www.fiskakallinn.is\/wp-content\/uploads\/2022\/10\/crenicichla-celidochilus-thumb-300x200.png 300w, https:\/\/www.fiskakallinn.is\/wp-content\/uploads\/2022\/10\/crenicichla-celidochilus-thumb-768x512.png 768w\" sizes=\"(max-width: 1020px) 100vw, 1020px\" \/>\t\t\t\t\t\t\t\t\t\t\t\t\t\t\t<\/div>\n\t\t\t\t<\/div>\n\t\t\t\t\t<\/div>\n\t\t<\/div>\n\t\t\t\t<div class=\"elementor-column elementor-col-50 elementor-top-column elementor-element elementor-element-208997c\" data-id=\"208997c\" data-element_type=\"column\">\n\t\t\t<div class=\"elementor-widget-wrap elementor-element-populated\">\n\t\t\t\t\t\t\t\t<div class=\"elementor-element elementor-element-68fe116 elementor-widget elementor-widget-image\" data-id=\"68fe116\" data-element_type=\"widget\" data-widget_type=\"image.default\">\n\t\t\t\t<div class=\"elementor-widget-container\">\n\t\t\t\t\t\t\t\t\t\t\t\t\t\t\t<img width=\"1020\" height=\"680\" src=\"https:\/\/www.fiskakallinn.is\/wp-content\/uploads\/2022\/10\/crenicichla-sp.-cantera-thumb.png\" class=\"attachment-large size-large\" alt=\"\" loading=\"lazy\" srcset=\"https:\/\/www.fiskakallinn.is\/wp-content\/uploads\/2022\/10\/crenicichla-sp.-cantera-thumb.png 1020w, https:\/\/www.fiskakallinn.is\/wp-content\/uploads\/2022\/10\/crenicichla-sp.-cantera-thumb-300x200.png 300w, https:\/\/www.fiskakallinn.is\/wp-content\/uploads\/2022\/10\/crenicichla-sp.-cantera-thumb-768x512.png 768w\" sizes=\"(max-width: 1020px) 100vw, 1020px\" \/>\t\t\t\t\t\t\t\t\t\t\t\t\t\t\t<\/div>\n\t\t\t\t<\/div>\n\t\t\t\t\t<\/div>\n\t\t<\/div>\n\t\t\t\t\t\t\t<\/div>\n\t\t<\/section>\n\t\t\t\t<section class=\"elementor-section elementor-top-section elementor-element elementor-element-f6c6ea0 elementor-section-boxed elementor-section-height-default elementor-section-height-default\" data-id=\"f6c6ea0\" data-element_type=\"section\">\n\t\t\t\t\t\t<div class=\"elementor-container elementor-column-gap-default\">\n\t\t\t\t\t<div class=\"elementor-column elementor-col-50 elementor-top-column elementor-element elementor-element-ca55b03\" data-id=\"ca55b03\" data-element_type=\"column\">\n\t\t\t<div class=\"elementor-widget-wrap elementor-element-populated\">\n\t\t\t\t\t\t\t\t<div class=\"elementor-element elementor-element-b69a8b7 elementor-widget elementor-widget-image\" data-id=\"b69a8b7\" data-element_type=\"widget\" data-widget_type=\"image.default\">\n\t\t\t\t<div class=\"elementor-widget-container\">\n\t\t\t\t\t\t\t\t\t\t\t\t\t\t\t<img width=\"1020\" height=\"680\" src=\"https:\/\/www.fiskakallinn.is\/wp-content\/uploads\/2022\/10\/crenicichla-vittata-thumb.png\" class=\"attachment-large size-large\" alt=\"\" loading=\"lazy\" srcset=\"https:\/\/www.fiskakallinn.is\/wp-content\/uploads\/2022\/10\/crenicichla-vittata-thumb.png 1020w, https:\/\/www.fiskakallinn.is\/wp-content\/uploads\/2022\/10\/crenicichla-vittata-thumb-300x200.png 300w, https:\/\/www.fiskakallinn.is\/wp-content\/uploads\/2022\/10\/crenicichla-vittata-thumb-768x512.png 768w\" sizes=\"(max-width: 1020px) 100vw, 1020px\" \/>\t\t\t\t\t\t\t\t\t\t\t\t\t\t\t<\/div>\n\t\t\t\t<\/div>\n\t\t\t\t\t<\/div>\n\t\t<\/div>\n\t\t\t\t<div class=\"elementor-column elementor-col-50 elementor-top-column elementor-element elementor-element-9ed5534\" data-id=\"9ed5534\" data-element_type=\"column\">\n\t\t\t<div class=\"elementor-widget-wrap elementor-element-populated\">\n\t\t\t\t\t\t\t\t<div class=\"elementor-element elementor-element-130183e elementor-widget elementor-widget-image\" data-id=\"130183e\" data-element_type=\"widget\" data-widget_type=\"image.default\">\n\t\t\t\t<div class=\"elementor-widget-container\">\n\t\t\t\t\t\t\t\t\t\t\t\t\t\t\t<img width=\"1020\" height=\"680\" src=\"https:\/\/www.fiskakallinn.is\/wp-content\/uploads\/2024\/12\/Crenicichla-punctata.png\" class=\"attachment-large size-large\" alt=\"\" loading=\"lazy\" srcset=\"https:\/\/www.fiskakallinn.is\/wp-content\/uploads\/2024\/12\/Crenicichla-punctata.png 1020w, https:\/\/www.fiskakallinn.is\/wp-content\/uploads\/2024\/12\/Crenicichla-punctata-300x200.png 300w, https:\/\/www.fiskakallinn.is\/wp-content\/uploads\/2024\/12\/Crenicichla-punctata-768x512.png 768w\" sizes=\"(max-width: 1020px) 100vw, 1020px\" \/>\t\t\t\t\t\t\t\t\t\t\t\t\t\t\t<\/div>\n\t\t\t\t<\/div>\n\t\t\t\t\t<\/div>\n\t\t<\/div>\n\t\t\t\t\t\t\t<\/div>\n\t\t<\/section>\n\t\t\t\t<section class=\"elementor-section elementor-top-section elementor-element elementor-element-247c7d5 elementor-section-boxed elementor-section-height-default elementor-section-height-default\" data-id=\"247c7d5\" data-element_type=\"section\">\n\t\t\t\t\t\t<div class=\"elementor-container elementor-column-gap-default\">\n\t\t\t\t\t<div class=\"elementor-column elementor-col-50 elementor-top-column elementor-element elementor-element-06111f8\" data-id=\"06111f8\" data-element_type=\"column\">\n\t\t\t<div class=\"elementor-widget-wrap elementor-element-populated\">\n\t\t\t\t\t\t\t\t<div class=\"elementor-element elementor-element-5de9795 elementor-widget elementor-widget-image\" data-id=\"5de9795\" data-element_type=\"widget\" data-widget_type=\"image.default\">\n\t\t\t\t<div class=\"elementor-widget-container\">\n\t\t\t\t\t\t\t\t\t\t\t\t\t\t\t<img width=\"1020\" height=\"680\" src=\"https:\/\/www.fiskakallinn.is\/wp-content\/uploads\/2022\/10\/crenicichla-strigata-thumb.png\" class=\"attachment-large size-large\" alt=\"\" loading=\"lazy\" srcset=\"https:\/\/www.fiskakallinn.is\/wp-content\/uploads\/2022\/10\/crenicichla-strigata-thumb.png 1020w, https:\/\/www.fiskakallinn.is\/wp-content\/uploads\/2022\/10\/crenicichla-strigata-thumb-300x200.png 300w, https:\/\/www.fiskakallinn.is\/wp-content\/uploads\/2022\/10\/crenicichla-strigata-thumb-768x512.png 768w\" sizes=\"(max-width: 1020px) 100vw, 1020px\" \/>\t\t\t\t\t\t\t\t\t\t\t\t\t\t\t<\/div>\n\t\t\t\t<\/div>\n\t\t\t\t\t<\/div>\n\t\t<\/div>\n\t\t\t\t<div class=\"elementor-column elementor-col-50 elementor-top-column elementor-element elementor-element-cfc769d\" data-id=\"cfc769d\" data-element_type=\"column\">\n\t\t\t<div class=\"elementor-widget-wrap elementor-element-populated\">\n\t\t\t\t\t\t\t\t<div class=\"elementor-element elementor-element-09df856 elementor-widget elementor-widget-image\" data-id=\"09df856\" data-element_type=\"widget\" data-widget_type=\"image.default\">\n\t\t\t\t<div class=\"elementor-widget-container\">\n\t\t\t\t\t\t\t\t\t\t\t\t\t\t\t<img width=\"1020\" height=\"680\" src=\"https:\/\/www.fiskakallinn.is\/wp-content\/uploads\/2022\/10\/crenicichla-regani-thumb.png\" class=\"attachment-full size-full\" alt=\"\" loading=\"lazy\" srcset=\"https:\/\/www.fiskakallinn.is\/wp-content\/uploads\/2022\/10\/crenicichla-regani-thumb.png 1020w, https:\/\/www.fiskakallinn.is\/wp-content\/uploads\/2022\/10\/crenicichla-regani-thumb-300x200.png 300w, https:\/\/www.fiskakallinn.is\/wp-content\/uploads\/2022\/10\/crenicichla-regani-thumb-768x512.png 768w\" sizes=\"(max-width: 1020px) 100vw, 1020px\" \/>\t\t\t\t\t\t\t\t\t\t\t\t\t\t\t<\/div>\n\t\t\t\t<\/div>\n\t\t\t\t\t<\/div>\n\t\t<\/div>\n\t\t\t\t\t\t\t<\/div>\n\t\t<\/section>\n\t\t\t\t<section class=\"elementor-section elementor-top-section elementor-element elementor-element-ded0ef3 elementor-section-boxed elementor-section-height-default elementor-section-height-default\" data-id=\"ded0ef3\" data-element_type=\"section\">\n\t\t\t\t\t\t<div class=\"elementor-container elementor-column-gap-default\">\n\t\t\t\t\t<div class=\"elementor-column elementor-col-50 elementor-top-column elementor-element elementor-element-55926be\" data-id=\"55926be\" data-element_type=\"column\">\n\t\t\t<div class=\"elementor-widget-wrap elementor-element-populated\">\n\t\t\t\t\t\t\t\t<div class=\"elementor-element elementor-element-6a33598 elementor-widget elementor-widget-image\" data-id=\"6a33598\" data-element_type=\"widget\" data-widget_type=\"image.default\">\n\t\t\t\t<div class=\"elementor-widget-container\">\n\t\t\t\t\t\t\t\t\t\t\t\t\t\t\t<img width=\"1020\" height=\"680\" src=\"https:\/\/www.fiskakallinn.is\/wp-content\/uploads\/2024\/12\/Crenicichla-tendybaguassu.png\" class=\"attachment-full size-full\" alt=\"\" loading=\"lazy\" srcset=\"https:\/\/www.fiskakallinn.is\/wp-content\/uploads\/2024\/12\/Crenicichla-tendybaguassu.png 1020w, https:\/\/www.fiskakallinn.is\/wp-content\/uploads\/2024\/12\/Crenicichla-tendybaguassu-300x200.png 300w, https:\/\/www.fiskakallinn.is\/wp-content\/uploads\/2024\/12\/Crenicichla-tendybaguassu-768x512.png 768w\" sizes=\"(max-width: 1020px) 100vw, 1020px\" \/>\t\t\t\t\t\t\t\t\t\t\t\t\t\t\t<\/div>\n\t\t\t\t<\/div>\n\t\t\t\t\t<\/div>\n\t\t<\/div>\n\t\t\t\t<div class=\"elementor-column elementor-col-50 elementor-top-column elementor-element elementor-element-44ff339\" data-id=\"44ff339\" data-element_type=\"column\">\n\t\t\t<div class=\"elementor-widget-wrap\">\n\t\t\t\t\t\t\t\t\t<\/div>\n\t\t<\/div>\n\t\t\t\t\t\t\t<\/div>\n\t\t<\/section>\n\t\t\t\t\t\t\t<\/div>\n\t\t","protected":false},"excerpt":{"rendered":"<p>Crenicichla er \u00e6tt s\u00edkli\u00f0a fr\u00e1 su\u00f0ur-amer\u00edku, \u00fe\u00e6r eru r\u00e1nfiskar og eru \u00ed um 6-50 cm st\u00e6r\u00f0um eftir tegundum en af \u00feeim eru um 93 komnar me\u00f0 tegundaheiti, \u00feetta eru hra\u00f0syndir fiskar sem \u00e9ta allt sem kemst ofan \u00ed \u00fe\u00e1\u00a08 af \u00feessum tegundum hef \u00e9g veitt sj\u00e1lfur \u00ed n\u00e1tt\u00farunni\u00a0<\/p>\n","protected":false},"author":2,"featured_media":0,"parent":0,"menu_order":0,"comment_status":"closed","ping_status":"closed","template":"","meta":{"sfsi_plus_gutenberg_text_before_share":"","sfsi_plus_gutenberg_show_text_before_share":"","sfsi_plus_gutenberg_icon_type":"","sfsi_plus_gutenberg_icon_alignemt":"","sfsi_plus_gutenburg_max_per_row":"","site-sidebar-layout":"no-sidebar","site-content-layout":"page-builder","ast-main-header-display":"","ast-hfb-above-header-display":"","ast-hfb-below-header-display":"","ast-hfb-mobile-header-display":"","site-post-title":"disabled","ast-breadcrumbs-content":"","ast-featured-img":"disabled","footer-sml-layout":"","theme-transparent-header-meta":"","adv-header-id-meta":"","stick-header-meta":"","header-above-stick-meta":"","header-main-stick-meta":"","header-below-stick-meta":""},"_links":{"self":[{"href":"https:\/\/www.fiskakallinn.is\/index.php?rest_route=\/wp\/v2\/pages\/4910"}],"collection":[{"href":"https:\/\/www.fiskakallinn.is\/index.php?rest_route=\/wp\/v2\/pages"}],"about":[{"href":"https:\/\/www.fiskakallinn.is\/index.php?rest_route=\/wp\/v2\/types\/page"}],"author":[{"embeddable":true,"href":"https:\/\/www.fiskakallinn.is\/index.php?rest_route=\/wp\/v2\/users\/2"}],"replies":[{"embeddable":true,"href":"https:\/\/www.fiskakallinn.is\/index.php?rest_route=%2Fwp%2Fv2%2Fcomments&post=4910"}],"version-history":[{"count":6,"href":"https:\/\/www.fiskakallinn.is\/index.php?rest_route=\/wp\/v2\/pages\/4910\/revisions"}],"predecessor-version":[{"id":6229,"href":"https:\/\/www.fiskakallinn.is\/index.php?rest_route=\/wp\/v2\/pages\/4910\/revisions\/6229"}],"wp:attachment":[{"href":"https:\/\/www.fiskakallinn.is\/index.php?rest_route=%2Fwp%2Fv2%2Fmedia&parent=4910"}],"curies":[{"name":"wp","href":"https:\/\/api.w.org\/{rel}","templated":true}]}}