{"id":5024,"date":"2022-12-27T00:21:36","date_gmt":"2022-12-27T00:21:36","guid":{"rendered":"https:\/\/www.fiskakallinn.is\/?page_id=5024"},"modified":"2022-12-27T00:39:38","modified_gmt":"2022-12-27T00:39:38","slug":"edlur-homonota-uruguayensis","status":"publish","type":"page","link":"https:\/\/www.fiskakallinn.is\/?page_id=5024","title":{"rendered":"E\u00f0lur Homonota uruguayensis"},"content":{"rendered":"\t\t<div data-elementor-type=\"wp-page\" data-elementor-id=\"5024\" class=\"elementor elementor-5024\">\n\t\t\t\t\t\t\t\t\t<section class=\"elementor-section elementor-top-section elementor-element elementor-element-d6ca226 elementor-section-boxed elementor-section-height-default elementor-section-height-default\" data-id=\"d6ca226\" data-element_type=\"section\">\n\t\t\t\t\t\t<div class=\"elementor-container elementor-column-gap-default\">\n\t\t\t\t\t<div class=\"elementor-column elementor-col-100 elementor-top-column elementor-element elementor-element-410d5c4\" data-id=\"410d5c4\" data-element_type=\"column\">\n\t\t\t<div class=\"elementor-widget-wrap elementor-element-populated\">\n\t\t\t\t\t\t\t\t<div class=\"elementor-element elementor-element-94a4305 elementor-widget elementor-widget-text-editor\" data-id=\"94a4305\" data-element_type=\"widget\" data-widget_type=\"text-editor.default\">\n\t\t\t\t<div class=\"elementor-widget-container\">\n\t\t\t\t\t\t\t<h2 style=\"text-align: center;\"><strong>Homonota uruguayensis<\/strong><\/h2>\t\t\t\t\t\t<\/div>\n\t\t\t\t<\/div>\n\t\t\t\t\t<\/div>\n\t\t<\/div>\n\t\t\t\t\t\t\t<\/div>\n\t\t<\/section>\n\t\t\t\t<section class=\"elementor-section elementor-top-section elementor-element elementor-element-d38f76e elementor-section-boxed elementor-section-height-default elementor-section-height-default\" data-id=\"d38f76e\" data-element_type=\"section\">\n\t\t\t\t\t\t<div class=\"elementor-container elementor-column-gap-default\">\n\t\t\t\t\t<div class=\"elementor-column elementor-col-100 elementor-top-column elementor-element elementor-element-3bce88f\" data-id=\"3bce88f\" data-element_type=\"column\">\n\t\t\t<div class=\"elementor-widget-wrap elementor-element-populated\">\n\t\t\t\t\t\t\t\t<div class=\"elementor-element elementor-element-8c83d22 elementor-widget elementor-widget-image\" data-id=\"8c83d22\" data-element_type=\"widget\" data-widget_type=\"image.default\">\n\t\t\t\t<div class=\"elementor-widget-container\">\n\t\t\t\t\t\t\t\t\t\t\t\t\t\t\t<img width=\"1361\" height=\"964\" src=\"https:\/\/www.fiskakallinn.is\/wp-content\/uploads\/2022\/12\/Homonota-uruguayensis-1.jpg\" class=\"attachment-full size-full\" alt=\"\" loading=\"lazy\" srcset=\"https:\/\/www.fiskakallinn.is\/wp-content\/uploads\/2022\/12\/Homonota-uruguayensis-1.jpg 1361w, https:\/\/www.fiskakallinn.is\/wp-content\/uploads\/2022\/12\/Homonota-uruguayensis-1-300x212.jpg 300w, https:\/\/www.fiskakallinn.is\/wp-content\/uploads\/2022\/12\/Homonota-uruguayensis-1-1024x725.jpg 1024w, https:\/\/www.fiskakallinn.is\/wp-content\/uploads\/2022\/12\/Homonota-uruguayensis-1-768x544.jpg 768w\" sizes=\"(max-width: 1361px) 100vw, 1361px\" \/>\t\t\t\t\t\t\t\t\t\t\t\t\t\t\t<\/div>\n\t\t\t\t<\/div>\n\t\t\t\t\t<\/div>\n\t\t<\/div>\n\t\t\t\t\t\t\t<\/div>\n\t\t<\/section>\n\t\t\t\t<section class=\"elementor-section elementor-top-section elementor-element elementor-element-6303a12 elementor-section-boxed elementor-section-height-default elementor-section-height-default\" data-id=\"6303a12\" data-element_type=\"section\">\n\t\t\t\t\t\t<div class=\"elementor-container elementor-column-gap-default\">\n\t\t\t\t\t<div class=\"elementor-column elementor-col-100 elementor-top-column elementor-element elementor-element-b63427d\" data-id=\"b63427d\" data-element_type=\"column\">\n\t\t\t<div class=\"elementor-widget-wrap elementor-element-populated\">\n\t\t\t\t\t\t\t\t<div class=\"elementor-element elementor-element-0637815 elementor-widget elementor-widget-text-editor\" data-id=\"0637815\" data-element_type=\"widget\" data-widget_type=\"text-editor.default\">\n\t\t\t\t<div class=\"elementor-widget-container\">\n\t\t\t\t\t\t\t<p style=\"text-align: center;\">H\u00e9r er \u00e9g vi\u00f0 l\u00e6k \u00ed \u00dar\u00fagv\u00e6 sem heitir Cda de los Novios og vei\u00f0ast margir skemmtilegir fiskar \u00fearna, en \u00feessi litla brekka er kj\u00f6rsta\u00f0ur til a\u00f0 finna \u00fdmis skord\u00fdr og skri\u00f0d\u00fdr svo \u00e9g f\u00f3r og velti vi\u00f0 steinum og fann \u00fdmislegt skemmtilegt\u00a0<\/p>\t\t\t\t\t\t<\/div>\n\t\t\t\t<\/div>\n\t\t\t\t\t<\/div>\n\t\t<\/div>\n\t\t\t\t\t\t\t<\/div>\n\t\t<\/section>\n\t\t\t\t<section class=\"elementor-section elementor-top-section elementor-element elementor-element-22b7e99 elementor-section-boxed elementor-section-height-default elementor-section-height-default\" data-id=\"22b7e99\" data-element_type=\"section\">\n\t\t\t\t\t\t<div class=\"elementor-container elementor-column-gap-default\">\n\t\t\t\t\t<div class=\"elementor-column elementor-col-100 elementor-top-column elementor-element elementor-element-4de7e8a\" data-id=\"4de7e8a\" data-element_type=\"column\">\n\t\t\t<div class=\"elementor-widget-wrap elementor-element-populated\">\n\t\t\t\t\t\t\t\t<div class=\"elementor-element elementor-element-9ea9dc4 elementor-widget elementor-widget-image\" data-id=\"9ea9dc4\" data-element_type=\"widget\" data-widget_type=\"image.default\">\n\t\t\t\t<div class=\"elementor-widget-container\">\n\t\t\t\t\t\t\t\t\t\t\t\t\t\t\t<img width=\"1361\" height=\"964\" src=\"https:\/\/www.fiskakallinn.is\/wp-content\/uploads\/2022\/12\/Homonota-uruguayensis-2.jpg\" class=\"attachment-full size-full\" alt=\"\" loading=\"lazy\" srcset=\"https:\/\/www.fiskakallinn.is\/wp-content\/uploads\/2022\/12\/Homonota-uruguayensis-2.jpg 1361w, https:\/\/www.fiskakallinn.is\/wp-content\/uploads\/2022\/12\/Homonota-uruguayensis-2-300x212.jpg 300w, https:\/\/www.fiskakallinn.is\/wp-content\/uploads\/2022\/12\/Homonota-uruguayensis-2-1024x725.jpg 1024w, https:\/\/www.fiskakallinn.is\/wp-content\/uploads\/2022\/12\/Homonota-uruguayensis-2-768x544.jpg 768w\" sizes=\"(max-width: 1361px) 100vw, 1361px\" \/>\t\t\t\t\t\t\t\t\t\t\t\t\t\t\t<\/div>\n\t\t\t\t<\/div>\n\t\t\t\t\t<\/div>\n\t\t<\/div>\n\t\t\t\t\t\t\t<\/div>\n\t\t<\/section>\n\t\t\t\t<section class=\"elementor-section elementor-top-section elementor-element elementor-element-3b734ca elementor-section-boxed elementor-section-height-default elementor-section-height-default\" data-id=\"3b734ca\" data-element_type=\"section\">\n\t\t\t\t\t\t<div class=\"elementor-container elementor-column-gap-default\">\n\t\t\t\t\t<div class=\"elementor-column elementor-col-100 elementor-top-column elementor-element elementor-element-0c8f18f\" data-id=\"0c8f18f\" data-element_type=\"column\">\n\t\t\t<div class=\"elementor-widget-wrap elementor-element-populated\">\n\t\t\t\t\t\t\t\t<div class=\"elementor-element elementor-element-a3c8675 elementor-widget elementor-widget-text-editor\" data-id=\"a3c8675\" data-element_type=\"widget\" data-widget_type=\"text-editor.default\">\n\t\t\t\t<div class=\"elementor-widget-container\">\n\t\t\t\t\t\t\t<p style=\"text-align: center;\">Eina e\u00f0lan e\u00f0a gekk\u00f3 sem \u00e9g fann var af tegundinni Homonota uruguayensis, \u00feetta er l\u00edtil tegund sem vildi ekki l\u00e1ta taka af s\u00e9r mynd svo \u00fea\u00f0 enda\u00f0i me\u00f0 a\u00f0 h\u00fan var tekin upp \u00e1samt nokkrum maurum sem hengu \u00e1 henni<\/p>\t\t\t\t\t\t<\/div>\n\t\t\t\t<\/div>\n\t\t\t\t\t<\/div>\n\t\t<\/div>\n\t\t\t\t\t\t\t<\/div>\n\t\t<\/section>\n\t\t\t\t<section class=\"elementor-section elementor-top-section elementor-element elementor-element-89ad797 elementor-section-boxed elementor-section-height-default elementor-section-height-default\" data-id=\"89ad797\" data-element_type=\"section\">\n\t\t\t\t\t\t<div class=\"elementor-container elementor-column-gap-default\">\n\t\t\t\t\t<div class=\"elementor-column elementor-col-100 elementor-top-column elementor-element elementor-element-44eff38\" data-id=\"44eff38\" data-element_type=\"column\">\n\t\t\t<div class=\"elementor-widget-wrap elementor-element-populated\">\n\t\t\t\t\t\t\t\t<div class=\"elementor-element elementor-element-3ab7d7d elementor-widget elementor-widget-image\" data-id=\"3ab7d7d\" data-element_type=\"widget\" data-widget_type=\"image.default\">\n\t\t\t\t<div class=\"elementor-widget-container\">\n\t\t\t\t\t\t\t\t\t\t\t\t\t\t\t<img width=\"1361\" height=\"964\" src=\"https:\/\/www.fiskakallinn.is\/wp-content\/uploads\/2022\/12\/Homonota-uruguayensis-3.jpg\" class=\"attachment-full size-full\" alt=\"\" loading=\"lazy\" srcset=\"https:\/\/www.fiskakallinn.is\/wp-content\/uploads\/2022\/12\/Homonota-uruguayensis-3.jpg 1361w, https:\/\/www.fiskakallinn.is\/wp-content\/uploads\/2022\/12\/Homonota-uruguayensis-3-300x212.jpg 300w, https:\/\/www.fiskakallinn.is\/wp-content\/uploads\/2022\/12\/Homonota-uruguayensis-3-1024x725.jpg 1024w, https:\/\/www.fiskakallinn.is\/wp-content\/uploads\/2022\/12\/Homonota-uruguayensis-3-768x544.jpg 768w\" sizes=\"(max-width: 1361px) 100vw, 1361px\" \/>\t\t\t\t\t\t\t\t\t\t\t\t\t\t\t<\/div>\n\t\t\t\t<\/div>\n\t\t\t\t\t<\/div>\n\t\t<\/div>\n\t\t\t\t\t\t\t<\/div>\n\t\t<\/section>\n\t\t\t\t<section class=\"elementor-section elementor-top-section elementor-element elementor-element-0e92678 elementor-section-boxed elementor-section-height-default elementor-section-height-default\" data-id=\"0e92678\" data-element_type=\"section\">\n\t\t\t\t\t\t<div class=\"elementor-container elementor-column-gap-default\">\n\t\t\t\t\t<div class=\"elementor-column elementor-col-100 elementor-top-column elementor-element elementor-element-3e2228e\" data-id=\"3e2228e\" data-element_type=\"column\">\n\t\t\t<div class=\"elementor-widget-wrap elementor-element-populated\">\n\t\t\t\t\t\t\t\t<div class=\"elementor-element elementor-element-c0408cd elementor-widget elementor-widget-text-editor\" data-id=\"c0408cd\" data-element_type=\"widget\" data-widget_type=\"text-editor.default\">\n\t\t\t\t<div class=\"elementor-widget-container\">\n\t\t\t\t\t\t\t<p style=\"text-align: center;\">\u00deegar h\u00fan var sett ni\u00f0ur sleppti h\u00fan halanum sem sprikla\u00f0i \u00e1 j\u00f6r\u00f0inni sem er n\u00e1tt\u00faruleg varnarvi\u00f0br\u00f6g\u00f0 \u00fev\u00ed r\u00e1nd\u00fdr r\u00e1\u00f0ast \u00e1 hreifinguna og \u00e1 me\u00f0an kemst e\u00f0lan undan, halinn vex svo \u00e1 hana aftur og s\u00e9r ma\u00f0ur oft e\u00f0lur me\u00f0 mis \u00feykka hala sem eru a\u00f0 vaxa aftur\u00a0<\/p>\t\t\t\t\t\t<\/div>\n\t\t\t\t<\/div>\n\t\t\t\t\t<\/div>\n\t\t<\/div>\n\t\t\t\t\t\t\t<\/div>\n\t\t<\/section>\n\t\t\t\t<section class=\"elementor-section elementor-top-section elementor-element elementor-element-39550e1 elementor-section-boxed elementor-section-height-default elementor-section-height-default\" data-id=\"39550e1\" data-element_type=\"section\">\n\t\t\t\t\t\t<div class=\"elementor-container elementor-column-gap-default\">\n\t\t\t\t\t<div class=\"elementor-column elementor-col-100 elementor-top-column elementor-element elementor-element-ea1917d\" data-id=\"ea1917d\" data-element_type=\"column\">\n\t\t\t<div class=\"elementor-widget-wrap elementor-element-populated\">\n\t\t\t\t\t\t\t\t<div class=\"elementor-element elementor-element-cbb8f18 elementor-widget elementor-widget-image\" data-id=\"cbb8f18\" data-element_type=\"widget\" data-widget_type=\"image.default\">\n\t\t\t\t<div class=\"elementor-widget-container\">\n\t\t\t\t\t\t\t\t\t\t\t\t\t\t\t<img width=\"1361\" height=\"964\" src=\"https:\/\/www.fiskakallinn.is\/wp-content\/uploads\/2022\/12\/Homonota-uruguayensis.png\" class=\"attachment-full size-full\" alt=\"\" loading=\"lazy\" srcset=\"https:\/\/www.fiskakallinn.is\/wp-content\/uploads\/2022\/12\/Homonota-uruguayensis.png 1361w, https:\/\/www.fiskakallinn.is\/wp-content\/uploads\/2022\/12\/Homonota-uruguayensis-300x212.png 300w, https:\/\/www.fiskakallinn.is\/wp-content\/uploads\/2022\/12\/Homonota-uruguayensis-1024x725.png 1024w, https:\/\/www.fiskakallinn.is\/wp-content\/uploads\/2022\/12\/Homonota-uruguayensis-768x544.png 768w\" sizes=\"(max-width: 1361px) 100vw, 1361px\" \/>\t\t\t\t\t\t\t\t\t\t\t\t\t\t\t<\/div>\n\t\t\t\t<\/div>\n\t\t\t\t\t<\/div>\n\t\t<\/div>\n\t\t\t\t\t\t\t<\/div>\n\t\t<\/section>\n\t\t\t\t<section class=\"elementor-section elementor-top-section elementor-element elementor-element-eeae2c7 elementor-section-boxed elementor-section-height-default elementor-section-height-default\" data-id=\"eeae2c7\" data-element_type=\"section\">\n\t\t\t\t\t\t<div class=\"elementor-container elementor-column-gap-default\">\n\t\t\t\t\t<div class=\"elementor-column elementor-col-100 elementor-top-column elementor-element elementor-element-5b6b62b\" data-id=\"5b6b62b\" data-element_type=\"column\">\n\t\t\t<div class=\"elementor-widget-wrap elementor-element-populated\">\n\t\t\t\t\t\t\t\t<div class=\"elementor-element elementor-element-5e41931 elementor-widget elementor-widget-text-editor\" data-id=\"5e41931\" data-element_type=\"widget\" data-widget_type=\"text-editor.default\">\n\t\t\t\t<div class=\"elementor-widget-container\">\n\t\t\t\t\t\t\t<p style=\"text-align: center;\">G\u00e9kk\u00f3 geta lappa\u00f0 \u00e1 hvolfi eins og s\u00e9st \u00e1 efri innfelldu myndinni \u00fev\u00ed \u00feeir eru me\u00f0 s\u00e9rstaka \u00fer\u00e6\u00f0i \u00e1 f\u00f3tunum sem gr\u00edpa \u00ed minnstu holur sem \u00feeir finna, og geta \u00feeir \u00fev\u00ed td. labba\u00f0 \u00e1\u00a0 \u00e1 gleri, hin innfelda myndin er af einni af nokkrum tegundum af kaktus sem \u00fearna var a\u00f0 finna\u00a0<\/p>\t\t\t\t\t\t<\/div>\n\t\t\t\t<\/div>\n\t\t\t\t\t<\/div>\n\t\t<\/div>\n\t\t\t\t\t\t\t<\/div>\n\t\t<\/section>\n\t\t\t\t\t\t\t<\/div>\n\t\t","protected":false},"excerpt":{"rendered":"<p>Homonota uruguayensis H\u00e9r er \u00e9g vi\u00f0 l\u00e6k \u00ed \u00dar\u00fagv\u00e6 sem heitir Cda de los Novios og vei\u00f0ast margir skemmtilegir fiskar \u00fearna, en \u00feessi litla brekka er kj\u00f6rsta\u00f0ur til a\u00f0 finna \u00fdmis skord\u00fdr og skri\u00f0d\u00fdr svo \u00e9g f\u00f3r og velti vi\u00f0 steinum og fann \u00fdmislegt skemmtilegt\u00a0 Eina e\u00f0lan e\u00f0a gekk\u00f3 sem \u00e9g fann var af tegundinni &hellip;<\/p>\n<p class=\"read-more\"> <a class=\"\" href=\"https:\/\/www.fiskakallinn.is\/?page_id=5024\"> <span class=\"screen-reader-text\">E\u00f0lur Homonota uruguayensis<\/span> Read More &raquo;<\/a><\/p>\n","protected":false},"author":2,"featured_media":0,"parent":0,"menu_order":0,"comment_status":"closed","ping_status":"closed","template":"","meta":{"sfsi_plus_gutenberg_text_before_share":"","sfsi_plus_gutenberg_show_text_before_share":"","sfsi_plus_gutenberg_icon_type":"","sfsi_plus_gutenberg_icon_alignemt":"","sfsi_plus_gutenburg_max_per_row":"","site-sidebar-layout":"no-sidebar","site-content-layout":"page-builder","ast-main-header-display":"","ast-hfb-above-header-display":"","ast-hfb-below-header-display":"","ast-hfb-mobile-header-display":"","site-post-title":"disabled","ast-breadcrumbs-content":"","ast-featured-img":"disabled","footer-sml-layout":"","theme-transparent-header-meta":"","adv-header-id-meta":"","stick-header-meta":"","header-above-stick-meta":"","header-main-stick-meta":"","header-below-stick-meta":""},"_links":{"self":[{"href":"https:\/\/www.fiskakallinn.is\/index.php?rest_route=\/wp\/v2\/pages\/5024"}],"collection":[{"href":"https:\/\/www.fiskakallinn.is\/index.php?rest_route=\/wp\/v2\/pages"}],"about":[{"href":"https:\/\/www.fiskakallinn.is\/index.php?rest_route=\/wp\/v2\/types\/page"}],"author":[{"embeddable":true,"href":"https:\/\/www.fiskakallinn.is\/index.php?rest_route=\/wp\/v2\/users\/2"}],"replies":[{"embeddable":true,"href":"https:\/\/www.fiskakallinn.is\/index.php?rest_route=%2Fwp%2Fv2%2Fcomments&post=5024"}],"version-history":[{"count":3,"href":"https:\/\/www.fiskakallinn.is\/index.php?rest_route=\/wp\/v2\/pages\/5024\/revisions"}],"predecessor-version":[{"id":5031,"href":"https:\/\/www.fiskakallinn.is\/index.php?rest_route=\/wp\/v2\/pages\/5024\/revisions\/5031"}],"wp:attachment":[{"href":"https:\/\/www.fiskakallinn.is\/index.php?rest_route=%2Fwp%2Fv2%2Fmedia&parent=5024"}],"curies":[{"name":"wp","href":"https:\/\/api.w.org\/{rel}","templated":true}]}}