{"id":534,"date":"2021-03-14T05:11:25","date_gmt":"2021-03-14T05:11:25","guid":{"rendered":"https:\/\/www.fiskakallinn.is\/?page_id=534"},"modified":"2021-06-05T20:05:57","modified_gmt":"2021-06-05T20:05:57","slug":"nytt-i-bud","status":"publish","type":"page","link":"https:\/\/www.fiskakallinn.is\/?page_id=534","title":{"rendered":"N\u00ddTT \u00cd B\u00da\u00d0"},"content":{"rendered":"<figure id=\"attachment_762\" aria-describedby=\"caption-attachment-762\" style=\"width: 2000px\" class=\"wp-caption aligncenter\"><img loading=\"lazy\" class=\"wp-image-762 size-full\" src=\"https:\/\/www.fiskakallinn.is\/wp-content\/uploads\/2021\/06\/tangir.jpg\" alt=\"\" width=\"2000\" height=\"1500\" srcset=\"https:\/\/www.fiskakallinn.is\/wp-content\/uploads\/2021\/06\/tangir.jpg 2000w, https:\/\/www.fiskakallinn.is\/wp-content\/uploads\/2021\/06\/tangir-300x225.jpg 300w, https:\/\/www.fiskakallinn.is\/wp-content\/uploads\/2021\/06\/tangir-1024x768.jpg 1024w, https:\/\/www.fiskakallinn.is\/wp-content\/uploads\/2021\/06\/tangir-768x576.jpg 768w, https:\/\/www.fiskakallinn.is\/wp-content\/uploads\/2021\/06\/tangir-1536x1152.jpg 1536w\" sizes=\"(max-width: 2000px) 100vw, 2000px\" \/><figcaption id=\"caption-attachment-762\" class=\"wp-caption-text\">\u00a0Tangir og sk\u00e6ri fyrir gr\u00f3\u00f0urinn<\/figcaption><\/figure>\n<p>&nbsp;<\/p>\n","protected":false},"excerpt":{"rendered":"<p>&nbsp;<\/p>\n","protected":false},"author":2,"featured_media":0,"parent":0,"menu_order":0,"comment_status":"closed","ping_status":"closed","template":"","meta":{"sfsi_plus_gutenberg_text_before_share":"","sfsi_plus_gutenberg_show_text_before_share":"","sfsi_plus_gutenberg_icon_type":"","sfsi_plus_gutenberg_icon_alignemt":"","sfsi_plus_gutenburg_max_per_row":"","site-sidebar-layout":"default","site-content-layout":"default","ast-main-header-display":"","ast-hfb-above-header-display":"","ast-hfb-below-header-display":"","ast-hfb-mobile-header-display":"","site-post-title":"","ast-breadcrumbs-content":"","ast-featured-img":"","footer-sml-layout":"","theme-transparent-header-meta":"default","adv-header-id-meta":"","stick-header-meta":"default","header-above-stick-meta":"","header-main-stick-meta":"","header-below-stick-meta":""},"_links":{"self":[{"href":"https:\/\/www.fiskakallinn.is\/index.php?rest_route=\/wp\/v2\/pages\/534"}],"collection":[{"href":"https:\/\/www.fiskakallinn.is\/index.php?rest_route=\/wp\/v2\/pages"}],"about":[{"href":"https:\/\/www.fiskakallinn.is\/index.php?rest_route=\/wp\/v2\/types\/page"}],"author":[{"embeddable":true,"href":"https:\/\/www.fiskakallinn.is\/index.php?rest_route=\/wp\/v2\/users\/2"}],"replies":[{"embeddable":true,"href":"https:\/\/www.fiskakallinn.is\/index.php?rest_route=%2Fwp%2Fv2%2Fcomments&post=534"}],"version-history":[{"count":5,"href":"https:\/\/www.fiskakallinn.is\/index.php?rest_route=\/wp\/v2\/pages\/534\/revisions"}],"predecessor-version":[{"id":770,"href":"https:\/\/www.fiskakallinn.is\/index.php?rest_route=\/wp\/v2\/pages\/534\/revisions\/770"}],"wp:attachment":[{"href":"https:\/\/www.fiskakallinn.is\/index.php?rest_route=%2Fwp%2Fv2%2Fmedia&parent=534"}],"curies":[{"name":"wp","href":"https:\/\/api.w.org\/{rel}","templated":true}]}}