{"id":5503,"date":"2023-01-15T19:31:44","date_gmt":"2023-01-15T19:31:44","guid":{"rendered":"https:\/\/www.fiskakallinn.is\/?page_id=5503"},"modified":"2023-01-15T19:53:27","modified_gmt":"2023-01-15T19:53:27","slug":"ferdir-fyrsti-hoplias","status":"publish","type":"page","link":"https:\/\/www.fiskakallinn.is\/?page_id=5503","title":{"rendered":"fer\u00f0ir fyrsti Hoplias"},"content":{"rendered":"\t\t<div data-elementor-type=\"wp-page\" data-elementor-id=\"5503\" class=\"elementor elementor-5503\">\n\t\t\t\t\t\t\t\t\t<section class=\"elementor-section elementor-top-section elementor-element elementor-element-747989b elementor-section-boxed elementor-section-height-default elementor-section-height-default\" data-id=\"747989b\" data-element_type=\"section\">\n\t\t\t\t\t\t<div class=\"elementor-container elementor-column-gap-default\">\n\t\t\t\t\t<div class=\"elementor-column elementor-col-100 elementor-top-column elementor-element elementor-element-69354f1\" data-id=\"69354f1\" data-element_type=\"column\">\n\t\t\t<div class=\"elementor-widget-wrap elementor-element-populated\">\n\t\t\t\t\t\t\t\t<div class=\"elementor-element elementor-element-853d10a elementor-widget elementor-widget-text-editor\" data-id=\"853d10a\" data-element_type=\"widget\" data-widget_type=\"text-editor.default\">\n\t\t\t\t<div class=\"elementor-widget-container\">\n\t\t\t\t\t\t\t<h2 style=\"text-align: center;\"><strong>Fyrsti Hoplias Wolffish<\/strong><\/h2>\t\t\t\t\t\t<\/div>\n\t\t\t\t<\/div>\n\t\t\t\t\t<\/div>\n\t\t<\/div>\n\t\t\t\t\t\t\t<\/div>\n\t\t<\/section>\n\t\t\t\t<section class=\"elementor-section elementor-top-section elementor-element elementor-element-488668a elementor-section-boxed elementor-section-height-default elementor-section-height-default\" data-id=\"488668a\" data-element_type=\"section\">\n\t\t\t\t\t\t<div class=\"elementor-container elementor-column-gap-default\">\n\t\t\t\t\t<div class=\"elementor-column elementor-col-100 elementor-top-column elementor-element elementor-element-4a1a0cd\" data-id=\"4a1a0cd\" data-element_type=\"column\">\n\t\t\t<div class=\"elementor-widget-wrap elementor-element-populated\">\n\t\t\t\t\t\t\t\t<div class=\"elementor-element elementor-element-0f22c4b elementor-widget elementor-widget-image\" data-id=\"0f22c4b\" data-element_type=\"widget\" data-widget_type=\"image.default\">\n\t\t\t\t<div class=\"elementor-widget-container\">\n\t\t\t\t\t\t\t\t\t\t\t\t\t\t\t<img width=\"1361\" height=\"964\" src=\"https:\/\/www.fiskakallinn.is\/wp-content\/uploads\/2023\/01\/fyrsti-hoplias-2.jpg\" class=\"attachment-full size-full\" alt=\"\" loading=\"lazy\" srcset=\"https:\/\/www.fiskakallinn.is\/wp-content\/uploads\/2023\/01\/fyrsti-hoplias-2.jpg 1361w, https:\/\/www.fiskakallinn.is\/wp-content\/uploads\/2023\/01\/fyrsti-hoplias-2-300x212.jpg 300w, https:\/\/www.fiskakallinn.is\/wp-content\/uploads\/2023\/01\/fyrsti-hoplias-2-1024x725.jpg 1024w, https:\/\/www.fiskakallinn.is\/wp-content\/uploads\/2023\/01\/fyrsti-hoplias-2-768x544.jpg 768w\" sizes=\"(max-width: 1361px) 100vw, 1361px\" \/>\t\t\t\t\t\t\t\t\t\t\t\t\t\t\t<\/div>\n\t\t\t\t<\/div>\n\t\t\t\t\t<\/div>\n\t\t<\/div>\n\t\t\t\t\t\t\t<\/div>\n\t\t<\/section>\n\t\t\t\t<section class=\"elementor-section elementor-top-section elementor-element elementor-element-de2637b elementor-section-boxed elementor-section-height-default elementor-section-height-default\" data-id=\"de2637b\" data-element_type=\"section\">\n\t\t\t\t\t\t<div class=\"elementor-container elementor-column-gap-default\">\n\t\t\t\t\t<div class=\"elementor-column elementor-col-100 elementor-top-column elementor-element elementor-element-22794f6\" data-id=\"22794f6\" data-element_type=\"column\">\n\t\t\t<div class=\"elementor-widget-wrap elementor-element-populated\">\n\t\t\t\t\t\t\t\t<div class=\"elementor-element elementor-element-e4e4172 elementor-widget elementor-widget-text-editor\" data-id=\"e4e4172\" data-element_type=\"widget\" data-widget_type=\"text-editor.default\">\n\t\t\t\t<div class=\"elementor-widget-container\">\n\t\t\t\t\t\t\t<p style=\"text-align: center;\">\u00deessi l\u00e6kur sem var ekki merktur og enginn vissi nafn \u00e1 honum var me\u00f0 l\u00edti\u00f0 rennsli en mikinn gr\u00f3\u00f0ur<br \/>Falleg h\u00e1vaxin planta var \u00ed mi\u00f0jum l\u00e6knum me\u00f0 bl\u00e1um bl\u00f3mum<br \/>Hann var me\u00f0 slatta af tetrum og flottum bl\u00e1 dopp\u00f3ttum Corydoras<\/p>\t\t\t\t\t\t<\/div>\n\t\t\t\t<\/div>\n\t\t\t\t\t<\/div>\n\t\t<\/div>\n\t\t\t\t\t\t\t<\/div>\n\t\t<\/section>\n\t\t\t\t<section class=\"elementor-section elementor-top-section elementor-element elementor-element-76953f1 elementor-section-boxed elementor-section-height-default elementor-section-height-default\" data-id=\"76953f1\" data-element_type=\"section\">\n\t\t\t\t\t\t<div class=\"elementor-container elementor-column-gap-default\">\n\t\t\t\t\t<div class=\"elementor-column elementor-col-100 elementor-top-column elementor-element elementor-element-18023e9\" data-id=\"18023e9\" data-element_type=\"column\">\n\t\t\t<div class=\"elementor-widget-wrap elementor-element-populated\">\n\t\t\t\t\t\t\t\t<div class=\"elementor-element elementor-element-65e7558 elementor-widget elementor-widget-image\" data-id=\"65e7558\" data-element_type=\"widget\" data-widget_type=\"image.default\">\n\t\t\t\t<div class=\"elementor-widget-container\">\n\t\t\t\t\t\t\t\t\t\t\t\t\t\t\t<img width=\"1361\" height=\"964\" src=\"https:\/\/www.fiskakallinn.is\/wp-content\/uploads\/2023\/01\/fyrsti-hoplias-3.jpg\" class=\"attachment-full size-full\" alt=\"\" loading=\"lazy\" srcset=\"https:\/\/www.fiskakallinn.is\/wp-content\/uploads\/2023\/01\/fyrsti-hoplias-3.jpg 1361w, https:\/\/www.fiskakallinn.is\/wp-content\/uploads\/2023\/01\/fyrsti-hoplias-3-300x212.jpg 300w, https:\/\/www.fiskakallinn.is\/wp-content\/uploads\/2023\/01\/fyrsti-hoplias-3-1024x725.jpg 1024w, https:\/\/www.fiskakallinn.is\/wp-content\/uploads\/2023\/01\/fyrsti-hoplias-3-768x544.jpg 768w\" sizes=\"(max-width: 1361px) 100vw, 1361px\" \/>\t\t\t\t\t\t\t\t\t\t\t\t\t\t\t<\/div>\n\t\t\t\t<\/div>\n\t\t\t\t\t<\/div>\n\t\t<\/div>\n\t\t\t\t\t\t\t<\/div>\n\t\t<\/section>\n\t\t\t\t<section class=\"elementor-section elementor-top-section elementor-element elementor-element-6b975c0 elementor-section-boxed elementor-section-height-default elementor-section-height-default\" data-id=\"6b975c0\" data-element_type=\"section\">\n\t\t\t\t\t\t<div class=\"elementor-container elementor-column-gap-default\">\n\t\t\t\t\t<div class=\"elementor-column elementor-col-100 elementor-top-column elementor-element elementor-element-403eae6\" data-id=\"403eae6\" data-element_type=\"column\">\n\t\t\t<div class=\"elementor-widget-wrap elementor-element-populated\">\n\t\t\t\t\t\t\t\t<div class=\"elementor-element elementor-element-4fddf53 elementor-widget elementor-widget-text-editor\" data-id=\"4fddf53\" data-element_type=\"widget\" data-widget_type=\"text-editor.default\">\n\t\t\t\t<div class=\"elementor-widget-container\">\n\t\t\t\t\t\t\t<p style=\"text-align: center;\">Vi\u00f0 stoppu\u00f0um stutt \u00fearna \u00ed minni fyrstu fer\u00f0 svo \u00e9g reyndi a\u00f0 vei\u00f0a lengur \u00e1 me\u00f0an a\u00f0rir f\u00f3ru a\u00f0 ganga fr\u00e1 h\u00e1fum og undirb\u00faa sig fyrir a\u00f0 keyra \u00e1 n\u00e6sta sta\u00f0\u00a0<br \/>\u00c9g renndi h\u00e1fnum inn undir gr\u00f3\u00f0ur og m\u00e9r br\u00e1 \u00feegar eitthva\u00f0 st\u00f3rt busla\u00f0i \u00ed h\u00e1fnum \u00feessi l\u00e6kur var allt of l\u00edtill til a\u00f0 geta veri\u00f0 me\u00f0 st\u00f3ra fiska svo \u00e9g \u00e1tti bara von \u00e1 tetrum og \u00feess vegna br\u00e1 m\u00e9r \u00fev\u00ed \u00e9g h\u00e9lt \u00e9g hef\u00f0i n\u00e1\u00f0 einhverjum sn\u00e1k\u00a0<\/p>\t\t\t\t\t\t<\/div>\n\t\t\t\t<\/div>\n\t\t\t\t\t<\/div>\n\t\t<\/div>\n\t\t\t\t\t\t\t<\/div>\n\t\t<\/section>\n\t\t\t\t<section class=\"elementor-section elementor-top-section elementor-element elementor-element-dbe907e elementor-section-boxed elementor-section-height-default elementor-section-height-default\" data-id=\"dbe907e\" data-element_type=\"section\">\n\t\t\t\t\t\t<div class=\"elementor-container elementor-column-gap-default\">\n\t\t\t\t\t<div class=\"elementor-column elementor-col-100 elementor-top-column elementor-element elementor-element-258c877\" data-id=\"258c877\" data-element_type=\"column\">\n\t\t\t<div class=\"elementor-widget-wrap elementor-element-populated\">\n\t\t\t\t\t\t\t\t<div class=\"elementor-element elementor-element-011db0b elementor-widget elementor-widget-image\" data-id=\"011db0b\" data-element_type=\"widget\" data-widget_type=\"image.default\">\n\t\t\t\t<div class=\"elementor-widget-container\">\n\t\t\t\t\t\t\t\t\t\t\t\t\t\t\t<img width=\"1361\" height=\"964\" src=\"https:\/\/www.fiskakallinn.is\/wp-content\/uploads\/2023\/01\/fyrsti-hoplias-4.jpg\" class=\"attachment-full size-full\" alt=\"\" loading=\"lazy\" srcset=\"https:\/\/www.fiskakallinn.is\/wp-content\/uploads\/2023\/01\/fyrsti-hoplias-4.jpg 1361w, https:\/\/www.fiskakallinn.is\/wp-content\/uploads\/2023\/01\/fyrsti-hoplias-4-300x212.jpg 300w, https:\/\/www.fiskakallinn.is\/wp-content\/uploads\/2023\/01\/fyrsti-hoplias-4-1024x725.jpg 1024w, https:\/\/www.fiskakallinn.is\/wp-content\/uploads\/2023\/01\/fyrsti-hoplias-4-768x544.jpg 768w\" sizes=\"(max-width: 1361px) 100vw, 1361px\" \/>\t\t\t\t\t\t\t\t\t\t\t\t\t\t\t<\/div>\n\t\t\t\t<\/div>\n\t\t\t\t\t<\/div>\n\t\t<\/div>\n\t\t\t\t\t\t\t<\/div>\n\t\t<\/section>\n\t\t\t\t<section class=\"elementor-section elementor-top-section elementor-element elementor-element-18a4c5c elementor-section-boxed elementor-section-height-default elementor-section-height-default\" data-id=\"18a4c5c\" data-element_type=\"section\">\n\t\t\t\t\t\t<div class=\"elementor-container elementor-column-gap-default\">\n\t\t\t\t\t<div class=\"elementor-column elementor-col-100 elementor-top-column elementor-element elementor-element-b03b551\" data-id=\"b03b551\" data-element_type=\"column\">\n\t\t\t<div class=\"elementor-widget-wrap elementor-element-populated\">\n\t\t\t\t\t\t\t\t<div class=\"elementor-element elementor-element-c8b8d72 elementor-widget elementor-widget-text-editor\" data-id=\"c8b8d72\" data-element_type=\"widget\" data-widget_type=\"text-editor.default\">\n\t\t\t\t<div class=\"elementor-widget-container\">\n\t\t\t\t\t\t\t<p style=\"text-align: center;\">Enginn sn\u00e1kur heldur fallegur Hoplias aka. Wolffish kom \u00ed h\u00e1finn,<br \/>\u00feeir eru vel tenntir og eru \u00feetta \u00feeir fiskar sem vi\u00f0 erum helst me\u00f0 \u00e1hyggjur af \u00ed \u00dar\u00fagv\u00e6 enda ver\u00f0a sumar tegundir um meter \u00e1 lengd en \u00feeir verja hrogn og sei\u00f0i og r\u00e1\u00f0ast \u00e1 allt sem kemur of n\u00e1lagt og \u00feeir \u00feurfa ekki a\u00f0 vera st\u00f3rir til a\u00f0 t\u00e6ta upp \u00e1 manni l\u00f6ppina\u00a0<\/p>\t\t\t\t\t\t<\/div>\n\t\t\t\t<\/div>\n\t\t\t\t\t<\/div>\n\t\t<\/div>\n\t\t\t\t\t\t\t<\/div>\n\t\t<\/section>\n\t\t\t\t<section class=\"elementor-section elementor-top-section elementor-element elementor-element-839af05 elementor-section-boxed elementor-section-height-default elementor-section-height-default\" data-id=\"839af05\" data-element_type=\"section\">\n\t\t\t\t\t\t<div class=\"elementor-container elementor-column-gap-default\">\n\t\t\t\t\t<div class=\"elementor-column elementor-col-100 elementor-top-column elementor-element elementor-element-07f3f06\" data-id=\"07f3f06\" data-element_type=\"column\">\n\t\t\t<div class=\"elementor-widget-wrap elementor-element-populated\">\n\t\t\t\t\t\t\t\t<div class=\"elementor-element elementor-element-0414576 elementor-widget elementor-widget-image\" data-id=\"0414576\" data-element_type=\"widget\" data-widget_type=\"image.default\">\n\t\t\t\t<div class=\"elementor-widget-container\">\n\t\t\t\t\t\t\t\t\t\t\t\t\t\t\t<img width=\"1361\" height=\"964\" src=\"https:\/\/www.fiskakallinn.is\/wp-content\/uploads\/2023\/01\/fyrsti-hoplias-1.jpg\" class=\"attachment-full size-full\" alt=\"\" loading=\"lazy\" srcset=\"https:\/\/www.fiskakallinn.is\/wp-content\/uploads\/2023\/01\/fyrsti-hoplias-1.jpg 1361w, https:\/\/www.fiskakallinn.is\/wp-content\/uploads\/2023\/01\/fyrsti-hoplias-1-300x212.jpg 300w, https:\/\/www.fiskakallinn.is\/wp-content\/uploads\/2023\/01\/fyrsti-hoplias-1-1024x725.jpg 1024w, https:\/\/www.fiskakallinn.is\/wp-content\/uploads\/2023\/01\/fyrsti-hoplias-1-768x544.jpg 768w\" sizes=\"(max-width: 1361px) 100vw, 1361px\" \/>\t\t\t\t\t\t\t\t\t\t\t\t\t\t\t<\/div>\n\t\t\t\t<\/div>\n\t\t\t\t\t<\/div>\n\t\t<\/div>\n\t\t\t\t\t\t\t<\/div>\n\t\t<\/section>\n\t\t\t\t<section class=\"elementor-section elementor-top-section elementor-element elementor-element-e202c6c elementor-section-boxed elementor-section-height-default elementor-section-height-default\" data-id=\"e202c6c\" data-element_type=\"section\">\n\t\t\t\t\t\t<div class=\"elementor-container elementor-column-gap-default\">\n\t\t\t\t\t<div class=\"elementor-column elementor-col-100 elementor-top-column elementor-element elementor-element-38fccdb\" data-id=\"38fccdb\" data-element_type=\"column\">\n\t\t\t<div class=\"elementor-widget-wrap elementor-element-populated\">\n\t\t\t\t\t\t\t\t<div class=\"elementor-element elementor-element-c5a22c3 elementor-widget elementor-widget-text-editor\" data-id=\"c5a22c3\" data-element_type=\"widget\" data-widget_type=\"text-editor.default\">\n\t\t\t\t<div class=\"elementor-widget-container\">\n\t\t\t\t\t\t\t<p style=\"text-align: center;\">Virkilega flottur l\u00e6kur sem \u00e9g hef aldrei fari\u00f0 \u00ed aftur sem er l\u00edklega \u00fat af \u00fev\u00ed a\u00f0 vi\u00f0 veiddum engar s\u00edkli\u00f0ur<br \/>sem eru meira eftirs\u00f3ttar \u00ed \u00feessum fer\u00f0um\u00a0<br \/>\u00dea\u00f0 hef\u00f0i veri\u00f0 gaman a\u00f0 ey\u00f0a heilum degi til a\u00f0 sko\u00f0a \u00feennan l\u00e6k en \u00feegar 2500 km eru teknir \u00e1 r\u00famri viku \u00fe\u00e1 er ekki t\u00edmi til a\u00f0 stoppa of lengi \u00e1 litlum st\u00f6\u00f0um\u00a0<\/p>\t\t\t\t\t\t<\/div>\n\t\t\t\t<\/div>\n\t\t\t\t\t<\/div>\n\t\t<\/div>\n\t\t\t\t\t\t\t<\/div>\n\t\t<\/section>\n\t\t\t\t\t\t\t<\/div>\n\t\t","protected":false},"excerpt":{"rendered":"<p>Fyrsti Hoplias Wolffish \u00deessi l\u00e6kur sem var ekki merktur og enginn vissi nafn \u00e1 honum var me\u00f0 l\u00edti\u00f0 rennsli en mikinn gr\u00f3\u00f0urFalleg h\u00e1vaxin planta var \u00ed mi\u00f0jum l\u00e6knum me\u00f0 bl\u00e1um bl\u00f3mumHann var me\u00f0 slatta af tetrum og flottum bl\u00e1 dopp\u00f3ttum Corydoras Vi\u00f0 stoppu\u00f0um stutt \u00fearna \u00ed minni fyrstu fer\u00f0 svo \u00e9g reyndi a\u00f0 vei\u00f0a lengur &hellip;<\/p>\n<p class=\"read-more\"> <a class=\"\" href=\"https:\/\/www.fiskakallinn.is\/?page_id=5503\"> <span class=\"screen-reader-text\">fer\u00f0ir fyrsti Hoplias<\/span> Read More &raquo;<\/a><\/p>\n","protected":false},"author":2,"featured_media":0,"parent":0,"menu_order":0,"comment_status":"closed","ping_status":"closed","template":"","meta":{"sfsi_plus_gutenberg_text_before_share":"","sfsi_plus_gutenberg_show_text_before_share":"","sfsi_plus_gutenberg_icon_type":"","sfsi_plus_gutenberg_icon_alignemt":"","sfsi_plus_gutenburg_max_per_row":"","site-sidebar-layout":"no-sidebar","site-content-layout":"page-builder","ast-main-header-display":"","ast-hfb-above-header-display":"","ast-hfb-below-header-display":"","ast-hfb-mobile-header-display":"","site-post-title":"disabled","ast-breadcrumbs-content":"","ast-featured-img":"disabled","footer-sml-layout":"","theme-transparent-header-meta":"","adv-header-id-meta":"","stick-header-meta":"","header-above-stick-meta":"","header-main-stick-meta":"","header-below-stick-meta":""},"_links":{"self":[{"href":"https:\/\/www.fiskakallinn.is\/index.php?rest_route=\/wp\/v2\/pages\/5503"}],"collection":[{"href":"https:\/\/www.fiskakallinn.is\/index.php?rest_route=\/wp\/v2\/pages"}],"about":[{"href":"https:\/\/www.fiskakallinn.is\/index.php?rest_route=\/wp\/v2\/types\/page"}],"author":[{"embeddable":true,"href":"https:\/\/www.fiskakallinn.is\/index.php?rest_route=\/wp\/v2\/users\/2"}],"replies":[{"embeddable":true,"href":"https:\/\/www.fiskakallinn.is\/index.php?rest_route=%2Fwp%2Fv2%2Fcomments&post=5503"}],"version-history":[{"count":6,"href":"https:\/\/www.fiskakallinn.is\/index.php?rest_route=\/wp\/v2\/pages\/5503\/revisions"}],"predecessor-version":[{"id":5512,"href":"https:\/\/www.fiskakallinn.is\/index.php?rest_route=\/wp\/v2\/pages\/5503\/revisions\/5512"}],"wp:attachment":[{"href":"https:\/\/www.fiskakallinn.is\/index.php?rest_route=%2Fwp%2Fv2%2Fmedia&parent=5503"}],"curies":[{"name":"wp","href":"https:\/\/api.w.org\/{rel}","templated":true}]}}