{"id":5571,"date":"2023-01-18T22:23:45","date_gmt":"2023-01-18T22:23:45","guid":{"rendered":"https:\/\/www.fiskakallinn.is\/?page_id=5571"},"modified":"2023-01-18T22:39:03","modified_gmt":"2023-01-18T22:39:03","slug":"ferdir-kobe-cameroon","status":"publish","type":"page","link":"https:\/\/www.fiskakallinn.is\/?page_id=5571","title":{"rendered":"fer\u00f0ir Kobe cameroon"},"content":{"rendered":"\t\t<div data-elementor-type=\"wp-page\" data-elementor-id=\"5571\" class=\"elementor elementor-5571\">\n\t\t\t\t\t\t\t\t\t<section class=\"elementor-section elementor-top-section elementor-element elementor-element-0737818 elementor-section-boxed elementor-section-height-default elementor-section-height-default\" data-id=\"0737818\" data-element_type=\"section\">\n\t\t\t\t\t\t<div class=\"elementor-container elementor-column-gap-default\">\n\t\t\t\t\t<div class=\"elementor-column elementor-col-100 elementor-top-column elementor-element elementor-element-2aa8d18\" data-id=\"2aa8d18\" data-element_type=\"column\">\n\t\t\t<div class=\"elementor-widget-wrap elementor-element-populated\">\n\t\t\t\t\t\t\t\t<div class=\"elementor-element elementor-element-0f484a5 elementor-widget elementor-widget-text-editor\" data-id=\"0f484a5\" data-element_type=\"widget\" data-widget_type=\"text-editor.default\">\n\t\t\t\t<div class=\"elementor-widget-container\">\n\t\t\t\t\t\t\t<h2 style=\"text-align: center;\"><strong>Kobe Cameroon<\/strong><\/h2>\t\t\t\t\t\t<\/div>\n\t\t\t\t<\/div>\n\t\t\t\t\t<\/div>\n\t\t<\/div>\n\t\t\t\t\t\t\t<\/div>\n\t\t<\/section>\n\t\t\t\t<section class=\"elementor-section elementor-top-section elementor-element elementor-element-739ef66 elementor-section-boxed elementor-section-height-default elementor-section-height-default\" data-id=\"739ef66\" data-element_type=\"section\">\n\t\t\t\t\t\t<div class=\"elementor-container elementor-column-gap-default\">\n\t\t\t\t\t<div class=\"elementor-column elementor-col-100 elementor-top-column elementor-element elementor-element-83c73bf\" data-id=\"83c73bf\" data-element_type=\"column\">\n\t\t\t<div class=\"elementor-widget-wrap elementor-element-populated\">\n\t\t\t\t\t\t\t\t<div class=\"elementor-element elementor-element-7a34985 elementor-widget elementor-widget-image\" data-id=\"7a34985\" data-element_type=\"widget\" data-widget_type=\"image.default\">\n\t\t\t\t<div class=\"elementor-widget-container\">\n\t\t\t\t\t\t\t\t\t\t\t\t\t\t\t<img width=\"1361\" height=\"964\" src=\"https:\/\/www.fiskakallinn.is\/wp-content\/uploads\/2023\/01\/kobe-1.jpg\" class=\"attachment-full size-full\" alt=\"\" loading=\"lazy\" srcset=\"https:\/\/www.fiskakallinn.is\/wp-content\/uploads\/2023\/01\/kobe-1.jpg 1361w, https:\/\/www.fiskakallinn.is\/wp-content\/uploads\/2023\/01\/kobe-1-300x212.jpg 300w, https:\/\/www.fiskakallinn.is\/wp-content\/uploads\/2023\/01\/kobe-1-1024x725.jpg 1024w, https:\/\/www.fiskakallinn.is\/wp-content\/uploads\/2023\/01\/kobe-1-768x544.jpg 768w\" sizes=\"(max-width: 1361px) 100vw, 1361px\" \/>\t\t\t\t\t\t\t\t\t\t\t\t\t\t\t<\/div>\n\t\t\t\t<\/div>\n\t\t\t\t\t<\/div>\n\t\t<\/div>\n\t\t\t\t\t\t\t<\/div>\n\t\t<\/section>\n\t\t\t\t<section class=\"elementor-section elementor-top-section elementor-element elementor-element-edc9f63 elementor-section-boxed elementor-section-height-default elementor-section-height-default\" data-id=\"edc9f63\" data-element_type=\"section\">\n\t\t\t\t\t\t<div class=\"elementor-container elementor-column-gap-default\">\n\t\t\t\t\t<div class=\"elementor-column elementor-col-100 elementor-top-column elementor-element elementor-element-5830c06\" data-id=\"5830c06\" data-element_type=\"column\">\n\t\t\t<div class=\"elementor-widget-wrap elementor-element-populated\">\n\t\t\t\t\t\t\t\t<div class=\"elementor-element elementor-element-612fa2d elementor-widget elementor-widget-text-editor\" data-id=\"612fa2d\" data-element_type=\"widget\" data-widget_type=\"text-editor.default\">\n\t\t\t\t<div class=\"elementor-widget-container\">\n\t\t\t\t\t\t\t<p style=\"text-align: center;\">kobe reyndist flottur l\u00e6kur umvafinn gr\u00f3\u00f0ri og mismunandi a\u00f0st\u00e6\u00f0ur \u00ed vatninu, sm\u00e1 fl\u00fa\u00f0ir sem auka s\u00farefni og sumar tegundir halda sig \u00fear\u00a0<\/p>\t\t\t\t\t\t<\/div>\n\t\t\t\t<\/div>\n\t\t\t\t\t<\/div>\n\t\t<\/div>\n\t\t\t\t\t\t\t<\/div>\n\t\t<\/section>\n\t\t\t\t<section class=\"elementor-section elementor-top-section elementor-element elementor-element-f2a387e elementor-section-boxed elementor-section-height-default elementor-section-height-default\" data-id=\"f2a387e\" data-element_type=\"section\">\n\t\t\t\t\t\t<div class=\"elementor-container elementor-column-gap-default\">\n\t\t\t\t\t<div class=\"elementor-column elementor-col-100 elementor-top-column elementor-element elementor-element-317e461\" data-id=\"317e461\" data-element_type=\"column\">\n\t\t\t<div class=\"elementor-widget-wrap elementor-element-populated\">\n\t\t\t\t\t\t\t\t<div class=\"elementor-element elementor-element-7d6ff2a elementor-widget elementor-widget-image\" data-id=\"7d6ff2a\" data-element_type=\"widget\" data-widget_type=\"image.default\">\n\t\t\t\t<div class=\"elementor-widget-container\">\n\t\t\t\t\t\t\t\t\t\t\t\t\t\t\t<img width=\"1361\" height=\"964\" src=\"https:\/\/www.fiskakallinn.is\/wp-content\/uploads\/2023\/01\/kobe-a.png\" class=\"attachment-full size-full\" alt=\"\" loading=\"lazy\" srcset=\"https:\/\/www.fiskakallinn.is\/wp-content\/uploads\/2023\/01\/kobe-a.png 1361w, https:\/\/www.fiskakallinn.is\/wp-content\/uploads\/2023\/01\/kobe-a-300x212.png 300w, https:\/\/www.fiskakallinn.is\/wp-content\/uploads\/2023\/01\/kobe-a-1024x725.png 1024w, https:\/\/www.fiskakallinn.is\/wp-content\/uploads\/2023\/01\/kobe-a-768x544.png 768w\" sizes=\"(max-width: 1361px) 100vw, 1361px\" \/>\t\t\t\t\t\t\t\t\t\t\t\t\t\t\t<\/div>\n\t\t\t\t<\/div>\n\t\t\t\t\t<\/div>\n\t\t<\/div>\n\t\t\t\t\t\t\t<\/div>\n\t\t<\/section>\n\t\t\t\t<section class=\"elementor-section elementor-top-section elementor-element elementor-element-7bd6d57 elementor-section-boxed elementor-section-height-default elementor-section-height-default\" data-id=\"7bd6d57\" data-element_type=\"section\">\n\t\t\t\t\t\t<div class=\"elementor-container elementor-column-gap-default\">\n\t\t\t\t\t<div class=\"elementor-column elementor-col-100 elementor-top-column elementor-element elementor-element-0e66b48\" data-id=\"0e66b48\" data-element_type=\"column\">\n\t\t\t<div class=\"elementor-widget-wrap elementor-element-populated\">\n\t\t\t\t\t\t\t\t<div class=\"elementor-element elementor-element-bf69fb2 elementor-widget elementor-widget-text-editor\" data-id=\"bf69fb2\" data-element_type=\"widget\" data-widget_type=\"text-editor.default\">\n\t\t\t\t<div class=\"elementor-widget-container\">\n\t\t\t\t\t\t\t<p style=\"text-align: center;\">Stilla \u00fear sem Crinium pl\u00f6ntur voru bl\u00f3mstrandi hv\u00edtum bl\u00f3mum<br \/>Innfelda myndin er af \u00feremur \u00e6ttli\u00f0um og s\u00e1 lengst til vinstri var h\u00f6f\u00f0ingi \u00feorpsins \u00ed n\u00e1grenninu og \u00fev\u00ed s\u00e1 sem gaf okkur leifi til a\u00f0 vei\u00f0a \u00ed \u00e1nni\u00a0<\/p>\t\t\t\t\t\t<\/div>\n\t\t\t\t<\/div>\n\t\t\t\t\t<\/div>\n\t\t<\/div>\n\t\t\t\t\t\t\t<\/div>\n\t\t<\/section>\n\t\t\t\t<section class=\"elementor-section elementor-top-section elementor-element elementor-element-0dd5b2f elementor-section-boxed elementor-section-height-default elementor-section-height-default\" data-id=\"0dd5b2f\" data-element_type=\"section\">\n\t\t\t\t\t\t<div class=\"elementor-container elementor-column-gap-default\">\n\t\t\t\t\t<div class=\"elementor-column elementor-col-100 elementor-top-column elementor-element elementor-element-34cdb26\" data-id=\"34cdb26\" data-element_type=\"column\">\n\t\t\t<div class=\"elementor-widget-wrap elementor-element-populated\">\n\t\t\t\t\t\t\t\t<div class=\"elementor-element elementor-element-a14fb8c elementor-widget elementor-widget-image\" data-id=\"a14fb8c\" data-element_type=\"widget\" data-widget_type=\"image.default\">\n\t\t\t\t<div class=\"elementor-widget-container\">\n\t\t\t\t\t\t\t\t\t\t\t\t\t\t\t<img width=\"1361\" height=\"964\" src=\"https:\/\/www.fiskakallinn.is\/wp-content\/uploads\/2023\/01\/kobe-3.jpg\" class=\"attachment-full size-full\" alt=\"\" loading=\"lazy\" srcset=\"https:\/\/www.fiskakallinn.is\/wp-content\/uploads\/2023\/01\/kobe-3.jpg 1361w, https:\/\/www.fiskakallinn.is\/wp-content\/uploads\/2023\/01\/kobe-3-300x212.jpg 300w, https:\/\/www.fiskakallinn.is\/wp-content\/uploads\/2023\/01\/kobe-3-1024x725.jpg 1024w, https:\/\/www.fiskakallinn.is\/wp-content\/uploads\/2023\/01\/kobe-3-768x544.jpg 768w\" sizes=\"(max-width: 1361px) 100vw, 1361px\" \/>\t\t\t\t\t\t\t\t\t\t\t\t\t\t\t<\/div>\n\t\t\t\t<\/div>\n\t\t\t\t\t<\/div>\n\t\t<\/div>\n\t\t\t\t\t\t\t<\/div>\n\t\t<\/section>\n\t\t\t\t<section class=\"elementor-section elementor-top-section elementor-element elementor-element-feddf18 elementor-section-boxed elementor-section-height-default elementor-section-height-default\" data-id=\"feddf18\" data-element_type=\"section\">\n\t\t\t\t\t\t<div class=\"elementor-container elementor-column-gap-default\">\n\t\t\t\t\t<div class=\"elementor-column elementor-col-100 elementor-top-column elementor-element elementor-element-4d3b350\" data-id=\"4d3b350\" data-element_type=\"column\">\n\t\t\t<div class=\"elementor-widget-wrap elementor-element-populated\">\n\t\t\t\t\t\t\t\t<div class=\"elementor-element elementor-element-ddfc67d elementor-widget elementor-widget-text-editor\" data-id=\"ddfc67d\" data-element_type=\"widget\" data-widget_type=\"text-editor.default\">\n\t\t\t\t<div class=\"elementor-widget-container\">\n\t\t\t\t\t\t\t<p style=\"text-align: center;\">Ngando a\u00f0 koma inn me\u00f0 neti\u00f0 sem var nota\u00f0 \u00fear sem erfitt var a\u00f0 nota h\u00e1fa\u00a0<\/p>\t\t\t\t\t\t<\/div>\n\t\t\t\t<\/div>\n\t\t\t\t\t<\/div>\n\t\t<\/div>\n\t\t\t\t\t\t\t<\/div>\n\t\t<\/section>\n\t\t\t\t<section class=\"elementor-section elementor-top-section elementor-element elementor-element-4c5f5df elementor-section-boxed elementor-section-height-default elementor-section-height-default\" data-id=\"4c5f5df\" data-element_type=\"section\">\n\t\t\t\t\t\t<div class=\"elementor-container elementor-column-gap-default\">\n\t\t\t\t\t<div class=\"elementor-column elementor-col-100 elementor-top-column elementor-element elementor-element-554e04a\" data-id=\"554e04a\" data-element_type=\"column\">\n\t\t\t<div class=\"elementor-widget-wrap elementor-element-populated\">\n\t\t\t\t\t\t\t\t<div class=\"elementor-element elementor-element-77b600f elementor-widget elementor-widget-image\" data-id=\"77b600f\" data-element_type=\"widget\" data-widget_type=\"image.default\">\n\t\t\t\t<div class=\"elementor-widget-container\">\n\t\t\t\t\t\t\t\t\t\t\t\t\t\t\t<img width=\"1361\" height=\"964\" src=\"https:\/\/www.fiskakallinn.is\/wp-content\/uploads\/2023\/01\/kobe-5.jpg\" class=\"attachment-full size-full\" alt=\"\" loading=\"lazy\" srcset=\"https:\/\/www.fiskakallinn.is\/wp-content\/uploads\/2023\/01\/kobe-5.jpg 1361w, https:\/\/www.fiskakallinn.is\/wp-content\/uploads\/2023\/01\/kobe-5-300x212.jpg 300w, https:\/\/www.fiskakallinn.is\/wp-content\/uploads\/2023\/01\/kobe-5-1024x725.jpg 1024w, https:\/\/www.fiskakallinn.is\/wp-content\/uploads\/2023\/01\/kobe-5-768x544.jpg 768w\" sizes=\"(max-width: 1361px) 100vw, 1361px\" \/>\t\t\t\t\t\t\t\t\t\t\t\t\t\t\t<\/div>\n\t\t\t\t<\/div>\n\t\t\t\t\t<\/div>\n\t\t<\/div>\n\t\t\t\t\t\t\t<\/div>\n\t\t<\/section>\n\t\t\t\t<section class=\"elementor-section elementor-top-section elementor-element elementor-element-de42cb8 elementor-section-boxed elementor-section-height-default elementor-section-height-default\" data-id=\"de42cb8\" data-element_type=\"section\">\n\t\t\t\t\t\t<div class=\"elementor-container elementor-column-gap-default\">\n\t\t\t\t\t<div class=\"elementor-column elementor-col-100 elementor-top-column elementor-element elementor-element-c2a3849\" data-id=\"c2a3849\" data-element_type=\"column\">\n\t\t\t<div class=\"elementor-widget-wrap elementor-element-populated\">\n\t\t\t\t\t\t\t\t<div class=\"elementor-element elementor-element-8240979 elementor-widget elementor-widget-text-editor\" data-id=\"8240979\" data-element_type=\"widget\" data-widget_type=\"text-editor.default\">\n\t\t\t\t<div class=\"elementor-widget-container\">\n\t\t\t\t\t\t\t<p style=\"text-align: center;\">Benitochromis s\u00edkli\u00f0ur og fallega bl\u00e1ir kill\u00ed fiskar Procatopus similis \u00e1samt laufum og \u00f6\u00f0ru sem var \u00e1 botninum\u00a0<\/p>\t\t\t\t\t\t<\/div>\n\t\t\t\t<\/div>\n\t\t\t\t\t<\/div>\n\t\t<\/div>\n\t\t\t\t\t\t\t<\/div>\n\t\t<\/section>\n\t\t\t\t<section class=\"elementor-section elementor-top-section elementor-element elementor-element-650176f elementor-section-boxed elementor-section-height-default elementor-section-height-default\" data-id=\"650176f\" data-element_type=\"section\">\n\t\t\t\t\t\t<div class=\"elementor-container elementor-column-gap-default\">\n\t\t\t\t\t<div class=\"elementor-column elementor-col-100 elementor-top-column elementor-element elementor-element-d8221cf\" data-id=\"d8221cf\" data-element_type=\"column\">\n\t\t\t<div class=\"elementor-widget-wrap elementor-element-populated\">\n\t\t\t\t\t\t\t\t<div class=\"elementor-element elementor-element-ba9964e elementor-widget elementor-widget-image\" data-id=\"ba9964e\" data-element_type=\"widget\" data-widget_type=\"image.default\">\n\t\t\t\t<div class=\"elementor-widget-container\">\n\t\t\t\t\t\t\t\t\t\t\t\t\t\t\t<img width=\"1361\" height=\"964\" src=\"https:\/\/www.fiskakallinn.is\/wp-content\/uploads\/2023\/01\/kobe-9.jpg\" class=\"attachment-full size-full\" alt=\"\" loading=\"lazy\" srcset=\"https:\/\/www.fiskakallinn.is\/wp-content\/uploads\/2023\/01\/kobe-9.jpg 1361w, https:\/\/www.fiskakallinn.is\/wp-content\/uploads\/2023\/01\/kobe-9-300x212.jpg 300w, https:\/\/www.fiskakallinn.is\/wp-content\/uploads\/2023\/01\/kobe-9-1024x725.jpg 1024w, https:\/\/www.fiskakallinn.is\/wp-content\/uploads\/2023\/01\/kobe-9-768x544.jpg 768w\" sizes=\"(max-width: 1361px) 100vw, 1361px\" \/>\t\t\t\t\t\t\t\t\t\t\t\t\t\t\t<\/div>\n\t\t\t\t<\/div>\n\t\t\t\t\t<\/div>\n\t\t<\/div>\n\t\t\t\t\t\t\t<\/div>\n\t\t<\/section>\n\t\t\t\t<section class=\"elementor-section elementor-top-section elementor-element elementor-element-4ee85e5 elementor-section-boxed elementor-section-height-default elementor-section-height-default\" data-id=\"4ee85e5\" data-element_type=\"section\">\n\t\t\t\t\t\t<div class=\"elementor-container elementor-column-gap-default\">\n\t\t\t\t\t<div class=\"elementor-column elementor-col-100 elementor-top-column elementor-element elementor-element-3c93c40\" data-id=\"3c93c40\" data-element_type=\"column\">\n\t\t\t<div class=\"elementor-widget-wrap elementor-element-populated\">\n\t\t\t\t\t\t\t\t<div class=\"elementor-element elementor-element-479ed4c elementor-widget elementor-widget-text-editor\" data-id=\"479ed4c\" data-element_type=\"widget\" data-widget_type=\"text-editor.default\">\n\t\t\t\t<div class=\"elementor-widget-container\">\n\t\t\t\t\t\t\t<p style=\"text-align: center;\">Str\u00e1kurinn var forvitinn um fiskana enda sjaldan sem menn koma til a\u00f0 n\u00e1 \u00ed sm\u00e1fisk \u00ed \u00e1nna \u00feeirra<br \/>\u00deessir Benitochromis finleyi f\u00f3ru me\u00f0 yfir til Evr\u00f3pu \u00ed lok fer\u00f0arinnar\u00a0<\/p>\t\t\t\t\t\t<\/div>\n\t\t\t\t<\/div>\n\t\t\t\t\t<\/div>\n\t\t<\/div>\n\t\t\t\t\t\t\t<\/div>\n\t\t<\/section>\n\t\t\t\t<section class=\"elementor-section elementor-top-section elementor-element elementor-element-9049edc elementor-section-boxed elementor-section-height-default elementor-section-height-default\" data-id=\"9049edc\" data-element_type=\"section\">\n\t\t\t\t\t\t<div class=\"elementor-container elementor-column-gap-default\">\n\t\t\t\t\t<div class=\"elementor-column elementor-col-100 elementor-top-column elementor-element elementor-element-95e0847\" data-id=\"95e0847\" data-element_type=\"column\">\n\t\t\t<div class=\"elementor-widget-wrap elementor-element-populated\">\n\t\t\t\t\t\t\t\t<div class=\"elementor-element elementor-element-4b16bde elementor-widget elementor-widget-image\" data-id=\"4b16bde\" data-element_type=\"widget\" data-widget_type=\"image.default\">\n\t\t\t\t<div class=\"elementor-widget-container\">\n\t\t\t\t\t\t\t\t\t\t\t\t\t\t\t<img width=\"1361\" height=\"964\" src=\"https:\/\/www.fiskakallinn.is\/wp-content\/uploads\/2023\/01\/kobe-10.jpg\" class=\"attachment-full size-full\" alt=\"\" loading=\"lazy\" srcset=\"https:\/\/www.fiskakallinn.is\/wp-content\/uploads\/2023\/01\/kobe-10.jpg 1361w, https:\/\/www.fiskakallinn.is\/wp-content\/uploads\/2023\/01\/kobe-10-300x212.jpg 300w, https:\/\/www.fiskakallinn.is\/wp-content\/uploads\/2023\/01\/kobe-10-1024x725.jpg 1024w, https:\/\/www.fiskakallinn.is\/wp-content\/uploads\/2023\/01\/kobe-10-768x544.jpg 768w\" sizes=\"(max-width: 1361px) 100vw, 1361px\" \/>\t\t\t\t\t\t\t\t\t\t\t\t\t\t\t<\/div>\n\t\t\t\t<\/div>\n\t\t\t\t\t<\/div>\n\t\t<\/div>\n\t\t\t\t\t\t\t<\/div>\n\t\t<\/section>\n\t\t\t\t<section class=\"elementor-section elementor-top-section elementor-element elementor-element-b721df6 elementor-section-boxed elementor-section-height-default elementor-section-height-default\" data-id=\"b721df6\" data-element_type=\"section\">\n\t\t\t\t\t\t<div class=\"elementor-container elementor-column-gap-default\">\n\t\t\t\t\t<div class=\"elementor-column elementor-col-100 elementor-top-column elementor-element elementor-element-532d28e\" data-id=\"532d28e\" data-element_type=\"column\">\n\t\t\t<div class=\"elementor-widget-wrap elementor-element-populated\">\n\t\t\t\t\t\t\t\t<div class=\"elementor-element elementor-element-21ec9d9 elementor-widget elementor-widget-text-editor\" data-id=\"21ec9d9\" data-element_type=\"widget\" data-widget_type=\"text-editor.default\">\n\t\t\t\t<div class=\"elementor-widget-container\">\n\t\t\t\t\t\t\t<p style=\"text-align: center;\">Benitochromis finleyi er me\u00f0 flottan bl\u00e1an flekk \u00e1 s\u00ed\u00f0unni sem glitra\u00f0i mj\u00f6g \u00ed s\u00f3linni\u00a0<\/p>\t\t\t\t\t\t<\/div>\n\t\t\t\t<\/div>\n\t\t\t\t\t<\/div>\n\t\t<\/div>\n\t\t\t\t\t\t\t<\/div>\n\t\t<\/section>\n\t\t\t\t<section class=\"elementor-section elementor-top-section elementor-element elementor-element-659ad30 elementor-section-boxed elementor-section-height-default elementor-section-height-default\" data-id=\"659ad30\" data-element_type=\"section\">\n\t\t\t\t\t\t<div class=\"elementor-container elementor-column-gap-default\">\n\t\t\t\t\t<div class=\"elementor-column elementor-col-100 elementor-top-column elementor-element elementor-element-0cbb267\" data-id=\"0cbb267\" data-element_type=\"column\">\n\t\t\t<div class=\"elementor-widget-wrap elementor-element-populated\">\n\t\t\t\t\t\t\t\t<div class=\"elementor-element elementor-element-604ae89 elementor-widget elementor-widget-image\" data-id=\"604ae89\" data-element_type=\"widget\" data-widget_type=\"image.default\">\n\t\t\t\t<div class=\"elementor-widget-container\">\n\t\t\t\t\t\t\t\t\t\t\t\t\t\t\t<img width=\"1361\" height=\"964\" src=\"https:\/\/www.fiskakallinn.is\/wp-content\/uploads\/2023\/01\/kobe-aa.png\" class=\"attachment-full size-full\" alt=\"\" loading=\"lazy\" srcset=\"https:\/\/www.fiskakallinn.is\/wp-content\/uploads\/2023\/01\/kobe-aa.png 1361w, https:\/\/www.fiskakallinn.is\/wp-content\/uploads\/2023\/01\/kobe-aa-300x212.png 300w, https:\/\/www.fiskakallinn.is\/wp-content\/uploads\/2023\/01\/kobe-aa-1024x725.png 1024w, https:\/\/www.fiskakallinn.is\/wp-content\/uploads\/2023\/01\/kobe-aa-768x544.png 768w\" sizes=\"(max-width: 1361px) 100vw, 1361px\" \/>\t\t\t\t\t\t\t\t\t\t\t\t\t\t\t<\/div>\n\t\t\t\t<\/div>\n\t\t\t\t\t<\/div>\n\t\t<\/div>\n\t\t\t\t\t\t\t<\/div>\n\t\t<\/section>\n\t\t\t\t<section class=\"elementor-section elementor-top-section elementor-element elementor-element-43f54c5 elementor-section-boxed elementor-section-height-default elementor-section-height-default\" data-id=\"43f54c5\" data-element_type=\"section\">\n\t\t\t\t\t\t<div class=\"elementor-container elementor-column-gap-default\">\n\t\t\t\t\t<div class=\"elementor-column elementor-col-100 elementor-top-column elementor-element elementor-element-3fd40ae\" data-id=\"3fd40ae\" data-element_type=\"column\">\n\t\t\t<div class=\"elementor-widget-wrap elementor-element-populated\">\n\t\t\t\t\t\t\t\t<div class=\"elementor-element elementor-element-4001e25 elementor-widget elementor-widget-text-editor\" data-id=\"4001e25\" data-element_type=\"widget\" data-widget_type=\"text-editor.default\">\n\t\t\t\t<div class=\"elementor-widget-container\">\n\t\t\t\t\t\t\t<p style=\"text-align: center;\">Ein enn mynd af umhverfinu, grj\u00f3t og gr\u00f3\u00f0ur svo f\u00ednt fyrir fiska til a\u00f0 fela sig.\u00a0<br \/>\u00c1 innfeldu myndinni er str\u00e1kurinn \u00far \u00feorpinu b\u00fainn a\u00f0 n\u00e1 krabba til a\u00f0 s\u00fdna okkur, og taldi einhver a\u00f0 um Sesarma tegund v\u00e6ri um a\u00f0 r\u00e6\u00f0a \u00a0<\/p>\t\t\t\t\t\t<\/div>\n\t\t\t\t<\/div>\n\t\t\t\t\t<\/div>\n\t\t<\/div>\n\t\t\t\t\t\t\t<\/div>\n\t\t<\/section>\n\t\t\t\t<section class=\"elementor-section elementor-top-section elementor-element elementor-element-9e46d9c elementor-section-boxed elementor-section-height-default elementor-section-height-default\" data-id=\"9e46d9c\" data-element_type=\"section\">\n\t\t\t\t\t\t<div class=\"elementor-container elementor-column-gap-default\">\n\t\t\t\t\t<div class=\"elementor-column elementor-col-100 elementor-top-column elementor-element elementor-element-b11a4c2\" data-id=\"b11a4c2\" data-element_type=\"column\">\n\t\t\t<div class=\"elementor-widget-wrap elementor-element-populated\">\n\t\t\t\t\t\t\t\t<div class=\"elementor-element elementor-element-321a09a elementor-widget elementor-widget-image\" data-id=\"321a09a\" data-element_type=\"widget\" data-widget_type=\"image.default\">\n\t\t\t\t<div class=\"elementor-widget-container\">\n\t\t\t\t\t\t\t\t\t\t\t\t\t\t\t<img width=\"1361\" height=\"964\" src=\"https:\/\/www.fiskakallinn.is\/wp-content\/uploads\/2023\/01\/kobe-11.jpg\" class=\"attachment-full size-full\" alt=\"\" loading=\"lazy\" srcset=\"https:\/\/www.fiskakallinn.is\/wp-content\/uploads\/2023\/01\/kobe-11.jpg 1361w, https:\/\/www.fiskakallinn.is\/wp-content\/uploads\/2023\/01\/kobe-11-300x212.jpg 300w, https:\/\/www.fiskakallinn.is\/wp-content\/uploads\/2023\/01\/kobe-11-1024x725.jpg 1024w, https:\/\/www.fiskakallinn.is\/wp-content\/uploads\/2023\/01\/kobe-11-768x544.jpg 768w\" sizes=\"(max-width: 1361px) 100vw, 1361px\" \/>\t\t\t\t\t\t\t\t\t\t\t\t\t\t\t<\/div>\n\t\t\t\t<\/div>\n\t\t\t\t\t<\/div>\n\t\t<\/div>\n\t\t\t\t\t\t\t<\/div>\n\t\t<\/section>\n\t\t\t\t<section class=\"elementor-section elementor-top-section elementor-element elementor-element-671e7c9 elementor-section-boxed elementor-section-height-default elementor-section-height-default\" data-id=\"671e7c9\" data-element_type=\"section\">\n\t\t\t\t\t\t<div class=\"elementor-container elementor-column-gap-default\">\n\t\t\t\t\t<div class=\"elementor-column elementor-col-100 elementor-top-column elementor-element elementor-element-0b454fb\" data-id=\"0b454fb\" data-element_type=\"column\">\n\t\t\t<div class=\"elementor-widget-wrap elementor-element-populated\">\n\t\t\t\t\t\t\t\t<div class=\"elementor-element elementor-element-69aa1d8 elementor-widget elementor-widget-text-editor\" data-id=\"69aa1d8\" data-element_type=\"widget\" data-widget_type=\"text-editor.default\">\n\t\t\t\t<div class=\"elementor-widget-container\">\n\t\t\t\t\t\t\t<p style=\"text-align: center;\">Nokkrir af h\u00f3pnum sem var a\u00f0 vei\u00f0a, vi\u00f0 f\u00f3rum 9 saman og vorum fr\u00e1 6 l\u00f6ndum svo mj\u00f6g al\u00fej\u00f3\u00f0leg fer\u00f0 <br \/>\u00c9g hef aldrei \u00e1\u00f0ur fari\u00f0 me\u00f0 svona m\u00f6rgum \u00ed vei\u00f0ifer\u00f0 og veit ekki hvort \u00e9g myndi gera \u00fea\u00f0 aftur\u00a0<br \/>Vanalega erum vi\u00f0 3-4 sem er \u00fe\u00e6gilegur h\u00f3pur\u00a0<\/p>\t\t\t\t\t\t<\/div>\n\t\t\t\t<\/div>\n\t\t\t\t\t<\/div>\n\t\t<\/div>\n\t\t\t\t\t\t\t<\/div>\n\t\t<\/section>\n\t\t\t\t\t\t\t<\/div>\n\t\t","protected":false},"excerpt":{"rendered":"<p>Kobe Cameroon kobe reyndist flottur l\u00e6kur umvafinn gr\u00f3\u00f0ri og mismunandi a\u00f0st\u00e6\u00f0ur \u00ed vatninu, sm\u00e1 fl\u00fa\u00f0ir sem auka s\u00farefni og sumar tegundir halda sig \u00fear\u00a0 Stilla \u00fear sem Crinium pl\u00f6ntur voru bl\u00f3mstrandi hv\u00edtum bl\u00f3mumInnfelda myndin er af \u00feremur \u00e6ttli\u00f0um og s\u00e1 lengst til vinstri var h\u00f6f\u00f0ingi \u00feorpsins \u00ed n\u00e1grenninu og \u00fev\u00ed s\u00e1 sem gaf okkur leifi &hellip;<\/p>\n<p class=\"read-more\"> <a class=\"\" href=\"https:\/\/www.fiskakallinn.is\/?page_id=5571\"> <span class=\"screen-reader-text\">fer\u00f0ir Kobe cameroon<\/span> Read More &raquo;<\/a><\/p>\n","protected":false},"author":2,"featured_media":0,"parent":0,"menu_order":0,"comment_status":"closed","ping_status":"closed","template":"","meta":{"sfsi_plus_gutenberg_text_before_share":"","sfsi_plus_gutenberg_show_text_before_share":"","sfsi_plus_gutenberg_icon_type":"","sfsi_plus_gutenberg_icon_alignemt":"","sfsi_plus_gutenburg_max_per_row":"","site-sidebar-layout":"no-sidebar","site-content-layout":"page-builder","ast-main-header-display":"","ast-hfb-above-header-display":"","ast-hfb-below-header-display":"","ast-hfb-mobile-header-display":"","site-post-title":"disabled","ast-breadcrumbs-content":"","ast-featured-img":"disabled","footer-sml-layout":"","theme-transparent-header-meta":"","adv-header-id-meta":"","stick-header-meta":"","header-above-stick-meta":"","header-main-stick-meta":"","header-below-stick-meta":""},"_links":{"self":[{"href":"https:\/\/www.fiskakallinn.is\/index.php?rest_route=\/wp\/v2\/pages\/5571"}],"collection":[{"href":"https:\/\/www.fiskakallinn.is\/index.php?rest_route=\/wp\/v2\/pages"}],"about":[{"href":"https:\/\/www.fiskakallinn.is\/index.php?rest_route=\/wp\/v2\/types\/page"}],"author":[{"embeddable":true,"href":"https:\/\/www.fiskakallinn.is\/index.php?rest_route=\/wp\/v2\/users\/2"}],"replies":[{"embeddable":true,"href":"https:\/\/www.fiskakallinn.is\/index.php?rest_route=%2Fwp%2Fv2%2Fcomments&post=5571"}],"version-history":[{"count":3,"href":"https:\/\/www.fiskakallinn.is\/index.php?rest_route=\/wp\/v2\/pages\/5571\/revisions"}],"predecessor-version":[{"id":5588,"href":"https:\/\/www.fiskakallinn.is\/index.php?rest_route=\/wp\/v2\/pages\/5571\/revisions\/5588"}],"wp:attachment":[{"href":"https:\/\/www.fiskakallinn.is\/index.php?rest_route=%2Fwp%2Fv2%2Fmedia&parent=5571"}],"curies":[{"name":"wp","href":"https:\/\/api.w.org\/{rel}","templated":true}]}}