{"id":5604,"date":"2023-01-22T22:31:12","date_gmt":"2023-01-22T22:31:12","guid":{"rendered":"https:\/\/www.fiskakallinn.is\/?page_id=5604"},"modified":"2023-01-22T22:34:22","modified_gmt":"2023-01-22T22:34:22","slug":"pseudotropheus-elongatus-chailosi","status":"publish","type":"page","link":"https:\/\/www.fiskakallinn.is\/?page_id=5604","title":{"rendered":"Pseudotropheus elongatus chailosi"},"content":{"rendered":"\t\t<div data-elementor-type=\"wp-page\" data-elementor-id=\"5604\" class=\"elementor elementor-5604\">\n\t\t\t\t\t\t\t\t\t<section class=\"elementor-section elementor-top-section elementor-element elementor-element-0e987ee elementor-section-boxed elementor-section-height-default elementor-section-height-default\" data-id=\"0e987ee\" data-element_type=\"section\">\n\t\t\t\t\t\t<div class=\"elementor-container elementor-column-gap-default\">\n\t\t\t\t\t<div class=\"elementor-column elementor-col-100 elementor-top-column elementor-element elementor-element-42a5ef6\" data-id=\"42a5ef6\" data-element_type=\"column\">\n\t\t\t<div class=\"elementor-widget-wrap elementor-element-populated\">\n\t\t\t\t\t\t\t\t<div class=\"elementor-element elementor-element-2eb3da1 elementor-widget elementor-widget-text-editor\" data-id=\"2eb3da1\" data-element_type=\"widget\" data-widget_type=\"text-editor.default\">\n\t\t\t\t<div class=\"elementor-widget-container\">\n\t\t\t\t\t\t\t<h2 style=\"text-align: center;\"><strong>Pseudotropheus elongatus chailosi<\/strong><\/h2>\t\t\t\t\t\t<\/div>\n\t\t\t\t<\/div>\n\t\t\t\t\t<\/div>\n\t\t<\/div>\n\t\t\t\t\t\t\t<\/div>\n\t\t<\/section>\n\t\t\t\t<section class=\"elementor-section elementor-top-section elementor-element elementor-element-351e4ef elementor-section-boxed elementor-section-height-default elementor-section-height-default\" data-id=\"351e4ef\" data-element_type=\"section\">\n\t\t\t\t\t\t<div class=\"elementor-container elementor-column-gap-default\">\n\t\t\t\t\t<div class=\"elementor-column elementor-col-100 elementor-top-column elementor-element elementor-element-002b34e\" data-id=\"002b34e\" data-element_type=\"column\">\n\t\t\t<div class=\"elementor-widget-wrap elementor-element-populated\">\n\t\t\t\t\t\t\t\t<div class=\"elementor-element elementor-element-6cb1e0f elementor-widget elementor-widget-image\" data-id=\"6cb1e0f\" data-element_type=\"widget\" data-widget_type=\"image.default\">\n\t\t\t\t<div class=\"elementor-widget-container\">\n\t\t\t\t\t\t\t\t\t\t\t\t\t\t\t<img width=\"1280\" height=\"960\" src=\"https:\/\/www.fiskakallinn.is\/wp-content\/uploads\/2023\/01\/Pseudotropheus-elongatus-chailosi-2.jpg\" class=\"attachment-full size-full\" alt=\"\" loading=\"lazy\" srcset=\"https:\/\/www.fiskakallinn.is\/wp-content\/uploads\/2023\/01\/Pseudotropheus-elongatus-chailosi-2.jpg 1280w, https:\/\/www.fiskakallinn.is\/wp-content\/uploads\/2023\/01\/Pseudotropheus-elongatus-chailosi-2-300x225.jpg 300w, https:\/\/www.fiskakallinn.is\/wp-content\/uploads\/2023\/01\/Pseudotropheus-elongatus-chailosi-2-1024x768.jpg 1024w, https:\/\/www.fiskakallinn.is\/wp-content\/uploads\/2023\/01\/Pseudotropheus-elongatus-chailosi-2-768x576.jpg 768w\" sizes=\"(max-width: 1280px) 100vw, 1280px\" \/>\t\t\t\t\t\t\t\t\t\t\t\t\t\t\t<\/div>\n\t\t\t\t<\/div>\n\t\t\t\t\t<\/div>\n\t\t<\/div>\n\t\t\t\t\t\t\t<\/div>\n\t\t<\/section>\n\t\t\t\t<section class=\"elementor-section elementor-top-section elementor-element elementor-element-2e27703 elementor-section-boxed elementor-section-height-default elementor-section-height-default\" data-id=\"2e27703\" data-element_type=\"section\">\n\t\t\t\t\t\t<div class=\"elementor-container elementor-column-gap-default\">\n\t\t\t\t\t<div class=\"elementor-column elementor-col-100 elementor-top-column elementor-element elementor-element-5ec776e\" data-id=\"5ec776e\" data-element_type=\"column\">\n\t\t\t<div class=\"elementor-widget-wrap elementor-element-populated\">\n\t\t\t\t\t\t\t\t<div class=\"elementor-element elementor-element-39c63ea elementor-widget elementor-widget-text-editor\" data-id=\"39c63ea\" data-element_type=\"widget\" data-widget_type=\"text-editor.default\">\n\t\t\t\t<div class=\"elementor-widget-container\">\n\t\t\t\t\t\t\t<p style=\"text-align: center;\">Pseudotropheus elongatus fr\u00e1 chailosi, en \u00fdmis litarafbrig\u00f0i eru til af elongatus og \u00feau a\u00f0greind me\u00f0 nafni \u00e1 \u00feeim sta\u00f0 sem \u00feau vei\u00f0ast \u00ed Malawi vatni<\/p>\t\t\t\t\t\t<\/div>\n\t\t\t\t<\/div>\n\t\t\t\t\t<\/div>\n\t\t<\/div>\n\t\t\t\t\t\t\t<\/div>\n\t\t<\/section>\n\t\t\t\t<section class=\"elementor-section elementor-top-section elementor-element elementor-element-870f49e elementor-section-boxed elementor-section-height-default elementor-section-height-default\" data-id=\"870f49e\" data-element_type=\"section\">\n\t\t\t\t\t\t<div class=\"elementor-container elementor-column-gap-default\">\n\t\t\t\t\t<div class=\"elementor-column elementor-col-100 elementor-top-column elementor-element elementor-element-e3ce1a7\" data-id=\"e3ce1a7\" data-element_type=\"column\">\n\t\t\t<div class=\"elementor-widget-wrap elementor-element-populated\">\n\t\t\t\t\t\t\t\t<div class=\"elementor-element elementor-element-0502df8 elementor-widget elementor-widget-image\" data-id=\"0502df8\" data-element_type=\"widget\" data-widget_type=\"image.default\">\n\t\t\t\t<div class=\"elementor-widget-container\">\n\t\t\t\t\t\t\t\t\t\t\t\t\t\t\t<img width=\"2560\" height=\"1924\" src=\"https:\/\/www.fiskakallinn.is\/wp-content\/uploads\/2023\/01\/Pseudotropheus-elongatus-chailosi-1-scaled.jpg\" class=\"attachment-full size-full\" alt=\"\" loading=\"lazy\" srcset=\"https:\/\/www.fiskakallinn.is\/wp-content\/uploads\/2023\/01\/Pseudotropheus-elongatus-chailosi-1-scaled.jpg 2560w, https:\/\/www.fiskakallinn.is\/wp-content\/uploads\/2023\/01\/Pseudotropheus-elongatus-chailosi-1-300x225.jpg 300w, https:\/\/www.fiskakallinn.is\/wp-content\/uploads\/2023\/01\/Pseudotropheus-elongatus-chailosi-1-1024x769.jpg 1024w, https:\/\/www.fiskakallinn.is\/wp-content\/uploads\/2023\/01\/Pseudotropheus-elongatus-chailosi-1-768x577.jpg 768w, https:\/\/www.fiskakallinn.is\/wp-content\/uploads\/2023\/01\/Pseudotropheus-elongatus-chailosi-1-1536x1154.jpg 1536w, https:\/\/www.fiskakallinn.is\/wp-content\/uploads\/2023\/01\/Pseudotropheus-elongatus-chailosi-1-2048x1539.jpg 2048w\" sizes=\"(max-width: 2560px) 100vw, 2560px\" \/>\t\t\t\t\t\t\t\t\t\t\t\t\t\t\t<\/div>\n\t\t\t\t<\/div>\n\t\t\t\t\t<\/div>\n\t\t<\/div>\n\t\t\t\t\t\t\t<\/div>\n\t\t<\/section>\n\t\t\t\t<section class=\"elementor-section elementor-top-section elementor-element elementor-element-205c6c8 elementor-section-boxed elementor-section-height-default elementor-section-height-default\" data-id=\"205c6c8\" data-element_type=\"section\">\n\t\t\t\t\t\t<div class=\"elementor-container elementor-column-gap-default\">\n\t\t\t\t\t<div class=\"elementor-column elementor-col-100 elementor-top-column elementor-element elementor-element-6ad7915\" data-id=\"6ad7915\" data-element_type=\"column\">\n\t\t\t<div class=\"elementor-widget-wrap elementor-element-populated\">\n\t\t\t\t\t\t\t\t<div class=\"elementor-element elementor-element-d3897e5 elementor-widget elementor-widget-text-editor\" data-id=\"d3897e5\" data-element_type=\"widget\" data-widget_type=\"text-editor.default\">\n\t\t\t\t<div class=\"elementor-widget-container\">\n\t\t\t\t\t\t\t<p style=\"text-align: center;\">Sei\u00f0i og hrygnur eru br\u00fanleit me\u00f0 r\u00e1kir en h\u00e6ngurinn f\u00e6r dekkri r\u00e1kir og gulan lit \u00e1 minni \u00feeirra og bl\u00e1tt \u00e1 hausinn\u00a0<\/p>\t\t\t\t\t\t<\/div>\n\t\t\t\t<\/div>\n\t\t\t\t\t<\/div>\n\t\t<\/div>\n\t\t\t\t\t\t\t<\/div>\n\t\t<\/section>\n\t\t\t\t\t\t\t<\/div>\n\t\t","protected":false},"excerpt":{"rendered":"<p>Pseudotropheus elongatus chailosi Pseudotropheus elongatus fr\u00e1 chailosi, en \u00fdmis litarafbrig\u00f0i eru til af elongatus og \u00feau a\u00f0greind me\u00f0 nafni \u00e1 \u00feeim sta\u00f0 sem \u00feau vei\u00f0ast \u00ed Malawi vatni Sei\u00f0i og hrygnur eru br\u00fanleit me\u00f0 r\u00e1kir en h\u00e6ngurinn f\u00e6r dekkri r\u00e1kir og gulan lit \u00e1 minni \u00feeirra og bl\u00e1tt \u00e1 hausinn\u00a0<\/p>\n","protected":false},"author":2,"featured_media":0,"parent":0,"menu_order":0,"comment_status":"closed","ping_status":"closed","template":"","meta":{"sfsi_plus_gutenberg_text_before_share":"","sfsi_plus_gutenberg_show_text_before_share":"","sfsi_plus_gutenberg_icon_type":"","sfsi_plus_gutenberg_icon_alignemt":"","sfsi_plus_gutenburg_max_per_row":"","site-sidebar-layout":"no-sidebar","site-content-layout":"page-builder","ast-main-header-display":"","ast-hfb-above-header-display":"","ast-hfb-below-header-display":"","ast-hfb-mobile-header-display":"","site-post-title":"disabled","ast-breadcrumbs-content":"","ast-featured-img":"disabled","footer-sml-layout":"","theme-transparent-header-meta":"","adv-header-id-meta":"","stick-header-meta":"","header-above-stick-meta":"","header-main-stick-meta":"","header-below-stick-meta":""},"_links":{"self":[{"href":"https:\/\/www.fiskakallinn.is\/index.php?rest_route=\/wp\/v2\/pages\/5604"}],"collection":[{"href":"https:\/\/www.fiskakallinn.is\/index.php?rest_route=\/wp\/v2\/pages"}],"about":[{"href":"https:\/\/www.fiskakallinn.is\/index.php?rest_route=\/wp\/v2\/types\/page"}],"author":[{"embeddable":true,"href":"https:\/\/www.fiskakallinn.is\/index.php?rest_route=\/wp\/v2\/users\/2"}],"replies":[{"embeddable":true,"href":"https:\/\/www.fiskakallinn.is\/index.php?rest_route=%2Fwp%2Fv2%2Fcomments&post=5604"}],"version-history":[{"count":3,"href":"https:\/\/www.fiskakallinn.is\/index.php?rest_route=\/wp\/v2\/pages\/5604\/revisions"}],"predecessor-version":[{"id":5610,"href":"https:\/\/www.fiskakallinn.is\/index.php?rest_route=\/wp\/v2\/pages\/5604\/revisions\/5610"}],"wp:attachment":[{"href":"https:\/\/www.fiskakallinn.is\/index.php?rest_route=%2Fwp%2Fv2%2Fmedia&parent=5604"}],"curies":[{"name":"wp","href":"https:\/\/api.w.org\/{rel}","templated":true}]}}