{"id":5615,"date":"2023-01-22T22:42:44","date_gmt":"2023-01-22T22:42:44","guid":{"rendered":"https:\/\/www.fiskakallinn.is\/?page_id=5615"},"modified":"2023-01-22T23:00:58","modified_gmt":"2023-01-22T23:00:58","slug":"maylandia-estherae","status":"publish","type":"page","link":"https:\/\/www.fiskakallinn.is\/?page_id=5615","title":{"rendered":"Maylandia estherae"},"content":{"rendered":"\t\t<div data-elementor-type=\"wp-page\" data-elementor-id=\"5615\" class=\"elementor elementor-5615\">\n\t\t\t\t\t\t\t\t\t<section class=\"elementor-section elementor-top-section elementor-element elementor-element-0735fd2 elementor-section-boxed elementor-section-height-default elementor-section-height-default\" data-id=\"0735fd2\" data-element_type=\"section\">\n\t\t\t\t\t\t<div class=\"elementor-container elementor-column-gap-default\">\n\t\t\t\t\t<div class=\"elementor-column elementor-col-100 elementor-top-column elementor-element elementor-element-61155ae\" data-id=\"61155ae\" data-element_type=\"column\">\n\t\t\t<div class=\"elementor-widget-wrap elementor-element-populated\">\n\t\t\t\t\t\t\t\t<div class=\"elementor-element elementor-element-c1c798a elementor-widget elementor-widget-text-editor\" data-id=\"c1c798a\" data-element_type=\"widget\" data-widget_type=\"text-editor.default\">\n\t\t\t\t<div class=\"elementor-widget-container\">\n\t\t\t\t\t\t\t<h2 style=\"text-align: center;\"><strong>Maylandia estherae<\/strong><\/h2>\t\t\t\t\t\t<\/div>\n\t\t\t\t<\/div>\n\t\t\t\t\t<\/div>\n\t\t<\/div>\n\t\t\t\t\t\t\t<\/div>\n\t\t<\/section>\n\t\t\t\t<section class=\"elementor-section elementor-top-section elementor-element elementor-element-962c31e elementor-section-boxed elementor-section-height-default elementor-section-height-default\" data-id=\"962c31e\" data-element_type=\"section\">\n\t\t\t\t\t\t<div class=\"elementor-container elementor-column-gap-default\">\n\t\t\t\t\t<div class=\"elementor-column elementor-col-100 elementor-top-column elementor-element elementor-element-0f304bf\" data-id=\"0f304bf\" data-element_type=\"column\">\n\t\t\t<div class=\"elementor-widget-wrap elementor-element-populated\">\n\t\t\t\t\t\t\t\t<div class=\"elementor-element elementor-element-6bfc4bb elementor-widget elementor-widget-image\" data-id=\"6bfc4bb\" data-element_type=\"widget\" data-widget_type=\"image.default\">\n\t\t\t\t<div class=\"elementor-widget-container\">\n\t\t\t\t\t\t\t\t\t\t\t\t\t\t\t<img width=\"1361\" height=\"964\" src=\"https:\/\/www.fiskakallinn.is\/wp-content\/uploads\/2023\/01\/Maylandia-estherae-3.jpg\" class=\"attachment-full size-full\" alt=\"\" loading=\"lazy\" srcset=\"https:\/\/www.fiskakallinn.is\/wp-content\/uploads\/2023\/01\/Maylandia-estherae-3.jpg 1361w, https:\/\/www.fiskakallinn.is\/wp-content\/uploads\/2023\/01\/Maylandia-estherae-3-300x212.jpg 300w, https:\/\/www.fiskakallinn.is\/wp-content\/uploads\/2023\/01\/Maylandia-estherae-3-1024x725.jpg 1024w, https:\/\/www.fiskakallinn.is\/wp-content\/uploads\/2023\/01\/Maylandia-estherae-3-768x544.jpg 768w\" sizes=\"(max-width: 1361px) 100vw, 1361px\" \/>\t\t\t\t\t\t\t\t\t\t\t\t\t\t\t<\/div>\n\t\t\t\t<\/div>\n\t\t\t\t\t<\/div>\n\t\t<\/div>\n\t\t\t\t\t\t\t<\/div>\n\t\t<\/section>\n\t\t\t\t<section class=\"elementor-section elementor-top-section elementor-element elementor-element-e74a26f elementor-section-boxed elementor-section-height-default elementor-section-height-default\" data-id=\"e74a26f\" data-element_type=\"section\">\n\t\t\t\t\t\t<div class=\"elementor-container elementor-column-gap-default\">\n\t\t\t\t\t<div class=\"elementor-column elementor-col-100 elementor-top-column elementor-element elementor-element-9d85d4e\" data-id=\"9d85d4e\" data-element_type=\"column\">\n\t\t\t<div class=\"elementor-widget-wrap elementor-element-populated\">\n\t\t\t\t\t\t\t\t<div class=\"elementor-element elementor-element-02a2b89 elementor-widget elementor-widget-text-editor\" data-id=\"02a2b89\" data-element_type=\"widget\" data-widget_type=\"text-editor.default\">\n\t\t\t\t<div class=\"elementor-widget-container\">\n\t\t\t\t\t\t\t<p style=\"text-align: center;\">\u00deessi tegund er k\u00f6llu\u00f0 rau\u00f0 zebra og standa hrygnurnar \u00e1 flestum st\u00f6\u00f0um a\u00f0eins undir nafni \u00fe\u00f3tt \u00fe\u00e6r s\u00e9u meira appels\u00ednugular en h\u00e6ngarnir eru oftast hv\u00edtir, lj\u00f3sbl\u00e1ir, appels\u00ednugulir e\u00f0a sambland af \u00feessum litum\u00a0 allt eftir hva\u00f0a \u00far Malawi vatni \u00feeir koma\u00a0<br \/>\u00deessi h\u00e6ngur er frekar lj\u00f3s\u00a0<\/p>\t\t\t\t\t\t<\/div>\n\t\t\t\t<\/div>\n\t\t\t\t\t<\/div>\n\t\t<\/div>\n\t\t\t\t\t\t\t<\/div>\n\t\t<\/section>\n\t\t\t\t<section class=\"elementor-section elementor-top-section elementor-element elementor-element-a441fdb elementor-section-boxed elementor-section-height-default elementor-section-height-default\" data-id=\"a441fdb\" data-element_type=\"section\">\n\t\t\t\t\t\t<div class=\"elementor-container elementor-column-gap-default\">\n\t\t\t\t\t<div class=\"elementor-column elementor-col-100 elementor-top-column elementor-element elementor-element-1563925\" data-id=\"1563925\" data-element_type=\"column\">\n\t\t\t<div class=\"elementor-widget-wrap elementor-element-populated\">\n\t\t\t\t\t\t\t\t<div class=\"elementor-element elementor-element-34d9db9 elementor-widget elementor-widget-image\" data-id=\"34d9db9\" data-element_type=\"widget\" data-widget_type=\"image.default\">\n\t\t\t\t<div class=\"elementor-widget-container\">\n\t\t\t\t\t\t\t\t\t\t\t\t\t\t\t<img width=\"1361\" height=\"964\" src=\"https:\/\/www.fiskakallinn.is\/wp-content\/uploads\/2023\/01\/Maylandia-estherae-1.jpg\" class=\"attachment-full size-full\" alt=\"\" loading=\"lazy\" srcset=\"https:\/\/www.fiskakallinn.is\/wp-content\/uploads\/2023\/01\/Maylandia-estherae-1.jpg 1361w, https:\/\/www.fiskakallinn.is\/wp-content\/uploads\/2023\/01\/Maylandia-estherae-1-300x212.jpg 300w, https:\/\/www.fiskakallinn.is\/wp-content\/uploads\/2023\/01\/Maylandia-estherae-1-1024x725.jpg 1024w, https:\/\/www.fiskakallinn.is\/wp-content\/uploads\/2023\/01\/Maylandia-estherae-1-768x544.jpg 768w\" sizes=\"(max-width: 1361px) 100vw, 1361px\" \/>\t\t\t\t\t\t\t\t\t\t\t\t\t\t\t<\/div>\n\t\t\t\t<\/div>\n\t\t\t\t\t<\/div>\n\t\t<\/div>\n\t\t\t\t\t\t\t<\/div>\n\t\t<\/section>\n\t\t\t\t<section class=\"elementor-section elementor-top-section elementor-element elementor-element-b9878c1 elementor-section-boxed elementor-section-height-default elementor-section-height-default\" data-id=\"b9878c1\" data-element_type=\"section\">\n\t\t\t\t\t\t<div class=\"elementor-container elementor-column-gap-default\">\n\t\t\t\t\t<div class=\"elementor-column elementor-col-100 elementor-top-column elementor-element elementor-element-bd14a02\" data-id=\"bd14a02\" data-element_type=\"column\">\n\t\t\t<div class=\"elementor-widget-wrap elementor-element-populated\">\n\t\t\t\t\t\t\t\t<div class=\"elementor-element elementor-element-c38ed54 elementor-widget elementor-widget-text-editor\" data-id=\"c38ed54\" data-element_type=\"widget\" data-widget_type=\"text-editor.default\">\n\t\t\t\t<div class=\"elementor-widget-container\">\n\t\t\t\t\t\t\t<p style=\"text-align: center;\">Annar h\u00e6ngur meira appels\u00ednugulur, \u00feessi tegund ver\u00f0ur um 15 cm\u00a0<\/p>\t\t\t\t\t\t<\/div>\n\t\t\t\t<\/div>\n\t\t\t\t\t<\/div>\n\t\t<\/div>\n\t\t\t\t\t\t\t<\/div>\n\t\t<\/section>\n\t\t\t\t<section class=\"elementor-section elementor-top-section elementor-element elementor-element-568c4b3 elementor-section-boxed elementor-section-height-default elementor-section-height-default\" data-id=\"568c4b3\" data-element_type=\"section\">\n\t\t\t\t\t\t<div class=\"elementor-container elementor-column-gap-default\">\n\t\t\t\t\t<div class=\"elementor-column elementor-col-100 elementor-top-column elementor-element elementor-element-02d05d2\" data-id=\"02d05d2\" data-element_type=\"column\">\n\t\t\t<div class=\"elementor-widget-wrap elementor-element-populated\">\n\t\t\t\t\t\t\t\t<div class=\"elementor-element elementor-element-6ffe4e5 elementor-widget elementor-widget-image\" data-id=\"6ffe4e5\" data-element_type=\"widget\" data-widget_type=\"image.default\">\n\t\t\t\t<div class=\"elementor-widget-container\">\n\t\t\t\t\t\t\t\t\t\t\t\t\t\t\t<img width=\"1361\" height=\"964\" src=\"https:\/\/www.fiskakallinn.is\/wp-content\/uploads\/2023\/01\/Maylandia-estherae-4.jpg\" class=\"attachment-full size-full\" alt=\"\" loading=\"lazy\" srcset=\"https:\/\/www.fiskakallinn.is\/wp-content\/uploads\/2023\/01\/Maylandia-estherae-4.jpg 1361w, https:\/\/www.fiskakallinn.is\/wp-content\/uploads\/2023\/01\/Maylandia-estherae-4-300x212.jpg 300w, https:\/\/www.fiskakallinn.is\/wp-content\/uploads\/2023\/01\/Maylandia-estherae-4-1024x725.jpg 1024w, https:\/\/www.fiskakallinn.is\/wp-content\/uploads\/2023\/01\/Maylandia-estherae-4-768x544.jpg 768w\" sizes=\"(max-width: 1361px) 100vw, 1361px\" \/>\t\t\t\t\t\t\t\t\t\t\t\t\t\t\t<\/div>\n\t\t\t\t<\/div>\n\t\t\t\t\t<\/div>\n\t\t<\/div>\n\t\t\t\t\t\t\t<\/div>\n\t\t<\/section>\n\t\t\t\t<section class=\"elementor-section elementor-top-section elementor-element elementor-element-d40ab70 elementor-section-boxed elementor-section-height-default elementor-section-height-default\" data-id=\"d40ab70\" data-element_type=\"section\">\n\t\t\t\t\t\t<div class=\"elementor-container elementor-column-gap-default\">\n\t\t\t\t\t<div class=\"elementor-column elementor-col-100 elementor-top-column elementor-element elementor-element-5f32dd1\" data-id=\"5f32dd1\" data-element_type=\"column\">\n\t\t\t<div class=\"elementor-widget-wrap elementor-element-populated\">\n\t\t\t\t\t\t\t\t<div class=\"elementor-element elementor-element-0136d89 elementor-widget elementor-widget-text-editor\" data-id=\"0136d89\" data-element_type=\"widget\" data-widget_type=\"text-editor.default\">\n\t\t\t\t<div class=\"elementor-widget-container\">\n\t\t\t\t\t\t\t<p style=\"text-align: center;\">Ungur h\u00e6ngur sem er litmeiri\u00a0<br \/>en sum afbrig\u00f0i missa litin vi\u00f0 kyn\u00feroska, h\u00e6ngar f\u00e1 oddhvassari bak og gotraufar ugga og st\u00e6rri eggjabletti\u00a0<\/p>\t\t\t\t\t\t<\/div>\n\t\t\t\t<\/div>\n\t\t\t\t\t<\/div>\n\t\t<\/div>\n\t\t\t\t\t\t\t<\/div>\n\t\t<\/section>\n\t\t\t\t<section class=\"elementor-section elementor-top-section elementor-element elementor-element-2966854 elementor-section-boxed elementor-section-height-default elementor-section-height-default\" data-id=\"2966854\" data-element_type=\"section\">\n\t\t\t\t\t\t<div class=\"elementor-container elementor-column-gap-default\">\n\t\t\t\t\t<div class=\"elementor-column elementor-col-100 elementor-top-column elementor-element elementor-element-21ef98a\" data-id=\"21ef98a\" data-element_type=\"column\">\n\t\t\t<div class=\"elementor-widget-wrap elementor-element-populated\">\n\t\t\t\t\t\t\t\t<div class=\"elementor-element elementor-element-399349d elementor-widget elementor-widget-image\" data-id=\"399349d\" data-element_type=\"widget\" data-widget_type=\"image.default\">\n\t\t\t\t<div class=\"elementor-widget-container\">\n\t\t\t\t\t\t\t\t\t\t\t\t\t\t\t<img width=\"1361\" height=\"964\" src=\"https:\/\/www.fiskakallinn.is\/wp-content\/uploads\/2023\/01\/Maylandia-estherae-5.jpg\" class=\"attachment-full size-full\" alt=\"\" loading=\"lazy\" srcset=\"https:\/\/www.fiskakallinn.is\/wp-content\/uploads\/2023\/01\/Maylandia-estherae-5.jpg 1361w, https:\/\/www.fiskakallinn.is\/wp-content\/uploads\/2023\/01\/Maylandia-estherae-5-300x212.jpg 300w, https:\/\/www.fiskakallinn.is\/wp-content\/uploads\/2023\/01\/Maylandia-estherae-5-1024x725.jpg 1024w, https:\/\/www.fiskakallinn.is\/wp-content\/uploads\/2023\/01\/Maylandia-estherae-5-768x544.jpg 768w\" sizes=\"(max-width: 1361px) 100vw, 1361px\" \/>\t\t\t\t\t\t\t\t\t\t\t\t\t\t\t<\/div>\n\t\t\t\t<\/div>\n\t\t\t\t\t<\/div>\n\t\t<\/div>\n\t\t\t\t\t\t\t<\/div>\n\t\t<\/section>\n\t\t\t\t<section class=\"elementor-section elementor-top-section elementor-element elementor-element-3466927 elementor-section-boxed elementor-section-height-default elementor-section-height-default\" data-id=\"3466927\" data-element_type=\"section\">\n\t\t\t\t\t\t<div class=\"elementor-container elementor-column-gap-default\">\n\t\t\t\t\t<div class=\"elementor-column elementor-col-100 elementor-top-column elementor-element elementor-element-d8ed659\" data-id=\"d8ed659\" data-element_type=\"column\">\n\t\t\t<div class=\"elementor-widget-wrap elementor-element-populated\">\n\t\t\t\t\t\t\t\t<div class=\"elementor-element elementor-element-79d1f9d elementor-widget elementor-widget-text-editor\" data-id=\"79d1f9d\" data-element_type=\"widget\" data-widget_type=\"text-editor.default\">\n\t\t\t\t<div class=\"elementor-widget-container\">\n\t\t\t\t\t\t\t<p style=\"text-align: center;\">Falleg hrygna og h\u00e9r s\u00e9st vel hvernig gotraufarugginn er r\u00fana\u00f0ur og eggjablettir minni og f\u00e6rri mi\u00f0a\u00f0 vi\u00f0 fullvaxta h\u00e6nga<\/p>\t\t\t\t\t\t<\/div>\n\t\t\t\t<\/div>\n\t\t\t\t\t<\/div>\n\t\t<\/div>\n\t\t\t\t\t\t\t<\/div>\n\t\t<\/section>\n\t\t\t\t<section class=\"elementor-section elementor-top-section elementor-element elementor-element-4d55274 elementor-section-boxed elementor-section-height-default elementor-section-height-default\" data-id=\"4d55274\" data-element_type=\"section\">\n\t\t\t\t\t\t<div class=\"elementor-container elementor-column-gap-default\">\n\t\t\t\t\t<div class=\"elementor-column elementor-col-100 elementor-top-column elementor-element elementor-element-855d6a2\" data-id=\"855d6a2\" data-element_type=\"column\">\n\t\t\t<div class=\"elementor-widget-wrap elementor-element-populated\">\n\t\t\t\t\t\t\t\t<div class=\"elementor-element elementor-element-bc4c159 elementor-widget elementor-widget-image\" data-id=\"bc4c159\" data-element_type=\"widget\" data-widget_type=\"image.default\">\n\t\t\t\t<div class=\"elementor-widget-container\">\n\t\t\t\t\t\t\t\t\t\t\t\t\t\t\t<img width=\"1361\" height=\"964\" src=\"https:\/\/www.fiskakallinn.is\/wp-content\/uploads\/2023\/01\/Maylandia-estherae-7.jpg\" class=\"attachment-full size-full\" alt=\"\" loading=\"lazy\" srcset=\"https:\/\/www.fiskakallinn.is\/wp-content\/uploads\/2023\/01\/Maylandia-estherae-7.jpg 1361w, https:\/\/www.fiskakallinn.is\/wp-content\/uploads\/2023\/01\/Maylandia-estherae-7-300x212.jpg 300w, https:\/\/www.fiskakallinn.is\/wp-content\/uploads\/2023\/01\/Maylandia-estherae-7-1024x725.jpg 1024w, https:\/\/www.fiskakallinn.is\/wp-content\/uploads\/2023\/01\/Maylandia-estherae-7-768x544.jpg 768w\" sizes=\"(max-width: 1361px) 100vw, 1361px\" \/>\t\t\t\t\t\t\t\t\t\t\t\t\t\t\t<\/div>\n\t\t\t\t<\/div>\n\t\t\t\t\t<\/div>\n\t\t<\/div>\n\t\t\t\t\t\t\t<\/div>\n\t\t<\/section>\n\t\t\t\t<section class=\"elementor-section elementor-top-section elementor-element elementor-element-5d5f112 elementor-section-boxed elementor-section-height-default elementor-section-height-default\" data-id=\"5d5f112\" data-element_type=\"section\">\n\t\t\t\t\t\t<div class=\"elementor-container elementor-column-gap-default\">\n\t\t\t\t\t<div class=\"elementor-column elementor-col-100 elementor-top-column elementor-element elementor-element-ce11682\" data-id=\"ce11682\" data-element_type=\"column\">\n\t\t\t<div class=\"elementor-widget-wrap elementor-element-populated\">\n\t\t\t\t\t\t\t\t<div class=\"elementor-element elementor-element-6614d61 elementor-widget elementor-widget-text-editor\" data-id=\"6614d61\" data-element_type=\"widget\" data-widget_type=\"text-editor.default\">\n\t\t\t\t<div class=\"elementor-widget-container\">\n\t\t\t\t\t\t\t<p style=\"text-align: center;\">Allar mbuna eru munnklekjarar og h\u00e9r er hrygna me\u00f0 fullan munninn<\/p>\t\t\t\t\t\t<\/div>\n\t\t\t\t<\/div>\n\t\t\t\t\t<\/div>\n\t\t<\/div>\n\t\t\t\t\t\t\t<\/div>\n\t\t<\/section>\n\t\t\t\t<section class=\"elementor-section elementor-top-section elementor-element elementor-element-b457be4 elementor-section-boxed elementor-section-height-default elementor-section-height-default\" data-id=\"b457be4\" data-element_type=\"section\">\n\t\t\t\t\t\t<div class=\"elementor-container elementor-column-gap-default\">\n\t\t\t\t\t<div class=\"elementor-column elementor-col-100 elementor-top-column elementor-element elementor-element-2c70247\" data-id=\"2c70247\" data-element_type=\"column\">\n\t\t\t<div class=\"elementor-widget-wrap elementor-element-populated\">\n\t\t\t\t\t\t\t\t<div class=\"elementor-element elementor-element-10fa002 elementor-widget elementor-widget-image\" data-id=\"10fa002\" data-element_type=\"widget\" data-widget_type=\"image.default\">\n\t\t\t\t<div class=\"elementor-widget-container\">\n\t\t\t\t\t\t\t\t\t\t\t\t\t\t\t<img width=\"1361\" height=\"964\" src=\"https:\/\/www.fiskakallinn.is\/wp-content\/uploads\/2023\/01\/Maylandia-estherae-6.jpg\" class=\"attachment-full size-full\" alt=\"\" loading=\"lazy\" srcset=\"https:\/\/www.fiskakallinn.is\/wp-content\/uploads\/2023\/01\/Maylandia-estherae-6.jpg 1361w, https:\/\/www.fiskakallinn.is\/wp-content\/uploads\/2023\/01\/Maylandia-estherae-6-300x212.jpg 300w, https:\/\/www.fiskakallinn.is\/wp-content\/uploads\/2023\/01\/Maylandia-estherae-6-1024x725.jpg 1024w, https:\/\/www.fiskakallinn.is\/wp-content\/uploads\/2023\/01\/Maylandia-estherae-6-768x544.jpg 768w\" sizes=\"(max-width: 1361px) 100vw, 1361px\" \/>\t\t\t\t\t\t\t\t\t\t\t\t\t\t\t<\/div>\n\t\t\t\t<\/div>\n\t\t\t\t\t<\/div>\n\t\t<\/div>\n\t\t\t\t\t\t\t<\/div>\n\t\t<\/section>\n\t\t\t\t<section class=\"elementor-section elementor-top-section elementor-element elementor-element-b4fefa6 elementor-section-boxed elementor-section-height-default elementor-section-height-default\" data-id=\"b4fefa6\" data-element_type=\"section\">\n\t\t\t\t\t\t<div class=\"elementor-container elementor-column-gap-default\">\n\t\t\t\t\t<div class=\"elementor-column elementor-col-100 elementor-top-column elementor-element elementor-element-e05b84f\" data-id=\"e05b84f\" data-element_type=\"column\">\n\t\t\t<div class=\"elementor-widget-wrap elementor-element-populated\">\n\t\t\t\t\t\t\t\t<div class=\"elementor-element elementor-element-6b6f5b4 elementor-widget elementor-widget-text-editor\" data-id=\"6b6f5b4\" data-element_type=\"widget\" data-widget_type=\"text-editor.default\">\n\t\t\t\t<div class=\"elementor-widget-container\">\n\t\t\t\t\t\t\t<p style=\"text-align: center;\">\u00deessi sei\u00f0i eru um 2 vikna svo hrygnan hef\u00f0i geta\u00f0 haldi\u00f0 \u00feeim \u00ed g\u00f3\u00f0a viku \u00ed vi\u00f0b\u00f3t e\u00f0a \u00fear til eggjapokinn v\u00e6ri n\u00e6rri b\u00fainn, en \u00fearna \u00e1kva\u00f0 \u00e9g a\u00f0 \u00e9g \u00feyrfti a\u00f0 taka snemma \u00far hrygnunni \u00fear sem h\u00fan var undir miklu stressi og l\u00edkleg til a\u00f0 bor\u00f0a s\u00edn eigin sei\u00f0i en betra er a\u00f0 taka sei\u00f0i \u00fat eftir t\u00e6par 4 vikur, en alltaf skemmtilegast samt ef h\u00e6gt er a\u00f0 setja hrygnuna \u00ed s\u00e9r b\u00far og leyfa henni a\u00f0 sleppa \u00feeim h\u00e6gt og r\u00f3lega\u00a0<\/p>\t\t\t\t\t\t<\/div>\n\t\t\t\t<\/div>\n\t\t\t\t\t<\/div>\n\t\t<\/div>\n\t\t\t\t\t\t\t<\/div>\n\t\t<\/section>\n\t\t\t\t\t\t\t<\/div>\n\t\t","protected":false},"excerpt":{"rendered":"<p>Maylandia estherae \u00deessi tegund er k\u00f6llu\u00f0 rau\u00f0 zebra og standa hrygnurnar \u00e1 flestum st\u00f6\u00f0um a\u00f0eins undir nafni \u00fe\u00f3tt \u00fe\u00e6r s\u00e9u meira appels\u00ednugular en h\u00e6ngarnir eru oftast hv\u00edtir, lj\u00f3sbl\u00e1ir, appels\u00ednugulir e\u00f0a sambland af \u00feessum litum\u00a0 allt eftir hva\u00f0a \u00far Malawi vatni \u00feeir koma\u00a0\u00deessi h\u00e6ngur er frekar lj\u00f3s\u00a0 Annar h\u00e6ngur meira appels\u00ednugulur, \u00feessi tegund ver\u00f0ur um 15 &hellip;<\/p>\n<p class=\"read-more\"> <a class=\"\" href=\"https:\/\/www.fiskakallinn.is\/?page_id=5615\"> <span class=\"screen-reader-text\">Maylandia estherae<\/span> Read More &raquo;<\/a><\/p>\n","protected":false},"author":2,"featured_media":0,"parent":0,"menu_order":0,"comment_status":"closed","ping_status":"closed","template":"","meta":{"sfsi_plus_gutenberg_text_before_share":"","sfsi_plus_gutenberg_show_text_before_share":"","sfsi_plus_gutenberg_icon_type":"","sfsi_plus_gutenberg_icon_alignemt":"","sfsi_plus_gutenburg_max_per_row":"","site-sidebar-layout":"no-sidebar","site-content-layout":"page-builder","ast-main-header-display":"","ast-hfb-above-header-display":"","ast-hfb-below-header-display":"","ast-hfb-mobile-header-display":"","site-post-title":"disabled","ast-breadcrumbs-content":"","ast-featured-img":"disabled","footer-sml-layout":"","theme-transparent-header-meta":"","adv-header-id-meta":"","stick-header-meta":"","header-above-stick-meta":"","header-main-stick-meta":"","header-below-stick-meta":""},"_links":{"self":[{"href":"https:\/\/www.fiskakallinn.is\/index.php?rest_route=\/wp\/v2\/pages\/5615"}],"collection":[{"href":"https:\/\/www.fiskakallinn.is\/index.php?rest_route=\/wp\/v2\/pages"}],"about":[{"href":"https:\/\/www.fiskakallinn.is\/index.php?rest_route=\/wp\/v2\/types\/page"}],"author":[{"embeddable":true,"href":"https:\/\/www.fiskakallinn.is\/index.php?rest_route=\/wp\/v2\/users\/2"}],"replies":[{"embeddable":true,"href":"https:\/\/www.fiskakallinn.is\/index.php?rest_route=%2Fwp%2Fv2%2Fcomments&post=5615"}],"version-history":[{"count":3,"href":"https:\/\/www.fiskakallinn.is\/index.php?rest_route=\/wp\/v2\/pages\/5615\/revisions"}],"predecessor-version":[{"id":5625,"href":"https:\/\/www.fiskakallinn.is\/index.php?rest_route=\/wp\/v2\/pages\/5615\/revisions\/5625"}],"wp:attachment":[{"href":"https:\/\/www.fiskakallinn.is\/index.php?rest_route=%2Fwp%2Fv2%2Fmedia&parent=5615"}],"curies":[{"name":"wp","href":"https:\/\/api.w.org\/{rel}","templated":true}]}}