{"id":5728,"date":"2023-02-03T22:22:15","date_gmt":"2023-02-03T22:22:15","guid":{"rendered":"https:\/\/www.fiskakallinn.is\/?page_id=5728"},"modified":"2023-02-03T22:35:11","modified_gmt":"2023-02-03T22:35:11","slug":"salvator-merianae-edlur","status":"publish","type":"page","link":"https:\/\/www.fiskakallinn.is\/?page_id=5728","title":{"rendered":"Salvator merianae e\u00f0lur"},"content":{"rendered":"\t\t<div data-elementor-type=\"wp-page\" data-elementor-id=\"5728\" class=\"elementor elementor-5728\">\n\t\t\t\t\t\t\t\t\t<section class=\"elementor-section elementor-top-section elementor-element elementor-element-119b715 elementor-section-boxed elementor-section-height-default elementor-section-height-default\" data-id=\"119b715\" data-element_type=\"section\">\n\t\t\t\t\t\t<div class=\"elementor-container elementor-column-gap-default\">\n\t\t\t\t\t<div class=\"elementor-column elementor-col-100 elementor-top-column elementor-element elementor-element-ff5c7d5\" data-id=\"ff5c7d5\" data-element_type=\"column\">\n\t\t\t<div class=\"elementor-widget-wrap elementor-element-populated\">\n\t\t\t\t\t\t\t\t<div class=\"elementor-element elementor-element-4edf7f4 elementor-widget elementor-widget-text-editor\" data-id=\"4edf7f4\" data-element_type=\"widget\" data-widget_type=\"text-editor.default\">\n\t\t\t\t<div class=\"elementor-widget-container\">\n\t\t\t\t\t\t\t<h2 style=\"text-align: center;\"><strong>Salvator merianae<\/strong><\/h2>\t\t\t\t\t\t<\/div>\n\t\t\t\t<\/div>\n\t\t\t\t\t<\/div>\n\t\t<\/div>\n\t\t\t\t\t\t\t<\/div>\n\t\t<\/section>\n\t\t\t\t<section class=\"elementor-section elementor-top-section elementor-element elementor-element-254fa37 elementor-section-boxed elementor-section-height-default elementor-section-height-default\" data-id=\"254fa37\" data-element_type=\"section\">\n\t\t\t\t\t\t<div class=\"elementor-container elementor-column-gap-default\">\n\t\t\t\t\t<div class=\"elementor-column elementor-col-100 elementor-top-column elementor-element elementor-element-1fd1e6e\" data-id=\"1fd1e6e\" data-element_type=\"column\">\n\t\t\t<div class=\"elementor-widget-wrap elementor-element-populated\">\n\t\t\t\t\t\t\t\t<div class=\"elementor-element elementor-element-6336b23 elementor-widget elementor-widget-image\" data-id=\"6336b23\" data-element_type=\"widget\" data-widget_type=\"image.default\">\n\t\t\t\t<div class=\"elementor-widget-container\">\n\t\t\t\t\t\t\t\t\t\t\t\t\t\t\t<img width=\"1361\" height=\"964\" src=\"https:\/\/www.fiskakallinn.is\/wp-content\/uploads\/2023\/02\/Salvator-merianae-1.jpg\" class=\"attachment-full size-full\" alt=\"\" loading=\"lazy\" srcset=\"https:\/\/www.fiskakallinn.is\/wp-content\/uploads\/2023\/02\/Salvator-merianae-1.jpg 1361w, https:\/\/www.fiskakallinn.is\/wp-content\/uploads\/2023\/02\/Salvator-merianae-1-300x212.jpg 300w, https:\/\/www.fiskakallinn.is\/wp-content\/uploads\/2023\/02\/Salvator-merianae-1-1024x725.jpg 1024w, https:\/\/www.fiskakallinn.is\/wp-content\/uploads\/2023\/02\/Salvator-merianae-1-768x544.jpg 768w\" sizes=\"(max-width: 1361px) 100vw, 1361px\" \/>\t\t\t\t\t\t\t\t\t\t\t\t\t\t\t<\/div>\n\t\t\t\t<\/div>\n\t\t\t\t\t<\/div>\n\t\t<\/div>\n\t\t\t\t\t\t\t<\/div>\n\t\t<\/section>\n\t\t\t\t<section class=\"elementor-section elementor-top-section elementor-element elementor-element-eb6c35a elementor-section-boxed elementor-section-height-default elementor-section-height-default\" data-id=\"eb6c35a\" data-element_type=\"section\">\n\t\t\t\t\t\t<div class=\"elementor-container elementor-column-gap-default\">\n\t\t\t\t\t<div class=\"elementor-column elementor-col-100 elementor-top-column elementor-element elementor-element-e143c62\" data-id=\"e143c62\" data-element_type=\"column\">\n\t\t\t<div class=\"elementor-widget-wrap elementor-element-populated\">\n\t\t\t\t\t\t\t\t<div class=\"elementor-element elementor-element-c3c5e12 elementor-widget elementor-widget-text-editor\" data-id=\"c3c5e12\" data-element_type=\"widget\" data-widget_type=\"text-editor.default\">\n\t\t\t\t<div class=\"elementor-widget-container\">\n\t\t\t\t\t\t\t<p style=\"text-align: center;\">\u00deessa st\u00f3ru en fallegu e\u00f0lu s\u00e1 \u00e9g fyrst \u00feegar vi\u00f0 vorum a\u00f0 keyra yfir st\u00f3r t\u00fan \u00ed \u00dar\u00fagv\u00e6 til a\u00f0 komast a\u00f0 \u00e1 sem liggur a\u00f0 Brasil\u00edu og ba\u00f0 \u00e9g b\u00edlstj\u00f3rann a\u00f0 stoppa svo \u00e9g g\u00e6ti teki\u00f0 myndir, h\u00e9r er \u00e9g a\u00f0 s\u00fama vel inn \u00e1 myndav\u00e9linni enda veit ma\u00f0ur aldrei hven\u00e6r d\u00fdr hlaupa \u00ed burtu svo best a\u00f0 taka myndir \u00feegar h\u00e6gt er\u00a0<\/p>\t\t\t\t\t\t<\/div>\n\t\t\t\t<\/div>\n\t\t\t\t\t<\/div>\n\t\t<\/div>\n\t\t\t\t\t\t\t<\/div>\n\t\t<\/section>\n\t\t\t\t<section class=\"elementor-section elementor-top-section elementor-element elementor-element-f58e65f elementor-section-boxed elementor-section-height-default elementor-section-height-default\" data-id=\"f58e65f\" data-element_type=\"section\">\n\t\t\t\t\t\t<div class=\"elementor-container elementor-column-gap-default\">\n\t\t\t\t\t<div class=\"elementor-column elementor-col-100 elementor-top-column elementor-element elementor-element-439bbaa\" data-id=\"439bbaa\" data-element_type=\"column\">\n\t\t\t<div class=\"elementor-widget-wrap elementor-element-populated\">\n\t\t\t\t\t\t\t\t<div class=\"elementor-element elementor-element-392e91a elementor-widget elementor-widget-image\" data-id=\"392e91a\" data-element_type=\"widget\" data-widget_type=\"image.default\">\n\t\t\t\t<div class=\"elementor-widget-container\">\n\t\t\t\t\t\t\t\t\t\t\t\t\t\t\t<img width=\"1361\" height=\"964\" src=\"https:\/\/www.fiskakallinn.is\/wp-content\/uploads\/2023\/02\/Salvator-merianae-2.jpg\" class=\"attachment-full size-full\" alt=\"\" loading=\"lazy\" srcset=\"https:\/\/www.fiskakallinn.is\/wp-content\/uploads\/2023\/02\/Salvator-merianae-2.jpg 1361w, https:\/\/www.fiskakallinn.is\/wp-content\/uploads\/2023\/02\/Salvator-merianae-2-300x212.jpg 300w, https:\/\/www.fiskakallinn.is\/wp-content\/uploads\/2023\/02\/Salvator-merianae-2-1024x725.jpg 1024w, https:\/\/www.fiskakallinn.is\/wp-content\/uploads\/2023\/02\/Salvator-merianae-2-768x544.jpg 768w\" sizes=\"(max-width: 1361px) 100vw, 1361px\" \/>\t\t\t\t\t\t\t\t\t\t\t\t\t\t\t<\/div>\n\t\t\t\t<\/div>\n\t\t\t\t\t<\/div>\n\t\t<\/div>\n\t\t\t\t\t\t\t<\/div>\n\t\t<\/section>\n\t\t\t\t<section class=\"elementor-section elementor-top-section elementor-element elementor-element-7cc9e19 elementor-section-boxed elementor-section-height-default elementor-section-height-default\" data-id=\"7cc9e19\" data-element_type=\"section\">\n\t\t\t\t\t\t<div class=\"elementor-container elementor-column-gap-default\">\n\t\t\t\t\t<div class=\"elementor-column elementor-col-100 elementor-top-column elementor-element elementor-element-bffa2d0\" data-id=\"bffa2d0\" data-element_type=\"column\">\n\t\t\t<div class=\"elementor-widget-wrap elementor-element-populated\">\n\t\t\t\t\t\t\t\t<div class=\"elementor-element elementor-element-0a66a49 elementor-widget elementor-widget-text-editor\" data-id=\"0a66a49\" data-element_type=\"widget\" data-widget_type=\"text-editor.default\">\n\t\t\t\t<div class=\"elementor-widget-container\">\n\t\t\t\t\t\t\t<p style=\"text-align: center;\">\u00c9g f\u00f3r mj\u00f6g h\u00e6gt a\u00f0 henni og t\u00f3k myndir reglulega \u00e1 me\u00f0an \u00e9g \u00feoka\u00f0ist h\u00e6gt og r\u00f3lega a\u00f0 henni \u00fev\u00ed \u00e9g vildi ekki styggja hana \u00ed burtu\u00a0<br \/>\u00deetta er st\u00e6rsta tegundin af Tegu tegundum\u00a0<\/p>\t\t\t\t\t\t<\/div>\n\t\t\t\t<\/div>\n\t\t\t\t\t<\/div>\n\t\t<\/div>\n\t\t\t\t\t\t\t<\/div>\n\t\t<\/section>\n\t\t\t\t<section class=\"elementor-section elementor-top-section elementor-element elementor-element-f3556c6 elementor-section-boxed elementor-section-height-default elementor-section-height-default\" data-id=\"f3556c6\" data-element_type=\"section\">\n\t\t\t\t\t\t<div class=\"elementor-container elementor-column-gap-default\">\n\t\t\t\t\t<div class=\"elementor-column elementor-col-100 elementor-top-column elementor-element elementor-element-378360f\" data-id=\"378360f\" data-element_type=\"column\">\n\t\t\t<div class=\"elementor-widget-wrap elementor-element-populated\">\n\t\t\t\t\t\t\t\t<div class=\"elementor-element elementor-element-f93bacf elementor-widget elementor-widget-image\" data-id=\"f93bacf\" data-element_type=\"widget\" data-widget_type=\"image.default\">\n\t\t\t\t<div class=\"elementor-widget-container\">\n\t\t\t\t\t\t\t\t\t\t\t\t\t\t\t<img width=\"1361\" height=\"964\" src=\"https:\/\/www.fiskakallinn.is\/wp-content\/uploads\/2023\/02\/Salvator-merianae-3.jpg\" class=\"attachment-full size-full\" alt=\"\" loading=\"lazy\" srcset=\"https:\/\/www.fiskakallinn.is\/wp-content\/uploads\/2023\/02\/Salvator-merianae-3.jpg 1361w, https:\/\/www.fiskakallinn.is\/wp-content\/uploads\/2023\/02\/Salvator-merianae-3-300x212.jpg 300w, https:\/\/www.fiskakallinn.is\/wp-content\/uploads\/2023\/02\/Salvator-merianae-3-1024x725.jpg 1024w, https:\/\/www.fiskakallinn.is\/wp-content\/uploads\/2023\/02\/Salvator-merianae-3-768x544.jpg 768w\" sizes=\"(max-width: 1361px) 100vw, 1361px\" \/>\t\t\t\t\t\t\t\t\t\t\t\t\t\t\t<\/div>\n\t\t\t\t<\/div>\n\t\t\t\t\t<\/div>\n\t\t<\/div>\n\t\t\t\t\t\t\t<\/div>\n\t\t<\/section>\n\t\t\t\t<section class=\"elementor-section elementor-top-section elementor-element elementor-element-e480784 elementor-section-boxed elementor-section-height-default elementor-section-height-default\" data-id=\"e480784\" data-element_type=\"section\">\n\t\t\t\t\t\t<div class=\"elementor-container elementor-column-gap-default\">\n\t\t\t\t\t<div class=\"elementor-column elementor-col-100 elementor-top-column elementor-element elementor-element-bb8e6cd\" data-id=\"bb8e6cd\" data-element_type=\"column\">\n\t\t\t<div class=\"elementor-widget-wrap elementor-element-populated\">\n\t\t\t\t\t\t\t\t<div class=\"elementor-element elementor-element-4b6dbac elementor-widget elementor-widget-text-editor\" data-id=\"4b6dbac\" data-element_type=\"widget\" data-widget_type=\"text-editor.default\">\n\t\t\t\t<div class=\"elementor-widget-container\">\n\t\t\t\t\t\t\t<p style=\"text-align: center;\">H\u00e9rna var \u00e9g kominn alveg a\u00f0 henni og var mj\u00f6g \u00e1n\u00e6g\u00f0ur me\u00f0 a\u00f0 n\u00e1 svona n\u00e6rmyndum af henni en \u00feessi var 90-100 cm \u00e1 lengd\u00a0<br \/>\u00e9g bakka\u00f0i svo varlega fr\u00e1 henni og sn\u00e9ri m\u00e9r a\u00f0 b\u00edlnum og \u00fe\u00e1 s\u00e1 \u00e9g a\u00f0 \u00feeir 4 sem voru me\u00f0 m\u00e9r \u00ed b\u00edlnum voru allir \u00fat \u00ed glugga me\u00f0 myndav\u00e9lina uppi og brostu s\u00ednu brei\u00f0asta enda haf\u00f0i lei\u00f0angursstj\u00f3rinn sagt \u00feeim a\u00f0 \u00feessi tegund r\u00e1\u00f0ist oft a\u00f0 \u00feeim sem koma of n\u00e1lagt henni og \u00e6tlu\u00f0u \u00feeir s\u00e9r a\u00f0 n\u00e1 myndum af \u00fev\u00ed \u00feegar \u00edslendingurinn myndi setja heimsmet \u00ed 60 metra hlaupi undan e\u00f0lunni me\u00f0 skelfingarsvip og \u00f6skrum, sem vissulega hef\u00f0i gerst ef h\u00fan hef\u00f0i r\u00e1\u00f0ist a\u00f0 m\u00e9r\u00a0<\/p>\t\t\t\t\t\t<\/div>\n\t\t\t\t<\/div>\n\t\t\t\t\t<\/div>\n\t\t<\/div>\n\t\t\t\t\t\t\t<\/div>\n\t\t<\/section>\n\t\t\t\t<section class=\"elementor-section elementor-top-section elementor-element elementor-element-b0f5f3d elementor-section-boxed elementor-section-height-default elementor-section-height-default\" data-id=\"b0f5f3d\" data-element_type=\"section\">\n\t\t\t\t\t\t<div class=\"elementor-container elementor-column-gap-default\">\n\t\t\t\t\t<div class=\"elementor-column elementor-col-100 elementor-top-column elementor-element elementor-element-06dd961\" data-id=\"06dd961\" data-element_type=\"column\">\n\t\t\t<div class=\"elementor-widget-wrap elementor-element-populated\">\n\t\t\t\t\t\t\t\t<div class=\"elementor-element elementor-element-7a7a579 elementor-widget elementor-widget-image\" data-id=\"7a7a579\" data-element_type=\"widget\" data-widget_type=\"image.default\">\n\t\t\t\t<div class=\"elementor-widget-container\">\n\t\t\t\t\t\t\t\t\t\t\t\t\t\t\t<img width=\"1361\" height=\"964\" src=\"https:\/\/www.fiskakallinn.is\/wp-content\/uploads\/2023\/02\/Salvator-merianae-4.jpg\" class=\"attachment-full size-full\" alt=\"\" loading=\"lazy\" srcset=\"https:\/\/www.fiskakallinn.is\/wp-content\/uploads\/2023\/02\/Salvator-merianae-4.jpg 1361w, https:\/\/www.fiskakallinn.is\/wp-content\/uploads\/2023\/02\/Salvator-merianae-4-300x212.jpg 300w, https:\/\/www.fiskakallinn.is\/wp-content\/uploads\/2023\/02\/Salvator-merianae-4-1024x725.jpg 1024w, https:\/\/www.fiskakallinn.is\/wp-content\/uploads\/2023\/02\/Salvator-merianae-4-768x544.jpg 768w\" sizes=\"(max-width: 1361px) 100vw, 1361px\" \/>\t\t\t\t\t\t\t\t\t\t\t\t\t\t\t<\/div>\n\t\t\t\t<\/div>\n\t\t\t\t\t<\/div>\n\t\t<\/div>\n\t\t\t\t\t\t\t<\/div>\n\t\t<\/section>\n\t\t\t\t<section class=\"elementor-section elementor-top-section elementor-element elementor-element-ac92bc3 elementor-section-boxed elementor-section-height-default elementor-section-height-default\" data-id=\"ac92bc3\" data-element_type=\"section\">\n\t\t\t\t\t\t<div class=\"elementor-container elementor-column-gap-default\">\n\t\t\t\t\t<div class=\"elementor-column elementor-col-100 elementor-top-column elementor-element elementor-element-9c16ee6\" data-id=\"9c16ee6\" data-element_type=\"column\">\n\t\t\t<div class=\"elementor-widget-wrap elementor-element-populated\">\n\t\t\t\t\t\t\t\t<div class=\"elementor-element elementor-element-97d3f42 elementor-widget elementor-widget-text-editor\" data-id=\"97d3f42\" data-element_type=\"widget\" data-widget_type=\"text-editor.default\">\n\t\t\t\t<div class=\"elementor-widget-container\">\n\t\t\t\t\t\t\t<p style=\"text-align: center;\">\u00deessi sem haf\u00f0i loki\u00f0 st\u00f6rfum, var undir br\u00fa, hvort h\u00fan hafi skri\u00f0i\u00f0 \u00fearna sj\u00e1lf e\u00f0a einhver stillt henni upp voru vangaveltur hj\u00e1 okkur\u00a0<br \/>H\u00fan var st\u00e6rri en hin sem g\u00e6ti bent til a\u00f0 \u00feetta s\u00e9 karld\u00fdr en \u00feeir ver\u00f0a 120-140 cm\u00a0<\/p>\t\t\t\t\t\t<\/div>\n\t\t\t\t<\/div>\n\t\t\t\t\t<\/div>\n\t\t<\/div>\n\t\t\t\t\t\t\t<\/div>\n\t\t<\/section>\n\t\t\t\t<section class=\"elementor-section elementor-top-section elementor-element elementor-element-81d78b6 elementor-section-boxed elementor-section-height-default elementor-section-height-default\" data-id=\"81d78b6\" data-element_type=\"section\">\n\t\t\t\t\t\t<div class=\"elementor-container elementor-column-gap-default\">\n\t\t\t\t\t<div class=\"elementor-column elementor-col-100 elementor-top-column elementor-element elementor-element-9e3df90\" data-id=\"9e3df90\" data-element_type=\"column\">\n\t\t\t<div class=\"elementor-widget-wrap elementor-element-populated\">\n\t\t\t\t\t\t\t\t<div class=\"elementor-element elementor-element-c72559d elementor-widget elementor-widget-image\" data-id=\"c72559d\" data-element_type=\"widget\" data-widget_type=\"image.default\">\n\t\t\t\t<div class=\"elementor-widget-container\">\n\t\t\t\t\t\t\t\t\t\t\t\t\t\t\t<img width=\"1361\" height=\"964\" src=\"https:\/\/www.fiskakallinn.is\/wp-content\/uploads\/2023\/02\/Salvator-merianae-5.jpg\" class=\"attachment-full size-full\" alt=\"\" loading=\"lazy\" srcset=\"https:\/\/www.fiskakallinn.is\/wp-content\/uploads\/2023\/02\/Salvator-merianae-5.jpg 1361w, https:\/\/www.fiskakallinn.is\/wp-content\/uploads\/2023\/02\/Salvator-merianae-5-300x212.jpg 300w, https:\/\/www.fiskakallinn.is\/wp-content\/uploads\/2023\/02\/Salvator-merianae-5-1024x725.jpg 1024w, https:\/\/www.fiskakallinn.is\/wp-content\/uploads\/2023\/02\/Salvator-merianae-5-768x544.jpg 768w\" sizes=\"(max-width: 1361px) 100vw, 1361px\" \/>\t\t\t\t\t\t\t\t\t\t\t\t\t\t\t<\/div>\n\t\t\t\t<\/div>\n\t\t\t\t\t<\/div>\n\t\t<\/div>\n\t\t\t\t\t\t\t<\/div>\n\t\t<\/section>\n\t\t\t\t<section class=\"elementor-section elementor-top-section elementor-element elementor-element-62347cf elementor-section-boxed elementor-section-height-default elementor-section-height-default\" data-id=\"62347cf\" data-element_type=\"section\">\n\t\t\t\t\t\t<div class=\"elementor-container elementor-column-gap-default\">\n\t\t\t\t\t<div class=\"elementor-column elementor-col-100 elementor-top-column elementor-element elementor-element-07ae9ff\" data-id=\"07ae9ff\" data-element_type=\"column\">\n\t\t\t<div class=\"elementor-widget-wrap elementor-element-populated\">\n\t\t\t\t\t\t\t\t<div class=\"elementor-element elementor-element-2b1f312 elementor-widget elementor-widget-text-editor\" data-id=\"2b1f312\" data-element_type=\"widget\" data-widget_type=\"text-editor.default\">\n\t\t\t\t<div class=\"elementor-widget-container\">\n\t\t\t\t\t\t\t<p style=\"text-align: center;\">\u00dea\u00f0 eina sem var j\u00e1kv\u00e6tt vi\u00f0 a\u00f0 h\u00fan v\u00e6ri ekki lengur \u00ed fullu fj\u00f6ri va\u00f0 \u00fea\u00f0 a\u00f0 \u00e9g gat sko\u00f0a\u00f0 hana talsvert betur \u00e1n \u00feess a\u00f0 eiga \u00e1 h\u00e6ttu a\u00f0 h\u00fan r\u00e9\u00f0ist \u00e1 mig \u00e9g hef\u00f0i alveg vilja\u00f0 taka myndir af hausnum \u00e1 henni en fallega gr\u00e6nar flugur voru yfir hausnum svo ekki skemmtilegt myndefni hvort sem \u00fe\u00e6r voru a\u00f0 reyna a\u00f0 verpa e\u00f0a bara a\u00f0 f\u00e1 s\u00e9r \u00ed gogginn, en flugurnar sj\u00e1st \u00e1 efri myndinni ef h\u00fan er st\u00e6kku\u00f0<\/p>\t\t\t\t\t\t<\/div>\n\t\t\t\t<\/div>\n\t\t\t\t\t<\/div>\n\t\t<\/div>\n\t\t\t\t\t\t\t<\/div>\n\t\t<\/section>\n\t\t\t\t<section class=\"elementor-section elementor-top-section elementor-element elementor-element-15c2a7e elementor-section-boxed elementor-section-height-default elementor-section-height-default\" data-id=\"15c2a7e\" data-element_type=\"section\">\n\t\t\t\t\t\t<div class=\"elementor-container elementor-column-gap-default\">\n\t\t\t\t\t<div class=\"elementor-column elementor-col-100 elementor-top-column elementor-element elementor-element-6d7cd37\" data-id=\"6d7cd37\" data-element_type=\"column\">\n\t\t\t<div class=\"elementor-widget-wrap elementor-element-populated\">\n\t\t\t\t\t\t\t\t<div class=\"elementor-element elementor-element-b1cbfc8 elementor-widget elementor-widget-image\" data-id=\"b1cbfc8\" data-element_type=\"widget\" data-widget_type=\"image.default\">\n\t\t\t\t<div class=\"elementor-widget-container\">\n\t\t\t\t\t\t\t\t\t\t\t\t\t\t\t<img width=\"1361\" height=\"964\" src=\"https:\/\/www.fiskakallinn.is\/wp-content\/uploads\/2023\/02\/Salvator-merianae-6.jpg\" class=\"attachment-full size-full\" alt=\"\" loading=\"lazy\" srcset=\"https:\/\/www.fiskakallinn.is\/wp-content\/uploads\/2023\/02\/Salvator-merianae-6.jpg 1361w, https:\/\/www.fiskakallinn.is\/wp-content\/uploads\/2023\/02\/Salvator-merianae-6-300x212.jpg 300w, https:\/\/www.fiskakallinn.is\/wp-content\/uploads\/2023\/02\/Salvator-merianae-6-1024x725.jpg 1024w, https:\/\/www.fiskakallinn.is\/wp-content\/uploads\/2023\/02\/Salvator-merianae-6-768x544.jpg 768w\" sizes=\"(max-width: 1361px) 100vw, 1361px\" \/>\t\t\t\t\t\t\t\t\t\t\t\t\t\t\t<\/div>\n\t\t\t\t<\/div>\n\t\t\t\t\t<\/div>\n\t\t<\/div>\n\t\t\t\t\t\t\t<\/div>\n\t\t<\/section>\n\t\t\t\t<section class=\"elementor-section elementor-top-section elementor-element elementor-element-5784391 elementor-section-boxed elementor-section-height-default elementor-section-height-default\" data-id=\"5784391\" data-element_type=\"section\">\n\t\t\t\t\t\t<div class=\"elementor-container elementor-column-gap-default\">\n\t\t\t\t\t<div class=\"elementor-column elementor-col-100 elementor-top-column elementor-element elementor-element-0f43444\" data-id=\"0f43444\" data-element_type=\"column\">\n\t\t\t<div class=\"elementor-widget-wrap elementor-element-populated\">\n\t\t\t\t\t\t\t\t<div class=\"elementor-element elementor-element-bca0685 elementor-widget elementor-widget-text-editor\" data-id=\"bca0685\" data-element_type=\"widget\" data-widget_type=\"text-editor.default\">\n\t\t\t\t<div class=\"elementor-widget-container\">\n\t\t\t\t\t\t\t<p style=\"text-align: center;\">\u00deessi var \u00ed s\u00f3lba\u00f0i, \u00feessi er s\u00fa minnsta sem \u00e9g hef s\u00e9\u00f0 e\u00f0a um 50 cm. minni e\u00f0lur fela sig meira enda margt sem bor\u00f0ar \u00fe\u00e6r.\u00a0<br \/>\u00feessi tegund bor\u00f0ar skord\u00fdr, \u00e1vexti og fr\u00e6 \u00e1 yngri \u00e1rum en me\u00f0 \u00e1runum vei\u00f0a \u00fe\u00e6r flest sem hreifist \u00e1 j\u00f6r\u00f0inni eins og td. sn\u00e1ka e\u00f0lur og nagd\u00fdr og alveg upp \u00ed Armodillo en einnig leita \u00fe\u00e6r uppi hrei\u00f0ur og \u00e9ta eggin\u00a0<\/p>\t\t\t\t\t\t<\/div>\n\t\t\t\t<\/div>\n\t\t\t\t\t<\/div>\n\t\t<\/div>\n\t\t\t\t\t\t\t<\/div>\n\t\t<\/section>\n\t\t\t\t\t\t\t<\/div>\n\t\t","protected":false},"excerpt":{"rendered":"<p>Salvator merianae \u00deessa st\u00f3ru en fallegu e\u00f0lu s\u00e1 \u00e9g fyrst \u00feegar vi\u00f0 vorum a\u00f0 keyra yfir st\u00f3r t\u00fan \u00ed \u00dar\u00fagv\u00e6 til a\u00f0 komast a\u00f0 \u00e1 sem liggur a\u00f0 Brasil\u00edu og ba\u00f0 \u00e9g b\u00edlstj\u00f3rann a\u00f0 stoppa svo \u00e9g g\u00e6ti teki\u00f0 myndir, h\u00e9r er \u00e9g a\u00f0 s\u00fama vel inn \u00e1 myndav\u00e9linni enda veit ma\u00f0ur aldrei hven\u00e6r d\u00fdr &hellip;<\/p>\n<p class=\"read-more\"> <a class=\"\" href=\"https:\/\/www.fiskakallinn.is\/?page_id=5728\"> <span class=\"screen-reader-text\">Salvator merianae e\u00f0lur<\/span> Read More &raquo;<\/a><\/p>\n","protected":false},"author":2,"featured_media":0,"parent":0,"menu_order":0,"comment_status":"closed","ping_status":"closed","template":"","meta":{"sfsi_plus_gutenberg_text_before_share":"","sfsi_plus_gutenberg_show_text_before_share":"","sfsi_plus_gutenberg_icon_type":"","sfsi_plus_gutenberg_icon_alignemt":"","sfsi_plus_gutenburg_max_per_row":"","site-sidebar-layout":"no-sidebar","site-content-layout":"page-builder","ast-main-header-display":"","ast-hfb-above-header-display":"","ast-hfb-below-header-display":"","ast-hfb-mobile-header-display":"","site-post-title":"disabled","ast-breadcrumbs-content":"","ast-featured-img":"disabled","footer-sml-layout":"","theme-transparent-header-meta":"","adv-header-id-meta":"","stick-header-meta":"","header-above-stick-meta":"","header-main-stick-meta":"","header-below-stick-meta":""},"_links":{"self":[{"href":"https:\/\/www.fiskakallinn.is\/index.php?rest_route=\/wp\/v2\/pages\/5728"}],"collection":[{"href":"https:\/\/www.fiskakallinn.is\/index.php?rest_route=\/wp\/v2\/pages"}],"about":[{"href":"https:\/\/www.fiskakallinn.is\/index.php?rest_route=\/wp\/v2\/types\/page"}],"author":[{"embeddable":true,"href":"https:\/\/www.fiskakallinn.is\/index.php?rest_route=\/wp\/v2\/users\/2"}],"replies":[{"embeddable":true,"href":"https:\/\/www.fiskakallinn.is\/index.php?rest_route=%2Fwp%2Fv2%2Fcomments&post=5728"}],"version-history":[{"count":3,"href":"https:\/\/www.fiskakallinn.is\/index.php?rest_route=\/wp\/v2\/pages\/5728\/revisions"}],"predecessor-version":[{"id":5731,"href":"https:\/\/www.fiskakallinn.is\/index.php?rest_route=\/wp\/v2\/pages\/5728\/revisions\/5731"}],"wp:attachment":[{"href":"https:\/\/www.fiskakallinn.is\/index.php?rest_route=%2Fwp%2Fv2%2Fmedia&parent=5728"}],"curies":[{"name":"wp","href":"https:\/\/api.w.org\/{rel}","templated":true}]}}