{"id":6300,"date":"2025-05-20T19:59:04","date_gmt":"2025-05-20T19:59:04","guid":{"rendered":"https:\/\/www.fiskakallinn.is\/?page_id=6300"},"modified":"2025-05-20T20:08:34","modified_gmt":"2025-05-20T20:08:34","slug":"salamanca","status":"publish","type":"page","link":"https:\/\/www.fiskakallinn.is\/?page_id=6300","title":{"rendered":"Salamanca"},"content":{"rendered":"\t\t<div data-elementor-type=\"wp-page\" data-elementor-id=\"6300\" class=\"elementor elementor-6300\">\n\t\t\t\t\t\t\t\t\t<section class=\"elementor-section elementor-top-section elementor-element elementor-element-e17028a elementor-section-boxed elementor-section-height-default elementor-section-height-default\" data-id=\"e17028a\" data-element_type=\"section\">\n\t\t\t\t\t\t<div class=\"elementor-container elementor-column-gap-default\">\n\t\t\t\t\t<div class=\"elementor-column elementor-col-100 elementor-top-column elementor-element elementor-element-a0b066b\" data-id=\"a0b066b\" data-element_type=\"column\">\n\t\t\t<div class=\"elementor-widget-wrap elementor-element-populated\">\n\t\t\t\t\t\t\t\t<div class=\"elementor-element elementor-element-9f6a2d9 elementor-widget elementor-widget-text-editor\" data-id=\"9f6a2d9\" data-element_type=\"widget\" data-widget_type=\"text-editor.default\">\n\t\t\t\t<div class=\"elementor-widget-container\">\n\t\t\t\t\t\t\t<h2 style=\"text-align: center;\"><strong>Salamanca Uruguay<\/strong><\/h2>\t\t\t\t\t\t<\/div>\n\t\t\t\t<\/div>\n\t\t\t\t\t<\/div>\n\t\t<\/div>\n\t\t\t\t\t\t\t<\/div>\n\t\t<\/section>\n\t\t\t\t<section class=\"elementor-section elementor-top-section elementor-element elementor-element-8df131d elementor-section-boxed elementor-section-height-default elementor-section-height-default\" data-id=\"8df131d\" data-element_type=\"section\">\n\t\t\t\t\t\t<div class=\"elementor-container elementor-column-gap-default\">\n\t\t\t\t\t<div class=\"elementor-column elementor-col-100 elementor-top-column elementor-element elementor-element-eea59ff\" data-id=\"eea59ff\" data-element_type=\"column\">\n\t\t\t<div class=\"elementor-widget-wrap elementor-element-populated\">\n\t\t\t\t\t\t\t\t<div class=\"elementor-element elementor-element-141d1bf elementor-widget elementor-widget-image\" data-id=\"141d1bf\" data-element_type=\"widget\" data-widget_type=\"image.default\">\n\t\t\t\t<div class=\"elementor-widget-container\">\n\t\t\t\t\t\t\t\t\t\t\t\t\t\t\t<img width=\"1361\" height=\"964\" src=\"https:\/\/www.fiskakallinn.is\/wp-content\/uploads\/2025\/05\/salamanca-steinar-1.jpg\" class=\"attachment-full size-full\" alt=\"\" loading=\"lazy\" srcset=\"https:\/\/www.fiskakallinn.is\/wp-content\/uploads\/2025\/05\/salamanca-steinar-1.jpg 1361w, https:\/\/www.fiskakallinn.is\/wp-content\/uploads\/2025\/05\/salamanca-steinar-1-300x212.jpg 300w, https:\/\/www.fiskakallinn.is\/wp-content\/uploads\/2025\/05\/salamanca-steinar-1-1024x725.jpg 1024w, https:\/\/www.fiskakallinn.is\/wp-content\/uploads\/2025\/05\/salamanca-steinar-1-768x544.jpg 768w\" sizes=\"(max-width: 1361px) 100vw, 1361px\" \/>\t\t\t\t\t\t\t\t\t\t\t\t\t\t\t<\/div>\n\t\t\t\t<\/div>\n\t\t\t\t\t<\/div>\n\t\t<\/div>\n\t\t\t\t\t\t\t<\/div>\n\t\t<\/section>\n\t\t\t\t<section class=\"elementor-section elementor-top-section elementor-element elementor-element-fa0f4a8 elementor-section-boxed elementor-section-height-default elementor-section-height-default\" data-id=\"fa0f4a8\" data-element_type=\"section\">\n\t\t\t\t\t\t<div class=\"elementor-container elementor-column-gap-default\">\n\t\t\t\t\t<div class=\"elementor-column elementor-col-100 elementor-top-column elementor-element elementor-element-6045336\" data-id=\"6045336\" data-element_type=\"column\">\n\t\t\t<div class=\"elementor-widget-wrap elementor-element-populated\">\n\t\t\t\t\t\t\t\t<div class=\"elementor-element elementor-element-3d19f34 elementor-widget elementor-widget-text-editor\" data-id=\"3d19f34\" data-element_type=\"widget\" data-widget_type=\"text-editor.default\">\n\t\t\t\t<div class=\"elementor-widget-container\">\n\t\t\t\t\t\t\t<p style=\"text-align: center;\">\u00deetta var \u00ed fyrsta sinn sem \u00e9g kom til Salamanca, en \u00e9g haf\u00f0i heyrt Ken f\u00e9laga minn tala vel um sta\u00f0inn og hann st\u00f3\u00f0st allar v\u00e6ntingar\u00a0<br \/>L\u00edti\u00f0 rennsli var \u00ed l\u00e6knum en miki\u00f0 af steinum og grj\u00f3ti sem \u00e9g hef aldrei s\u00e9\u00f0 \u00ed \u00feessu magni \u00ed \u00dar\u00fagv\u00e6\u00a0<\/p>\t\t\t\t\t\t<\/div>\n\t\t\t\t<\/div>\n\t\t\t\t\t<\/div>\n\t\t<\/div>\n\t\t\t\t\t\t\t<\/div>\n\t\t<\/section>\n\t\t\t\t<section class=\"elementor-section elementor-top-section elementor-element elementor-element-1c55750 elementor-section-boxed elementor-section-height-default elementor-section-height-default\" data-id=\"1c55750\" data-element_type=\"section\">\n\t\t\t\t\t\t<div class=\"elementor-container elementor-column-gap-default\">\n\t\t\t\t\t<div class=\"elementor-column elementor-col-100 elementor-top-column elementor-element elementor-element-b3d2759\" data-id=\"b3d2759\" data-element_type=\"column\">\n\t\t\t<div class=\"elementor-widget-wrap elementor-element-populated\">\n\t\t\t\t\t\t\t\t<div class=\"elementor-element elementor-element-9d66575 elementor-widget elementor-widget-image\" data-id=\"9d66575\" data-element_type=\"widget\" data-widget_type=\"image.default\">\n\t\t\t\t<div class=\"elementor-widget-container\">\n\t\t\t\t\t\t\t\t\t\t\t\t\t\t\t<img width=\"1361\" height=\"964\" src=\"https:\/\/www.fiskakallinn.is\/wp-content\/uploads\/2025\/05\/salamanca-steinar-2.jpg\" class=\"attachment-full size-full\" alt=\"\" loading=\"lazy\" srcset=\"https:\/\/www.fiskakallinn.is\/wp-content\/uploads\/2025\/05\/salamanca-steinar-2.jpg 1361w, https:\/\/www.fiskakallinn.is\/wp-content\/uploads\/2025\/05\/salamanca-steinar-2-300x212.jpg 300w, https:\/\/www.fiskakallinn.is\/wp-content\/uploads\/2025\/05\/salamanca-steinar-2-1024x725.jpg 1024w, https:\/\/www.fiskakallinn.is\/wp-content\/uploads\/2025\/05\/salamanca-steinar-2-768x544.jpg 768w\" sizes=\"(max-width: 1361px) 100vw, 1361px\" \/>\t\t\t\t\t\t\t\t\t\t\t\t\t\t\t<\/div>\n\t\t\t\t<\/div>\n\t\t\t\t\t<\/div>\n\t\t<\/div>\n\t\t\t\t\t\t\t<\/div>\n\t\t<\/section>\n\t\t\t\t<section class=\"elementor-section elementor-top-section elementor-element elementor-element-89f972e elementor-section-boxed elementor-section-height-default elementor-section-height-default\" data-id=\"89f972e\" data-element_type=\"section\">\n\t\t\t\t\t\t<div class=\"elementor-container elementor-column-gap-default\">\n\t\t\t\t\t<div class=\"elementor-column elementor-col-100 elementor-top-column elementor-element elementor-element-c354851\" data-id=\"c354851\" data-element_type=\"column\">\n\t\t\t<div class=\"elementor-widget-wrap elementor-element-populated\">\n\t\t\t\t\t\t\t\t<div class=\"elementor-element elementor-element-8d1d7a8 elementor-widget elementor-widget-text-editor\" data-id=\"8d1d7a8\" data-element_type=\"widget\" data-widget_type=\"text-editor.default\">\n\t\t\t\t<div class=\"elementor-widget-container\">\n\t\t\t\t\t\t\t<p style=\"text-align: center;\">Tetrur eru \u00fat um allt landi\u00f0 og nokkrara tegundir l\u00edta nokkurn veginn svona \u00fat en \u00e9g giska \u00e1 a\u00f0 \u00feetta s\u00e9 Psalidodon anisitsi sem er algeng \u00ed fiskab\u00farum<\/p>\t\t\t\t\t\t<\/div>\n\t\t\t\t<\/div>\n\t\t\t\t\t<\/div>\n\t\t<\/div>\n\t\t\t\t\t\t\t<\/div>\n\t\t<\/section>\n\t\t\t\t<section class=\"elementor-section elementor-top-section elementor-element elementor-element-66bcda5 elementor-section-boxed elementor-section-height-default elementor-section-height-default\" data-id=\"66bcda5\" data-element_type=\"section\">\n\t\t\t\t\t\t<div class=\"elementor-container elementor-column-gap-default\">\n\t\t\t\t\t<div class=\"elementor-column elementor-col-100 elementor-top-column elementor-element elementor-element-eddea69\" data-id=\"eddea69\" data-element_type=\"column\">\n\t\t\t<div class=\"elementor-widget-wrap elementor-element-populated\">\n\t\t\t\t\t\t\t\t<div class=\"elementor-element elementor-element-b640843 elementor-widget elementor-widget-image\" data-id=\"b640843\" data-element_type=\"widget\" data-widget_type=\"image.default\">\n\t\t\t\t<div class=\"elementor-widget-container\">\n\t\t\t\t\t\t\t\t\t\t\t\t\t\t\t<img width=\"1361\" height=\"964\" src=\"https:\/\/www.fiskakallinn.is\/wp-content\/uploads\/2025\/05\/salamanca-steinar-3.jpg\" class=\"attachment-full size-full\" alt=\"\" loading=\"lazy\" srcset=\"https:\/\/www.fiskakallinn.is\/wp-content\/uploads\/2025\/05\/salamanca-steinar-3.jpg 1361w, https:\/\/www.fiskakallinn.is\/wp-content\/uploads\/2025\/05\/salamanca-steinar-3-300x212.jpg 300w, https:\/\/www.fiskakallinn.is\/wp-content\/uploads\/2025\/05\/salamanca-steinar-3-1024x725.jpg 1024w, https:\/\/www.fiskakallinn.is\/wp-content\/uploads\/2025\/05\/salamanca-steinar-3-768x544.jpg 768w\" sizes=\"(max-width: 1361px) 100vw, 1361px\" \/>\t\t\t\t\t\t\t\t\t\t\t\t\t\t\t<\/div>\n\t\t\t\t<\/div>\n\t\t\t\t\t<\/div>\n\t\t<\/div>\n\t\t\t\t\t\t\t<\/div>\n\t\t<\/section>\n\t\t\t\t<section class=\"elementor-section elementor-top-section elementor-element elementor-element-3f91502 elementor-section-boxed elementor-section-height-default elementor-section-height-default\" data-id=\"3f91502\" data-element_type=\"section\">\n\t\t\t\t\t\t<div class=\"elementor-container elementor-column-gap-default\">\n\t\t\t\t\t<div class=\"elementor-column elementor-col-100 elementor-top-column elementor-element elementor-element-7b54015\" data-id=\"7b54015\" data-element_type=\"column\">\n\t\t\t<div class=\"elementor-widget-wrap elementor-element-populated\">\n\t\t\t\t\t\t\t\t<div class=\"elementor-element elementor-element-253daca elementor-widget elementor-widget-text-editor\" data-id=\"253daca\" data-element_type=\"widget\" data-widget_type=\"text-editor.default\">\n\t\t\t\t<div class=\"elementor-widget-container\">\n\t\t\t\t\t\t\t<p style=\"text-align: center;\">Skemmtilegt a\u00f0 hafa grj\u00f3ti\u00f0 me\u00f0 pl\u00f6ntum \u00fe\u00f3tt \u00fea\u00f0 hafi veri\u00f0 vonlaust a\u00f0 vei\u00f0a \u00fearna og ekki skemmir a\u00f0 kaktusar uxu v\u00ed\u00f0a \u00e1 grj\u00f3tinu\u00a0<\/p>\t\t\t\t\t\t<\/div>\n\t\t\t\t<\/div>\n\t\t\t\t\t<\/div>\n\t\t<\/div>\n\t\t\t\t\t\t\t<\/div>\n\t\t<\/section>\n\t\t\t\t<section class=\"elementor-section elementor-top-section elementor-element elementor-element-72579a6 elementor-section-boxed elementor-section-height-default elementor-section-height-default\" data-id=\"72579a6\" data-element_type=\"section\">\n\t\t\t\t\t\t<div class=\"elementor-container elementor-column-gap-default\">\n\t\t\t\t\t<div class=\"elementor-column elementor-col-100 elementor-top-column elementor-element elementor-element-d2a723b\" data-id=\"d2a723b\" data-element_type=\"column\">\n\t\t\t<div class=\"elementor-widget-wrap elementor-element-populated\">\n\t\t\t\t\t\t\t\t<div class=\"elementor-element elementor-element-bff039b elementor-widget elementor-widget-image\" data-id=\"bff039b\" data-element_type=\"widget\" data-widget_type=\"image.default\">\n\t\t\t\t<div class=\"elementor-widget-container\">\n\t\t\t\t\t\t\t\t\t\t\t\t\t\t\t<img width=\"1361\" height=\"964\" src=\"https:\/\/www.fiskakallinn.is\/wp-content\/uploads\/2025\/05\/salamanca-steinar-4.jpg\" class=\"attachment-full size-full\" alt=\"\" loading=\"lazy\" srcset=\"https:\/\/www.fiskakallinn.is\/wp-content\/uploads\/2025\/05\/salamanca-steinar-4.jpg 1361w, https:\/\/www.fiskakallinn.is\/wp-content\/uploads\/2025\/05\/salamanca-steinar-4-300x212.jpg 300w, https:\/\/www.fiskakallinn.is\/wp-content\/uploads\/2025\/05\/salamanca-steinar-4-1024x725.jpg 1024w, https:\/\/www.fiskakallinn.is\/wp-content\/uploads\/2025\/05\/salamanca-steinar-4-768x544.jpg 768w\" sizes=\"(max-width: 1361px) 100vw, 1361px\" \/>\t\t\t\t\t\t\t\t\t\t\t\t\t\t\t<\/div>\n\t\t\t\t<\/div>\n\t\t\t\t\t<\/div>\n\t\t<\/div>\n\t\t\t\t\t\t\t<\/div>\n\t\t<\/section>\n\t\t\t\t<section class=\"elementor-section elementor-top-section elementor-element elementor-element-77d1053 elementor-section-boxed elementor-section-height-default elementor-section-height-default\" data-id=\"77d1053\" data-element_type=\"section\">\n\t\t\t\t\t\t<div class=\"elementor-container elementor-column-gap-default\">\n\t\t\t\t\t<div class=\"elementor-column elementor-col-100 elementor-top-column elementor-element elementor-element-389f5d4\" data-id=\"389f5d4\" data-element_type=\"column\">\n\t\t\t<div class=\"elementor-widget-wrap elementor-element-populated\">\n\t\t\t\t\t\t\t\t<div class=\"elementor-element elementor-element-d280a2f elementor-widget elementor-widget-text-editor\" data-id=\"d280a2f\" data-element_type=\"widget\" data-widget_type=\"text-editor.default\">\n\t\t\t\t<div class=\"elementor-widget-container\">\n\t\t\t\t\t\t\t<p style=\"text-align: center;\">\u00dearna fyrir ne\u00f0an var hylur fullur af fiski og s\u00e1tum vi\u00f0 \u00fearna lengi og dorgu\u00f0um\u00a0<\/p>\t\t\t\t\t\t<\/div>\n\t\t\t\t<\/div>\n\t\t\t\t\t<\/div>\n\t\t<\/div>\n\t\t\t\t\t\t\t<\/div>\n\t\t<\/section>\n\t\t\t\t<section class=\"elementor-section elementor-top-section elementor-element elementor-element-bc84d94 elementor-section-boxed elementor-section-height-default elementor-section-height-default\" data-id=\"bc84d94\" data-element_type=\"section\">\n\t\t\t\t\t\t<div class=\"elementor-container elementor-column-gap-default\">\n\t\t\t\t\t<div class=\"elementor-column elementor-col-100 elementor-top-column elementor-element elementor-element-1a9aa2e\" data-id=\"1a9aa2e\" data-element_type=\"column\">\n\t\t\t<div class=\"elementor-widget-wrap elementor-element-populated\">\n\t\t\t\t\t\t\t\t<div class=\"elementor-element elementor-element-361a514 elementor-widget elementor-widget-image\" data-id=\"361a514\" data-element_type=\"widget\" data-widget_type=\"image.default\">\n\t\t\t\t<div class=\"elementor-widget-container\">\n\t\t\t\t\t\t\t\t\t\t\t\t\t\t\t<img width=\"1361\" height=\"964\" src=\"https:\/\/www.fiskakallinn.is\/wp-content\/uploads\/2025\/05\/salamanca-steinar-5.jpg\" class=\"attachment-full size-full\" alt=\"\" loading=\"lazy\" srcset=\"https:\/\/www.fiskakallinn.is\/wp-content\/uploads\/2025\/05\/salamanca-steinar-5.jpg 1361w, https:\/\/www.fiskakallinn.is\/wp-content\/uploads\/2025\/05\/salamanca-steinar-5-300x212.jpg 300w, https:\/\/www.fiskakallinn.is\/wp-content\/uploads\/2025\/05\/salamanca-steinar-5-1024x725.jpg 1024w, https:\/\/www.fiskakallinn.is\/wp-content\/uploads\/2025\/05\/salamanca-steinar-5-768x544.jpg 768w\" sizes=\"(max-width: 1361px) 100vw, 1361px\" \/>\t\t\t\t\t\t\t\t\t\t\t\t\t\t\t<\/div>\n\t\t\t\t<\/div>\n\t\t\t\t\t<\/div>\n\t\t<\/div>\n\t\t\t\t\t\t\t<\/div>\n\t\t<\/section>\n\t\t\t\t<section class=\"elementor-section elementor-top-section elementor-element elementor-element-4e85348 elementor-section-boxed elementor-section-height-default elementor-section-height-default\" data-id=\"4e85348\" data-element_type=\"section\">\n\t\t\t\t\t\t<div class=\"elementor-container elementor-column-gap-default\">\n\t\t\t\t\t<div class=\"elementor-column elementor-col-100 elementor-top-column elementor-element elementor-element-c6fac20\" data-id=\"c6fac20\" data-element_type=\"column\">\n\t\t\t<div class=\"elementor-widget-wrap elementor-element-populated\">\n\t\t\t\t\t\t\t\t<div class=\"elementor-element elementor-element-a69a3c4 elementor-widget elementor-widget-text-editor\" data-id=\"a69a3c4\" data-element_type=\"widget\" data-widget_type=\"text-editor.default\">\n\t\t\t\t<div class=\"elementor-widget-container\">\n\t\t\t\t\t\t\t<p style=\"text-align: center;\">Ein a\u00f0al s\u00edkli\u00f0an sem beit \u00e1 var Crenicichla punctata sem \u00e9g var a\u00f0 vei\u00f0a \u00ed fyrsta skifti \u00fer\u00e1tt fyrir margar fer\u00f0ir til \u00dar\u00fagv\u00e6 en \u00feetta var \u00ed fyrsta sinn sem \u00e9g f\u00f3r a\u00f0eins yfir \u00ed austur hluta landsins\u00a0<\/p>\t\t\t\t\t\t<\/div>\n\t\t\t\t<\/div>\n\t\t\t\t\t<\/div>\n\t\t<\/div>\n\t\t\t\t\t\t\t<\/div>\n\t\t<\/section>\n\t\t\t\t<section class=\"elementor-section elementor-top-section elementor-element elementor-element-1452437 elementor-section-boxed elementor-section-height-default elementor-section-height-default\" data-id=\"1452437\" data-element_type=\"section\">\n\t\t\t\t\t\t<div class=\"elementor-container elementor-column-gap-default\">\n\t\t\t\t\t<div class=\"elementor-column elementor-col-100 elementor-top-column elementor-element elementor-element-0514ed6\" data-id=\"0514ed6\" data-element_type=\"column\">\n\t\t\t<div class=\"elementor-widget-wrap elementor-element-populated\">\n\t\t\t\t\t\t\t\t<div class=\"elementor-element elementor-element-9b2a6e2 elementor-widget elementor-widget-image\" data-id=\"9b2a6e2\" data-element_type=\"widget\" data-widget_type=\"image.default\">\n\t\t\t\t<div class=\"elementor-widget-container\">\n\t\t\t\t\t\t\t\t\t\t\t\t\t\t\t<img width=\"1361\" height=\"964\" src=\"https:\/\/www.fiskakallinn.is\/wp-content\/uploads\/2025\/05\/salamanca-steinar-6.jpg\" class=\"attachment-full size-full\" alt=\"\" loading=\"lazy\" srcset=\"https:\/\/www.fiskakallinn.is\/wp-content\/uploads\/2025\/05\/salamanca-steinar-6.jpg 1361w, https:\/\/www.fiskakallinn.is\/wp-content\/uploads\/2025\/05\/salamanca-steinar-6-300x212.jpg 300w, https:\/\/www.fiskakallinn.is\/wp-content\/uploads\/2025\/05\/salamanca-steinar-6-1024x725.jpg 1024w, https:\/\/www.fiskakallinn.is\/wp-content\/uploads\/2025\/05\/salamanca-steinar-6-768x544.jpg 768w\" sizes=\"(max-width: 1361px) 100vw, 1361px\" \/>\t\t\t\t\t\t\t\t\t\t\t\t\t\t\t<\/div>\n\t\t\t\t<\/div>\n\t\t\t\t\t<\/div>\n\t\t<\/div>\n\t\t\t\t\t\t\t<\/div>\n\t\t<\/section>\n\t\t\t\t<section class=\"elementor-section elementor-top-section elementor-element elementor-element-ccab1a6 elementor-section-boxed elementor-section-height-default elementor-section-height-default\" data-id=\"ccab1a6\" data-element_type=\"section\">\n\t\t\t\t\t\t<div class=\"elementor-container elementor-column-gap-default\">\n\t\t\t\t\t<div class=\"elementor-column elementor-col-100 elementor-top-column elementor-element elementor-element-4b8690d\" data-id=\"4b8690d\" data-element_type=\"column\">\n\t\t\t<div class=\"elementor-widget-wrap elementor-element-populated\">\n\t\t\t\t\t\t\t\t<div class=\"elementor-element elementor-element-1c47bda elementor-widget elementor-widget-text-editor\" data-id=\"1c47bda\" data-element_type=\"widget\" data-widget_type=\"text-editor.default\">\n\t\t\t\t<div class=\"elementor-widget-container\">\n\t\t\t\t\t\t\t<p style=\"text-align: center;\">S\u00fa st\u00e6rsta sem kom \u00e1 land taldi \u00e9g vera a\u00f0ra tegund en l\u00edklegasta er \u00feetta bara fullor\u00f0in punctata en \u00fear sem \u00e9g hef aldrei veitt \u00fe\u00e6r \u00e1\u00f0ur hef \u00e9g ekki reynsluna \u00e1 a\u00f0 \u00feekkja m\u00f6gulega litabreitingar sem mismunandi a\u00f0st\u00e6\u00f0ur sem og aldur geta valdi\u00f0\u00a0<\/p>\t\t\t\t\t\t<\/div>\n\t\t\t\t<\/div>\n\t\t\t\t\t<\/div>\n\t\t<\/div>\n\t\t\t\t\t\t\t<\/div>\n\t\t<\/section>\n\t\t\t\t<section class=\"elementor-section elementor-top-section elementor-element elementor-element-ebd917a elementor-section-boxed elementor-section-height-default elementor-section-height-default\" data-id=\"ebd917a\" data-element_type=\"section\">\n\t\t\t\t\t\t<div class=\"elementor-container elementor-column-gap-default\">\n\t\t\t\t\t<div class=\"elementor-column elementor-col-100 elementor-top-column elementor-element elementor-element-fe12aa1\" data-id=\"fe12aa1\" data-element_type=\"column\">\n\t\t\t<div class=\"elementor-widget-wrap elementor-element-populated\">\n\t\t\t\t\t\t\t\t<div class=\"elementor-element elementor-element-48886fa elementor-widget elementor-widget-image\" data-id=\"48886fa\" data-element_type=\"widget\" data-widget_type=\"image.default\">\n\t\t\t\t<div class=\"elementor-widget-container\">\n\t\t\t\t\t\t\t\t\t\t\t\t\t\t\t<img width=\"1361\" height=\"964\" src=\"https:\/\/www.fiskakallinn.is\/wp-content\/uploads\/2025\/05\/salamanca-steinar-7.jpg\" class=\"attachment-full size-full\" alt=\"\" loading=\"lazy\" srcset=\"https:\/\/www.fiskakallinn.is\/wp-content\/uploads\/2025\/05\/salamanca-steinar-7.jpg 1361w, https:\/\/www.fiskakallinn.is\/wp-content\/uploads\/2025\/05\/salamanca-steinar-7-300x212.jpg 300w, https:\/\/www.fiskakallinn.is\/wp-content\/uploads\/2025\/05\/salamanca-steinar-7-1024x725.jpg 1024w, https:\/\/www.fiskakallinn.is\/wp-content\/uploads\/2025\/05\/salamanca-steinar-7-768x544.jpg 768w\" sizes=\"(max-width: 1361px) 100vw, 1361px\" \/>\t\t\t\t\t\t\t\t\t\t\t\t\t\t\t<\/div>\n\t\t\t\t<\/div>\n\t\t\t\t\t<\/div>\n\t\t<\/div>\n\t\t\t\t\t\t\t<\/div>\n\t\t<\/section>\n\t\t\t\t<section class=\"elementor-section elementor-top-section elementor-element elementor-element-f52eaa9 elementor-section-boxed elementor-section-height-default elementor-section-height-default\" data-id=\"f52eaa9\" data-element_type=\"section\">\n\t\t\t\t\t\t<div class=\"elementor-container elementor-column-gap-default\">\n\t\t\t\t\t<div class=\"elementor-column elementor-col-100 elementor-top-column elementor-element elementor-element-67da7e5\" data-id=\"67da7e5\" data-element_type=\"column\">\n\t\t\t<div class=\"elementor-widget-wrap elementor-element-populated\">\n\t\t\t\t\t\t\t\t<div class=\"elementor-element elementor-element-43c1e30 elementor-widget elementor-widget-text-editor\" data-id=\"43c1e30\" data-element_type=\"widget\" data-widget_type=\"text-editor.default\">\n\t\t\t\t<div class=\"elementor-widget-container\">\n\t\t\t\t\t\t\t<p style=\"text-align: center;\">\u00dear sem \u00dar\u00fagv\u00e6 er miki\u00f0 flatlendi \u00fe\u00e1 er \u00feetta lang h\u00e6\u00f0sti foss sem \u00e9g hef s\u00e9\u00f0 \u00ed landinu og ekki var hann vatnsmikill en \u00feessi litli l\u00e6kur er fullur af fiski, \u00fear sem hann rennur ni\u00f0ur eftir landinu<\/p>\t\t\t\t\t\t<\/div>\n\t\t\t\t<\/div>\n\t\t\t\t\t<\/div>\n\t\t<\/div>\n\t\t\t\t\t\t\t<\/div>\n\t\t<\/section>\n\t\t\t\t<section class=\"elementor-section elementor-top-section elementor-element elementor-element-55e15ad elementor-section-boxed elementor-section-height-default elementor-section-height-default\" data-id=\"55e15ad\" data-element_type=\"section\">\n\t\t\t\t\t\t<div class=\"elementor-container elementor-column-gap-default\">\n\t\t\t\t\t<div class=\"elementor-column elementor-col-100 elementor-top-column elementor-element elementor-element-8c72ed3\" data-id=\"8c72ed3\" data-element_type=\"column\">\n\t\t\t<div class=\"elementor-widget-wrap elementor-element-populated\">\n\t\t\t\t\t\t\t\t<div class=\"elementor-element elementor-element-ced29d8 elementor-widget elementor-widget-image\" data-id=\"ced29d8\" data-element_type=\"widget\" data-widget_type=\"image.default\">\n\t\t\t\t<div class=\"elementor-widget-container\">\n\t\t\t\t\t\t\t\t\t\t\t\t\t\t\t<img width=\"1361\" height=\"964\" src=\"https:\/\/www.fiskakallinn.is\/wp-content\/uploads\/2025\/05\/salamanca-steinar-8.jpg\" class=\"attachment-full size-full\" alt=\"\" loading=\"lazy\" srcset=\"https:\/\/www.fiskakallinn.is\/wp-content\/uploads\/2025\/05\/salamanca-steinar-8.jpg 1361w, https:\/\/www.fiskakallinn.is\/wp-content\/uploads\/2025\/05\/salamanca-steinar-8-300x212.jpg 300w, https:\/\/www.fiskakallinn.is\/wp-content\/uploads\/2025\/05\/salamanca-steinar-8-1024x725.jpg 1024w, https:\/\/www.fiskakallinn.is\/wp-content\/uploads\/2025\/05\/salamanca-steinar-8-768x544.jpg 768w\" sizes=\"(max-width: 1361px) 100vw, 1361px\" \/>\t\t\t\t\t\t\t\t\t\t\t\t\t\t\t<\/div>\n\t\t\t\t<\/div>\n\t\t\t\t\t<\/div>\n\t\t<\/div>\n\t\t\t\t\t\t\t<\/div>\n\t\t<\/section>\n\t\t\t\t<section class=\"elementor-section elementor-top-section elementor-element elementor-element-b48e394 elementor-section-boxed elementor-section-height-default elementor-section-height-default\" data-id=\"b48e394\" data-element_type=\"section\">\n\t\t\t\t\t\t<div class=\"elementor-container elementor-column-gap-default\">\n\t\t\t\t\t<div class=\"elementor-column elementor-col-100 elementor-top-column elementor-element elementor-element-3d1870d\" data-id=\"3d1870d\" data-element_type=\"column\">\n\t\t\t<div class=\"elementor-widget-wrap elementor-element-populated\">\n\t\t\t\t\t\t\t\t<div class=\"elementor-element elementor-element-eb12000 elementor-widget elementor-widget-text-editor\" data-id=\"eb12000\" data-element_type=\"widget\" data-widget_type=\"text-editor.default\">\n\t\t\t\t<div class=\"elementor-widget-container\">\n\t\t\t\t\t\t\t<p style=\"text-align: center;\">St\u00e6rsti fiskur sem kom \u00e1 land \u00e1 \u00feessum sta\u00f0 var kattfiskur Rhamdia aff. quelen sem Rex veiddi, \u00fe\u00f3tt allir s\u00e9u almennt a\u00f0 leita a\u00f0 minni tegundum \u00fe\u00e1 er gaman a\u00f0 sj\u00e1 st\u00e6rri fiska en til a\u00f0 n\u00e1 alv\u00f6ru monsterum \u00fearf \u00e9g a\u00f0 fara einn \u00ed fer\u00f0, og s\u00e6kja \u00fe\u00e1 st\u00e6rri \u00e1r heim, ,<\/p>\t\t\t\t\t\t<\/div>\n\t\t\t\t<\/div>\n\t\t\t\t\t<\/div>\n\t\t<\/div>\n\t\t\t\t\t\t\t<\/div>\n\t\t<\/section>\n\t\t\t\t\t\t\t<\/div>\n\t\t","protected":false},"excerpt":{"rendered":"<p>Salamanca Uruguay \u00deetta var \u00ed fyrsta sinn sem \u00e9g kom til Salamanca, en \u00e9g haf\u00f0i heyrt Ken f\u00e9laga minn tala vel um sta\u00f0inn og hann st\u00f3\u00f0st allar v\u00e6ntingar\u00a0L\u00edti\u00f0 rennsli var \u00ed l\u00e6knum en miki\u00f0 af steinum og grj\u00f3ti sem \u00e9g hef aldrei s\u00e9\u00f0 \u00ed \u00feessu magni \u00ed \u00dar\u00fagv\u00e6\u00a0 Tetrur eru \u00fat um allt landi\u00f0 og &hellip;<\/p>\n<p class=\"read-more\"> <a class=\"\" href=\"https:\/\/www.fiskakallinn.is\/?page_id=6300\"> <span class=\"screen-reader-text\">Salamanca<\/span> Read More &raquo;<\/a><\/p>\n","protected":false},"author":2,"featured_media":0,"parent":0,"menu_order":0,"comment_status":"closed","ping_status":"closed","template":"","meta":{"sfsi_plus_gutenberg_text_before_share":"","sfsi_plus_gutenberg_show_text_before_share":"","sfsi_plus_gutenberg_icon_type":"","sfsi_plus_gutenberg_icon_alignemt":"","sfsi_plus_gutenburg_max_per_row":"","site-sidebar-layout":"no-sidebar","site-content-layout":"page-builder","ast-main-header-display":"","ast-hfb-above-header-display":"","ast-hfb-below-header-display":"","ast-hfb-mobile-header-display":"","site-post-title":"disabled","ast-breadcrumbs-content":"","ast-featured-img":"disabled","footer-sml-layout":"","theme-transparent-header-meta":"","adv-header-id-meta":"","stick-header-meta":"","header-above-stick-meta":"","header-main-stick-meta":"","header-below-stick-meta":""},"_links":{"self":[{"href":"https:\/\/www.fiskakallinn.is\/index.php?rest_route=\/wp\/v2\/pages\/6300"}],"collection":[{"href":"https:\/\/www.fiskakallinn.is\/index.php?rest_route=\/wp\/v2\/pages"}],"about":[{"href":"https:\/\/www.fiskakallinn.is\/index.php?rest_route=\/wp\/v2\/types\/page"}],"author":[{"embeddable":true,"href":"https:\/\/www.fiskakallinn.is\/index.php?rest_route=\/wp\/v2\/users\/2"}],"replies":[{"embeddable":true,"href":"https:\/\/www.fiskakallinn.is\/index.php?rest_route=%2Fwp%2Fv2%2Fcomments&post=6300"}],"version-history":[{"count":3,"href":"https:\/\/www.fiskakallinn.is\/index.php?rest_route=\/wp\/v2\/pages\/6300\/revisions"}],"predecessor-version":[{"id":6303,"href":"https:\/\/www.fiskakallinn.is\/index.php?rest_route=\/wp\/v2\/pages\/6300\/revisions\/6303"}],"wp:attachment":[{"href":"https:\/\/www.fiskakallinn.is\/index.php?rest_route=%2Fwp%2Fv2%2Fmedia&parent=6300"}],"curies":[{"name":"wp","href":"https:\/\/api.w.org\/{rel}","templated":true}]}}