{"id":853,"date":"2021-06-06T16:25:41","date_gmt":"2021-06-06T16:25:41","guid":{"rendered":"https:\/\/www.fiskakallinn.is\/?page_id=853"},"modified":"2023-01-15T21:53:51","modified_gmt":"2023-01-15T21:53:51","slug":"siklidur-flokkar","status":"publish","type":"page","link":"https:\/\/www.fiskakallinn.is\/?page_id=853","title":{"rendered":"S\u00edkli\u00f0ur flokkar"},"content":{"rendered":"\t\t<div data-elementor-type=\"wp-page\" data-elementor-id=\"853\" class=\"elementor elementor-853\">\n\t\t\t\t\t\t\t\t\t<section class=\"elementor-section elementor-top-section elementor-element elementor-element-705ebac elementor-section-boxed elementor-section-height-default elementor-section-height-default\" data-id=\"705ebac\" data-element_type=\"section\">\n\t\t\t\t\t\t<div class=\"elementor-container elementor-column-gap-default\">\n\t\t\t\t\t<div class=\"elementor-column elementor-col-100 elementor-top-column elementor-element elementor-element-bd5ca16\" data-id=\"bd5ca16\" data-element_type=\"column\">\n\t\t\t<div class=\"elementor-widget-wrap elementor-element-populated\">\n\t\t\t\t\t\t\t\t<div class=\"elementor-element elementor-element-4de70d0 elementor-widget elementor-widget-text-editor\" data-id=\"4de70d0\" data-element_type=\"widget\" data-widget_type=\"text-editor.default\">\n\t\t\t\t<div class=\"elementor-widget-container\">\n\t\t\t\t\t\t\t<h2 style=\"text-align: center;\"><strong>S\u00edkli\u00f0ur<\/strong><\/h2>\t\t\t\t\t\t<\/div>\n\t\t\t\t<\/div>\n\t\t\t\t\t<\/div>\n\t\t<\/div>\n\t\t\t\t\t\t\t<\/div>\n\t\t<\/section>\n\t\t\t\t<section class=\"elementor-section elementor-top-section elementor-element elementor-element-20e0a83 elementor-section-boxed elementor-section-height-default elementor-section-height-default\" data-id=\"20e0a83\" data-element_type=\"section\">\n\t\t\t\t\t\t<div class=\"elementor-container elementor-column-gap-default\">\n\t\t\t\t\t<div class=\"elementor-column elementor-col-100 elementor-top-column elementor-element elementor-element-7c9e281\" data-id=\"7c9e281\" data-element_type=\"column\">\n\t\t\t<div class=\"elementor-widget-wrap elementor-element-populated\">\n\t\t\t\t\t\t\t\t<div class=\"elementor-element elementor-element-e48f63d elementor-widget elementor-widget-text-editor\" data-id=\"e48f63d\" data-element_type=\"widget\" data-widget_type=\"text-editor.default\">\n\t\t\t\t<div class=\"elementor-widget-container\">\n\t\t\t\t\t\t\t<p style=\"text-align: center;\">S\u00edkli\u00f0ur er \u00e6tt fiska sem passa hrogn og sei\u00f0i og hj\u00e1lpa \u00feeim a\u00f0 alast upp \u00e1 einn e\u00f0a annan h\u00e1tt\u00a0<br \/>Sumar tegundir eru munnklekjarar og \u00fear hrygnir pari\u00f0\u00a0 saman og hrygnan tekur hrognin \u00ed munnin \u00fear sem \u00feau klekjast \u00fat \u00e1n hj\u00e1lpar fr\u00e1 h\u00e6ngnum<br \/>En flestar tegundir parast og hrygna \u00e1 eitthva\u00f0 td. stein og svo verja \u00feau saman hrognin og s\u00ed\u00f0ar sei\u00f0in en \u00fdmsar \u00fatg\u00e1fur eru af \u00fev\u00ed hvernig \u00feau haga uppvextinum og hversu lengi\u00a0<br \/>Eitt sem s\u00edkli\u00f0ur \u00feekkjast \u00e1 er a\u00f0 bakugginn er einn langur uggi\u00a0<\/p>\t\t\t\t\t\t<\/div>\n\t\t\t\t<\/div>\n\t\t\t\t\t<\/div>\n\t\t<\/div>\n\t\t\t\t\t\t\t<\/div>\n\t\t<\/section>\n\t\t\t\t<section class=\"elementor-section elementor-top-section elementor-element elementor-element-c547b3e elementor-section-boxed elementor-section-height-default elementor-section-height-default\" data-id=\"c547b3e\" data-element_type=\"section\">\n\t\t\t\t\t\t<div class=\"elementor-container elementor-column-gap-default\">\n\t\t\t\t\t<div class=\"elementor-column elementor-col-50 elementor-top-column elementor-element elementor-element-6bd375d\" data-id=\"6bd375d\" data-element_type=\"column\">\n\t\t\t<div class=\"elementor-widget-wrap elementor-element-populated\">\n\t\t\t\t\t\t\t\t<div class=\"elementor-element elementor-element-14e011f elementor-widget elementor-widget-image\" data-id=\"14e011f\" data-element_type=\"widget\" data-widget_type=\"image.default\">\n\t\t\t\t<div class=\"elementor-widget-container\">\n\t\t\t\t\t\t\t\t\t\t\t\t<figure class=\"wp-caption\">\n\t\t\t\t\t\t\t\t\t\t\t<a href=\"https:\/\/www.fiskakallinn.is\/?page_id=1047\">\n\t\t\t\t\t\t\t<img width=\"1020\" height=\"680\" src=\"https:\/\/www.fiskakallinn.is\/wp-content\/uploads\/2021\/06\/Malawi-Aulonocara.png\" class=\"attachment-large size-large\" alt=\"\" loading=\"lazy\" srcset=\"https:\/\/www.fiskakallinn.is\/wp-content\/uploads\/2021\/06\/Malawi-Aulonocara.png 1020w, https:\/\/www.fiskakallinn.is\/wp-content\/uploads\/2021\/06\/Malawi-Aulonocara-300x200.png 300w, https:\/\/www.fiskakallinn.is\/wp-content\/uploads\/2021\/06\/Malawi-Aulonocara-768x512.png 768w\" sizes=\"(max-width: 1020px) 100vw, 1020px\" \/>\t\t\t\t\t\t\t\t<\/a>\n\t\t\t\t\t\t\t\t\t\t\t<figcaption class=\"widget-image-caption wp-caption-text\"><\/figcaption>\n\t\t\t\t\t\t\t\t\t\t<\/figure>\n\t\t\t\t\t\t\t\t\t<\/div>\n\t\t\t\t<\/div>\n\t\t\t\t\t<\/div>\n\t\t<\/div>\n\t\t\t\t<div class=\"elementor-column elementor-col-50 elementor-top-column elementor-element elementor-element-85fb525\" data-id=\"85fb525\" data-element_type=\"column\">\n\t\t\t<div class=\"elementor-widget-wrap elementor-element-populated\">\n\t\t\t\t\t\t\t\t<div class=\"elementor-element elementor-element-5b80019 elementor-widget elementor-widget-image\" data-id=\"5b80019\" data-element_type=\"widget\" data-widget_type=\"image.default\">\n\t\t\t\t<div class=\"elementor-widget-container\">\n\t\t\t\t\t\t\t\t\t\t\t\t<figure class=\"wp-caption\">\n\t\t\t\t\t\t\t\t\t\t\t<a href=\"https:\/\/www.fiskakallinn.is\/?page_id=1058\">\n\t\t\t\t\t\t\t<img width=\"1020\" height=\"680\" src=\"https:\/\/www.fiskakallinn.is\/wp-content\/uploads\/2021\/06\/malawi_utaka.png\" class=\"attachment-large size-large\" alt=\"\" loading=\"lazy\" srcset=\"https:\/\/www.fiskakallinn.is\/wp-content\/uploads\/2021\/06\/malawi_utaka.png 1020w, https:\/\/www.fiskakallinn.is\/wp-content\/uploads\/2021\/06\/malawi_utaka-300x200.png 300w, https:\/\/www.fiskakallinn.is\/wp-content\/uploads\/2021\/06\/malawi_utaka-768x512.png 768w\" sizes=\"(max-width: 1020px) 100vw, 1020px\" \/>\t\t\t\t\t\t\t\t<\/a>\n\t\t\t\t\t\t\t\t\t\t\t<figcaption class=\"widget-image-caption wp-caption-text\"><\/figcaption>\n\t\t\t\t\t\t\t\t\t\t<\/figure>\n\t\t\t\t\t\t\t\t\t<\/div>\n\t\t\t\t<\/div>\n\t\t\t\t\t<\/div>\n\t\t<\/div>\n\t\t\t\t\t\t\t<\/div>\n\t\t<\/section>\n\t\t\t\t<section class=\"elementor-section elementor-top-section elementor-element elementor-element-84260d9 elementor-section-boxed elementor-section-height-default elementor-section-height-default\" data-id=\"84260d9\" data-element_type=\"section\">\n\t\t\t\t\t\t<div class=\"elementor-container elementor-column-gap-default\">\n\t\t\t\t\t<div class=\"elementor-column elementor-col-50 elementor-top-column elementor-element elementor-element-b9462ec\" data-id=\"b9462ec\" data-element_type=\"column\">\n\t\t\t<div class=\"elementor-widget-wrap elementor-element-populated\">\n\t\t\t\t\t\t\t\t<div class=\"elementor-element elementor-element-d1e0fa9 elementor-widget elementor-widget-image\" data-id=\"d1e0fa9\" data-element_type=\"widget\" data-widget_type=\"image.default\">\n\t\t\t\t<div class=\"elementor-widget-container\">\n\t\t\t\t\t\t\t\t\t\t\t\t<figure class=\"wp-caption\">\n\t\t\t\t\t\t\t\t\t\t\t<a href=\"https:\/\/www.fiskakallinn.is\/?page_id=998\">\n\t\t\t\t\t\t\t<img width=\"1020\" height=\"680\" src=\"https:\/\/www.fiskakallinn.is\/wp-content\/uploads\/2021\/06\/malawi-mbuna.png\" class=\"attachment-large size-large\" alt=\"\" loading=\"lazy\" srcset=\"https:\/\/www.fiskakallinn.is\/wp-content\/uploads\/2021\/06\/malawi-mbuna.png 1020w, https:\/\/www.fiskakallinn.is\/wp-content\/uploads\/2021\/06\/malawi-mbuna-300x200.png 300w, https:\/\/www.fiskakallinn.is\/wp-content\/uploads\/2021\/06\/malawi-mbuna-768x512.png 768w\" sizes=\"(max-width: 1020px) 100vw, 1020px\" \/>\t\t\t\t\t\t\t\t<\/a>\n\t\t\t\t\t\t\t\t\t\t\t<figcaption class=\"widget-image-caption wp-caption-text\"><\/figcaption>\n\t\t\t\t\t\t\t\t\t\t<\/figure>\n\t\t\t\t\t\t\t\t\t<\/div>\n\t\t\t\t<\/div>\n\t\t\t\t\t<\/div>\n\t\t<\/div>\n\t\t\t\t<div class=\"elementor-column elementor-col-50 elementor-top-column elementor-element elementor-element-2504fe3\" data-id=\"2504fe3\" data-element_type=\"column\">\n\t\t\t<div class=\"elementor-widget-wrap elementor-element-populated\">\n\t\t\t\t\t\t\t\t<div class=\"elementor-element elementor-element-4f313d7 elementor-widget elementor-widget-image\" data-id=\"4f313d7\" data-element_type=\"widget\" data-widget_type=\"image.default\">\n\t\t\t\t<div class=\"elementor-widget-container\">\n\t\t\t\t\t\t\t\t\t\t\t\t<figure class=\"wp-caption\">\n\t\t\t\t\t\t\t\t\t\t\t<a href=\"https:\/\/www.fiskakallinn.is\/?page_id=1141\">\n\t\t\t\t\t\t\t<img width=\"1020\" height=\"680\" src=\"https:\/\/www.fiskakallinn.is\/wp-content\/uploads\/2021\/06\/tanganyika.png\" class=\"attachment-large size-large\" alt=\"\" loading=\"lazy\" srcset=\"https:\/\/www.fiskakallinn.is\/wp-content\/uploads\/2021\/06\/tanganyika.png 1020w, https:\/\/www.fiskakallinn.is\/wp-content\/uploads\/2021\/06\/tanganyika-300x200.png 300w, https:\/\/www.fiskakallinn.is\/wp-content\/uploads\/2021\/06\/tanganyika-768x512.png 768w\" sizes=\"(max-width: 1020px) 100vw, 1020px\" \/>\t\t\t\t\t\t\t\t<\/a>\n\t\t\t\t\t\t\t\t\t\t\t<figcaption class=\"widget-image-caption wp-caption-text\"><\/figcaption>\n\t\t\t\t\t\t\t\t\t\t<\/figure>\n\t\t\t\t\t\t\t\t\t<\/div>\n\t\t\t\t<\/div>\n\t\t\t\t\t<\/div>\n\t\t<\/div>\n\t\t\t\t\t\t\t<\/div>\n\t\t<\/section>\n\t\t\t\t<section class=\"elementor-section elementor-top-section elementor-element elementor-element-1480ed1 elementor-section-boxed elementor-section-height-default elementor-section-height-default\" data-id=\"1480ed1\" data-element_type=\"section\">\n\t\t\t\t\t\t<div class=\"elementor-container elementor-column-gap-default\">\n\t\t\t\t\t<div class=\"elementor-column elementor-col-50 elementor-top-column elementor-element elementor-element-83d7a9b\" data-id=\"83d7a9b\" data-element_type=\"column\">\n\t\t\t<div class=\"elementor-widget-wrap elementor-element-populated\">\n\t\t\t\t\t\t\t\t<div class=\"elementor-element elementor-element-4625d2f elementor-widget elementor-widget-image\" data-id=\"4625d2f\" data-element_type=\"widget\" data-widget_type=\"image.default\">\n\t\t\t\t<div class=\"elementor-widget-container\">\n\t\t\t\t\t\t\t\t\t\t\t\t<figure class=\"wp-caption\">\n\t\t\t\t\t\t\t\t\t\t\t<a href=\"https:\/\/www.fiskakallinn.is\/?page_id=1126\">\n\t\t\t\t\t\t\t<img width=\"1020\" height=\"680\" src=\"https:\/\/www.fiskakallinn.is\/wp-content\/uploads\/2021\/06\/victoria-1.png\" class=\"attachment-large size-large\" alt=\"\" loading=\"lazy\" srcset=\"https:\/\/www.fiskakallinn.is\/wp-content\/uploads\/2021\/06\/victoria-1.png 1020w, https:\/\/www.fiskakallinn.is\/wp-content\/uploads\/2021\/06\/victoria-1-300x200.png 300w, https:\/\/www.fiskakallinn.is\/wp-content\/uploads\/2021\/06\/victoria-1-768x512.png 768w\" sizes=\"(max-width: 1020px) 100vw, 1020px\" \/>\t\t\t\t\t\t\t\t<\/a>\n\t\t\t\t\t\t\t\t\t\t\t<figcaption class=\"widget-image-caption wp-caption-text\"><\/figcaption>\n\t\t\t\t\t\t\t\t\t\t<\/figure>\n\t\t\t\t\t\t\t\t\t<\/div>\n\t\t\t\t<\/div>\n\t\t\t\t\t<\/div>\n\t\t<\/div>\n\t\t\t\t<div class=\"elementor-column elementor-col-50 elementor-top-column elementor-element elementor-element-bef9405\" data-id=\"bef9405\" data-element_type=\"column\">\n\t\t\t<div class=\"elementor-widget-wrap elementor-element-populated\">\n\t\t\t\t\t\t\t\t<div class=\"elementor-element elementor-element-84ffc8f elementor-widget elementor-widget-image\" data-id=\"84ffc8f\" data-element_type=\"widget\" data-widget_type=\"image.default\">\n\t\t\t\t<div class=\"elementor-widget-container\">\n\t\t\t\t\t\t\t\t\t\t\t\t<figure class=\"wp-caption\">\n\t\t\t\t\t\t\t\t\t\t\t<a href=\"https:\/\/www.fiskakallinn.is\/?page_id=1069\">\n\t\t\t\t\t\t\t<img width=\"1020\" height=\"680\" src=\"https:\/\/www.fiskakallinn.is\/wp-content\/uploads\/2021\/06\/vestur-afrika.png\" class=\"attachment-large size-large\" alt=\"\" loading=\"lazy\" srcset=\"https:\/\/www.fiskakallinn.is\/wp-content\/uploads\/2021\/06\/vestur-afrika.png 1020w, https:\/\/www.fiskakallinn.is\/wp-content\/uploads\/2021\/06\/vestur-afrika-300x200.png 300w, https:\/\/www.fiskakallinn.is\/wp-content\/uploads\/2021\/06\/vestur-afrika-768x512.png 768w\" sizes=\"(max-width: 1020px) 100vw, 1020px\" \/>\t\t\t\t\t\t\t\t<\/a>\n\t\t\t\t\t\t\t\t\t\t\t<figcaption class=\"widget-image-caption wp-caption-text\"><\/figcaption>\n\t\t\t\t\t\t\t\t\t\t<\/figure>\n\t\t\t\t\t\t\t\t\t<\/div>\n\t\t\t\t<\/div>\n\t\t\t\t\t<\/div>\n\t\t<\/div>\n\t\t\t\t\t\t\t<\/div>\n\t\t<\/section>\n\t\t\t\t<section class=\"elementor-section elementor-top-section elementor-element elementor-element-61e5114 elementor-section-boxed elementor-section-height-default elementor-section-height-default\" data-id=\"61e5114\" data-element_type=\"section\">\n\t\t\t\t\t\t<div class=\"elementor-container elementor-column-gap-default\">\n\t\t\t\t\t<div class=\"elementor-column elementor-col-50 elementor-top-column elementor-element elementor-element-15114fe\" data-id=\"15114fe\" data-element_type=\"column\">\n\t\t\t<div class=\"elementor-widget-wrap elementor-element-populated\">\n\t\t\t\t\t\t\t\t<div class=\"elementor-element elementor-element-ed7340b elementor-widget elementor-widget-image\" data-id=\"ed7340b\" data-element_type=\"widget\" data-widget_type=\"image.default\">\n\t\t\t\t<div class=\"elementor-widget-container\">\n\t\t\t\t\t\t\t\t\t\t\t\t<figure class=\"wp-caption\">\n\t\t\t\t\t\t\t\t\t\t\t<a href=\"https:\/\/www.fiskakallinn.is\/?page_id=1209\">\n\t\t\t\t\t\t\t<img width=\"1020\" height=\"680\" src=\"https:\/\/www.fiskakallinn.is\/wp-content\/uploads\/2021\/06\/sudur_amerika.png\" class=\"attachment-large size-large\" alt=\"\" loading=\"lazy\" srcset=\"https:\/\/www.fiskakallinn.is\/wp-content\/uploads\/2021\/06\/sudur_amerika.png 1020w, https:\/\/www.fiskakallinn.is\/wp-content\/uploads\/2021\/06\/sudur_amerika-300x200.png 300w, https:\/\/www.fiskakallinn.is\/wp-content\/uploads\/2021\/06\/sudur_amerika-768x512.png 768w\" sizes=\"(max-width: 1020px) 100vw, 1020px\" \/>\t\t\t\t\t\t\t\t<\/a>\n\t\t\t\t\t\t\t\t\t\t\t<figcaption class=\"widget-image-caption wp-caption-text\"><\/figcaption>\n\t\t\t\t\t\t\t\t\t\t<\/figure>\n\t\t\t\t\t\t\t\t\t<\/div>\n\t\t\t\t<\/div>\n\t\t\t\t\t<\/div>\n\t\t<\/div>\n\t\t\t\t<div class=\"elementor-column elementor-col-50 elementor-top-column elementor-element elementor-element-a20975a\" data-id=\"a20975a\" data-element_type=\"column\">\n\t\t\t<div class=\"elementor-widget-wrap elementor-element-populated\">\n\t\t\t\t\t\t\t\t<div class=\"elementor-element elementor-element-f0026d7 elementor-widget elementor-widget-image\" data-id=\"f0026d7\" data-element_type=\"widget\" data-widget_type=\"image.default\">\n\t\t\t\t<div class=\"elementor-widget-container\">\n\t\t\t\t\t\t\t\t\t\t\t\t<figure class=\"wp-caption\">\n\t\t\t\t\t\t\t\t\t\t\t<a href=\"https:\/\/www.fiskakallinn.is\/?page_id=1220\">\n\t\t\t\t\t\t\t<img width=\"1020\" height=\"680\" src=\"https:\/\/www.fiskakallinn.is\/wp-content\/uploads\/2021\/06\/mid_amerika.png\" class=\"attachment-large size-large\" alt=\"\" loading=\"lazy\" srcset=\"https:\/\/www.fiskakallinn.is\/wp-content\/uploads\/2021\/06\/mid_amerika.png 1020w, https:\/\/www.fiskakallinn.is\/wp-content\/uploads\/2021\/06\/mid_amerika-300x200.png 300w, https:\/\/www.fiskakallinn.is\/wp-content\/uploads\/2021\/06\/mid_amerika-768x512.png 768w\" sizes=\"(max-width: 1020px) 100vw, 1020px\" \/>\t\t\t\t\t\t\t\t<\/a>\n\t\t\t\t\t\t\t\t\t\t\t<figcaption class=\"widget-image-caption wp-caption-text\"><\/figcaption>\n\t\t\t\t\t\t\t\t\t\t<\/figure>\n\t\t\t\t\t\t\t\t\t<\/div>\n\t\t\t\t<\/div>\n\t\t\t\t\t<\/div>\n\t\t<\/div>\n\t\t\t\t\t\t\t<\/div>\n\t\t<\/section>\n\t\t\t\t<section class=\"elementor-section elementor-top-section elementor-element elementor-element-e535e3f elementor-section-boxed elementor-section-height-default elementor-section-height-default\" data-id=\"e535e3f\" data-element_type=\"section\">\n\t\t\t\t\t\t<div class=\"elementor-container elementor-column-gap-default\">\n\t\t\t\t\t<div class=\"elementor-column elementor-col-50 elementor-top-column elementor-element elementor-element-0d5d8c3\" data-id=\"0d5d8c3\" data-element_type=\"column\">\n\t\t\t<div class=\"elementor-widget-wrap elementor-element-populated\">\n\t\t\t\t\t\t\t\t<div class=\"elementor-element elementor-element-6554561 elementor-widget elementor-widget-image\" data-id=\"6554561\" data-element_type=\"widget\" data-widget_type=\"image.default\">\n\t\t\t\t<div class=\"elementor-widget-container\">\n\t\t\t\t\t\t\t\t\t\t\t\t<figure class=\"wp-caption\">\n\t\t\t\t\t\t\t\t\t\t\t<a href=\"https:\/\/www.fiskakallinn.is\/?page_id=1172\">\n\t\t\t\t\t\t\t<img width=\"1020\" height=\"680\" src=\"https:\/\/www.fiskakallinn.is\/wp-content\/uploads\/2021\/06\/dvergsiklidur.png\" class=\"attachment-large size-large\" alt=\"\" loading=\"lazy\" srcset=\"https:\/\/www.fiskakallinn.is\/wp-content\/uploads\/2021\/06\/dvergsiklidur.png 1020w, https:\/\/www.fiskakallinn.is\/wp-content\/uploads\/2021\/06\/dvergsiklidur-300x200.png 300w, https:\/\/www.fiskakallinn.is\/wp-content\/uploads\/2021\/06\/dvergsiklidur-768x512.png 768w\" sizes=\"(max-width: 1020px) 100vw, 1020px\" \/>\t\t\t\t\t\t\t\t<\/a>\n\t\t\t\t\t\t\t\t\t\t\t<figcaption class=\"widget-image-caption wp-caption-text\"><\/figcaption>\n\t\t\t\t\t\t\t\t\t\t<\/figure>\n\t\t\t\t\t\t\t\t\t<\/div>\n\t\t\t\t<\/div>\n\t\t\t\t\t<\/div>\n\t\t<\/div>\n\t\t\t\t<div class=\"elementor-column elementor-col-50 elementor-top-column elementor-element elementor-element-6109df1\" data-id=\"6109df1\" data-element_type=\"column\">\n\t\t\t<div class=\"elementor-widget-wrap elementor-element-populated\">\n\t\t\t\t\t\t\t\t<div class=\"elementor-element elementor-element-e769fbc elementor-widget elementor-widget-image\" data-id=\"e769fbc\" data-element_type=\"widget\" data-widget_type=\"image.default\">\n\t\t\t\t<div class=\"elementor-widget-container\">\n\t\t\t\t\t\t\t\t\t\t\t\t<figure class=\"wp-caption\">\n\t\t\t\t\t\t\t\t\t\t\t<a href=\"https:\/\/www.fiskakallinn.is\/?page_id=1152\">\n\t\t\t\t\t\t\t<img width=\"1020\" height=\"680\" src=\"https:\/\/www.fiskakallinn.is\/wp-content\/uploads\/2021\/06\/apistogramma.png\" class=\"attachment-large size-large\" alt=\"\" loading=\"lazy\" srcset=\"https:\/\/www.fiskakallinn.is\/wp-content\/uploads\/2021\/06\/apistogramma.png 1020w, https:\/\/www.fiskakallinn.is\/wp-content\/uploads\/2021\/06\/apistogramma-300x200.png 300w, https:\/\/www.fiskakallinn.is\/wp-content\/uploads\/2021\/06\/apistogramma-768x512.png 768w\" sizes=\"(max-width: 1020px) 100vw, 1020px\" \/>\t\t\t\t\t\t\t\t<\/a>\n\t\t\t\t\t\t\t\t\t\t\t<figcaption class=\"widget-image-caption wp-caption-text\"><\/figcaption>\n\t\t\t\t\t\t\t\t\t\t<\/figure>\n\t\t\t\t\t\t\t\t\t<\/div>\n\t\t\t\t<\/div>\n\t\t\t\t\t<\/div>\n\t\t<\/div>\n\t\t\t\t\t\t\t<\/div>\n\t\t<\/section>\n\t\t\t\t<section class=\"elementor-section elementor-top-section elementor-element elementor-element-d6c76ca elementor-section-boxed elementor-section-height-default elementor-section-height-default\" data-id=\"d6c76ca\" data-element_type=\"section\">\n\t\t\t\t\t\t<div class=\"elementor-container elementor-column-gap-default\">\n\t\t\t\t\t<div class=\"elementor-column elementor-col-50 elementor-top-column elementor-element elementor-element-c53eb1e\" data-id=\"c53eb1e\" data-element_type=\"column\">\n\t\t\t<div class=\"elementor-widget-wrap elementor-element-populated\">\n\t\t\t\t\t\t\t\t<div class=\"elementor-element elementor-element-32dffe1 elementor-widget elementor-widget-image\" data-id=\"32dffe1\" data-element_type=\"widget\" data-widget_type=\"image.default\">\n\t\t\t\t<div class=\"elementor-widget-container\">\n\t\t\t\t\t\t\t\t\t\t\t\t<figure class=\"wp-caption\">\n\t\t\t\t\t\t\t\t\t\t\t<a href=\"https:\/\/www.fiskakallinn.is\/?page_id=1189\">\n\t\t\t\t\t\t\t<img width=\"1020\" height=\"680\" src=\"https:\/\/www.fiskakallinn.is\/wp-content\/uploads\/2021\/06\/skalar.png\" class=\"attachment-large size-large\" alt=\"\" loading=\"lazy\" srcset=\"https:\/\/www.fiskakallinn.is\/wp-content\/uploads\/2021\/06\/skalar.png 1020w, https:\/\/www.fiskakallinn.is\/wp-content\/uploads\/2021\/06\/skalar-300x200.png 300w, https:\/\/www.fiskakallinn.is\/wp-content\/uploads\/2021\/06\/skalar-768x512.png 768w\" sizes=\"(max-width: 1020px) 100vw, 1020px\" \/>\t\t\t\t\t\t\t\t<\/a>\n\t\t\t\t\t\t\t\t\t\t\t<figcaption class=\"widget-image-caption wp-caption-text\"><\/figcaption>\n\t\t\t\t\t\t\t\t\t\t<\/figure>\n\t\t\t\t\t\t\t\t\t<\/div>\n\t\t\t\t<\/div>\n\t\t\t\t\t<\/div>\n\t\t<\/div>\n\t\t\t\t<div class=\"elementor-column elementor-col-50 elementor-top-column elementor-element elementor-element-fabc5fd\" data-id=\"fabc5fd\" data-element_type=\"column\">\n\t\t\t<div class=\"elementor-widget-wrap elementor-element-populated\">\n\t\t\t\t\t\t\t\t<div class=\"elementor-element elementor-element-3f6543e elementor-widget elementor-widget-image\" data-id=\"3f6543e\" data-element_type=\"widget\" data-widget_type=\"image.default\">\n\t\t\t\t<div class=\"elementor-widget-container\">\n\t\t\t\t\t\t\t\t\t\t\t\t<figure class=\"wp-caption\">\n\t\t\t\t\t\t\t\t\t\t\t<a href=\"https:\/\/www.fiskakallinn.is\/?page_id=1200\">\n\t\t\t\t\t\t\t<img width=\"1020\" height=\"680\" src=\"https:\/\/www.fiskakallinn.is\/wp-content\/uploads\/2021\/06\/diskus.png\" class=\"attachment-large size-large\" alt=\"\" loading=\"lazy\" srcset=\"https:\/\/www.fiskakallinn.is\/wp-content\/uploads\/2021\/06\/diskus.png 1020w, https:\/\/www.fiskakallinn.is\/wp-content\/uploads\/2021\/06\/diskus-300x200.png 300w, https:\/\/www.fiskakallinn.is\/wp-content\/uploads\/2021\/06\/diskus-768x512.png 768w\" sizes=\"(max-width: 1020px) 100vw, 1020px\" \/>\t\t\t\t\t\t\t\t<\/a>\n\t\t\t\t\t\t\t\t\t\t\t<figcaption class=\"widget-image-caption wp-caption-text\"><\/figcaption>\n\t\t\t\t\t\t\t\t\t\t<\/figure>\n\t\t\t\t\t\t\t\t\t<\/div>\n\t\t\t\t<\/div>\n\t\t\t\t\t<\/div>\n\t\t<\/div>\n\t\t\t\t\t\t\t<\/div>\n\t\t<\/section>\n\t\t\t\t<section class=\"elementor-section elementor-top-section elementor-element elementor-element-0308f82 elementor-section-boxed elementor-section-height-default elementor-section-height-default\" data-id=\"0308f82\" data-element_type=\"section\">\n\t\t\t\t\t\t<div class=\"elementor-container elementor-column-gap-default\">\n\t\t\t\t\t<div class=\"elementor-column elementor-col-50 elementor-top-column elementor-element elementor-element-3470c2f\" data-id=\"3470c2f\" data-element_type=\"column\">\n\t\t\t<div class=\"elementor-widget-wrap elementor-element-populated\">\n\t\t\t\t\t\t\t\t<div class=\"elementor-element elementor-element-85367c9 elementor-widget elementor-widget-image\" data-id=\"85367c9\" data-element_type=\"widget\" data-widget_type=\"image.default\">\n\t\t\t\t<div class=\"elementor-widget-container\">\n\t\t\t\t\t\t\t\t\t\t\t\t<figure class=\"wp-caption\">\n\t\t\t\t\t\t\t\t\t\t\t<a href=\"https:\/\/www.fiskakallinn.is\/?page_id=1095\">\n\t\t\t\t\t\t\t<img width=\"1020\" height=\"680\" src=\"https:\/\/www.fiskakallinn.is\/wp-content\/uploads\/2021\/06\/asia.png\" class=\"attachment-large size-large\" alt=\"\" loading=\"lazy\" srcset=\"https:\/\/www.fiskakallinn.is\/wp-content\/uploads\/2021\/06\/asia.png 1020w, https:\/\/www.fiskakallinn.is\/wp-content\/uploads\/2021\/06\/asia-300x200.png 300w, https:\/\/www.fiskakallinn.is\/wp-content\/uploads\/2021\/06\/asia-768x512.png 768w\" sizes=\"(max-width: 1020px) 100vw, 1020px\" \/>\t\t\t\t\t\t\t\t<\/a>\n\t\t\t\t\t\t\t\t\t\t\t<figcaption class=\"widget-image-caption wp-caption-text\"><\/figcaption>\n\t\t\t\t\t\t\t\t\t\t<\/figure>\n\t\t\t\t\t\t\t\t\t<\/div>\n\t\t\t\t<\/div>\n\t\t\t\t\t<\/div>\n\t\t<\/div>\n\t\t\t\t<div class=\"elementor-column elementor-col-50 elementor-top-column elementor-element elementor-element-f84b699\" data-id=\"f84b699\" data-element_type=\"column\">\n\t\t\t<div class=\"elementor-widget-wrap elementor-element-populated\">\n\t\t\t\t\t\t\t\t<div class=\"elementor-element elementor-element-984d79c elementor-widget elementor-widget-image\" data-id=\"984d79c\" data-element_type=\"widget\" data-widget_type=\"image.default\">\n\t\t\t\t<div class=\"elementor-widget-container\">\n\t\t\t\t\t\t\t\t\t\t\t\t<figure class=\"wp-caption\">\n\t\t\t\t\t\t\t\t\t\t\t<a href=\"https:\/\/www.fiskakallinn.is\/?page_id=1086\">\n\t\t\t\t\t\t\t<img width=\"1020\" height=\"680\" src=\"https:\/\/www.fiskakallinn.is\/wp-content\/uploads\/2021\/06\/madagaskar.png\" class=\"attachment-large size-large\" alt=\"\" loading=\"lazy\" srcset=\"https:\/\/www.fiskakallinn.is\/wp-content\/uploads\/2021\/06\/madagaskar.png 1020w, https:\/\/www.fiskakallinn.is\/wp-content\/uploads\/2021\/06\/madagaskar-300x200.png 300w, https:\/\/www.fiskakallinn.is\/wp-content\/uploads\/2021\/06\/madagaskar-768x512.png 768w\" sizes=\"(max-width: 1020px) 100vw, 1020px\" \/>\t\t\t\t\t\t\t\t<\/a>\n\t\t\t\t\t\t\t\t\t\t\t<figcaption class=\"widget-image-caption wp-caption-text\"><\/figcaption>\n\t\t\t\t\t\t\t\t\t\t<\/figure>\n\t\t\t\t\t\t\t\t\t<\/div>\n\t\t\t\t<\/div>\n\t\t\t\t\t<\/div>\n\t\t<\/div>\n\t\t\t\t\t\t\t<\/div>\n\t\t<\/section>\n\t\t\t\t\t\t\t<\/div>\n\t\t","protected":false},"excerpt":{"rendered":"<p>S\u00edkli\u00f0ur S\u00edkli\u00f0ur er \u00e6tt fiska sem passa hrogn og sei\u00f0i og hj\u00e1lpa \u00feeim a\u00f0 alast upp \u00e1 einn e\u00f0a annan h\u00e1tt\u00a0Sumar tegundir eru munnklekjarar og \u00fear hrygnir pari\u00f0\u00a0 saman og hrygnan tekur hrognin \u00ed munnin \u00fear sem \u00feau klekjast \u00fat \u00e1n hj\u00e1lpar fr\u00e1 h\u00e6ngnumEn flestar tegundir parast og hrygna \u00e1 eitthva\u00f0 td. stein og svo &hellip;<\/p>\n<p class=\"read-more\"> <a class=\"\" href=\"https:\/\/www.fiskakallinn.is\/?page_id=853\"> <span class=\"screen-reader-text\">S\u00edkli\u00f0ur flokkar<\/span> Read More &raquo;<\/a><\/p>\n","protected":false},"author":2,"featured_media":0,"parent":0,"menu_order":0,"comment_status":"closed","ping_status":"closed","template":"","meta":{"sfsi_plus_gutenberg_text_before_share":"","sfsi_plus_gutenberg_show_text_before_share":"","sfsi_plus_gutenberg_icon_type":"","sfsi_plus_gutenberg_icon_alignemt":"","sfsi_plus_gutenburg_max_per_row":"","site-sidebar-layout":"no-sidebar","site-content-layout":"page-builder","ast-main-header-display":"","ast-hfb-above-header-display":"","ast-hfb-below-header-display":"","ast-hfb-mobile-header-display":"","site-post-title":"disabled","ast-breadcrumbs-content":"","ast-featured-img":"disabled","footer-sml-layout":"","theme-transparent-header-meta":"","adv-header-id-meta":"","stick-header-meta":"","header-above-stick-meta":"","header-main-stick-meta":"","header-below-stick-meta":""},"_links":{"self":[{"href":"https:\/\/www.fiskakallinn.is\/index.php?rest_route=\/wp\/v2\/pages\/853"}],"collection":[{"href":"https:\/\/www.fiskakallinn.is\/index.php?rest_route=\/wp\/v2\/pages"}],"about":[{"href":"https:\/\/www.fiskakallinn.is\/index.php?rest_route=\/wp\/v2\/types\/page"}],"author":[{"embeddable":true,"href":"https:\/\/www.fiskakallinn.is\/index.php?rest_route=\/wp\/v2\/users\/2"}],"replies":[{"embeddable":true,"href":"https:\/\/www.fiskakallinn.is\/index.php?rest_route=%2Fwp%2Fv2%2Fcomments&post=853"}],"version-history":[{"count":66,"href":"https:\/\/www.fiskakallinn.is\/index.php?rest_route=\/wp\/v2\/pages\/853\/revisions"}],"predecessor-version":[{"id":5541,"href":"https:\/\/www.fiskakallinn.is\/index.php?rest_route=\/wp\/v2\/pages\/853\/revisions\/5541"}],"wp:attachment":[{"href":"https:\/\/www.fiskakallinn.is\/index.php?rest_route=%2Fwp%2Fv2%2Fmedia&parent=853"}],"curies":[{"name":"wp","href":"https:\/\/api.w.org\/{rel}","templated":true}]}}